{"id":62,"date":"2022-11-30T13:25:24","date_gmt":"2022-11-30T13:25:24","guid":{"rendered":"https:\/\/blogsaverroes.juntadeandalucia.es\/creah5p\/?page_id=62"},"modified":"2023-01-10T12:09:37","modified_gmt":"2023-01-10T12:09:37","slug":"62-2","status":"publish","type":"page","link":"https:\/\/blogsaverroes.juntadeandalucia.es\/creah5p\/62-2\/","title":{"rendered":"Charts: Gr\u00e1ficas."},"content":{"rendered":"<p id=\"yui_3_17_2_1_1669810650754_1220\" dir=\"ltr\">Tipo de contenido que permite crear gr\u00e1ficas circulares y de barras con H5P, para presentar datos estad\u00edsticos simples .<iframe loading=\"lazy\" src=\"https:\/\/h5p.org\/h5p\/embed\/6729\" width=\"1090\" height=\"325\" frameborder=\"0\"><\/iframe><\/p>\n<p><iframe loading=\"lazy\" title=\"Tutorial h5p chart\" width=\"500\" height=\"281\" src=\"https:\/\/www.youtube.com\/embed\/qIQHAbINRT8?feature=oembed&#038;wmode=opaque\" frameborder=\"0\" allow=\"accelerometer; autoplay; clipboard-write; encrypted-media; gyroscope; picture-in-picture; web-share\" allowfullscreen><\/iframe><\/p>\n<p>Su creaci\u00f3n es muy sencilla, solo hay que seguir los siguientes pasos:<\/p>\n<ul id=\"yui_3_17_2_1_1669810650754_1387\">\n<li id=\"yui_3_17_2_1_1669810650754_1416\">Selecciona entre la vista de gr\u00e1fico de barras y circular<\/li>\n<li id=\"yui_3_17_2_1_1669810650754_1417\">Agrega etiqueta y valor a cada elemento de datos<\/li>\n<li id=\"yui_3_17_2_1_1669810650754_1418\">Selecciona el color de fondo de&nbsp; cada elemento de datos<\/li>\n<li id=\"yui_3_17_2_1_1669810650754_1419\">Establece el color de la fuente para&nbsp; cada elemento de datos<br id=\"yui_3_17_2_1_1669810650754_1422\"><img decoding=\"async\" id=\"yui_3_17_2_1_1669810650754_1425\" role=\"presentation\" src=\"https:\/\/educacionadistancia.juntadeandalucia.es\/centros\/sevilla21\/draftfile.php\/645952\/user\/draft\/616765937\/Captura%20de%20pantalla%202021-12-02%20a%20las%2017.43.20.png\" alt=\"\"><\/li>\n<\/ul>\n","protected":false},"excerpt":{"rendered":"<p>Tipo de contenido que permite crear gr\u00e1ficas circulares y de barras con H5P, para presentar datos estad\u00edsticos simples . Su creaci\u00f3n es muy sencilla, solo hay que seguir los siguientes pasos: Selecciona entre la&#46;&#46;&#46;<\/p>\n","protected":false},"author":10977,"featured_media":0,"parent":0,"menu_order":0,"comment_status":"closed","ping_status":"closed","template":"","meta":{"ngg_post_thumbnail":0,"footnotes":""},"aioseo_notices":[],"_links":{"self":[{"href":"https:\/\/blogsaverroes.juntadeandalucia.es\/creah5p\/wp-json\/wp\/v2\/pages\/62"}],"collection":[{"href":"https:\/\/blogsaverroes.juntadeandalucia.es\/creah5p\/wp-json\/wp\/v2\/pages"}],"about":[{"href":"https:\/\/blogsaverroes.juntadeandalucia.es\/creah5p\/wp-json\/wp\/v2\/types\/page"}],"author":[{"embeddable":true,"href":"https:\/\/blogsaverroes.juntadeandalucia.es\/creah5p\/wp-json\/wp\/v2\/users\/10977"}],"replies":[{"embeddable":true,"href":"https:\/\/blogsaverroes.juntadeandalucia.es\/creah5p\/wp-json\/wp\/v2\/comments?post=62"}],"version-history":[{"count":3,"href":"https:\/\/blogsaverroes.juntadeandalucia.es\/creah5p\/wp-json\/wp\/v2\/pages\/62\/revisions"}],"predecessor-version":[{"id":229,"href":"https:\/\/blogsaverroes.juntadeandalucia.es\/creah5p\/wp-json\/wp\/v2\/pages\/62\/revisions\/229"}],"wp:attachment":[{"href":"https:\/\/blogsaverroes.juntadeandalucia.es\/creah5p\/wp-json\/wp\/v2\/media?parent=62"}],"curies":[{"name":"wp","href":"https:\/\/api.w.org\/{rel}","templated":true}]}}