{"id":69,"date":"2022-11-30T13:36:44","date_gmt":"2022-11-30T13:36:44","guid":{"rendered":"https:\/\/blogsaverroes.juntadeandalucia.es\/creah5p\/?page_id=69"},"modified":"2022-12-27T11:31:18","modified_gmt":"2022-12-27T11:31:18","slug":"arithmetic-quiz","status":"publish","type":"page","link":"https:\/\/blogsaverroes.juntadeandalucia.es\/creah5p\/arithmetic-quiz\/","title":{"rendered":"Arithmetic quiz"},"content":{"rendered":"<div id=\"yui_3_17_2_1_1669815037329_5837\">\n<div id=\"yui_3_17_2_1_1669815037329_5838\">\n<div id=\"yui_3_17_2_1_1669815037329_5839\">\n<p id=\"yui_3_17_2_1_1669815037329_5840\">Esta aplicaci\u00f3n nos permite crear cuestionarios aritm\u00e9ticos para evaluar el conocimiento del alumno en <em id=\"yui_3_17_2_1_1669815037329_5841\">operaciones aritm\u00e9ticas b\u00e1sicas<\/em> o en <em id=\"yui_3_17_2_1_1669815037329_5842\">ecuaciones lineales<\/em> . El autor elige el n\u00famero de preguntas y el tipo. Las preguntas se generar\u00e1n autom\u00e1ticamente.<\/p>\n<p id=\"yui_3_17_2_1_1669815037329_5843\">A continuaci\u00f3n puedes ver un ejemplo.<\/p>\n<\/div>\n<\/div>\n<\/div>\n<p id=\"yui_3_17_2_1_1669815037329_5846\"><iframe loading=\"lazy\" src=\"https:\/\/h5p.org\/h5p\/embed\/57017\" width=\"525\" height=\"475\" frameborder=\"0\"><\/iframe>m<\/p>\n<h2 id=\"guides-header-3\">Creaci\u00f3n de una actividad Arithmetic Quizz<\/h2>\n<p id=\"yui_3_17_2_1_1669815037329_5850\">Selecciona la opci\u00f3n Nuevo contenido y elije Arithmetic Quiz de la lista de tipos de contenido:<\/p>\n<p id=\"yui_3_17_2_1_1669815037329_5851\"><img decoding=\"async\" id=\"yui_3_17_2_1_1669815037329_5852\" role=\"presentation\" src=\"https:\/\/educacionadistancia.juntadeandalucia.es\/centros\/sevilla21\/draftfile.php\/645952\/user\/draft\/641001083\/Captura%20de%20pantalla%202021-12-02%20a%20las%2017.13.23.png\" alt=\"\"><\/p>\n<p id=\"yui_3_17_2_1_1669815037329_5854\">En Arithmetic Quiz puedes configurar diferentes tipos de pruebas:<\/p>\n<table id=\"yui_3_17_2_1_1669815037329_5855\" cellspacing=\"0\" cellpadding=\"0\" border=\"0\">\n<tbody id=\"yui_3_17_2_1_1669815037329_5856\">\n<tr id=\"yui_3_17_2_1_1669815037329_5857\">\n<td id=\"yui_3_17_2_1_1669815037329_5858\">\n<p id=\"yui_3_17_2_1_1669815037329_5859\">Tipo de prueba:<\/p>\n<ul id=\"yui_3_17_2_1_1669815037329_5860\">\n<li id=\"yui_3_17_2_1_1669815037329_5861\">Prueba de operaciones aritm\u00e9ticas<\/li>\n<li id=\"yui_3_17_2_1_1669815037329_5862\">Prueba de ecuaciones lineales<\/li>\n<\/ul>\n<\/td>\n<td id=\"yui_3_17_2_1_1669815037329_5863\"><img loading=\"lazy\" decoding=\"async\" id=\"yui_3_17_2_1_1669815037329_5864\" src=\"https:\/\/h5p.org\/sites\/default\/files\/ac3.JPG\" alt=\"\" width=\"263\" height=\"144\"><\/td>\n<\/tr>\n<\/tbody>\n<\/table>\n<table id=\"yui_3_17_2_1_1669815037329_5865\" cellspacing=\"0\" cellpadding=\"0\" border=\"0\">\n<tbody id=\"yui_3_17_2_1_1669815037329_5866\">\n<tr id=\"yui_3_17_2_1_1669815037329_5867\">\n<td id=\"yui_3_17_2_1_1669815037329_5868\">\n<p id=\"yui_3_17_2_1_1669815037329_5869\">Para la prueba de operaciones aritm\u00e9ticas, puedes elegir entre:<\/p>\n<ul id=\"yui_3_17_2_1_1669815037329_5870\">\n<li id=\"yui_3_17_2_1_1669815037329_5871\">Suma<\/li>\n<li id=\"yui_3_17_2_1_1669815037329_5872\">Resta<\/li>\n<li id=\"yui_3_17_2_1_1669815037329_5873\">Multiplicaci\u00f3n<\/li>\n<li id=\"yui_3_17_2_1_1669815037329_5874\">Divisi\u00f3n<\/li>\n<\/ul>\n<\/td>\n<td id=\"yui_3_17_2_1_1669815037329_5875\"><img loading=\"lazy\" decoding=\"async\" id=\"yui_3_17_2_1_1669815037329_5876\" src=\"https:\/\/h5p.org\/sites\/default\/files\/ac4.JPG\" alt=\"\" width=\"219\" height=\"179\"><\/td>\n<\/tr>\n<\/tbody>\n<\/table>\n<p id=\"yui_3_17_2_1_1669815037329_5877\">Para la prueba de ecuaciones lineales, puedes elegir entre:<\/p>\n<ul id=\"yui_3_17_2_1_1669815037329_5878\">\n<li id=\"yui_3_17_2_1_1669815037329_5879\">B\u00e1sico<\/li>\n<li id=\"yui_3_17_2_1_1669815037329_5880\">Intermedio<\/li>\n<li id=\"yui_3_17_2_1_1669815037329_5881\">Avanzado <br id=\"yui_3_17_2_1_1669815037329_5882\">Si eliges <strong>\u00abPrueba de ecuaciones lineales\u00bb<\/strong>, tambi\u00e9n puedes elegir <strong>\u00abActivar fracciones en ecuaciones\u00bb.<\/strong><\/li>\n<\/ul>\n<table id=\"yui_3_17_2_1_1669815037329_5883\" cellspacing=\"0\" cellpadding=\"0\" border=\"0\">\n<tbody id=\"yui_3_17_2_1_1669815037329_5884\">\n<tr id=\"yui_3_17_2_1_1669815037329_5885\">\n<td id=\"yui_3_17_2_1_1669815037329_5886\">Por \u00faltimo, puedes elegir una serie de preguntas. Para este tutorial, elegiremos 10<\/td>\n<td id=\"yui_3_17_2_1_1669815037329_5887\"><img loading=\"lazy\" decoding=\"async\" id=\"yui_3_17_2_1_1669815037329_5888\" src=\"https:\/\/h5p.org\/sites\/default\/files\/ac5.JPG\" alt=\"\" width=\"233\" height=\"86\"><\/td>\n<\/tr>\n<\/tbody>\n<\/table>\n<p id=\"yui_3_17_2_1_1669815037329_5889\"><br id=\"yui_3_17_2_1_1669815037329_5890\">Para el <em id=\"yui_3_17_2_1_1669815037329_5891\">tipo de prueba<\/em> , selecciona <strong id=\"yui_3_17_2_1_1669815037329_5892\">\u00abPrueba de operaciones aritm\u00e9ticas\u00bb<\/strong> , para el <em id=\"yui_3_17_2_1_1669815037329_5893\">tipo aritm\u00e9tico<\/em> selecciona <strong id=\"yui_3_17_2_1_1669815037329_5894\">\u00abSuma\u00bb<\/strong> y escribe <strong id=\"yui_3_17_2_1_1669815037329_5895\">10<\/strong> para <em id=\"yui_3_17_2_1_1669815037329_5896\">una serie de preguntas.<\/em><\/p>\n<p>&nbsp;<\/p>\n<table id=\"yui_3_17_2_1_1669815037329_5912\" cellspacing=\"0\" cellpadding=\"0\" border=\"0\">\n<tbody id=\"yui_3_17_2_1_1669815037329_5913\">\n<tr id=\"yui_3_17_2_1_1669815037329_5914\">\n<td id=\"yui_3_17_2_1_1669815037329_5915\">\n<p id=\"yui_3_17_2_1_1669815037329_5916\">Para la prueba de operaciones aritm\u00e9ticas, puedes elegir entre:<\/p>\n<ul id=\"yui_3_17_2_1_1669815037329_5917\">\n<li id=\"yui_3_17_2_1_1669815037329_5918\">Suma<\/li>\n<li id=\"yui_3_17_2_1_1669815037329_5919\">Resta<\/li>\n<li id=\"yui_3_17_2_1_1669815037329_5920\">Multiplicaci\u00f3n<\/li>\n<li id=\"yui_3_17_2_1_1669815037329_5921\">Divisi\u00f3n<\/li>\n<\/ul>\n<\/td>\n<td id=\"yui_3_17_2_1_1669815037329_5922\"><img loading=\"lazy\" decoding=\"async\" id=\"yui_3_17_2_1_1669815037329_5923\" src=\"https:\/\/h5p.org\/sites\/default\/files\/ac4.JPG\" alt=\"\" width=\"219\" height=\"179\"><\/td>\n<\/tr>\n<\/tbody>\n<\/table>\n<p id=\"yui_3_17_2_1_1669815037329_5936\">&nbsp;<\/p>\n<p id=\"yui_3_17_2_1_1669815037329_5944\">El resultado quedar\u00eda as\u00ed:<\/p>\n<p>&nbsp;<\/p>\n<p>[bestwebsoft_contact_form] <code><div class=\"h5p-iframe-wrapper\"><iframe id=\"h5p-iframe-1\" class=\"h5p-iframe\" data-content-id=\"1\" style=\"height:1px\" src=\"about:blank\" frameBorder=\"0\" scrolling=\"no\" title=\"Suma\"><\/iframe><\/div><\/code> &nbsp;<\/p>\n<p>&nbsp;<\/p>\n","protected":false},"excerpt":{"rendered":"<p>Esta aplicaci\u00f3n nos permite crear cuestionarios aritm\u00e9ticos para evaluar el conocimiento del alumno en operaciones aritm\u00e9ticas b\u00e1sicas o en ecuaciones lineales . El autor elige el n\u00famero de preguntas y el tipo. Las preguntas&#46;&#46;&#46;<\/p>\n","protected":false},"author":10977,"featured_media":0,"parent":0,"menu_order":0,"comment_status":"closed","ping_status":"closed","template":"","meta":{"ngg_post_thumbnail":0,"footnotes":""},"aioseo_notices":[],"_links":{"self":[{"href":"https:\/\/blogsaverroes.juntadeandalucia.es\/creah5p\/wp-json\/wp\/v2\/pages\/69"}],"collection":[{"href":"https:\/\/blogsaverroes.juntadeandalucia.es\/creah5p\/wp-json\/wp\/v2\/pages"}],"about":[{"href":"https:\/\/blogsaverroes.juntadeandalucia.es\/creah5p\/wp-json\/wp\/v2\/types\/page"}],"author":[{"embeddable":true,"href":"https:\/\/blogsaverroes.juntadeandalucia.es\/creah5p\/wp-json\/wp\/v2\/users\/10977"}],"replies":[{"embeddable":true,"href":"https:\/\/blogsaverroes.juntadeandalucia.es\/creah5p\/wp-json\/wp\/v2\/comments?post=69"}],"version-history":[{"count":10,"href":"https:\/\/blogsaverroes.juntadeandalucia.es\/creah5p\/wp-json\/wp\/v2\/pages\/69\/revisions"}],"predecessor-version":[{"id":222,"href":"https:\/\/blogsaverroes.juntadeandalucia.es\/creah5p\/wp-json\/wp\/v2\/pages\/69\/revisions\/222"}],"wp:attachment":[{"href":"https:\/\/blogsaverroes.juntadeandalucia.es\/creah5p\/wp-json\/wp\/v2\/media?parent=69"}],"curies":[{"name":"wp","href":"https:\/\/api.w.org\/{rel}","templated":true}]}}