{"id":80,"date":"2022-11-30T14:02:41","date_gmt":"2022-11-30T14:02:41","guid":{"rendered":"https:\/\/blogsaverroes.juntadeandalucia.es\/creah5p\/?page_id=80"},"modified":"2023-10-05T15:31:41","modified_gmt":"2023-10-05T15:31:41","slug":"course-presentation-presentacion-de-curso","status":"publish","type":"page","link":"https:\/\/blogsaverroes.juntadeandalucia.es\/creah5p\/course-presentation-presentacion-de-curso\/","title":{"rendered":"Course Presentation: Presentaci\u00f3n de diapositivas"},"content":{"rendered":"<p><iframe loading=\"lazy\" title=\"Tutorial Presentaci\u00f3n de diapositivas\" width=\"500\" height=\"281\" src=\"https:\/\/www.youtube.com\/embed\/eITQLoMuJUo?feature=oembed&#038;wmode=opaque\" frameborder=\"0\" allow=\"accelerometer; autoplay; clipboard-write; encrypted-media; gyroscope; picture-in-picture; web-share\" allowfullscreen><\/iframe><\/p>\n<p id=\"yui_3_17_2_1_1669816756215_1890\">Crea una presentaci\u00f3n basada en diapositivas. Puedes integrar sin problemas elementos como t\u00edtulos de diapositivas, enlaces, im\u00e1genes, clips de audio y video, as\u00ed como varios tipos de cuestionarios.<\/p>\n<h2 id=\"guides-header-1\">&nbsp;Ejemplo<\/h2>\n<p id=\"yui_3_17_2_1_1669816756215_1892\">Esta es la presentaci\u00f3n de diapositivas&nbsp; que crearemos en este tutorial:<\/p>\n<p><code><div class=\"h5p-iframe-wrapper\"><iframe id=\"h5p-iframe-17\" class=\"h5p-iframe\" data-content-id=\"17\" style=\"height:1px\" src=\"about:blank\" frameBorder=\"0\" scrolling=\"no\" title=\"Course Presentation\"><\/iframe><\/div><\/code><\/p>\n<p>&nbsp;<\/p>\n<h2 id=\"guides-header-4\">Paso 1: crea una presentaci\u00f3n de diapositivas<\/h2>\n<p id=\"yui_3_17_2_1_1669816756215_1909\">Crea una nueva actividad h5p.<\/p>\n<p id=\"yui_3_17_2_1_1669816756215_1910\"><img loading=\"lazy\" decoding=\"async\" class=\"alignnone wp-image-339 size-full\" src=\"https:\/\/blogsaverroes.juntadeandalucia.es\/creah5p\/files\/2023\/10\/1-4.png\" alt=\"\" width=\"1702\" height=\"1310\" srcset=\"https:\/\/blogsaverroes.juntadeandalucia.es\/creah5p\/files\/2023\/10\/1-4.png 1702w, https:\/\/blogsaverroes.juntadeandalucia.es\/creah5p\/files\/2023\/10\/1-4-300x231.png 300w, https:\/\/blogsaverroes.juntadeandalucia.es\/creah5p\/files\/2023\/10\/1-4-1024x788.png 1024w, https:\/\/blogsaverroes.juntadeandalucia.es\/creah5p\/files\/2023\/10\/1-4-768x591.png 768w, https:\/\/blogsaverroes.juntadeandalucia.es\/creah5p\/files\/2023\/10\/1-4-1536x1182.png 1536w\" sizes=\"(max-width: 1702px) 100vw, 1702px\" \/><\/p>\n<p>Escoge la actividad desde el banco de contenidos o cr\u00e9ala nueva abriendo nueva ventana.<\/p>\n<p><img loading=\"lazy\" decoding=\"async\" class=\"alignnone wp-image-340 size-full\" src=\"https:\/\/blogsaverroes.juntadeandalucia.es\/creah5p\/files\/2023\/10\/2-4.png\" alt=\"\" width=\"1702\" height=\"1056\" srcset=\"https:\/\/blogsaverroes.juntadeandalucia.es\/creah5p\/files\/2023\/10\/2-4.png 1702w, https:\/\/blogsaverroes.juntadeandalucia.es\/creah5p\/files\/2023\/10\/2-4-300x186.png 300w, https:\/\/blogsaverroes.juntadeandalucia.es\/creah5p\/files\/2023\/10\/2-4-1024x635.png 1024w, https:\/\/blogsaverroes.juntadeandalucia.es\/creah5p\/files\/2023\/10\/2-4-768x477.png 768w, https:\/\/blogsaverroes.juntadeandalucia.es\/creah5p\/files\/2023\/10\/2-4-1536x953.png 1536w\" sizes=\"(max-width: 1702px) 100vw, 1702px\" \/><\/p>\n<h2 id=\"guides-header-5\">Paso 2: el editor<\/h2>\n<p>La parte superior del editor tiene este aspecto:<br \/>\n<img loading=\"lazy\" decoding=\"async\" src=\"https:\/\/h5p.org\/sites\/default\/files\/01_0.jpg\" alt=\"\" width=\"2150\" height=\"1319\"><\/p>\n<p>&nbsp;<\/p>\n<h2 id=\"guides-header-6\">Paso 1: creamos la primera diapositiva<\/h2>\n<p>Comenzaremos agregando una diapositiva en el panel de diapositivas a la izquierda. Los t\u00edtulos de las diapositivas se pueden utilizar para navegar entre las diapositivas.<\/p>\n<blockquote><p>Puedes eliminar el panel de diapositivas por completo presionando el bot\u00f3n <strong>Eliminar diapositivas<\/strong> . Esta acci\u00f3n no se puede deshacer.<\/p><\/blockquote>\n<p>Presiona el&nbsp; bot\u00f3n <img decoding=\"async\" src=\"https:\/\/h5p.org\/sites\/default\/files\/styles\/square_thumbnail\/public\/02_2.jpg?itok=CO0MVJSu\" alt=\"\" width=\"50\">para abrir el men\u00fa \u00abDiapositivas\u00bb.<br \/>\nPresiona el l\u00e1piz<img loading=\"lazy\" decoding=\"async\" src=\"https:\/\/h5p.org\/sites\/default\/files\/03_0.jpg\" alt=\"\" width=\"30\" height=\"30\">para escribir el t\u00edtulo que desees.<\/p>\n<p><img loading=\"lazy\" decoding=\"async\" class=\"alignnone wp-image-238 size-full\" src=\"https:\/\/blogsaverroes.juntadeandalucia.es\/creah5p\/files\/2023\/01\/diaposit.png\" alt=\"\" width=\"780\" height=\"195\" srcset=\"https:\/\/blogsaverroes.juntadeandalucia.es\/creah5p\/files\/2023\/01\/diaposit.png 780w, https:\/\/blogsaverroes.juntadeandalucia.es\/creah5p\/files\/2023\/01\/diaposit-300x75.png 300w, https:\/\/blogsaverroes.juntadeandalucia.es\/creah5p\/files\/2023\/01\/diaposit-768x192.png 768w\" sizes=\"(max-width: 780px) 100vw, 780px\" \/><\/p>\n<p>Ahora podemos pasar a agregar algunas im\u00e1genes.&nbsp;<\/p>\n<p>Agregamos las im\u00e1genes usando el&nbsp; bot\u00f3n <img loading=\"lazy\" decoding=\"async\" src=\"https:\/\/h5p.org\/sites\/default\/files\/cp-img-4_0.jpg\" alt=\"\" width=\"30\" height=\"30\"> en la barra de herramientas superior. Presiona este bot\u00f3n, arr\u00e1stralo al lugar donde deseas colocar la imagen y su\u00e9ltalo all\u00ed. Se abrir\u00e1 autom\u00e1ticamente un cuadro de di\u00e1logo:<\/p>\n<p><img loading=\"lazy\" decoding=\"async\" src=\"https:\/\/h5p.org\/sites\/default\/files\/05_1.jpg\" alt=\"\" width=\"2150\" height=\"1368\"><\/p>\n<p>Presiona&nbsp; <img decoding=\"async\" src=\"https:\/\/h5p.org\/sites\/default\/files\/06.jpg\" alt=\"\" width=\"80\"> , y sube la imagen deseada desde tu ordenador.<\/p>\n<p>&nbsp;<\/p>\n<p>Finalmente, tenemos que agregar un <strong>texto alternativo<\/strong> y un <strong>texto flotante<\/strong> . El <strong>texto alternativo<\/strong> se utiliza para describir la imagen como una alternativa a la visualizaci\u00f3n. El <strong>texto de Hover<\/strong> se mostrar\u00e1 en los dispositivos que usan un mouse cuando el cursor se desplace sobre la imagen.<\/p>\n<p>Cambia el tama\u00f1o de la imagen tirando de la esquina inferior derecha de la imagen. Haz la imagen un poco m\u00e1s peque\u00f1a. Puedes mover la imagen arrastrando y soltando.<\/p>\n<p>&nbsp;<\/p>\n<p><img loading=\"lazy\" decoding=\"async\" class=\"alignnone wp-image-239 size-full\" src=\"https:\/\/blogsaverroes.juntadeandalucia.es\/creah5p\/files\/2023\/01\/imagen.png\" alt=\"\" width=\"467\" height=\"564\" srcset=\"https:\/\/blogsaverroes.juntadeandalucia.es\/creah5p\/files\/2023\/01\/imagen.png 467w, https:\/\/blogsaverroes.juntadeandalucia.es\/creah5p\/files\/2023\/01\/imagen-248x300.png 248w\" sizes=\"(max-width: 467px) 100vw, 467px\" \/><\/p>\n<p>&nbsp;<\/p>\n<p>Utiliza la <strong>herramienta Texto<\/strong>&nbsp;<img loading=\"lazy\" decoding=\"async\" src=\"https:\/\/h5p.org\/sites\/default\/files\/cp-img-10_2.jpg\" alt=\"\" width=\"30\" height=\"30\"> &nbsp;para agregar un bloque de texto a la diapositiva. Una vez que haya soltado el cuadro de texto, aparecer\u00e1 un cuadro de di\u00e1logo.<\/p>\n<p>Puedes colocar y cambiar el tama\u00f1o del bloque de texto de la misma manera que las im\u00e1genes.&nbsp;<\/p>\n<p><img loading=\"lazy\" decoding=\"async\" class=\"alignnone wp-image-240 size-full\" src=\"https:\/\/blogsaverroes.juntadeandalucia.es\/creah5p\/files\/2023\/01\/texto.png\" alt=\"\" width=\"780\" height=\"590\" srcset=\"https:\/\/blogsaverroes.juntadeandalucia.es\/creah5p\/files\/2023\/01\/texto.png 780w, https:\/\/blogsaverroes.juntadeandalucia.es\/creah5p\/files\/2023\/01\/texto-300x227.png 300w, https:\/\/blogsaverroes.juntadeandalucia.es\/creah5p\/files\/2023\/01\/texto-768x581.png 768w\" sizes=\"(max-width: 780px) 100vw, 780px\" \/><\/p>\n<p>&nbsp;<\/p>\n<h2 id=\"guides-header-7\">Paso 4: a\u00f1ade una segunda diapositiva<\/h2>\n<p>Presiona el&nbsp;&nbsp; bot\u00f3n <img decoding=\"async\" src=\"https:\/\/h5p.org\/sites\/default\/files\/13.jpg\" alt=\"\" width=\"80\"> en la esquina inferior derecha del editor para agregar otra diapositiva.&nbsp;<\/p>\n<p>Realiza los pasos anteriores para agregar im\u00e1genes y texto. Tambi\u00e9n puedes insertar v\u00eddeo, audio o incluso cuestionarios de verdadero o falso, m\u00faltiple choice, etc.<\/p>\n<blockquote><p>Para navegar entre las diapositivas presiona los t\u00edtulos de las diapositivas en el panel de diapositivas o usa la barra de navegaci\u00f3n.&nbsp;<\/p>\n<p><img loading=\"lazy\" decoding=\"async\" class=\"alignnone wp-image-241 size-full\" src=\"https:\/\/blogsaverroes.juntadeandalucia.es\/creah5p\/files\/2023\/01\/skeleton.png\" alt=\"\" width=\"788\" height=\"593\" srcset=\"https:\/\/blogsaverroes.juntadeandalucia.es\/creah5p\/files\/2023\/01\/skeleton.png 788w, https:\/\/blogsaverroes.juntadeandalucia.es\/creah5p\/files\/2023\/01\/skeleton-300x226.png 300w, https:\/\/blogsaverroes.juntadeandalucia.es\/creah5p\/files\/2023\/01\/skeleton-768x578.png 768w\" sizes=\"(max-width: 788px) 100vw, 788px\" \/><\/p><\/blockquote>\n<p>&nbsp;<\/p>\n<p>&nbsp;<\/p>\n<p>&nbsp;<\/p>\n<p>&nbsp;<\/p>\n<h2 id=\"guides-header-9\">Paso 7: A\u00f1ade un cuestionario<\/h2>\n<p>Presiona el&nbsp;&nbsp; bot\u00f3n <img decoding=\"async\" src=\"https:\/\/h5p.org\/sites\/default\/files\/13.jpg\" alt=\"\" width=\"80\"> para agregar una cuarta y \u00faltima diapositiva.<\/p>\n<p>En la barra de herramientas, presiona el&nbsp; <img loading=\"lazy\" decoding=\"async\" src=\"https:\/\/h5p.org\/sites\/default\/files\/07_0.jpg\" alt=\"\" width=\"30\" height=\"30\"> bot\u00f3n y arrastre un cuestionario tipo resumen a la diapositiva. La creaci\u00f3n de un&nbsp; <strong>resumen&nbsp;<\/strong> se trata en <a href=\"https:\/\/h5p.org\/tutorial-summary\" target=\"_blank\" rel=\"noopener noreferrer\">este tutorial<\/a> .&nbsp;<\/p>\n<p>Una vez que hayas soltado el&nbsp; <strong>Resumen<\/strong> , aparecer\u00e1 el editor.&nbsp;<\/p>\n<p>Ahora agregaremos declaraciones al Resumen. Presiona el bot\u00f3n <strong>Agregar declaraciones<\/strong> para agregar dos grupos de declaraciones m\u00e1s.<\/p>\n<blockquote><p>En el editor de <strong>resumen<\/strong> , la declaraci\u00f3n superior de un grupo de declaraciones es siempre la correcta.<\/p><\/blockquote>\n<p>&nbsp;<\/p>\n<p><img loading=\"lazy\" decoding=\"async\" class=\"alignnone wp-image-242 size-full\" src=\"https:\/\/blogsaverroes.juntadeandalucia.es\/creah5p\/files\/2023\/01\/summary.png\" alt=\"\" width=\"794\" height=\"745\" srcset=\"https:\/\/blogsaverroes.juntadeandalucia.es\/creah5p\/files\/2023\/01\/summary.png 794w, https:\/\/blogsaverroes.juntadeandalucia.es\/creah5p\/files\/2023\/01\/summary-300x281.png 300w, https:\/\/blogsaverroes.juntadeandalucia.es\/creah5p\/files\/2023\/01\/summary-768x721.png 768w\" sizes=\"(max-width: 794px) 100vw, 794px\" \/><\/p>\n<h2 id=\"guides-header-10\">Paso 8: Terminando<\/h2>\n<p>No olvides guardar tu actividad<\/p>\n<p>&nbsp;<\/p>\n","protected":false},"excerpt":{"rendered":"<p>Crea una presentaci\u00f3n basada en diapositivas. Puedes integrar sin problemas elementos como t\u00edtulos de diapositivas, enlaces, im\u00e1genes, clips de audio y video, as\u00ed como varios tipos de cuestionarios. &nbsp;Ejemplo Esta es la presentaci\u00f3n de&#46;&#46;&#46;<\/p>\n","protected":false},"author":10977,"featured_media":0,"parent":0,"menu_order":0,"comment_status":"closed","ping_status":"closed","template":"","meta":{"ngg_post_thumbnail":0,"footnotes":""},"aioseo_notices":[],"_links":{"self":[{"href":"https:\/\/blogsaverroes.juntadeandalucia.es\/creah5p\/wp-json\/wp\/v2\/pages\/80"}],"collection":[{"href":"https:\/\/blogsaverroes.juntadeandalucia.es\/creah5p\/wp-json\/wp\/v2\/pages"}],"about":[{"href":"https:\/\/blogsaverroes.juntadeandalucia.es\/creah5p\/wp-json\/wp\/v2\/types\/page"}],"author":[{"embeddable":true,"href":"https:\/\/blogsaverroes.juntadeandalucia.es\/creah5p\/wp-json\/wp\/v2\/users\/10977"}],"replies":[{"embeddable":true,"href":"https:\/\/blogsaverroes.juntadeandalucia.es\/creah5p\/wp-json\/wp\/v2\/comments?post=80"}],"version-history":[{"count":13,"href":"https:\/\/blogsaverroes.juntadeandalucia.es\/creah5p\/wp-json\/wp\/v2\/pages\/80\/revisions"}],"predecessor-version":[{"id":231,"href":"https:\/\/blogsaverroes.juntadeandalucia.es\/creah5p\/wp-json\/wp\/v2\/pages\/80\/revisions\/231"}],"wp:attachment":[{"href":"https:\/\/blogsaverroes.juntadeandalucia.es\/creah5p\/wp-json\/wp\/v2\/media?parent=80"}],"curies":[{"name":"wp","href":"https:\/\/api.w.org\/{rel}","templated":true}]}}