{"id":88,"date":"2022-12-01T07:50:28","date_gmt":"2022-12-01T07:50:28","guid":{"rendered":"https:\/\/blogsaverroes.juntadeandalucia.es\/creah5p\/?page_id=88"},"modified":"2023-10-05T15:38:51","modified_gmt":"2023-10-05T15:38:51","slug":"dialogue-cards","status":"publish","type":"page","link":"https:\/\/blogsaverroes.juntadeandalucia.es\/creah5p\/dialogue-cards\/","title":{"rendered":"Dialogue cards"},"content":{"rendered":"<p id=\"yui_3_17_2_1_1669880915314_5844\" dir=\"ltr\">El tipo de contenido de las tarjetas de di\u00e1logo permite crear un conjunto de tarjetas con las palabras o expresiones correspondientes a cada lado de las tarjetas.<\/p>\n<p dir=\"ltr\"><div class=\"h5p-iframe-wrapper\"><iframe id=\"h5p-iframe-18\" class=\"h5p-iframe\" data-content-id=\"18\" style=\"height:1px\" src=\"about:blank\" frameBorder=\"0\" scrolling=\"no\" title=\"Dialog Cards\"><\/iframe><\/div><\/p>\n<ul id=\"yui_3_17_2_1_1669880915314_5869\"><\/ul>\n<h2 id=\"guides-header-5\">Paso 1: creaci\u00f3n de tarjetas de di\u00e1logo<\/h2>\n<p id=\"yui_3_17_2_1_1669880915314_5881\">Crea una nueva actividad de h5p desde el banco de contenido o generando una nueva actividad. Selecciona <strong id=\"yui_3_17_2_1_1669880915314_5889\">Dialogue Cards.<\/strong><\/p>\n<p><img loading=\"lazy\" decoding=\"async\" class=\"alignnone wp-image-339 size-full\" src=\"https:\/\/blogsaverroes.juntadeandalucia.es\/creah5p\/files\/2023\/10\/1-4.png\" alt=\"\" width=\"1702\" height=\"1310\" srcset=\"https:\/\/blogsaverroes.juntadeandalucia.es\/creah5p\/files\/2023\/10\/1-4.png 1702w, https:\/\/blogsaverroes.juntadeandalucia.es\/creah5p\/files\/2023\/10\/1-4-300x231.png 300w, https:\/\/blogsaverroes.juntadeandalucia.es\/creah5p\/files\/2023\/10\/1-4-1024x788.png 1024w, https:\/\/blogsaverroes.juntadeandalucia.es\/creah5p\/files\/2023\/10\/1-4-768x591.png 768w, https:\/\/blogsaverroes.juntadeandalucia.es\/creah5p\/files\/2023\/10\/1-4-1536x1182.png 1536w\" sizes=\"(max-width: 1702px) 100vw, 1702px\" \/><\/p>\n<p id=\"yui_3_17_2_1_1669880915314_5890\"><strong id=\"yui_3_17_2_1_1669880915314_5891\"><img loading=\"lazy\" decoding=\"async\" class=\"alignnone wp-image-340 size-full\" src=\"https:\/\/blogsaverroes.juntadeandalucia.es\/creah5p\/files\/2023\/10\/2-4.png\" alt=\"\" width=\"1702\" height=\"1056\" srcset=\"https:\/\/blogsaverroes.juntadeandalucia.es\/creah5p\/files\/2023\/10\/2-4.png 1702w, https:\/\/blogsaverroes.juntadeandalucia.es\/creah5p\/files\/2023\/10\/2-4-300x186.png 300w, https:\/\/blogsaverroes.juntadeandalucia.es\/creah5p\/files\/2023\/10\/2-4-1024x635.png 1024w, https:\/\/blogsaverroes.juntadeandalucia.es\/creah5p\/files\/2023\/10\/2-4-768x477.png 768w, https:\/\/blogsaverroes.juntadeandalucia.es\/creah5p\/files\/2023\/10\/2-4-1536x953.png 1536w\" sizes=\"(max-width: 1702px) 100vw, 1702px\" \/><img decoding=\"async\" id=\"yui_3_17_2_1_1669880915314_5892\" role=\"presentation\" src=\"https:\/\/educacionadistancia.juntadeandalucia.es\/centros\/sevilla21\/draftfile.php\/645952\/user\/draft\/687172680\/Captura%20de%20pantalla%202022-01-08%20a%20las%2010.49.46.png\" alt=\"\"><br id=\"yui_3_17_2_1_1669880915314_5893\"><\/strong><\/p>\n<h2 id=\"guides-header-6\">Paso 2: editor de tarjetas de di\u00e1logo<\/h2>\n<p id=\"yui_3_17_2_1_1669880915314_5895\">Ahora deber\u00eda aparecer el editor de tarjetas de di\u00e1logo. La parte superior del editor se ve as\u00ed:<\/p>\n<p id=\"yui_3_17_2_1_1669880915314_5896\"><img loading=\"lazy\" decoding=\"async\" id=\"yui_3_17_2_1_1669880915314_5897\" src=\"https:\/\/h5p.org\/sites\/default\/files\/01_8.png\" alt=\"\" width=\"1427\" height=\"912\"><\/p>\n<p id=\"yui_3_17_2_1_1669880915314_5903\">&nbsp;<\/p>\n<p id=\"yui_3_17_2_1_1669880915314_5905\">El editor de tarjetas de di\u00e1logo consta de <strong id=\"yui_3_17_2_1_1669880915314_5906\">un t\u00edtulo, un encabezado, un modo, una descripci\u00f3n de la tarea<\/strong> &nbsp;y un conjunto de&nbsp; <strong id=\"yui_3_17_2_1_1669880915314_5907\">di\u00e1logos<\/strong> .<\/p>\n<h2 id=\"guides-header-7\">Paso 3: t\u00edtulo<\/h2>\n<p id=\"yui_3_17_2_1_1669880915314_5908\">El&nbsp; <strong id=\"yui_3_17_2_1_1669880915314_5909\">t\u00edtulo<\/strong> &nbsp;se mostrar\u00e1&nbsp; en todo el conjunto de tarjetas.<em id=\"yui_3_17_2_1_1669880915314_5912\"><\/em><\/p>\n<p><img loading=\"lazy\" decoding=\"async\" class=\"alignnone wp-image-249 size-full\" src=\"https:\/\/blogsaverroes.juntadeandalucia.es\/creah5p\/files\/2023\/01\/dialogue-cards1.png\" alt=\"\" width=\"955\" height=\"186\" srcset=\"https:\/\/blogsaverroes.juntadeandalucia.es\/creah5p\/files\/2023\/01\/dialogue-cards1.png 955w, https:\/\/blogsaverroes.juntadeandalucia.es\/creah5p\/files\/2023\/01\/dialogue-cards1-300x58.png 300w, https:\/\/blogsaverroes.juntadeandalucia.es\/creah5p\/files\/2023\/01\/dialogue-cards1-768x150.png 768w\" sizes=\"(max-width: 955px) 100vw, 955px\" \/><\/p>\n<h2 id=\"guides-header-8\">Paso 4: descripci\u00f3n de la tarea<\/h2>\n<p id=\"yui_3_17_2_1_1669880915314_5922\">En este campo podemos dar instrucciones detalladas al alumnado. La&nbsp; <strong id=\"yui_3_17_2_1_1669880915314_5923\">descripci\u00f3n de la tarea&nbsp;<\/strong> se muestra en todo el conjunto de tarjetas, debajo del&nbsp; <strong id=\"yui_3_17_2_1_1669880915314_5924\">t\u00edtulo<\/strong> . <em id=\"yui_3_17_2_1_1669880915314_5926\"><\/em><\/p>\n<p id=\"yui_3_17_2_1_1669880915314_5930\"><em id=\"yui_3_17_2_1_1669880915314_5931\"><img loading=\"lazy\" decoding=\"async\" class=\"alignnone wp-image-250 size-full\" src=\"https:\/\/blogsaverroes.juntadeandalucia.es\/creah5p\/files\/2023\/01\/encabezado.png\" alt=\"\" width=\"963\" height=\"111\" srcset=\"https:\/\/blogsaverroes.juntadeandalucia.es\/creah5p\/files\/2023\/01\/encabezado.png 963w, https:\/\/blogsaverroes.juntadeandalucia.es\/creah5p\/files\/2023\/01\/encabezado-300x35.png 300w, https:\/\/blogsaverroes.juntadeandalucia.es\/creah5p\/files\/2023\/01\/encabezado-768x89.png 768w\" sizes=\"(max-width: 963px) 100vw, 963px\" \/><\/em><\/p>\n<h2 id=\"guides-header-9\">Paso 5: Di\u00e1logos<\/h2>\n<p id=\"yui_3_17_2_1_1669880915314_5937\">Presiona el bot\u00f3n de <strong id=\"yui_3_17_2_1_1669880915314_5938\">di\u00e1logo Agregar<\/strong> para agregar la tarjeta.<\/p>\n<p id=\"yui_3_17_2_1_1669880915314_5939\"><img loading=\"lazy\" decoding=\"async\" id=\"yui_3_17_2_1_1669880915314_5940\" src=\"https:\/\/h5p.org\/sites\/default\/files\/04_5.png\" alt=\"\" width=\"235\" height=\"59\"><\/p>\n<p id=\"yui_3_17_2_1_1669880915314_5941\">&nbsp;Ahora deber\u00edas tener algo como esto:<\/p>\n<p id=\"yui_3_17_2_1_1669880915314_5943\"><img loading=\"lazy\" decoding=\"async\" class=\"alignnone wp-image-251 size-full\" src=\"https:\/\/blogsaverroes.juntadeandalucia.es\/creah5p\/files\/2023\/01\/dialogo1.png\" alt=\"\" width=\"957\" height=\"862\" srcset=\"https:\/\/blogsaverroes.juntadeandalucia.es\/creah5p\/files\/2023\/01\/dialogo1.png 957w, https:\/\/blogsaverroes.juntadeandalucia.es\/creah5p\/files\/2023\/01\/dialogo1-300x270.png 300w, https:\/\/blogsaverroes.juntadeandalucia.es\/creah5p\/files\/2023\/01\/dialogo1-768x692.png 768w\" sizes=\"(max-width: 957px) 100vw, 957px\" \/><\/p>\n<p id=\"yui_3_17_2_1_1669880915314_5947\">Inserta un texto en el&nbsp; &nbsp;campo <strong id=\"yui_3_17_2_1_1669880915314_5948\">Texto<\/strong> : en este ejemplo hemos dejado el campo<strong> texto<\/strong> vac\u00edo para dar una funci\u00f3n de flashcard a la actividad.<\/p>\n<p id=\"yui_3_17_2_1_1669880915314_5950\">En el&nbsp; &nbsp;campo <strong id=\"yui_3_17_2_1_1669880915314_5951\">Respuesta<\/strong> , escribe la respuesta correcta.<em id=\"yui_3_17_2_1_1669880915314_5954\"><\/em><\/p>\n<p id=\"yui_3_17_2_1_1669880915314_5955\">Inserta una imagen en el campo <strong id=\"yui_3_17_2_1_1669880915314_5956\">Imagen<\/strong> . Tambi\u00e9n puedes insertar un audio, muy \u00fatil en el trabajo de las lenguas extranjeras.<\/p>\n<p id=\"yui_3_17_2_1_1669880915314_5961\">&nbsp;<\/p>\n<p id=\"yui_3_17_2_1_1669880915314_5962\">&nbsp;<\/p>\n<h2 id=\"guides-header-10\">Paso 6: agrega m\u00e1s tarjetas<\/h2>\n<p id=\"yui_3_17_2_1_1669880915314_5969\">Podemos agregar cuantas&nbsp; tarjetas queramos siguiendo el mismo procedimiento que en el Paso 5.<\/p>\n<p>Puedes agregar tantas tarjetas como desees. Puedes quitar las tarjetas presionando el&nbsp;&nbsp; bot\u00f3n&nbsp; <img loading=\"lazy\" decoding=\"async\" id=\"yui_3_17_2_1_1669880915314_5973\" src=\"https:\/\/h5p.org\/sites\/default\/files\/07_0.png\" alt=\"\" width=\"32\" height=\"32\"> en la esquina superior derecha de la&nbsp; <strong id=\"yui_3_17_2_1_1669880915314_5974\">tarjeta<\/strong> . Puedes cambiar el orden de las tarjetas pulsando el&nbsp; bot\u00f3n&nbsp; <img loading=\"lazy\" decoding=\"async\" id=\"yui_3_17_2_1_1669880915314_5975\" src=\"https:\/\/h5p.org\/sites\/default\/files\/08_0.png\" alt=\"\" width=\"30\" height=\"55\">&nbsp; en la lista de tarjetas con pesta\u00f1as a la izquierda del editor de <strong id=\"yui_3_17_2_1_1669880915314_5976\">tarjetas<\/strong> .<\/p>\n<p id=\"yui_3_17_2_1_1669880915314_5983\"><strong id=\"yui_3_17_2_1_1669880915314_5984\">Guarda<\/strong> la actividad cuando est\u00e9s satisfecho para ver el conjunto final de tarjetas de di\u00e1logo.&nbsp;<\/p>\n","protected":false},"excerpt":{"rendered":"<p>El tipo de contenido de las tarjetas de di\u00e1logo permite crear un conjunto de tarjetas con las palabras o expresiones correspondientes a cada lado de las tarjetas. Paso 1: creaci\u00f3n de tarjetas de di\u00e1logo&#46;&#46;&#46;<\/p>\n","protected":false},"author":10977,"featured_media":0,"parent":0,"menu_order":0,"comment_status":"closed","ping_status":"closed","template":"","meta":{"ngg_post_thumbnail":0,"footnotes":""},"aioseo_notices":[],"_links":{"self":[{"href":"https:\/\/blogsaverroes.juntadeandalucia.es\/creah5p\/wp-json\/wp\/v2\/pages\/88"}],"collection":[{"href":"https:\/\/blogsaverroes.juntadeandalucia.es\/creah5p\/wp-json\/wp\/v2\/pages"}],"about":[{"href":"https:\/\/blogsaverroes.juntadeandalucia.es\/creah5p\/wp-json\/wp\/v2\/types\/page"}],"author":[{"embeddable":true,"href":"https:\/\/blogsaverroes.juntadeandalucia.es\/creah5p\/wp-json\/wp\/v2\/users\/10977"}],"replies":[{"embeddable":true,"href":"https:\/\/blogsaverroes.juntadeandalucia.es\/creah5p\/wp-json\/wp\/v2\/comments?post=88"}],"version-history":[{"count":10,"href":"https:\/\/blogsaverroes.juntadeandalucia.es\/creah5p\/wp-json\/wp\/v2\/pages\/88\/revisions"}],"predecessor-version":[{"id":234,"href":"https:\/\/blogsaverroes.juntadeandalucia.es\/creah5p\/wp-json\/wp\/v2\/pages\/88\/revisions\/234"}],"wp:attachment":[{"href":"https:\/\/blogsaverroes.juntadeandalucia.es\/creah5p\/wp-json\/wp\/v2\/media?parent=88"}],"curies":[{"name":"wp","href":"https:\/\/api.w.org\/{rel}","templated":true}]}}