{"id":95,"date":"2022-12-01T08:51:58","date_gmt":"2022-12-01T08:51:58","guid":{"rendered":"https:\/\/blogsaverroes.juntadeandalucia.es\/creah5p\/?page_id=95"},"modified":"2023-10-06T08:28:12","modified_gmt":"2023-10-06T08:28:12","slug":"flashcards","status":"publish","type":"page","link":"https:\/\/blogsaverroes.juntadeandalucia.es\/creah5p\/flashcards\/","title":{"rendered":"Flashcards"},"content":{"rendered":"<p dir=\"ltr\">&nbsp;<\/p>\n<p id=\"yui_3_17_2_1_1669884549795_5681\" dir=\"ltr\">Las flashcards son tarjetas de doble cara que contienen im\u00e1genes en un dorso y letras en el siguiente. Son un recurso muy utilizado en la ese\u00f1anza de L2 y de \u00e1ras bilig\u00fces.<\/p>\n<div class=\"h5p-iframe-wrapper\"><iframe id=\"h5p-iframe-5\" class=\"h5p-iframe\" data-content-id=\"5\" style=\"height:1px\" src=\"about:blank\" frameBorder=\"0\" scrolling=\"no\" title=\"The nervous system\"><\/iframe><\/div>\n<h2 id=\"guides-header-4\">Paso 1: Creaci\u00f3n actividad.<\/h2>\n<p id=\"guides-header-4\">Selecciona la&nbsp; opci\u00f3n <strong id=\"yui_3_17_2_1_1669884549795_5700\">Nuevo contenido&nbsp; <\/strong>y elije&nbsp; <strong id=\"yui_3_17_2_1_1669884549795_5701\">Flashcards <\/strong>&nbsp;de la lista de Tipos de contenido:<\/p>\n<p><img loading=\"lazy\" decoding=\"async\" class=\"alignnone wp-image-349 size-full\" src=\"https:\/\/blogsaverroes.juntadeandalucia.es\/creah5p\/files\/2023\/10\/2-6.png\" alt=\"\" width=\"2298\" height=\"1322\" srcset=\"https:\/\/blogsaverroes.juntadeandalucia.es\/creah5p\/files\/2023\/10\/2-6.png 2298w, https:\/\/blogsaverroes.juntadeandalucia.es\/creah5p\/files\/2023\/10\/2-6-300x173.png 300w, https:\/\/blogsaverroes.juntadeandalucia.es\/creah5p\/files\/2023\/10\/2-6-1024x589.png 1024w, https:\/\/blogsaverroes.juntadeandalucia.es\/creah5p\/files\/2023\/10\/2-6-768x442.png 768w, https:\/\/blogsaverroes.juntadeandalucia.es\/creah5p\/files\/2023\/10\/2-6-1536x884.png 1536w, https:\/\/blogsaverroes.juntadeandalucia.es\/creah5p\/files\/2023\/10\/2-6-2048x1178.png 2048w\" sizes=\"(max-width: 2298px) 100vw, 2298px\" \/><\/p>\n<h2 id=\"guides-header-5\">Paso 2: Editor<\/h2>\n<p id=\"yui_3_17_2_1_1669884549795_5707\">Abre el editor.<\/p>\n<p id=\"yui_3_17_2_1_1669884549795_5708\"><img loading=\"lazy\" decoding=\"async\" id=\"yui_3_17_2_1_1669884549795_5709\" src=\"https:\/\/h5p.org\/sites\/default\/files\/01_6.jpg\" alt=\"\" width=\"1416\" height=\"885\"><\/p>\n<p id=\"yui_3_17_2_1_1669884549795_5712\">&nbsp;<\/p>\n<h2 id=\"guides-header-6\">Paso 3: Descripci\u00f3n de la tarea<\/h2>\n<p id=\"yui_3_17_2_1_1669884549795_5715\">Aqu\u00ed presentaremos el tema. La <strong id=\"yui_3_17_2_1_1669884549795_5716\">descripci\u00f3n de la tarea<\/strong> es un texto est\u00e1tico que se muestra sobre las Flashcards en todo el conjunto de tarjetas. En este caso la descripci\u00f3n ser\u00e1:<\/p>\n<p>The nervous system.<\/p>\n<p><img loading=\"lazy\" decoding=\"async\" class=\"alignnone wp-image-273 size-full\" src=\"https:\/\/blogsaverroes.juntadeandalucia.es\/creah5p\/files\/2023\/03\/Sin-t\u00edtulo.png\" alt=\"\" width=\"960\" height=\"239\" srcset=\"https:\/\/blogsaverroes.juntadeandalucia.es\/creah5p\/files\/2023\/03\/Sin-t\u00edtulo.png 960w, https:\/\/blogsaverroes.juntadeandalucia.es\/creah5p\/files\/2023\/03\/Sin-t\u00edtulo-300x75.png 300w, https:\/\/blogsaverroes.juntadeandalucia.es\/creah5p\/files\/2023\/03\/Sin-t\u00edtulo-768x191.png 768w\" sizes=\"(max-width: 960px) 100vw, 960px\" \/><\/p>\n<h2 id=\"guides-header-7\">Paso 4: Tarjetas<\/h2>\n<p><img loading=\"lazy\" decoding=\"async\" class=\"alignnone wp-image-275 size-full\" src=\"https:\/\/blogsaverroes.juntadeandalucia.es\/creah5p\/files\/2023\/03\/Sin-t\u00edtulo-1.png\" alt=\"\" width=\"953\" height=\"545\" srcset=\"https:\/\/blogsaverroes.juntadeandalucia.es\/creah5p\/files\/2023\/03\/Sin-t\u00edtulo-1.png 953w, https:\/\/blogsaverroes.juntadeandalucia.es\/creah5p\/files\/2023\/03\/Sin-t\u00edtulo-1-300x172.png 300w, https:\/\/blogsaverroes.juntadeandalucia.es\/creah5p\/files\/2023\/03\/Sin-t\u00edtulo-1-768x439.png 768w\" sizes=\"(max-width: 953px) 100vw, 953px\" \/><\/p>\n<p id=\"yui_3_17_2_1_1669884549795_5718\">En esta primera tarjeta, presentaremos una imagen del cerebro y pediremos que se escriba el nombre en ingl\u00e9s: brain.<\/p>\n<p id=\"yui_3_17_2_1_1669884549795_5719\">El texto de la <strong id=\"yui_3_17_2_1_1669884549795_5720\">pregunta<\/strong> se puede personalizar individualmente para cada tarjeta. Usaremos el campo <strong id=\"yui_3_17_2_1_1669884549795_5721\">Pregunta<\/strong> para dar&nbsp; instrucciones sobre c\u00f3mo resolver el problema. Alternativamente, puede usarse este campo como un mensaje de texto o para dar una pista adicional.<\/p>\n<p id=\"yui_3_17_2_1_1669884549795_5730\">En <strong id=\"yui_3_17_2_1_1669884549795_5731\">Imagen<\/strong> , agregamos una imagen que podemos encontrar en wikipedia, google imagenes, <a id=\"yui_3_17_2_1_1669884549795_5732\" href=\"https:\/\/www.pexels.com\/es-es\/\" target=\"_blank\" rel=\"noopener noreferrer\">pexels<\/a> o cualquier otra fuente.<\/p>\n<p>Presione el bot\u00f3n&nbsp; <img loading=\"lazy\" decoding=\"async\" src=\"https:\/\/h5p.org\/sites\/default\/files\/02_8.jpg\" alt=\"\" width=\"124\" height=\"50\"> para buscar la imagen. Una vez que se haya seleccionado la imagen, se cargar\u00e1 y se mostrar\u00e1 una miniatura de la imagen.<\/p>\n<p>Para continuar escribiendo flashcards, s\u00f3lo hay que pulsar al bot\u00f3n + azul que se muestra debajo de la flashcard recien creada.<\/p>\n<p id=\"yui_3_17_2_1_1669884549795_6294\">Cuando hayas terminado, no olvides guardar, y se mostrar\u00e1 la actividad creada.<\/p>\n","protected":false},"excerpt":{"rendered":"<p>&nbsp; Las flashcards son tarjetas de doble cara que contienen im\u00e1genes en un dorso y letras en el siguiente. Son un recurso muy utilizado en la ese\u00f1anza de L2 y de \u00e1ras bilig\u00fces. Paso&#46;&#46;&#46;<\/p>\n","protected":false},"author":10977,"featured_media":0,"parent":0,"menu_order":0,"comment_status":"closed","ping_status":"closed","template":"","meta":{"ngg_post_thumbnail":0,"footnotes":""},"aioseo_notices":[],"_links":{"self":[{"href":"https:\/\/blogsaverroes.juntadeandalucia.es\/creah5p\/wp-json\/wp\/v2\/pages\/95"}],"collection":[{"href":"https:\/\/blogsaverroes.juntadeandalucia.es\/creah5p\/wp-json\/wp\/v2\/pages"}],"about":[{"href":"https:\/\/blogsaverroes.juntadeandalucia.es\/creah5p\/wp-json\/wp\/v2\/types\/page"}],"author":[{"embeddable":true,"href":"https:\/\/blogsaverroes.juntadeandalucia.es\/creah5p\/wp-json\/wp\/v2\/users\/10977"}],"replies":[{"embeddable":true,"href":"https:\/\/blogsaverroes.juntadeandalucia.es\/creah5p\/wp-json\/wp\/v2\/comments?post=95"}],"version-history":[{"count":8,"href":"https:\/\/blogsaverroes.juntadeandalucia.es\/creah5p\/wp-json\/wp\/v2\/pages\/95\/revisions"}],"predecessor-version":[{"id":270,"href":"https:\/\/blogsaverroes.juntadeandalucia.es\/creah5p\/wp-json\/wp\/v2\/pages\/95\/revisions\/270"}],"wp:attachment":[{"href":"https:\/\/blogsaverroes.juntadeandalucia.es\/creah5p\/wp-json\/wp\/v2\/media?parent=95"}],"curies":[{"name":"wp","href":"https:\/\/api.w.org\/{rel}","templated":true}]}}