{"id":141,"date":"2022-03-01T07:13:24","date_gmt":"2022-03-01T07:13:24","guid":{"rendered":"http:\/\/blogsaverroes.juntadeandalucia.es\/pre\/ceip\/?page_id=141"},"modified":"2022-03-08T19:03:37","modified_gmt":"2022-03-08T19:03:37","slug":"escolarizacion","status":"publish","type":"page","link":"https:\/\/blogsaverroes.juntadeandalucia.es\/cristobalcolon\/escolarizacion\/","title":{"rendered":"Escolarizaci\u00f3n"},"content":{"rendered":"<p style=\"text-align: center\"><a href=\"https:\/\/blogsaverroes.juntadeandalucia.es\/cristobalcolon\/files\/2020\/11\/A4_EDUCACION_ADMISION-2.jpg\"><img loading=\"lazy\" decoding=\"async\" class=\"alignnone size-full wp-image-2321\" src=\"https:\/\/blogsaverroes.juntadeandalucia.es\/cristobalcolon\/files\/2020\/11\/A4_EDUCACION_ADMISION-2.jpg\" alt=\"\" width=\"800\" height=\"540\" srcset=\"https:\/\/blogsaverroes.juntadeandalucia.es\/cristobalcolon\/files\/2020\/11\/A4_EDUCACION_ADMISION-2.jpg 800w, https:\/\/blogsaverroes.juntadeandalucia.es\/cristobalcolon\/files\/2020\/11\/A4_EDUCACION_ADMISION-2-300x203.jpg 300w, https:\/\/blogsaverroes.juntadeandalucia.es\/cristobalcolon\/files\/2020\/11\/A4_EDUCACION_ADMISION-2-768x518.jpg 768w, https:\/\/blogsaverroes.juntadeandalucia.es\/cristobalcolon\/files\/2020\/11\/A4_EDUCACION_ADMISION-2-24x16.jpg 24w, https:\/\/blogsaverroes.juntadeandalucia.es\/cristobalcolon\/files\/2020\/11\/A4_EDUCACION_ADMISION-2-36x24.jpg 36w, https:\/\/blogsaverroes.juntadeandalucia.es\/cristobalcolon\/files\/2020\/11\/A4_EDUCACION_ADMISION-2-48x32.jpg 48w\" sizes=\"(max-width: 800px) 100vw, 800px\" \/><\/a><\/p>\n<p><strong>El periodo de escolarizaci\u00f3n abarca todo el mes de marzo, para ello tendr\u00e1s que:<\/strong><\/p>\n<p><strong>Cumplimentar los impresos que os ofrecemos a continuaci\u00f3n, deber\u00e1s aportar tres fotograf\u00edas del alumno\/a, certificado de empadronamiento, fotocopia del libro de familia y fotocopia de la cartilla de vacunaci\u00f3n.<\/strong><\/p>\n<p>Solicitud Presencial<\/p>\n<div class=\"entry-content\">\n<p>Descargue a continuaci\u00f3n los impresos necesarios para rellenar y presentarlos en el centro:<\/p>\n<p><strong>ADMISI\u00d3N:<\/strong><\/p>\n<ul>\n<li><strong><a href=\"https:\/\/blogsaverroes.juntadeandalucia.es\/cristobalcolon\/files\/2021\/03\/ANEXO-III-Solicitud-admision.pdf\">ANEXO III &#8211; Solicitud admisi\u00f3n<\/a><\/strong>&nbsp;(<em>Solicitud de admisi\u00f3n en segundo ciclo de Educaci\u00f3n Infantil, Educaci\u00f3n Primaria, Educaci\u00f3n Especial, E.S.O y Bachillerato<\/em>).<\/li>\n<li><a href=\"https:\/\/blogsaverroes.juntadeandalucia.es\/cristobalcolon\/files\/2021\/03\/Atenci\u00f3n-a-usuarios-PROTOCOLO-para-21-22.pdf\">Atenci\u00f3n a usuarios (PROTOCOLO) para 21-22<\/a><\/li>\n<li><a href=\"https:\/\/blogsaverroes.juntadeandalucia.es\/cristobalcolon\/files\/2021\/03\/Atenci\u00f3n-a-usuarios-DOCUMENTO-para-21-22.pdf\">Atenci\u00f3n a usuarios (DOCUMENTO) para 21-22<\/a><\/li>\n<li><a href=\"https:\/\/blogsaverroes.juntadeandalucia.es\/cristobalcolon\/files\/2021\/03\/Calendario-escolarizaci\u00f3n-BOJA-24-02-2021.pdf\">Calendario escolarizaci\u00f3n BOJA 24 02 2021<\/a><\/li>\n<li><a href=\"https:\/\/blogsaverroes.juntadeandalucia.es\/cristobalcolon\/files\/2021\/03\/Normativa-b\u00e1sica-de-referencia-PARA-21-22.pdf\">Normativa b\u00e1sica de referencia PARA 21-22<\/a><\/li>\n<li><a href=\"https:\/\/blogsaverroes.juntadeandalucia.es\/cristobalcolon\/files\/2021\/03\/\u00e1rea-de-influencia-escolar.pdf\">\u00e1rea de influencia escolar<\/a><\/li>\n<\/ul>\n<p><strong>MATRICULACI\u00d3N:<\/strong><\/p>\n<ul>\n<li><a href=\"https:\/\/blogsaverroes.juntadeandalucia.es\/ceipdonana\/files\/2020\/05\/MATR%C3%8DCULA-INFANTIL.pdf\" target=\"_blank\" rel=\"noopener noreferrer\"><strong>ANEXO IV<\/strong><\/a>&nbsp;<em>(Matr\u00edcula en segundo ciclo de Educaci\u00f3n Infantil).<\/em><\/li>\n<\/ul>\n<p>&nbsp;<\/p>\n<ul>\n<li><a href=\"https:\/\/blogsaverroes.juntadeandalucia.es\/ceipdonana\/files\/2020\/05\/ANEXO-V.pdf\" target=\"_blank\" rel=\"noopener noreferrer\"><strong>ANEXO V<\/strong><\/a>&nbsp;<em>(Matr\u00edcula en Educaci\u00f3n Primaria).<\/em><\/li>\n<\/ul>\n<p>&nbsp;<\/p>\n<ul>\n<li><a href=\"https:\/\/blogsaverroes.juntadeandalucia.es\/ceipdonana\/files\/2020\/05\/ANEXO_RELIGION_2021_200227.pdf\" target=\"_blank\" rel=\"noopener noreferrer\"><strong>ANEXO RELIGI\u00d3N<\/strong><\/a>&nbsp;<em>(Solicitud para cursar la ense\u00f1anza de religi\u00f3n).<\/em><\/li>\n<\/ul>\n<p>&nbsp;<\/p>\n<\/div>\n<header class=\"entry-header\">\n<h1 class=\"entry-title\">Solicitud telem\u00e1tica<\/h1>\n<\/header>\n<div class=\"entry-content\">\n<p><a href=\"https:\/\/www.juntadeandalucia.es\/educacion\/secretariavirtual\/\" target=\"_blank\" rel=\"noopener noreferrer\">PINCHE AQU\u00cd<\/a>&nbsp;para acceder a la cumplimentaci\u00f3n telem\u00e1tica, sin necesidad de acudir al centro. Puedes hacerlo sin certificado digital, SOLO ES NECESARIO DNI y TEL\u00c9FONO:<\/p>\n<p>&nbsp;<\/p>\n<p><a class=\"cboxElement\" href=\"https:\/\/blogsaverroes.juntadeandalucia.es\/ceipdonana\/files\/2020\/05\/secretariavirtual.jpg\"><img loading=\"lazy\" decoding=\"async\" class=\"aligncenter wp-image-7887 size-full\" src=\"https:\/\/blogsaverroes.juntadeandalucia.es\/ceipdonana\/files\/2020\/05\/secretariavirtual.jpg\" alt=\"\" width=\"280\" height=\"150\"><\/a><\/p>\n<\/div>\n","protected":false},"excerpt":{"rendered":"<p>El periodo de escolarizaci\u00f3n abarca todo el mes de marzo, para ello tendr\u00e1s que: Cumplimentar los impresos que os ofrecemos a continuaci\u00f3n, deber\u00e1s aportar tres fotograf\u00edas del alumno\/a, certificado de empadronamiento, fotocopia del libro&#46;&#46;&#46;<\/p>\n","protected":false},"author":1,"featured_media":0,"parent":0,"menu_order":0,"comment_status":"closed","ping_status":"open","template":"page-cs.php","meta":{"ngg_post_thumbnail":0,"footnotes":"","_mc_calendar":[]},"aioseo_notices":[],"_links":{"self":[{"href":"https:\/\/blogsaverroes.juntadeandalucia.es\/cristobalcolon\/wp-json\/wp\/v2\/pages\/141"}],"collection":[{"href":"https:\/\/blogsaverroes.juntadeandalucia.es\/cristobalcolon\/wp-json\/wp\/v2\/pages"}],"about":[{"href":"https:\/\/blogsaverroes.juntadeandalucia.es\/cristobalcolon\/wp-json\/wp\/v2\/types\/page"}],"author":[{"embeddable":true,"href":"https:\/\/blogsaverroes.juntadeandalucia.es\/cristobalcolon\/wp-json\/wp\/v2\/users\/1"}],"replies":[{"embeddable":true,"href":"https:\/\/blogsaverroes.juntadeandalucia.es\/cristobalcolon\/wp-json\/wp\/v2\/comments?post=141"}],"version-history":[{"count":11,"href":"https:\/\/blogsaverroes.juntadeandalucia.es\/cristobalcolon\/wp-json\/wp\/v2\/pages\/141\/revisions"}],"predecessor-version":[{"id":2548,"href":"https:\/\/blogsaverroes.juntadeandalucia.es\/cristobalcolon\/wp-json\/wp\/v2\/pages\/141\/revisions\/2548"}],"wp:attachment":[{"href":"https:\/\/blogsaverroes.juntadeandalucia.es\/cristobalcolon\/wp-json\/wp\/v2\/media?parent=141"}],"curies":[{"name":"wp","href":"https:\/\/api.w.org\/{rel}","templated":true}]}}