{"id":2284,"date":"2025-02-03T18:48:02","date_gmt":"2025-02-03T18:48:02","guid":{"rendered":"https:\/\/blogsaverroes.juntadeandalucia.es\/cristobalcolon\/?page_id=2284"},"modified":"2025-02-11T12:46:31","modified_gmt":"2025-02-11T12:46:31","slug":"bienvenidos","status":"publish","type":"page","link":"https:\/\/blogsaverroes.juntadeandalucia.es\/cristobalcolon\/","title":{"rendered":"JORNADAS DE PUERTAS ABIERTAS 2024-2025"},"content":{"rendered":"<div dir=\"auto\" style=\"text-align: left\"><a href=\"https:\/\/blogsaverroes.juntadeandalucia.es\/cristobalcolon\/files\/2025\/02\/WhatsApp-Image-2025-02-10-at-14.37.56.jpeg\"><img loading=\"lazy\" decoding=\"async\" class=\"aligncenter size-full wp-image-2856\" src=\"https:\/\/blogsaverroes.juntadeandalucia.es\/cristobalcolon\/files\/2025\/02\/WhatsApp-Image-2025-02-10-at-14.37.56.jpeg\" alt=\"\" width=\"1131\" height=\"1600\" srcset=\"https:\/\/blogsaverroes.juntadeandalucia.es\/cristobalcolon\/files\/2025\/02\/WhatsApp-Image-2025-02-10-at-14.37.56.jpeg 1131w, https:\/\/blogsaverroes.juntadeandalucia.es\/cristobalcolon\/files\/2025\/02\/WhatsApp-Image-2025-02-10-at-14.37.56-212x300.jpeg 212w, https:\/\/blogsaverroes.juntadeandalucia.es\/cristobalcolon\/files\/2025\/02\/WhatsApp-Image-2025-02-10-at-14.37.56-724x1024.jpeg 724w, https:\/\/blogsaverroes.juntadeandalucia.es\/cristobalcolon\/files\/2025\/02\/WhatsApp-Image-2025-02-10-at-14.37.56-768x1086.jpeg 768w, https:\/\/blogsaverroes.juntadeandalucia.es\/cristobalcolon\/files\/2025\/02\/WhatsApp-Image-2025-02-10-at-14.37.56-1086x1536.jpeg 1086w\" sizes=\"(max-width: 1131px) 100vw, 1131px\" \/><\/a><\/div>\n<div dir=\"auto\" style=\"text-align: left\"><strong><span class=\"fxk3tzhb b2rh1bv3 gh55jysx m8h3af8h ewco64xe kjdc1dyq ms56khn7 bq6c9xl4 eohcrkr5 akh3l2rg\"><img loading=\"lazy\" decoding=\"async\" src=\"https:\/\/static.xx.fbcdn.net\/images\/emoji.php\/v9\/tf4\/1\/16\/2728.png\" alt=\"\u2728\" width=\"16\" height=\"16\"><\/span>\u00a1\u00a1Bienvenidos\/as a un nuevo curso escolar del CEIP CRIST\u00d3BAL COL\u00d3N ! !<span class=\"fxk3tzhb b2rh1bv3 gh55jysx m8h3af8h ewco64xe kjdc1dyq ms56khn7 bq6c9xl4 eohcrkr5 akh3l2rg\"><img loading=\"lazy\" decoding=\"async\" src=\"https:\/\/static.xx.fbcdn.net\/images\/emoji.php\/v9\/tf4\/1\/16\/2728.png\" alt=\"\u2728\" width=\"16\" height=\"16\"><\/span><\/strong><\/div>\n<div dir=\"auto\">Este curso va a ser un curso de pel\u00edcula , y as\u00ed han comenzado nuestros alumnos hoy. Han tenido un comienzo de cine .&nbsp;<\/div>\n<div dir=\"auto\">A las 9:00 h , nuestros alumnos esperaban expectantes para entrar al cole ; lo que no pod\u00edan imaginar que en el interior les esperaba personajes de pel\u00edculas del talento de <strong>Jurassic Park , los Minions , Spiderman<\/strong> o los personajes de <strong>Canta<\/strong> .&nbsp;<\/div>\n<div dir=\"auto\">Nuestros alumnos han disfrutado con la gran bienvenida de todo el equipo docente que daba su recibimiento a lo largo del pasillo&nbsp; al cole , d\u00f3nde les esperaba sus tutores y el equipo directivo.<\/div>\n<div dir=\"auto\">Sin lugar a dudas este curso va a ser &#8230;<strong>UN CURSO DE PEL\u00cdCULA!<\/strong><\/div>\n<div dir=\"auto\" style=\"text-align: left\">\n<p><iframe loading=\"lazy\" title=\"Vuelta al cole en el CEIP Crist\u00f3bal Col\u00f3n\" width=\"500\" height=\"281\" src=\"https:\/\/www.youtube.com\/embed\/9FeupkCBEfk?feature=oembed&#038;wmode=opaque\" frameborder=\"0\" allow=\"accelerometer; autoplay; clipboard-write; encrypted-media; gyroscope; picture-in-picture; web-share\" referrerpolicy=\"strict-origin-when-cross-origin\" allowfullscreen><\/iframe><\/p>\n<\/div>\n<div dir=\"auto\">&nbsp;<\/div>\n<div dir=\"auto\">&nbsp;<\/div>\n<div dir=\"auto\">&nbsp;<\/div>\n","protected":false},"excerpt":{"rendered":"<p>\u00a1\u00a1Bienvenidos\/as a un nuevo curso escolar del CEIP CRIST\u00d3BAL COL\u00d3N ! ! Este curso va a ser un curso de pel\u00edcula , y as\u00ed han comenzado nuestros alumnos hoy. Han tenido un comienzo de&#46;&#46;&#46;<\/p>\n","protected":false},"author":10874,"featured_media":2856,"parent":0,"menu_order":0,"comment_status":"closed","ping_status":"closed","template":"","meta":{"ngg_post_thumbnail":0,"footnotes":"","_mc_calendar":[]},"aioseo_notices":[],"_links":{"self":[{"href":"https:\/\/blogsaverroes.juntadeandalucia.es\/cristobalcolon\/wp-json\/wp\/v2\/pages\/2284"}],"collection":[{"href":"https:\/\/blogsaverroes.juntadeandalucia.es\/cristobalcolon\/wp-json\/wp\/v2\/pages"}],"about":[{"href":"https:\/\/blogsaverroes.juntadeandalucia.es\/cristobalcolon\/wp-json\/wp\/v2\/types\/page"}],"author":[{"embeddable":true,"href":"https:\/\/blogsaverroes.juntadeandalucia.es\/cristobalcolon\/wp-json\/wp\/v2\/users\/10874"}],"replies":[{"embeddable":true,"href":"https:\/\/blogsaverroes.juntadeandalucia.es\/cristobalcolon\/wp-json\/wp\/v2\/comments?post=2284"}],"version-history":[{"count":15,"href":"https:\/\/blogsaverroes.juntadeandalucia.es\/cristobalcolon\/wp-json\/wp\/v2\/pages\/2284\/revisions"}],"predecessor-version":[{"id":2857,"href":"https:\/\/blogsaverroes.juntadeandalucia.es\/cristobalcolon\/wp-json\/wp\/v2\/pages\/2284\/revisions\/2857"}],"wp:featuredmedia":[{"embeddable":true,"href":"https:\/\/blogsaverroes.juntadeandalucia.es\/cristobalcolon\/wp-json\/wp\/v2\/media\/2856"}],"wp:attachment":[{"href":"https:\/\/blogsaverroes.juntadeandalucia.es\/cristobalcolon\/wp-json\/wp\/v2\/media?parent=2284"}],"curies":[{"name":"wp","href":"https:\/\/api.w.org\/{rel}","templated":true}]}}