{"id":2362,"date":"2024-09-03T18:04:57","date_gmt":"2024-09-03T18:04:57","guid":{"rendered":"https:\/\/blogsaverroes.juntadeandalucia.es\/cristobalcolon\/?page_id=2362"},"modified":"2024-09-03T18:31:48","modified_gmt":"2024-09-03T18:31:48","slug":"claustro","status":"publish","type":"page","link":"https:\/\/blogsaverroes.juntadeandalucia.es\/cristobalcolon\/claustro\/","title":{"rendered":"Claustro"},"content":{"rendered":"<header class=\"entry-header\">\n<h1 class=\"entry-title\" style=\"text-align: center\">Claustro<\/h1>\n<\/header>\n<div class=\"entry-content\">\n<div id=\"cc-m-10489965199\" class=\"j-module n j-header \">\n<table style=\"width: 100%;border-collapse: collapse;border-color: #151417;border-style: solid\">\n<tbody>\n<tr>\n<td style=\"width: 778px;background-color: #f25757\">\n<h2 id=\"cc-m-header-10489965199\"><span style=\"color: #0000ff\">EDUCACI\u00d3N INFANTIL<\/span><\/h2>\n<\/td>\n<\/tr>\n<tr>\n<td style=\"width: 778px;background-color: #f5a2a2\">\n<div id=\"cc-m-10726210299\" class=\"j-module n j-text \">\n<p>3 A\u00f1os: <strong>Lorena Rodr\u00edguez D\u00edaz<\/strong><\/p>\n<p>4 A\u00f1os: Noem\u00ed Hern\u00e1ndez Doello<\/p>\n<\/div>\n<div id=\"cc-m-10726209599\" class=\"j-module n j-text \">\n<p>5 A\u00f1os: <strong>Jennifer Carrasco Espinilla<\/strong><\/p>\n<\/div>\n<\/td>\n<\/tr>\n<tr>\n<td style=\"width: 778px;background-color: #f25acc\">\n<h2 id=\"cc-m-header-9143965399\"><span style=\"color: #0000ff\">AULA ESPEC\u00cdFICA<\/span><\/h2>\n<\/td>\n<\/tr>\n<tr>\n<td style=\"width: 778px;background-color: #f5a6ed\">Tutora: Mercedes Gonz\u00e1lez Moraza<\/p>\n<p>PTIS 1:&nbsp;<\/p>\n<p>PTIS 2 :&nbsp;<\/p>\n<p>&nbsp;<\/td>\n<\/tr>\n<tr>\n<td style=\"width: 778px;background-color: #8d57f2\">\n<h2 id=\"cc-m-header-9143965399\"><span style=\"color: #0000ff\">1\u00ba CICLO<\/span><\/h2>\n<\/td>\n<\/tr>\n<tr>\n<td style=\"width: 778px;background-color: #af9cf0\">\n<div id=\"cc-m-10726211399\" class=\"j-module n j-text \">\n<p>1\u00ba Primaria A: <strong>F\u00e1tima Cano Ortega<\/strong><\/p>\n<\/div>\n<div id=\"cc-m-10726214299\" class=\"j-module n j-text \">\n<p>2\u00ba Primaria A: <strong>M\u00aa \u00c1ngeles Guare\u00f1o Herrador<\/strong><\/p>\n<p>2\u00ba Primaria B: <strong>Elisa Zabala Al\u00e9s<\/strong><\/p>\n<\/div>\n<\/td>\n<\/tr>\n<tr>\n<td style=\"width: 778px;background-color: #2d9ded\">\n<h2 id=\"cc-m-header-9143980399\"><span style=\"color: #0000ff\">2\u00baCICLO<\/span><\/h2>\n<\/td>\n<\/tr>\n<tr>\n<td style=\"width: 778px;background-color: #aed6f2\">\n<div id=\"cc-m-10726211999\" class=\"j-module n j-text \">\n<p>3\u00ba Primaria A: <strong>Macarena Ortega Catal\u00e1n<\/strong><\/p>\n<p>3\u00ba Primaria B: <strong>Pilar Ruiz Fern\u00e1ndez<\/strong><\/p>\n<\/div>\n<div id=\"cc-m-10726212499\" class=\"j-module n j-text \">\n<p>4\u00ba Primaria A: <strong>M\u00aa Dolores P\u00e9rez S\u00e1nchez<\/strong><\/p>\n<p>4\u00ba Primaria B: <strong>Francisco P\u00e9rez Anillo<\/strong><\/p>\n<\/div>\n<\/td>\n<\/tr>\n<tr>\n<td style=\"width: 778px;background-color: #1df07f\">\n<div id=\"cc-m-9143994299\" class=\"j-module n j-header \">\n<h2 id=\"cc-m-header-9143994299\"><span style=\"color: #0000ff\">3\u00ba CICLO<\/span><\/h2>\n<\/div>\n<\/td>\n<\/tr>\n<tr>\n<td style=\"width: 778px;background-color: #8ef5c3\">5\u00ba&nbsp; Primaria A: <strong>Gloria Mill\u00e1n Dominguez<\/strong><\/p>\n<p>5\u00ba&nbsp; Primaria B: <strong>Pablo Fern\u00e1ndez Mata<\/strong><\/p>\n<p>6\u00ba Primaria A: <strong>Regina Rodr\u00edguez Laguna<\/strong><\/p>\n<p>6\u00ba Primaria B: <strong>Jose Manuel Calvache Izquierdo<\/strong><\/td>\n<\/tr>\n<\/tbody>\n<\/table>\n<table style=\"border-collapse: collapse;width: 100%\">\n<tbody>\n<tr>\n<td style=\"width: 100%;background-color: #24f235\">\n<h2><span style=\"color: #0000ff\">ESPECIALISTAS<\/span><\/h2>\n<\/td>\n<\/tr>\n<tr>\n<td style=\"width: 100%;background-color: #7bf277\">\n<div id=\"cc-m-10726216899\" class=\"j-module n j-text \">\n<p>Lengua Extranjera (Ingl\u00e9s): <strong>Pilar Ruiz Fern\u00e1ndez<\/strong><\/p>\n<p>Lengua Extranjera (Franc\u00e9s): <strong>Regina Rodr\u00edguez Laguna<\/strong><\/p>\n<p>Educaci\u00f3n F\u00edsica: <b>Beatriz L\u00f3pez Ponce<\/b><\/p>\n<p>Educaci\u00f3n Musical : <strong>Laura Bellido Illgen<\/strong><\/p>\n<\/div>\n<div id=\"cc-m-10726217199\" class=\"j-module n j-text \">\n<p>Religi\u00f3n Cat\u00f3lica: <strong>Jos\u00e9 Manuel Garc\u00eda Garc\u00eda<\/strong><\/p>\n<p>Religi\u00f3n Evang\u00e9lica <strong>: Jos\u00e9 sosa Romero<\/strong><\/p>\n<\/div>\n<\/td>\n<\/tr>\n<tr>\n<td style=\"width: 100%;background-color: #b7eb0c\">\n<h2 id=\"cc-m-header-9144037799\"><span style=\"color: #0000ff\">EDUCACI\u00d3N COMPENSATORIA<\/span><\/h2>\n<\/td>\n<\/tr>\n<tr>\n<td style=\"width: 100%;background-color: #d6eb78\"><strong>Macarena Ortega Catal\u00e1n<\/strong><\/td>\n<\/tr>\n<tr>\n<td style=\"width: 100%;background-color: #f28313\">\n<h2 id=\"cc-m-header-9144043199\"><span style=\"color: #0000ff\">PEDAGOG\u00cdA TERAPE\u00daTICA<\/span><\/h2>\n<\/td>\n<\/tr>\n<tr>\n<td style=\"width: 100%;background-color: #f2a66f\"><strong>Mar Ponce Delgado<\/strong><\/p>\n<p><strong>Paula S\u00e1nchez L\u00f3pez<\/strong><\/td>\n<\/tr>\n<tr>\n<td style=\"width: 100%;background-color: #f23d18\">\n<h2 id=\"cc-m-header-9144050299\"><span style=\"color: #0000ff\">AUDICI\u00d3N Y LENGUAJE<\/span><\/h2>\n<\/td>\n<\/tr>\n<tr>\n<td style=\"width: 100%;background-color: #f58b78\"><strong>Magdalena Fern\u00e1ndez Dom\u00ednguez<\/strong><\/td>\n<\/tr>\n<\/tbody>\n<\/table>\n<\/div>\n<div id=\"cc-m-10726210299\" class=\"j-module n j-text \">&nbsp;<\/div>\n<div id=\"cc-m-10726209599\" class=\"j-module n j-text \">\n<p>&nbsp;<\/p>\n<\/div>\n<div id=\"cc-m-10726210899\" class=\"j-module n j-text \">\n<h2 id=\"cc-m-header-9143965399\">&nbsp;<\/h2>\n<p>&nbsp;<\/p>\n<\/div>\n<div id=\"cc-m-9143965399\" class=\"j-module n j-header \">\n<h2 id=\"cc-m-header-9143965399\">&nbsp;<\/h2>\n<\/div>\n<div id=\"cc-m-10726211399\" class=\"j-module n j-text \">&nbsp;<\/div>\n<div id=\"cc-m-10726214299\" class=\"j-module n j-text \">\n<p>&nbsp;<\/p>\n<\/div>\n<div id=\"cc-m-9143980399\" class=\"j-module n j-header \">\n<h2 id=\"cc-m-header-9143980399\">&nbsp;<\/h2>\n<\/div>\n<div id=\"cc-m-10726211999\" class=\"j-module n j-text \">&nbsp;<\/div>\n<div id=\"cc-m-10726212499\" class=\"j-module n j-text \">\n<p>&nbsp;<\/p>\n<\/div>\n<div id=\"cc-m-9143994299\" class=\"j-module n j-header \">&nbsp;<\/div>\n<div id=\"cc-m-10726213699\" class=\"j-module n j-text \">\n<p>&nbsp;<\/p>\n<\/div>\n<div id=\"cc-m-10726213999\" class=\"j-module n j-text \">\n<p>&nbsp;<\/p>\n<\/div>\n<div id=\"cc-m-10726216899\" class=\"j-module n j-text \">&nbsp;<\/div>\n<div id=\"cc-m-10726217199\" class=\"j-module n j-text \">\n<p>&nbsp;<\/p>\n<\/div>\n<div id=\"cc-m-9144037799\" class=\"j-module n j-header \">\n<h2 id=\"cc-m-header-9144037799\">&nbsp;<\/h2>\n<p>&nbsp;<\/p>\n<\/div>\n<div id=\"cc-m-9144043199\" class=\"j-module n j-header \">\n<h2 id=\"cc-m-header-9144043199\">&nbsp;<\/h2>\n<p>&nbsp;<\/p>\n<\/div>\n<div id=\"cc-m-9144050299\" class=\"j-module n j-header \">\n<h2 id=\"cc-m-header-9144050299\">&nbsp;<\/h2>\n<\/div>\n<div id=\"cc-m-10726225099\">\n<p>&nbsp;<\/p>\n<\/div>\n<\/div>\n","protected":false},"excerpt":{"rendered":"<p>Claustro EDUCACI\u00d3N INFANTIL 3 A\u00f1os: Lorena Rodr\u00edguez D\u00edaz 4 A\u00f1os: Noem\u00ed Hern\u00e1ndez Doello 5 A\u00f1os: Jennifer Carrasco Espinilla AULA ESPEC\u00cdFICA Tutora: Mercedes Gonz\u00e1lez Moraza PTIS 1:&nbsp; PTIS 2 :&nbsp; &nbsp; 1\u00ba CICLO 1\u00ba Primaria&#46;&#46;&#46;<\/p>\n","protected":false},"author":10874,"featured_media":0,"parent":0,"menu_order":0,"comment_status":"closed","ping_status":"closed","template":"","meta":{"ngg_post_thumbnail":0,"footnotes":"","_mc_calendar":[]},"aioseo_notices":[],"_links":{"self":[{"href":"https:\/\/blogsaverroes.juntadeandalucia.es\/cristobalcolon\/wp-json\/wp\/v2\/pages\/2362"}],"collection":[{"href":"https:\/\/blogsaverroes.juntadeandalucia.es\/cristobalcolon\/wp-json\/wp\/v2\/pages"}],"about":[{"href":"https:\/\/blogsaverroes.juntadeandalucia.es\/cristobalcolon\/wp-json\/wp\/v2\/types\/page"}],"author":[{"embeddable":true,"href":"https:\/\/blogsaverroes.juntadeandalucia.es\/cristobalcolon\/wp-json\/wp\/v2\/users\/10874"}],"replies":[{"embeddable":true,"href":"https:\/\/blogsaverroes.juntadeandalucia.es\/cristobalcolon\/wp-json\/wp\/v2\/comments?post=2362"}],"version-history":[{"count":14,"href":"https:\/\/blogsaverroes.juntadeandalucia.es\/cristobalcolon\/wp-json\/wp\/v2\/pages\/2362\/revisions"}],"predecessor-version":[{"id":2829,"href":"https:\/\/blogsaverroes.juntadeandalucia.es\/cristobalcolon\/wp-json\/wp\/v2\/pages\/2362\/revisions\/2829"}],"wp:attachment":[{"href":"https:\/\/blogsaverroes.juntadeandalucia.es\/cristobalcolon\/wp-json\/wp\/v2\/media?parent=2362"}],"curies":[{"name":"wp","href":"https:\/\/api.w.org\/{rel}","templated":true}]}}