{"id":2434,"date":"2021-01-27T18:47:09","date_gmt":"2021-01-27T18:47:09","guid":{"rendered":"https:\/\/blogsaverroes.juntadeandalucia.es\/cristobalcolon\/?page_id=2434"},"modified":"2021-03-01T11:38:38","modified_gmt":"2021-03-01T11:38:38","slug":"impulsa","status":"publish","type":"page","link":"https:\/\/blogsaverroes.juntadeandalucia.es\/cristobalcolon\/impulsa\/","title":{"rendered":"IMPULSA"},"content":{"rendered":"<h1 style=\"text-align: center\">PROGRAMA IMPULSA<\/h1>\n<p style=\"text-align: justify\">El&nbsp;<strong>programa impulsa&nbsp;<\/strong>de la Consejer\u00eda de Educaci\u00f3n de la junta de Andaluc\u00eda se concibe como un conjunto de actuaciones dirigidas a mejorar la formaci\u00f3n del profesorado, as\u00ed como el grado de adquisici\u00f3n de las competencias claves y la motivaci\u00f3n del alumnado.&nbsp;<\/p>\n<p style=\"text-align: justify\">Todas las actuaciones se desarrollar\u00e1n a trav\u00e9s de&nbsp;<strong>experiencias innovadoras, activas y experimentales <\/strong>que promueva el saber hacer del alumnado partiendo de sus conocimientos y fomentado actitudes como la autonom\u00eda, la responsabilidad, el respeto, el trabajo en equipo, la igualdad de g\u00e9nero y la atenci\u00f3n a la diversidad, en especial al alumnado con necesidades espec\u00edficas de apoyo educativo (NEAE).&nbsp;<\/p>\n<p style=\"text-align: justify\">En la primera convocatoria de este programa se elabor\u00f3 junto con la empresa Techmakers una serie de actividades basadas en el \u00e1mbito CTIM o STEM ( ciencia, tecnolog\u00eda, ingenier\u00eda y Matem\u00e1ticas ), es decir, disciplinas como las rob\u00f3tica, programaci\u00f3n, modelado 3D. Se impartieron durante los cursos 19\/20 los talleres de Rob\u00f3tica con MakeBlock y Rob\u00f3tica con Robotis.&nbsp;<\/p>\n<p>Aqu\u00ed ten\u00e9is lo que supuso para nuestros alumnos estos fant\u00e1sticos talleres.<\/p>\n<p><iframe loading=\"lazy\" title=\"IMPULSA\" width=\"500\" height=\"281\" src=\"https:\/\/www.youtube.com\/embed\/NSuUfWhxtkE?feature=oembed&#038;wmode=opaque\" frameborder=\"0\" allow=\"accelerometer; autoplay; clipboard-write; encrypted-media; gyroscope; picture-in-picture; web-share\" referrerpolicy=\"strict-origin-when-cross-origin\" allowfullscreen><\/iframe><\/p>\n<p>&nbsp;<\/p>\n<p>Nos han vuelto a conceder el programa Impulsa II en la edici\u00f3n curso 20\/21, gracias al proyecto que hemos presentado:&nbsp;<\/p>\n<p style=\"text-align: center\"><a href=\"https:\/\/blogsaverroes.juntadeandalucia.es\/cristobalcolon\/files\/2021\/03\/Dossier-DESARROLLO-DE-VALORES-EN-UN-ENTORNO-DIGITAL-y-DIVERTIDO.pdf\">&nbsp;DESARROLLO DE VALORES EN UN ENTORNO DIGITAL y DIVERTIDO<\/a><\/p>\n<p>&nbsp;<\/p>\n","protected":false},"excerpt":{"rendered":"<p>PROGRAMA IMPULSA El&nbsp;programa impulsa&nbsp;de la Consejer\u00eda de Educaci\u00f3n de la junta de Andaluc\u00eda se concibe como un conjunto de actuaciones dirigidas a mejorar la formaci\u00f3n del profesorado, as\u00ed como el grado de adquisici\u00f3n de&#46;&#46;&#46;<\/p>\n","protected":false},"author":10874,"featured_media":0,"parent":0,"menu_order":0,"comment_status":"closed","ping_status":"closed","template":"","meta":{"ngg_post_thumbnail":0,"footnotes":"","_mc_calendar":[]},"aioseo_notices":[],"_links":{"self":[{"href":"https:\/\/blogsaverroes.juntadeandalucia.es\/cristobalcolon\/wp-json\/wp\/v2\/pages\/2434"}],"collection":[{"href":"https:\/\/blogsaverroes.juntadeandalucia.es\/cristobalcolon\/wp-json\/wp\/v2\/pages"}],"about":[{"href":"https:\/\/blogsaverroes.juntadeandalucia.es\/cristobalcolon\/wp-json\/wp\/v2\/types\/page"}],"author":[{"embeddable":true,"href":"https:\/\/blogsaverroes.juntadeandalucia.es\/cristobalcolon\/wp-json\/wp\/v2\/users\/10874"}],"replies":[{"embeddable":true,"href":"https:\/\/blogsaverroes.juntadeandalucia.es\/cristobalcolon\/wp-json\/wp\/v2\/comments?post=2434"}],"version-history":[{"count":8,"href":"https:\/\/blogsaverroes.juntadeandalucia.es\/cristobalcolon\/wp-json\/wp\/v2\/pages\/2434\/revisions"}],"predecessor-version":[{"id":2532,"href":"https:\/\/blogsaverroes.juntadeandalucia.es\/cristobalcolon\/wp-json\/wp\/v2\/pages\/2434\/revisions\/2532"}],"wp:attachment":[{"href":"https:\/\/blogsaverroes.juntadeandalucia.es\/cristobalcolon\/wp-json\/wp\/v2\/media?parent=2434"}],"curies":[{"name":"wp","href":"https:\/\/api.w.org\/{rel}","templated":true}]}}