{"id":2583,"date":"2024-05-22T11:47:15","date_gmt":"2024-05-22T11:47:15","guid":{"rendered":"https:\/\/blogsaverroes.juntadeandalucia.es\/cristobalcolon\/?page_id=2583"},"modified":"2025-02-11T09:28:24","modified_gmt":"2025-02-11T09:28:24","slug":"refuerzo-estival","status":"publish","type":"page","link":"https:\/\/blogsaverroes.juntadeandalucia.es\/cristobalcolon\/refuerzo-estival\/","title":{"rendered":"REFUERZO ESTIVAL 2024"},"content":{"rendered":"<p style=\"text-align: center\">&nbsp;<\/p>\n<p style=\"text-align: center\">REFUERZO ESTIVAL 2023\/24<\/p>\n<p style=\"text-align: center\"><a href=\"https:\/\/blogsaverroes.juntadeandalucia.es\/cristobalcolon\/files\/2021\/06\/infograf\u00eda-familias-scaled.jpg\"><br \/>\n<img loading=\"lazy\" decoding=\"async\" class=\"wp-image-2589 aligncenter\" src=\"https:\/\/blogsaverroes.juntadeandalucia.es\/cristobalcolon\/files\/2021\/06\/infograf\u00eda-familias-scaled.jpg\" alt=\"\" width=\"539\" height=\"762\" srcset=\"https:\/\/blogsaverroes.juntadeandalucia.es\/cristobalcolon\/files\/2021\/06\/infograf\u00eda-familias-scaled.jpg 1131w, https:\/\/blogsaverroes.juntadeandalucia.es\/cristobalcolon\/files\/2021\/06\/infograf\u00eda-familias-212x300.jpg 212w, https:\/\/blogsaverroes.juntadeandalucia.es\/cristobalcolon\/files\/2021\/06\/infograf\u00eda-familias-724x1024.jpg 724w, https:\/\/blogsaverroes.juntadeandalucia.es\/cristobalcolon\/files\/2021\/06\/infograf\u00eda-familias-768x1086.jpg 768w, https:\/\/blogsaverroes.juntadeandalucia.es\/cristobalcolon\/files\/2021\/06\/infograf\u00eda-familias-1086x1536.jpg 1086w, https:\/\/blogsaverroes.juntadeandalucia.es\/cristobalcolon\/files\/2021\/06\/infograf\u00eda-familias-1448x2048.jpg 1448w\" sizes=\"(max-width: 539px) 100vw, 539px\" \/><\/a><\/p>\n<p>&nbsp;<\/p>\n<p>&nbsp;<\/p>\n<p><strong>\u00bfEn qu\u00e9 consiste?<\/strong><\/p>\n<ul>\n<li>Actividades que se impartir\u00e1n durante el mes de julio en centros de educaci\u00f3n p\u00fablicos dirigidas a proporcionar al alumnado refuerzo educativo y apoyo para la organizaci\u00f3n del trabajo<\/li>\n<li>Asimismo, a trav\u00e9s de actividades l\u00fadico-deportivas, pretende fomentar habilidades de integraci\u00f3n y adaptaci\u00f3n al grupo y h\u00e1bitos de vida saludables.<\/li>\n<\/ul>\n<p><strong>\u00bfQu\u00e9 objetivos tiene?<\/strong><\/p>\n<ul>\n<li>Mejorar habilidades y actitudes asociadas a la lectura, al razonamiento y l\u00f3gica matem\u00e1tica y a la adquisici\u00f3n de destrezas ling\u00fc\u00edsticas de la lengua extranjera inglesa.<\/li>\n<li>Desarrollar en el alumnado h\u00e1bitos de organizaci\u00f3n y trabajo, as\u00ed como t\u00e9cnicas de estudio.<\/li>\n<li>Participar en actividades de car\u00e1cter l\u00fadico-deportivo que fomenten h\u00e1bitos saludables y la participaci\u00f3n en actividades en el entorno escolar.<\/li>\n<li>Contribuir al aumento de la tasa de promoci\u00f3n y titulaci\u00f3n del alumnado.&nbsp;<\/li>\n<\/ul>\n<p><strong>\u00bfA qu\u00e9 alumnado va dirigido?<\/strong><\/p>\n<ul>\n<li>Alumnado de Educaci\u00f3n Primaria y 1\u00ba y 2\u00ba de Educaci\u00f3n Secundaria Obligatoria, escolarizado en centros docentes p\u00fablicos o sostenidos con fondos p\u00fablicos de la Comunidad Aut\u00f3noma de Andaluc\u00eda.<\/li>\n<li>Que precise refuerzo educativo en \u00e1reas y materias instrumentales: Lengua Castellana, Matem\u00e1ticas y Lengua extranjera Ingl\u00e9s.<\/li>\n<li>O bien necesite apoyo para la organizaci\u00f3n del trabajo y de los h\u00e1bitos y t\u00e9cnicas de estudio o el desarrollo de habilidades de integraci\u00f3n y de adaptaci\u00f3n al grupo<\/li>\n<\/ul>\n<p><strong>\u00bfC\u00f3mo puede participar un alumno?<\/strong><\/p>\n<ul>\n<li>Los padres, madres o tutores legales del alumnado deber\u00e1n solicitar la participaci\u00f3n en el programa v\u00eda telem\u00e1tica a trav\u00e9s del portal web de la Consejer\u00eda y en el centro en el que se imparta el programa.<\/li>\n<li>Podr\u00e1n solicitar la primera, la segunda o las dos quincenas de julio.<\/li>\n<li>En caso de que el centro de su hijo o hija no ofrezca el programa, podr\u00e1n solicitar su participaci\u00f3n en alguno de los centros de la resoluci\u00f3n definitiva de centros participantes en el programa que se publicar\u00e1 en el portal web de la Consejer\u00eda.<\/li>\n<li>El programa es gratuito y los materiales a utilizar los proporcionar\u00e1 la Consejer\u00eda.<\/li>\n<\/ul>\n<p>EN ESTE ENLACE LO POD\u00c9IS SOLICITAR.<\/p>\n<p><a href=\"https:\/\/www.juntadeandalucia.es\/educacion\/secretariavirtual\/accesoTramite\/472\/\">https:\/\/www.juntadeandalucia.es\/educacion\/secretariavirtual\/accesoTramite\/472\/<\/a><a href=\"https:\/\/blogsaverroes.juntadeandalucia.es\/cristobalcolon\/files\/2023\/05\/solicitud.pdf\">solicitud<\/a><\/p>\n<p>M\u00c1S INFORMACI\u00d3N:&nbsp;<\/p>\n<p><a href=\"https:\/\/portals.ced.junta-andalucia.es\/educacion\/portals\/web\/ced\/familias\/programa-refuerzo-estival-2023\">https:\/\/portals.ced.junta-andalucia.es\/educacion\/portals\/web\/ced\/familias\/programa-refuerzo-estival-2023<\/a><\/p>\n<p>SI NECESIT\u00c1IS AYUDA NO DUD\u00c9IS EN PREGUNTARNOS.<\/p>\n<p>PINCHA EN LA SOLITUD PARA RELLENARLO Y ENTREGARLO EN NUESTRO CENTRO<\/p>\n<p><a href=\"https:\/\/blogsaverroes.juntadeandalucia.es\/cristobalcolon\/files\/2023\/05\/solicitud.pdf\">Solicitud Refuerzo Estival<\/a><\/p>\n<p>&nbsp;<\/p>\n","protected":false},"excerpt":{"rendered":"<p>&nbsp; REFUERZO ESTIVAL 2023\/24 &nbsp; &nbsp; \u00bfEn qu\u00e9 consiste? Actividades que se impartir\u00e1n durante el mes de julio en centros de educaci\u00f3n p\u00fablicos dirigidas a proporcionar al alumnado refuerzo educativo y apoyo para la&#46;&#46;&#46;<\/p>\n","protected":false},"author":10874,"featured_media":0,"parent":0,"menu_order":0,"comment_status":"closed","ping_status":"closed","template":"","meta":{"ngg_post_thumbnail":0,"footnotes":"","_mc_calendar":[]},"aioseo_notices":[],"_links":{"self":[{"href":"https:\/\/blogsaverroes.juntadeandalucia.es\/cristobalcolon\/wp-json\/wp\/v2\/pages\/2583"}],"collection":[{"href":"https:\/\/blogsaverroes.juntadeandalucia.es\/cristobalcolon\/wp-json\/wp\/v2\/pages"}],"about":[{"href":"https:\/\/blogsaverroes.juntadeandalucia.es\/cristobalcolon\/wp-json\/wp\/v2\/types\/page"}],"author":[{"embeddable":true,"href":"https:\/\/blogsaverroes.juntadeandalucia.es\/cristobalcolon\/wp-json\/wp\/v2\/users\/10874"}],"replies":[{"embeddable":true,"href":"https:\/\/blogsaverroes.juntadeandalucia.es\/cristobalcolon\/wp-json\/wp\/v2\/comments?post=2583"}],"version-history":[{"count":11,"href":"https:\/\/blogsaverroes.juntadeandalucia.es\/cristobalcolon\/wp-json\/wp\/v2\/pages\/2583\/revisions"}],"predecessor-version":[{"id":2848,"href":"https:\/\/blogsaverroes.juntadeandalucia.es\/cristobalcolon\/wp-json\/wp\/v2\/pages\/2583\/revisions\/2848"}],"wp:attachment":[{"href":"https:\/\/blogsaverroes.juntadeandalucia.es\/cristobalcolon\/wp-json\/wp\/v2\/media?parent=2583"}],"curies":[{"name":"wp","href":"https:\/\/api.w.org\/{rel}","templated":true}]}}