{"id":2722,"date":"2024-09-03T18:36:18","date_gmt":"2024-09-03T18:36:18","guid":{"rendered":"https:\/\/blogsaverroes.juntadeandalucia.es\/cristobalcolon\/?page_id=2722"},"modified":"2024-09-03T17:28:41","modified_gmt":"2024-09-03T17:28:41","slug":"novedades","status":"publish","type":"page","link":"https:\/\/blogsaverroes.juntadeandalucia.es\/cristobalcolon\/novedades\/","title":{"rendered":"TABL\u00d3N INFORMATIVO \ud83d\udd14"},"content":{"rendered":"<p><a href=\"https:\/\/blogsaverroes.juntadeandalucia.es\/cristobalcolon\/files\/2023\/09\/WhatsApp-Image-2023-05-15-at-23.25.29.jpeg\"><img loading=\"lazy\" decoding=\"async\" class=\"wp-image-2783 aligncenter\" src=\"https:\/\/blogsaverroes.juntadeandalucia.es\/cristobalcolon\/files\/2023\/09\/WhatsApp-Image-2023-05-15-at-23.25.29-240x300.jpeg\" alt=\"\" width=\"101\" height=\"126\" srcset=\"https:\/\/blogsaverroes.juntadeandalucia.es\/cristobalcolon\/files\/2023\/09\/WhatsApp-Image-2023-05-15-at-23.25.29-240x300.jpeg 240w, https:\/\/blogsaverroes.juntadeandalucia.es\/cristobalcolon\/files\/2023\/09\/WhatsApp-Image-2023-05-15-at-23.25.29.jpeg 644w\" sizes=\"(max-width: 101px) 100vw, 101px\" \/><\/a><\/p>\n<p>&nbsp;<\/p>\n<p>Estimadas familias, <strong> con la presente les informamos de distintos aspectos de su inter\u00e9s para el comienzo del curso escolar 24\/25.<\/strong><\/p>\n<p style=\"text-align: center\"><strong><u>HORARIO DEL PRIMER D\u00cdA DE CLASES&nbsp; Curso 2024-2025<\/u><\/strong><\/p>\n<p>&nbsp;El curso escolar comienza el martes 10 de septiembre con el siguiente horario:<\/p>\n<table>\n<tbody>\n<tr>\n<td width=\"149\"><strong>AULA ESPEC\u00cdFICA<\/strong><\/td>\n<td width=\"123\">&nbsp;<\/td>\n<td width=\"305\">09:45 a 14:00<\/td>\n<\/tr>\n<tr>\n<td rowspan=\"3\" width=\"149\"><strong>INFANTIL<\/strong><\/td>\n<td width=\"123\"><strong>3 A\u00d1OS<\/strong><\/td>\n<td width=\"305\">Periodo de adaptaci\u00f3n<\/td>\n<\/tr>\n<tr>\n<td width=\"123\"><strong>4 A\u00d1OS<\/strong><\/td>\n<td width=\"305\">09:45 a 14:00<\/p>\n<p>(El alumnado acceder\u00e1 por la puerta lateral del centro * tanto en la entrada como a la salida)<\/td>\n<\/tr>\n<tr>\n<td width=\"123\"><strong>5 A\u00d1OS<\/strong><\/td>\n<td width=\"305\">09:45 a 14:00<\/p>\n<p>(El alumnado acceder\u00e1 por la puerta lateral del centro *tanto en la entrada como a la salida)<\/td>\n<\/tr>\n<tr>\n<td width=\"149\"><strong>PRIMARIA<\/strong><\/td>\n<td width=\"123\"><strong>PRIMER CICLO<\/strong><\/p>\n<p>1\u00ba y 2\u00ba<\/td>\n<td width=\"305\">09:30 a 14: 00<\/p>\n<p>(El alumnado acceder\u00e1 por la puerta lateral del centro tanto en la entrada como en la salida)<\/td>\n<\/tr>\n<tr>\n<td width=\"149\">&nbsp;<\/td>\n<td width=\"123\"><strong>SEGUNDO CICLO<\/strong><\/p>\n<p>3\u00ba Y 4\u00ba<\/td>\n<td width=\"305\">9:15 a 14 : 00<\/p>\n<p>( El alumno acceder\u00e1 por la puerta lateral del<\/p>\n<p>centro tanto en la entrada como en la salida)<\/td>\n<\/tr>\n<tr>\n<td width=\"149\">&nbsp;<\/td>\n<td width=\"123\"><strong>TERCER CICLO<\/strong><\/p>\n<p>5\u00baY 6\u00ba<\/td>\n<td width=\"305\">9:00 A 14:00<\/p>\n<p>( El alumno acceder\u00e1 por la puerta lateral del centro tanto en la entrada como en la salida)<\/td>\n<\/tr>\n<\/tbody>\n<\/table>\n<p><strong>*Tan solo podr\u00e1n acceder&nbsp; a la zona de la arboleda a las 9:00 los padres del alumnado de Infantil Y Aula Espec\u00edfica&nbsp; , el resto de alumnado acceder\u00e1 solos a las filas.<\/strong><\/p>\n<p><strong>* Los padres de alumnos de Primaria SOLAMENTE&nbsp; podr\u00e1n acceder a la arboleda en el momento de la salida de los alumnos.<\/strong><\/p>\n<p><strong>A partir del d\u00eda 11 de septiembre todo el alumnado tendr\u00e1 el horario completo, de 9:00 a 14:00<\/strong>. A excepci\u00f3n del alumnado de infantil de 3 a\u00f1os que se beneficie del horario de adaptaci\u00f3n.<\/p>\n<p>El servicio de AUTOB\u00daS y AULA MATINAL comenzar\u00e1 el <strong>Mi\u00e9rcoles 11 de Septiembre<\/strong> a partir de las 7:30<\/p>\n<p>&nbsp;<\/p>\n","protected":false},"excerpt":{"rendered":"<p>&nbsp; Estimadas familias, con la presente les informamos de distintos aspectos de su inter\u00e9s para el comienzo del curso escolar 24\/25. HORARIO DEL PRIMER D\u00cdA DE CLASES&nbsp; Curso 2024-2025 &nbsp;El curso escolar comienza el&#46;&#46;&#46;<\/p>\n","protected":false},"author":10874,"featured_media":0,"parent":0,"menu_order":0,"comment_status":"closed","ping_status":"closed","template":"","meta":{"ngg_post_thumbnail":0,"footnotes":"","_mc_calendar":[]},"aioseo_notices":[],"_links":{"self":[{"href":"https:\/\/blogsaverroes.juntadeandalucia.es\/cristobalcolon\/wp-json\/wp\/v2\/pages\/2722"}],"collection":[{"href":"https:\/\/blogsaverroes.juntadeandalucia.es\/cristobalcolon\/wp-json\/wp\/v2\/pages"}],"about":[{"href":"https:\/\/blogsaverroes.juntadeandalucia.es\/cristobalcolon\/wp-json\/wp\/v2\/types\/page"}],"author":[{"embeddable":true,"href":"https:\/\/blogsaverroes.juntadeandalucia.es\/cristobalcolon\/wp-json\/wp\/v2\/users\/10874"}],"replies":[{"embeddable":true,"href":"https:\/\/blogsaverroes.juntadeandalucia.es\/cristobalcolon\/wp-json\/wp\/v2\/comments?post=2722"}],"version-history":[{"count":15,"href":"https:\/\/blogsaverroes.juntadeandalucia.es\/cristobalcolon\/wp-json\/wp\/v2\/pages\/2722\/revisions"}],"predecessor-version":[{"id":2826,"href":"https:\/\/blogsaverroes.juntadeandalucia.es\/cristobalcolon\/wp-json\/wp\/v2\/pages\/2722\/revisions\/2826"}],"wp:attachment":[{"href":"https:\/\/blogsaverroes.juntadeandalucia.es\/cristobalcolon\/wp-json\/wp\/v2\/media?parent=2722"}],"curies":[{"name":"wp","href":"https:\/\/api.w.org\/{rel}","templated":true}]}}