{"id":2811,"date":"2024-06-02T18:19:53","date_gmt":"2024-06-02T18:19:53","guid":{"rendered":"https:\/\/blogsaverroes.juntadeandalucia.es\/cristobalcolon\/?page_id=2811"},"modified":"2024-06-02T18:28:43","modified_gmt":"2024-06-02T18:28:43","slug":"plan-de-convivencia","status":"publish","type":"page","link":"https:\/\/blogsaverroes.juntadeandalucia.es\/cristobalcolon\/plan-de-convivencia\/","title":{"rendered":"PLAN DE CONVIVENCIA"},"content":{"rendered":"<p>El Plan de Convivencia es un documento que sirve para concretar la organizaci\u00f3n del funcionamiento del Centro en relaci\u00f3n con la convivencia y establecer las l\u00edneas generales del modelo de convivencia as\u00ed como los objetivos a alcanzar y las normas que la regular\u00e1n. Los Centros Educativos constituyen comunidades de convivencia y, al mismo tiempo, centros de aprendizaje de la convivencia. Como comunidades de convivencia, tienen la obligaci\u00f3n de fomentar una cultura de paz, con la participaci\u00f3n de todos sus miembros generando un clima positivo de confianza. Para conseguir este objetivo deben fomentar los valores democr\u00e1ticos, la solidaridad, la tolerancia, el respeto mutuo, el compromiso, la interculturalidad, los derechos humanos. Como centros de aprendizaje, su fin es desarrollar la formaci\u00f3n integral del ser humano, fomentando unos aprendizajes socialmente valiosos que permitan al alumnado progresar e integrarse con eficacia en el futuro, en la vida adulta y activa.<\/p>\n<p>Desde nuestr centro, la escuela se considera, antes incluso que espacio de aprendizaje, lugar de encuentro y convivencia entre personas.<\/p>\n<p style=\"text-align: center\"><a href=\"https:\/\/drive.google.com\/file\/d\/1dbZHYkfSX-zyAsU9vRWTD1IOd8yGe8-l\/view?usp=drive_link\">Pincha aqu\u00ed<\/a> para ver nuestro Plan de Convivencia<\/p>\n","protected":false},"excerpt":{"rendered":"<p>El Plan de Convivencia es un documento que sirve para concretar la organizaci\u00f3n del funcionamiento del Centro en relaci\u00f3n con la convivencia y establecer las l\u00edneas generales del modelo de convivencia as\u00ed como los&#46;&#46;&#46;<\/p>\n","protected":false},"author":10874,"featured_media":0,"parent":0,"menu_order":0,"comment_status":"closed","ping_status":"closed","template":"","meta":{"ngg_post_thumbnail":0,"footnotes":"","_mc_calendar":[]},"aioseo_notices":[],"_links":{"self":[{"href":"https:\/\/blogsaverroes.juntadeandalucia.es\/cristobalcolon\/wp-json\/wp\/v2\/pages\/2811"}],"collection":[{"href":"https:\/\/blogsaverroes.juntadeandalucia.es\/cristobalcolon\/wp-json\/wp\/v2\/pages"}],"about":[{"href":"https:\/\/blogsaverroes.juntadeandalucia.es\/cristobalcolon\/wp-json\/wp\/v2\/types\/page"}],"author":[{"embeddable":true,"href":"https:\/\/blogsaverroes.juntadeandalucia.es\/cristobalcolon\/wp-json\/wp\/v2\/users\/10874"}],"replies":[{"embeddable":true,"href":"https:\/\/blogsaverroes.juntadeandalucia.es\/cristobalcolon\/wp-json\/wp\/v2\/comments?post=2811"}],"version-history":[{"count":3,"href":"https:\/\/blogsaverroes.juntadeandalucia.es\/cristobalcolon\/wp-json\/wp\/v2\/pages\/2811\/revisions"}],"predecessor-version":[{"id":2817,"href":"https:\/\/blogsaverroes.juntadeandalucia.es\/cristobalcolon\/wp-json\/wp\/v2\/pages\/2811\/revisions\/2817"}],"wp:attachment":[{"href":"https:\/\/blogsaverroes.juntadeandalucia.es\/cristobalcolon\/wp-json\/wp\/v2\/media?parent=2811"}],"curies":[{"name":"wp","href":"https:\/\/api.w.org\/{rel}","templated":true}]}}