{"id":42,"date":"2024-03-01T08:40:47","date_gmt":"2024-03-01T08:40:47","guid":{"rendered":"http:\/\/blogsaverroes.juntadeandalucia.es\/pre\/ceip\/?page_id=42"},"modified":"2025-02-11T11:47:27","modified_gmt":"2025-02-11T11:47:27","slug":"equipo-directivo","status":"publish","type":"page","link":"https:\/\/blogsaverroes.juntadeandalucia.es\/cristobalcolon\/equipo-directivo\/","title":{"rendered":"Equipo directivo"},"content":{"rendered":"<p>&nbsp;<\/p>\n<p><strong>Direcci\u00f3n:&nbsp; Mercedes Monserrat M\u00e1rquez<\/strong><\/p>\n<p><strong>Jefatura de estudios: \u00c1ngeles Mar\u00eda Mu\u00f1oz Revaliente<\/strong><\/p>\n<p><strong>Secretar\u00eda: Cristina Manzaneque Diaz-Hellin<\/strong><\/p>\n<p>&nbsp;<\/p>\n<p><strong>HORARIOS DE ATENCI\u00d3N:&nbsp;<\/strong><\/p>\n<p>&nbsp;Martes 9:00 a 11:30<\/p>\n<p>Mi\u00e9rcoles : 9:00 a 10:30<\/p>\n<p>Viernes : .9:00 a 12:30<\/p>\n<p><strong>DURANTE EL PER\u00cdODO DE ESCOLARIZACI\u00d3N, EN EL MES DE MARZO, OS ATENDEREMOS DE 9.00- 13.30.<\/strong><\/p>\n<p style=\"text-align: center\">&nbsp;<\/p>\n","protected":false},"excerpt":{"rendered":"<p>&nbsp; Direcci\u00f3n:&nbsp; Mercedes Monserrat M\u00e1rquez Jefatura de estudios: \u00c1ngeles Mar\u00eda Mu\u00f1oz Revaliente Secretar\u00eda: Cristina Manzaneque Diaz-Hellin &nbsp; HORARIOS DE ATENCI\u00d3N:&nbsp; &nbsp;Martes 9:00 a 11:30 Mi\u00e9rcoles : 9:00 a 10:30 Viernes : .9:00 a 12:30&#46;&#46;&#46;<\/p>\n","protected":false},"author":1,"featured_media":0,"parent":0,"menu_order":0,"comment_status":"closed","ping_status":"open","template":"","meta":{"ngg_post_thumbnail":0,"footnotes":"","_mc_calendar":[]},"aioseo_notices":[],"_links":{"self":[{"href":"https:\/\/blogsaverroes.juntadeandalucia.es\/cristobalcolon\/wp-json\/wp\/v2\/pages\/42"}],"collection":[{"href":"https:\/\/blogsaverroes.juntadeandalucia.es\/cristobalcolon\/wp-json\/wp\/v2\/pages"}],"about":[{"href":"https:\/\/blogsaverroes.juntadeandalucia.es\/cristobalcolon\/wp-json\/wp\/v2\/types\/page"}],"author":[{"embeddable":true,"href":"https:\/\/blogsaverroes.juntadeandalucia.es\/cristobalcolon\/wp-json\/wp\/v2\/users\/1"}],"replies":[{"embeddable":true,"href":"https:\/\/blogsaverroes.juntadeandalucia.es\/cristobalcolon\/wp-json\/wp\/v2\/comments?post=42"}],"version-history":[{"count":10,"href":"https:\/\/blogsaverroes.juntadeandalucia.es\/cristobalcolon\/wp-json\/wp\/v2\/pages\/42\/revisions"}],"predecessor-version":[{"id":2850,"href":"https:\/\/blogsaverroes.juntadeandalucia.es\/cristobalcolon\/wp-json\/wp\/v2\/pages\/42\/revisions\/2850"}],"wp:attachment":[{"href":"https:\/\/blogsaverroes.juntadeandalucia.es\/cristobalcolon\/wp-json\/wp\/v2\/media?parent=42"}],"curies":[{"name":"wp","href":"https:\/\/api.w.org\/{rel}","templated":true}]}}