{"id":44,"date":"2015-03-13T08:42:15","date_gmt":"2015-03-13T08:42:15","guid":{"rendered":"http:\/\/blogsaverroes.juntadeandalucia.es\/pre\/ceip\/?page_id=44"},"modified":"2021-02-28T07:43:20","modified_gmt":"2021-02-28T07:43:20","slug":"planes-y-proyectos","status":"publish","type":"page","link":"https:\/\/blogsaverroes.juntadeandalucia.es\/cristobalcolon\/planes-y-proyectos\/","title":{"rendered":"Planes y Programas"},"content":{"rendered":"<p>&nbsp;<\/p>\n<p>Este apartado recoge la descripci\u00f3n, finalidades, actividades, coordinador\/a, etc. de estos Planes y Programas desarrollados por nuestro centro. Si quieres m\u00e1s informaci\u00f3n sobre dichos planes y programas, pincha sobre ellos.<\/p>\n<ul>\n<li><strong>Plan de igualdad de g\u00e9nero en educaci\u00f3n<\/strong><\/li>\n<li><strong>Red Andaluza Escuela: \u00abEspacio de Paz\u00bb<\/strong><\/li>\n<li><strong>Convivencia Escolar<\/strong><\/li>\n<li><strong>Creciendo en Salud<\/strong><\/li>\n<li><strong>Bibliotecas Escolares<\/strong><\/li>\n<li><strong>Planes de Compensaci\u00f3n Educativa<\/strong><\/li>\n<li><strong>Transformaci\u00f3n Digital<\/strong><\/li>\n<\/ul>\n<p>&nbsp;As\u00ed, conocer\u00e1s m\u00e1s de cerca las finalidades que nos marcamos, actividades, plan anual, etc., que aplicamos en el centro con la intenci\u00f3n de hacerle llegar al alumnado una educaci\u00f3n m\u00e1s completa y basada en valores y cuestiones similares.<\/p>\n<p>Por \u00faltimo se\u00f1alar tambi\u00e9n que, participamos en el&nbsp;<strong>Plan de Salud Laboral y P.R.L. (autoprotecci\u00f3n)<\/strong> que coordina el Secretario: Santiago Barrag\u00e1n y el <strong>Pr\u00e1cticum de maestros\/as<\/strong> que coordina la direcci\u00f3n .<\/p>\n","protected":false},"excerpt":{"rendered":"<p>&nbsp; Este apartado recoge la descripci\u00f3n, finalidades, actividades, coordinador\/a, etc. de estos Planes y Programas desarrollados por nuestro centro. Si quieres m\u00e1s informaci\u00f3n sobre dichos planes y programas, pincha sobre ellos. Plan de igualdad&#46;&#46;&#46;<\/p>\n","protected":false},"author":1,"featured_media":0,"parent":0,"menu_order":0,"comment_status":"closed","ping_status":"closed","template":"page-cs.php","meta":{"ngg_post_thumbnail":0,"footnotes":"","_mc_calendar":[]},"aioseo_notices":[],"_links":{"self":[{"href":"https:\/\/blogsaverroes.juntadeandalucia.es\/cristobalcolon\/wp-json\/wp\/v2\/pages\/44"}],"collection":[{"href":"https:\/\/blogsaverroes.juntadeandalucia.es\/cristobalcolon\/wp-json\/wp\/v2\/pages"}],"about":[{"href":"https:\/\/blogsaverroes.juntadeandalucia.es\/cristobalcolon\/wp-json\/wp\/v2\/types\/page"}],"author":[{"embeddable":true,"href":"https:\/\/blogsaverroes.juntadeandalucia.es\/cristobalcolon\/wp-json\/wp\/v2\/users\/1"}],"replies":[{"embeddable":true,"href":"https:\/\/blogsaverroes.juntadeandalucia.es\/cristobalcolon\/wp-json\/wp\/v2\/comments?post=44"}],"version-history":[{"count":8,"href":"https:\/\/blogsaverroes.juntadeandalucia.es\/cristobalcolon\/wp-json\/wp\/v2\/pages\/44\/revisions"}],"predecessor-version":[{"id":2522,"href":"https:\/\/blogsaverroes.juntadeandalucia.es\/cristobalcolon\/wp-json\/wp\/v2\/pages\/44\/revisions\/2522"}],"wp:attachment":[{"href":"https:\/\/blogsaverroes.juntadeandalucia.es\/cristobalcolon\/wp-json\/wp\/v2\/media?parent=44"}],"curies":[{"name":"wp","href":"https:\/\/api.w.org\/{rel}","templated":true}]}}