{"id":49,"date":"2023-04-13T08:47:05","date_gmt":"2023-04-13T08:47:05","guid":{"rendered":"http:\/\/blogsaverroes.juntadeandalucia.es\/pre\/ceip\/?page_id=49"},"modified":"2025-02-10T18:29:05","modified_gmt":"2025-02-10T18:29:05","slug":"proyecto-educativo","status":"publish","type":"page","link":"https:\/\/blogsaverroes.juntadeandalucia.es\/cristobalcolon\/proyecto-educativo\/","title":{"rendered":"PLAN DE CENTRO"},"content":{"rendered":"<p style=\"text-align: center\"><strong>PLAN DE CENTRO<\/strong><\/p>\n<p><span style=\"font-weight: 400\">El Proyecto Educativo constituye nuestras se\u00f1as de identidad y expresa la educaci\u00f3n que&nbsp; deseamos y que vamos a desarrollar, as\u00ed como regula los aspectos m\u00e1s importantes de la&nbsp; vida del colegio, de acuerdo a la actual evoluci\u00f3n del sistema educativo, en el que se&nbsp; imparten dos Etapas: 2\u00ba Ciclo de Infantil y Primaria, as\u00ed como diferentes Planes y&nbsp; Proyectos Educativos; de forma que \u00e9ste pueda progresivamente ir evolucionando, sin&nbsp; limitar sus capacidades organizativas y el buen funcionamiento del mismo.&nbsp;&nbsp;<\/span><\/p>\n<p><span style=\"font-weight: 400\">Este proyecto, tiene en cuenta las caracter\u00edsticas del entorno social y cultural de nuestro&nbsp; centro, recoge la forma de atenci\u00f3n a la diversidad de nuestro alumnado y la acci\u00f3n&nbsp; tutorial, as\u00ed como el Plan de convivencia, respetando el principio de no discriminaci\u00f3n y de&nbsp; inclusi\u00f3n educativa como valores fundamentales, as\u00ed como los principios y objetivos&nbsp; recogidos en la L.O.M.L.O.E( Ley org\u00e1nica 3\/2020, de 29 de Diciembre, de Educaci\u00f3n)&nbsp; &nbsp;<\/span><\/p>\n<p><span style=\"font-weight: 400\">La colaboraci\u00f3n de todos ha sido fundamental en la elaboraci\u00f3n de este proyecto siendo&nbsp; conocido y asumido por toda la comunidad educativa, y con el fin de garantizar la mejora&nbsp; del rendimiento de nuestros alumnos\/as, la convivencia y las relaciones entre los que&nbsp; conformamos nuestra comunidad, la id\u00f3nea utilizaci\u00f3n de los recursos y la mejora de la&nbsp; imagen de nuestro Colegio en todos los \u00e1mbitos.<\/span><\/p>\n<p>Un centro se define en gran medida por su <strong>Plan de Centro<\/strong>. En \u00e9l se plasma el modelo educativo y la concreci\u00f3n de la normativa que un centro realiza respecto a las ense\u00f1anzas que imparte. Aspectos tales como las finales educativas, objetivos, atenci\u00f3n a la diversidad, etc.<\/p>\n<p>Poder publicar en nuestra web el Plan de Centro es una apuesta clara por la <strong>transparencia<\/strong>.<\/p>\n<p>Tienes acceso a \u00e9l pinchando en <a href=\"https:\/\/drive.google.com\/file\/d\/1QDIqs_4FVN2sQZFQl-5sbVXxCvltBfkB\/view?usp=drive_link\">PLAN DE CENTRO 2025<\/a><\/p>\n<p>&nbsp;<\/p>\n","protected":false},"excerpt":{"rendered":"<p>PLAN DE CENTRO El Proyecto Educativo constituye nuestras se\u00f1as de identidad y expresa la educaci\u00f3n que&nbsp; deseamos y que vamos a desarrollar, as\u00ed como regula los aspectos m\u00e1s importantes de la&nbsp; vida del colegio,&#46;&#46;&#46;<\/p>\n","protected":false},"author":1,"featured_media":0,"parent":0,"menu_order":0,"comment_status":"closed","ping_status":"open","template":"page-cs.php","meta":{"ngg_post_thumbnail":0,"footnotes":"","_mc_calendar":[]},"aioseo_notices":[],"_links":{"self":[{"href":"https:\/\/blogsaverroes.juntadeandalucia.es\/cristobalcolon\/wp-json\/wp\/v2\/pages\/49"}],"collection":[{"href":"https:\/\/blogsaverroes.juntadeandalucia.es\/cristobalcolon\/wp-json\/wp\/v2\/pages"}],"about":[{"href":"https:\/\/blogsaverroes.juntadeandalucia.es\/cristobalcolon\/wp-json\/wp\/v2\/types\/page"}],"author":[{"embeddable":true,"href":"https:\/\/blogsaverroes.juntadeandalucia.es\/cristobalcolon\/wp-json\/wp\/v2\/users\/1"}],"replies":[{"embeddable":true,"href":"https:\/\/blogsaverroes.juntadeandalucia.es\/cristobalcolon\/wp-json\/wp\/v2\/comments?post=49"}],"version-history":[{"count":14,"href":"https:\/\/blogsaverroes.juntadeandalucia.es\/cristobalcolon\/wp-json\/wp\/v2\/pages\/49\/revisions"}],"predecessor-version":[{"id":2834,"href":"https:\/\/blogsaverroes.juntadeandalucia.es\/cristobalcolon\/wp-json\/wp\/v2\/pages\/49\/revisions\/2834"}],"wp:attachment":[{"href":"https:\/\/blogsaverroes.juntadeandalucia.es\/cristobalcolon\/wp-json\/wp\/v2\/media?parent=49"}],"curies":[{"name":"wp","href":"https:\/\/api.w.org\/{rel}","templated":true}]}}