{"id":80,"date":"2024-09-03T06:57:36","date_gmt":"2024-09-03T06:57:36","guid":{"rendered":"http:\/\/blogsaverroes.juntadeandalucia.es\/pre\/ceip\/?page_id=80"},"modified":"2024-09-03T17:09:28","modified_gmt":"2024-09-03T17:09:28","slug":"curso-escolar","status":"publish","type":"page","link":"https:\/\/blogsaverroes.juntadeandalucia.es\/cristobalcolon\/curso-escolar\/","title":{"rendered":"Curso escolar 2024\/2025"},"content":{"rendered":"<p><strong><a href=\"https:\/\/blogsaverroes.juntadeandalucia.es\/cristobalcolon\/files\/2020\/11\/YO-RECORTA.jpeg\"><img loading=\"lazy\" decoding=\"async\" class=\"alignnone wp-image-2420 aligncenter\" src=\"https:\/\/blogsaverroes.juntadeandalucia.es\/cristobalcolon\/files\/2020\/11\/YO-RECORTA.jpeg\" alt=\"\" width=\"319\" height=\"251\" srcset=\"https:\/\/blogsaverroes.juntadeandalucia.es\/cristobalcolon\/files\/2020\/11\/YO-RECORTA.jpeg 1202w, https:\/\/blogsaverroes.juntadeandalucia.es\/cristobalcolon\/files\/2020\/11\/YO-RECORTA-300x236.jpeg 300w, https:\/\/blogsaverroes.juntadeandalucia.es\/cristobalcolon\/files\/2020\/11\/YO-RECORTA-1024x806.jpeg 1024w, https:\/\/blogsaverroes.juntadeandalucia.es\/cristobalcolon\/files\/2020\/11\/YO-RECORTA-768x604.jpeg 768w, https:\/\/blogsaverroes.juntadeandalucia.es\/cristobalcolon\/files\/2020\/11\/YO-RECORTA-24x19.jpeg 24w, https:\/\/blogsaverroes.juntadeandalucia.es\/cristobalcolon\/files\/2020\/11\/YO-RECORTA-36x28.jpeg 36w, https:\/\/blogsaverroes.juntadeandalucia.es\/cristobalcolon\/files\/2020\/11\/YO-RECORTA-48x38.jpeg 48w\" sizes=\"(max-width: 319px) 100vw, 319px\" \/><\/a><\/strong><\/p>\n<p><strong>C<\/strong><strong>ARTA DE INAUGURACI\u00d3N DEL BLOG &nbsp;CURSO 2020\/21 A NUESTRAS FAMILIAS<\/strong><\/p>\n<p>&nbsp;<\/p>\n<p>Queridas familias:<\/p>\n<p style=\"text-align: justify\">Hemos comenzado un nuevo curso escolar con unas circunstancias muy especiales tanto por la novedad en el equipo directivo como todo lo que entra\u00f1a la pandemia COVID 19. Lo que m\u00e1s deseamos todos es poder afirmar pronto que se da por finalizada y podamos retomar nuestras rutinas y compromisos escolares como era habitual.<\/p>\n<p style=\"text-align: justify\">Dicho esto, todo el profesorado que compone nuestro centro deseamos que, pese a esta situaci\u00f3n sanitaria, podamos hacer del presente a\u00f1o acad\u00e9mico, un per\u00edodo fruct\u00edfero y provechoso para todos\/as.<\/p>\n<p style=\"text-align: justify\">Comenzamos como cada curso escolar, con ilusi\u00f3n y con ganas de poner en marcha todo lo que nos sea posible dentro de esta etapa sanitaria tan complicada que merma y reduce nuestros planes, ideas y metodolog\u00edas educativas. Aun as\u00ed, dentro del cumplimiento estricto de las medidas relativas a la pandemia COVID-19, procuraremos aunque sea a nivel de aulas y grupos de convivencia, seguir aplicando entre otros, el trabajo basado en ABP (Aprendizaje basado en Proyecto) o la inclusi\u00f3n en mayor medida de conocimientos tecnol\u00f3gicos de la mano de nuestro renovado proyecto de TDE (Transformaci\u00f3n Digital Educativa), como prevenci\u00f3n de posibles situaciones similares a las ya vividas hace pocos meses .La creaci\u00f3n de este Blog es uno de los objetivos de esta transformaci\u00f3n digital.<\/p>\n<p style=\"text-align: justify\">Mi deseo, junto con el de mi equipo y compa\u00f1eros\/as, es seguir trabajando por los\/as ni\u00f1os\/as de El Crist\u00f3bal Col\u00f3n y hacerlo lo mejor posible, con ese fin nos ponemos a vuestra entera disposici\u00f3n, aunque en este curso ser\u00e1 de forma telem\u00e1tica o bajo cita previa y siguiendo las medidas estipuladas por nuestro protocolo COVID19.<\/p>\n<p style=\"text-align: justify\">Durante la primera semana de Septiembre, el profesorado ha estado trabajando para que todo est\u00e9 a punto cuando venga nuestro alumnado, tanto a nivel educativo, curricular, organizativo y sanitario.<\/p>\n<p style=\"text-align: justify\">Durante este tiempo se han organizado aulas, horarios, grupos de convivencia, espacios, recreos, aseos, carteler\u00eda, se\u00f1alizaciones, etc., reflexion\u00e1ndose tambi\u00e9n sobre nuestros planes y proyectos, y nuestra manera de ense\u00f1ar que, aunque no ser\u00e1 la misma por todo lo acontecido a nivel mundial, llevar\u00e1 impl\u00edcito el mayor de nuestros esfuerzos, cari\u00f1o, profesionalidad y buen hacer, ante quienes m\u00e1s nos importa, nuestro alumnado.<\/p>\n<p style=\"text-align: justify\">Un curso m\u00e1s considero que, para cumplir con nuestros objetivos de educar y ense\u00f1ar, necesitamos vuestra ayuda y colaboraci\u00f3n, pues sin ellos, nuestro trabajo estar\u00eda muy limitado y los resultados obtenidos no ser\u00edan los mismos.<\/p>\n<p style=\"text-align: justify\">Hoy m\u00e1s que nunca, debemos remar en la misma direcci\u00f3n, pues son tiempos de incertidumbre para todos\/as nosotros\/as, adultos\/as, as\u00ed que, pong\u00e1monos en la \u201cpiel\u201d de nuestros\/as ni\u00f1os\/as y, procuremos aunar todas las fuerzas posibles, por su bien.<\/p>\n<p style=\"text-align: justify\">Queremos transmitirles a todos\/as ustedes el deseo de que estemos en perfecta coordinaci\u00f3n el colegio y las familias y, para ello debemos todos\/as esforzarnos al m\u00e1ximo.<\/p>\n<p style=\"text-align: justify\">Siempre os invitamos, padres y madres, a que form\u00e9is parte activa de la vida escolar de vuestros\/as hijos\/as, pues el colegio ha estado abierto a vuestra participaci\u00f3n en cuantas actividades se han organizado, tanto escolares como complementarias y extraescolares. Haciendo que esta participaci\u00f3n se pudiera hacer efectiva de muchas maneras: desde el Consejo Escolar, a trav\u00e9s de las tutor\u00edas, desde el A.M.P.A., etc.<\/p>\n<p style=\"text-align: justify\">Despidi\u00e9ndome, en nombre del claustro de profesores\/as al que represento, con los mejores deseos para todas nuestras familias, os env\u00edo un cordial saludo.<\/p>\n<p style=\"text-align: justify\"><strong>La Directora<\/strong><\/p>\n<p style=\"text-align: justify\"><strong>Fdo: Mercedes Monserrat M\u00e1iquez<\/strong><\/p>\n","protected":false},"excerpt":{"rendered":"<p>CARTA DE INAUGURACI\u00d3N DEL BLOG &nbsp;CURSO 2020\/21 A NUESTRAS FAMILIAS &nbsp; Queridas familias: Hemos comenzado un nuevo curso escolar con unas circunstancias muy especiales tanto por la novedad en el equipo directivo como todo&#46;&#46;&#46;<\/p>\n","protected":false},"author":1,"featured_media":0,"parent":0,"menu_order":0,"comment_status":"closed","ping_status":"open","template":"page-cs.php","meta":{"ngg_post_thumbnail":0,"footnotes":"","_mc_calendar":[]},"aioseo_notices":[],"_links":{"self":[{"href":"https:\/\/blogsaverroes.juntadeandalucia.es\/cristobalcolon\/wp-json\/wp\/v2\/pages\/80"}],"collection":[{"href":"https:\/\/blogsaverroes.juntadeandalucia.es\/cristobalcolon\/wp-json\/wp\/v2\/pages"}],"about":[{"href":"https:\/\/blogsaverroes.juntadeandalucia.es\/cristobalcolon\/wp-json\/wp\/v2\/types\/page"}],"author":[{"embeddable":true,"href":"https:\/\/blogsaverroes.juntadeandalucia.es\/cristobalcolon\/wp-json\/wp\/v2\/users\/1"}],"replies":[{"embeddable":true,"href":"https:\/\/blogsaverroes.juntadeandalucia.es\/cristobalcolon\/wp-json\/wp\/v2\/comments?post=80"}],"version-history":[{"count":9,"href":"https:\/\/blogsaverroes.juntadeandalucia.es\/cristobalcolon\/wp-json\/wp\/v2\/pages\/80\/revisions"}],"predecessor-version":[{"id":2821,"href":"https:\/\/blogsaverroes.juntadeandalucia.es\/cristobalcolon\/wp-json\/wp\/v2\/pages\/80\/revisions\/2821"}],"wp:attachment":[{"href":"https:\/\/blogsaverroes.juntadeandalucia.es\/cristobalcolon\/wp-json\/wp\/v2\/media?parent=80"}],"curies":[{"name":"wp","href":"https:\/\/api.w.org\/{rel}","templated":true}]}}