{"id":1295,"date":"2023-11-28T11:30:45","date_gmt":"2023-11-28T10:30:45","guid":{"rendered":"https:\/\/blogsaverroes.juntadeandalucia.es\/cristobalcolonweb\/?page_id=1295"},"modified":"2025-11-25T19:04:34","modified_gmt":"2025-11-25T18:04:34","slug":"borrador-automatico","status":"publish","type":"page","link":"https:\/\/blogsaverroes.juntadeandalucia.es\/cristobalcolonweb\/borrador-automatico\/","title":{"rendered":"CFGB\u00e1sico Agrojardiner\u00eda"},"content":{"rendered":"<p>[et_pb_section fb_built=&#8221;1&#8243; _builder_version=&#8221;4.16&#8243; custom_padding=&#8221;0px||0px|&#8221; z_index_tablet=&#8221;500&#8243; box_shadow_horizontal_tablet=&#8221;0px&#8221; box_shadow_vertical_tablet=&#8221;0px&#8221; box_shadow_blur_tablet=&#8221;40px&#8221; box_shadow_spread_tablet=&#8221;0px&#8221; global_colors_info=&#8221;{}&#8221;][et_pb_row _builder_version=&#8221;4.16&#8243; background_size=&#8221;initial&#8221; background_position=&#8221;top_left&#8221; background_repeat=&#8221;repeat&#8221; collapsed=&#8221;on&#8221; global_colors_info=&#8221;{}&#8221;][et_pb_column type=&#8221;4_4&#8243; _builder_version=&#8221;4.16&#8243; custom_padding=&#8221;|||&#8221; global_colors_info=&#8221;{}&#8221; custom_padding__hover=&#8221;|||&#8221;][et_pb_image src=&#8221;https:\/\/blogsaverroes.juntadeandalucia.es\/cristobalcolonweb\/files\/2020\/01\/cabecera-interior-ies-3.png&#8221; admin_label=&#8221;Imagen de la portada&#8221; _builder_version=&#8221;4.16&#8243; vertical_offset_tablet=&#8221;0&#8243; horizontal_offset_tablet=&#8221;0&#8243; z_index_tablet=&#8221;500&#8243; box_shadow_horizontal_tablet=&#8221;0px&#8221; box_shadow_vertical_tablet=&#8221;0px&#8221; box_shadow_blur_tablet=&#8221;40px&#8221; box_shadow_spread_tablet=&#8221;0px&#8221; global_colors_info=&#8221;{}&#8221;][\/et_pb_image][et_pb_text admin_label=&#8221;Texto descriptivo&#8221; _builder_version=&#8221;4.24.2&#8243; z_index_tablet=&#8221;500&#8243; text_text_shadow_horizontal_length_tablet=&#8221;0px&#8221; text_text_shadow_vertical_length_tablet=&#8221;0px&#8221; text_text_shadow_blur_strength_tablet=&#8221;1px&#8221; link_text_shadow_horizontal_length_tablet=&#8221;0px&#8221; link_text_shadow_vertical_length_tablet=&#8221;0px&#8221; link_text_shadow_blur_strength_tablet=&#8221;1px&#8221; ul_text_shadow_horizontal_length_tablet=&#8221;0px&#8221; ul_text_shadow_vertical_length_tablet=&#8221;0px&#8221; ul_text_shadow_blur_strength_tablet=&#8221;1px&#8221; ol_text_shadow_horizontal_length_tablet=&#8221;0px&#8221; ol_text_shadow_vertical_length_tablet=&#8221;0px&#8221; ol_text_shadow_blur_strength_tablet=&#8221;1px&#8221; quote_text_shadow_horizontal_length_tablet=&#8221;0px&#8221; quote_text_shadow_vertical_length_tablet=&#8221;0px&#8221; quote_text_shadow_blur_strength_tablet=&#8221;1px&#8221; header_text_shadow_horizontal_length_tablet=&#8221;0px&#8221; header_text_shadow_vertical_length_tablet=&#8221;0px&#8221; header_text_shadow_blur_strength_tablet=&#8221;1px&#8221; header_2_text_shadow_horizontal_length_tablet=&#8221;0px&#8221; header_2_text_shadow_vertical_length_tablet=&#8221;0px&#8221; header_2_text_shadow_blur_strength_tablet=&#8221;1px&#8221; header_3_text_shadow_horizontal_length_tablet=&#8221;0px&#8221; header_3_text_shadow_vertical_length_tablet=&#8221;0px&#8221; header_3_text_shadow_blur_strength_tablet=&#8221;1px&#8221; header_4_text_shadow_horizontal_length_tablet=&#8221;0px&#8221; header_4_text_shadow_vertical_length_tablet=&#8221;0px&#8221; header_4_text_shadow_blur_strength_tablet=&#8221;1px&#8221; header_5_text_shadow_horizontal_length_tablet=&#8221;0px&#8221; header_5_text_shadow_vertical_length_tablet=&#8221;0px&#8221; header_5_text_shadow_blur_strength_tablet=&#8221;1px&#8221; header_6_text_shadow_horizontal_length_tablet=&#8221;0px&#8221; header_6_text_shadow_vertical_length_tablet=&#8221;0px&#8221; header_6_text_shadow_blur_strength_tablet=&#8221;1px&#8221; box_shadow_horizontal_tablet=&#8221;0px&#8221; box_shadow_vertical_tablet=&#8221;0px&#8221; box_shadow_blur_tablet=&#8221;40px&#8221; box_shadow_spread_tablet=&#8221;0px&#8221; global_colors_info=&#8221;{}&#8221;]<\/p>\n<h2>CICLO FORMATIVO B\u00c1SICO DE AGROJARDINER\u00cdA Y COMPOSICIONES FLORALES<\/h2>\n<p>Las materias de este curso son las siguientes (Si pulsas sobre ellas podr\u00e1s ver los criterios de evaluaci\u00f3n):<\/p>\n<p>&nbsp;<\/p>\n<p>[\/et_pb_text][\/et_pb_column][\/et_pb_row][et_pb_row admin_label=&#8221;Fila&#8221; _builder_version=&#8221;4.16&#8243; background_size=&#8221;initial&#8221; background_position=&#8221;top_left&#8221; background_repeat=&#8221;repeat&#8221; collapsed=&#8221;off&#8221; global_colors_info=&#8221;{}&#8221;][et_pb_column type=&#8221;4_4&#8243; _builder_version=&#8221;4.16&#8243; custom_padding=&#8221;|||&#8221; global_colors_info=&#8221;{}&#8221; custom_padding__hover=&#8221;|||&#8221;][et_pb_image title_text=&#8221;WhatsApp Image 2024-04-29 at 17.43.51&#8243; admin_label=&#8221;Imagen de la portada&#8221; _builder_version=&#8221;4.24.2&#8243; vertical_offset_tablet=&#8221;0&#8243; horizontal_offset_tablet=&#8221;0&#8243; z_index_tablet=&#8221;500&#8243; box_shadow_horizontal_tablet=&#8221;0px&#8221; box_shadow_vertical_tablet=&#8221;0px&#8221; box_shadow_blur_tablet=&#8221;40px&#8221; box_shadow_spread_tablet=&#8221;0px&#8221; global_colors_info=&#8221;{}&#8221;][\/et_pb_image][et_pb_text admin_label=&#8221;Texto descriptivo&#8221; _builder_version=&#8221;4.24.2&#8243; hover_enabled=&#8221;0&#8243; z_index_tablet=&#8221;500&#8243; text_text_shadow_horizontal_length_tablet=&#8221;0px&#8221; text_text_shadow_vertical_length_tablet=&#8221;0px&#8221; text_text_shadow_blur_strength_tablet=&#8221;1px&#8221; link_text_shadow_horizontal_length_tablet=&#8221;0px&#8221; link_text_shadow_vertical_length_tablet=&#8221;0px&#8221; link_text_shadow_blur_strength_tablet=&#8221;1px&#8221; ul_text_shadow_horizontal_length_tablet=&#8221;0px&#8221; ul_text_shadow_vertical_length_tablet=&#8221;0px&#8221; ul_text_shadow_blur_strength_tablet=&#8221;1px&#8221; ol_text_shadow_horizontal_length_tablet=&#8221;0px&#8221; ol_text_shadow_vertical_length_tablet=&#8221;0px&#8221; ol_text_shadow_blur_strength_tablet=&#8221;1px&#8221; quote_text_shadow_horizontal_length_tablet=&#8221;0px&#8221; quote_text_shadow_vertical_length_tablet=&#8221;0px&#8221; quote_text_shadow_blur_strength_tablet=&#8221;1px&#8221; header_text_shadow_horizontal_length_tablet=&#8221;0px&#8221; header_text_shadow_vertical_length_tablet=&#8221;0px&#8221; header_text_shadow_blur_strength_tablet=&#8221;1px&#8221; header_2_text_shadow_horizontal_length_tablet=&#8221;0px&#8221; header_2_text_shadow_vertical_length_tablet=&#8221;0px&#8221; header_2_text_shadow_blur_strength_tablet=&#8221;1px&#8221; header_3_text_shadow_horizontal_length_tablet=&#8221;0px&#8221; header_3_text_shadow_vertical_length_tablet=&#8221;0px&#8221; header_3_text_shadow_blur_strength_tablet=&#8221;1px&#8221; header_4_text_shadow_horizontal_length_tablet=&#8221;0px&#8221; header_4_text_shadow_vertical_length_tablet=&#8221;0px&#8221; header_4_text_shadow_blur_strength_tablet=&#8221;1px&#8221; header_5_text_shadow_horizontal_length_tablet=&#8221;0px&#8221; header_5_text_shadow_vertical_length_tablet=&#8221;0px&#8221; header_5_text_shadow_blur_strength_tablet=&#8221;1px&#8221; header_6_text_shadow_horizontal_length_tablet=&#8221;0px&#8221; header_6_text_shadow_vertical_length_tablet=&#8221;0px&#8221; header_6_text_shadow_blur_strength_tablet=&#8221;1px&#8221; box_shadow_horizontal_tablet=&#8221;0px&#8221; box_shadow_vertical_tablet=&#8221;0px&#8221; box_shadow_blur_tablet=&#8221;40px&#8221; box_shadow_spread_tablet=&#8221;0px&#8221; global_colors_info=&#8221;{}&#8221; sticky_enabled=&#8221;0&#8243;]<\/p>\n<table style=\"border-collapse: collapse;width: 100%;height: 1260px\">\n<tbody>\n<tr style=\"height: 292px\">\n<td style=\"width: 25%;height: 292px\">\n<p><a href=\"https:\/\/drive.google.com\/file\/d\/10-aGcC4SFgcylpDH4p7vPPbPmc_uFoxG\/view?usp=drive_link\"><img loading=\"lazy\" decoding=\"async\" class=\"aligncenter wp-image-2051\" src=\"https:\/\/blogsaverroes.juntadeandalucia.es\/cristobalcolonweb\/files\/2025\/10\/61jfmBGXEGL._UF10001000_QL80_-e1760639213229.jpg\" alt=\"\" width=\"177\" height=\"204\"><\/a><\/p>\n<p>&nbsp; &nbsp; &nbsp; &nbsp; &nbsp; 1\u00ba CFGB CIENCIAS APLICADAS I<\/p>\n<\/td>\n<td style=\"width: 25%;height: 292px\">\n<p><a href=\"https:\/\/drive.google.com\/file\/d\/1PNZE3keX4CitYZ07RNrw_stvQ_CqWRkX\/view?usp=drive_link\"><img loading=\"lazy\" decoding=\"async\" class=\"aligncenter wp-image-2052\" src=\"https:\/\/blogsaverroes.juntadeandalucia.es\/cristobalcolonweb\/files\/2025\/10\/978846981703-e1760639235986.jpg\" alt=\"\" width=\"176\" height=\"206\"><\/a><\/p>\n<p>&nbsp; &nbsp; &nbsp; &nbsp; &nbsp;2\u00ba CFGB CIENCIAS APLICADAS II<\/p>\n<\/td>\n<td style=\"width: 25%;height: 292px\">\n<p><a href=\"https:\/\/drive.google.com\/file\/d\/1gSBK1NOOrAYgvT6V5C3xXLp5ijEOYnm3\/view?usp=drive_link\"><img loading=\"lazy\" decoding=\"async\" class=\"aligncenter wp-image-2053\" src=\"https:\/\/blogsaverroes.juntadeandalucia.es\/cristobalcolonweb\/files\/2025\/10\/3381007.png\" alt=\"\" width=\"161\" height=\"161\"><\/a><\/p>\n<p>&nbsp;<\/p>\n<p>&nbsp; &nbsp; 2\u00ba CFGB PROYECTO INTERMODULAR<\/p>\n<\/td>\n<td style=\"width: 25%;height: 292px\">\n<p><a href=\"https:\/\/drive.google.com\/file\/d\/1o_gXUlqAytmHZsZuAQfBptjA6JxCApt2\/view?usp=drive_link\"><img loading=\"lazy\" decoding=\"async\" class=\"aligncenter wp-image-2179\" src=\"https:\/\/blogsaverroes.juntadeandalucia.es\/cristobalcolonweb\/files\/2025\/10\/aisajismo-instalacion-y-renovacion-de-jardines.png\" alt=\"\" width=\"191\" height=\"181\"><\/a><\/p>\n<p>1\u00ba CFGB INSTALACI\u00d3N DE JARDINES<\/p>\n<\/td>\n<\/tr>\n<tr style=\"height: 326px\">\n<td style=\"width: 25%;height: 326px\">\n<p><a href=\"https:\/\/drive.google.com\/file\/d\/1BfS5XxLw2g2QgUPLb9CtvjIYogBqyWVs\/view?usp=drive_link\"><img loading=\"lazy\" decoding=\"async\" class=\"aligncenter wp-image-2180\" src=\"https:\/\/blogsaverroes.juntadeandalucia.es\/cristobalcolonweb\/files\/2025\/10\/pngtree-logo-png-image_3718351.png\" alt=\"\" width=\"199\" height=\"199\"><\/a><\/p>\n<p>1\u00ba CFGB OPERACIONES B\u00c1SICAS DE PRODUCCI\u00d3N Y MANTENIMIENTO DE PLANTAS EN VIVERO<\/p>\n<\/td>\n<td style=\"width: 25%;height: 326px\">\n<p><a href=\"https:\/\/drive.google.com\/file\/d\/117_X-l8JhuN3gPV-gkomj-83TLKCTEP_\/view?usp=drive_link\"><img loading=\"lazy\" decoding=\"async\" class=\"aligncenter wp-image-2181\" src=\"https:\/\/blogsaverroes.juntadeandalucia.es\/cristobalcolonweb\/files\/2025\/10\/831598.png\" alt=\"\" width=\"193\" height=\"193\"><\/a><\/p>\n<p>1\u00ba CFGB OPERACIONES AUXILIARES DE PREPARACI\u00d3N DEL TERRENO<\/p>\n<\/td>\n<td style=\"width: 25%;height: 326px\">\n<p><a href=\"https:\/\/drive.google.com\/file\/d\/1R-Lh1hf33Bpb9tGGbE1tRi5jWLH9CaTO\/view?usp=drive_link\"><img loading=\"lazy\" decoding=\"async\" class=\"aligncenter wp-image-2182\" src=\"https:\/\/blogsaverroes.juntadeandalucia.es\/cristobalcolonweb\/files\/2025\/10\/pngtree-natural-flower-logo-png-image_4135636.jpg\" alt=\"\" width=\"180\" height=\"180\"><\/a><\/p>\n<p>2\u00ba CFGB OPERACIONES AUXILIARES EN LAS COMPOSICIONES CON FLOR Y PLANTAS<\/p>\n<\/td>\n<td style=\"width: 25%;height: 326px\">\n<p><a href=\"https:\/\/drive.google.com\/file\/d\/15kDULhyw2mZuN4xOxKQtPR2Sbp4QNrhn\/view?usp=drive_link\"><img loading=\"lazy\" decoding=\"async\" class=\"aligncenter wp-image-2179\" src=\"https:\/\/blogsaverroes.juntadeandalucia.es\/cristobalcolonweb\/files\/2025\/10\/aisajismo-instalacion-y-renovacion-de-jardines.png\" alt=\"\" width=\"210\" height=\"199\"><\/a><\/p>\n<p>2\u00ba CFGB MANTENIMIENTOS DE JARDINES Y PARQUES<\/p>\n<\/td>\n<\/tr>\n<tr style=\"height: 314px\">\n<td style=\"width: 25%;height: 314px\">\n<p><a href=\"https:\/\/drive.google.com\/file\/d\/1lGePjDl0PNC5scBgShwwwHHpAUDGmAT1\/view?usp=drive_link\"><img loading=\"lazy\" decoding=\"async\" class=\"aligncenter wp-image-2183\" src=\"https:\/\/blogsaverroes.juntadeandalucia.es\/cristobalcolonweb\/files\/2025\/10\/1171920.png\" alt=\"\" width=\"181\" height=\"181\"><\/a><\/p>\n<p>2\u00baCFGB MATERIALES DE FLORISTER\u00cdA<\/p>\n<\/td>\n<td style=\"width: 25%;height: 314px\">\n<p><a href=\"https:\/\/drive.google.com\/file\/d\/11M8Q4EJewu_7X6j7waPHR2Z_e0C2e-_M\/view?usp=drive_link\"><img loading=\"lazy\" decoding=\"async\" class=\"aligncenter wp-image-2184\" src=\"https:\/\/blogsaverroes.juntadeandalucia.es\/cristobalcolonweb\/files\/2025\/10\/watering-icon-for-your-website-design-logo-app-ui-free-vector.jpg\" alt=\"\" width=\"211\" height=\"211\"><\/a><\/p>\n<p>2\u00baCFGB ACTIVIDADES DE RIEGO, ABONADO Y TRATAMIENTO DE CULTIVOS<\/p>\n<\/td>\n<td style=\"width: 25%;height: 314px\">\n<p><a href=\"https:\/\/drive.google.com\/file\/d\/1wFXfTeYPyuWehRNATaBQV0BXXNDlSn2V\/view?usp=drive_link\"><img loading=\"lazy\" decoding=\"async\" class=\"aligncenter wp-image-2185\" src=\"https:\/\/blogsaverroes.juntadeandalucia.es\/cristobalcolonweb\/files\/2025\/10\/53020.png\" alt=\"\" width=\"177\" height=\"177\"><\/a><\/p>\n<p>1\u00baCFGB ITINERARIO PERSONAL PARA LA EMPLEABILIDAD<\/p>\n<\/td>\n<td style=\"width: 25%;height: 314px\">\n<p><a href=\"https:\/\/drive.google.com\/file\/d\/1qiUn2g5T5XhwcGntF9tCjNW_moZd2Dm9\/view?usp=drive_link\"><img loading=\"lazy\" decoding=\"async\" class=\"aligncenter wp-image-2189\" src=\"https:\/\/blogsaverroes.juntadeandalucia.es\/cristobalcolonweb\/files\/2025\/10\/5526347.png\" alt=\"\" width=\"189\" height=\"189\"><\/a>2\u00baCFGB \u00c1MBITO LING\u00dc\u00cdSTICO Y SOCIAL<\/p>\n<p>&nbsp;<\/p>\n<\/td>\n<\/tr>\n<tr style=\"height: 328px\">\n<td style=\"width: 25%;height: 328px\">\n<p><a href=\"https:\/\/drive.google.com\/file\/d\/1_1sx2C5OUd8Ez-nvd74lTn15RQgqw-F5\/view?usp=drive_link\"><img loading=\"lazy\" decoding=\"async\" class=\"alignnone wp-image-2296 size-full\" src=\"https:\/\/blogsaverroes.juntadeandalucia.es\/cristobalcolonweb\/files\/2025\/11\/b24adf34abf2263e1f3148a0ba3f8387.jpg\" alt=\"\" width=\"236\" height=\"236\" srcset=\"https:\/\/blogsaverroes.juntadeandalucia.es\/cristobalcolonweb\/files\/2025\/11\/b24adf34abf2263e1f3148a0ba3f8387.jpg 236w, https:\/\/blogsaverroes.juntadeandalucia.es\/cristobalcolonweb\/files\/2025\/11\/b24adf34abf2263e1f3148a0ba3f8387-150x150.jpg 150w\" sizes=\"(max-width: 236px) 100vw, 236px\" \/><\/a><\/p>\n<p>&nbsp;1\u00ba CFGB LENGUA EXTRANJERA (INGL\u00c9S)<\/p>\n<\/td>\n<td style=\"width: 25%;height: 328px\">\n<p><a href=\"https:\/\/drive.google.com\/file\/d\/1Q5Owsb1pkXKv_j7MdH_s9xVSyNUWc3zq\/view?usp=drive_link\"><img loading=\"lazy\" decoding=\"async\" class=\"alignnone wp-image-2297 size-full\" src=\"https:\/\/blogsaverroes.juntadeandalucia.es\/cristobalcolonweb\/files\/2025\/11\/b24adf34abf2263e1f3148a0ba3f8387-1.jpg\" alt=\"\" width=\"236\" height=\"236\" srcset=\"https:\/\/blogsaverroes.juntadeandalucia.es\/cristobalcolonweb\/files\/2025\/11\/b24adf34abf2263e1f3148a0ba3f8387-1.jpg 236w, https:\/\/blogsaverroes.juntadeandalucia.es\/cristobalcolonweb\/files\/2025\/11\/b24adf34abf2263e1f3148a0ba3f8387-1-150x150.jpg 150w\" sizes=\"(max-width: 236px) 100vw, 236px\" \/><\/a><\/p>\n<p>2\u00ba CFGB LENGUA EXTRANJERA (INGL\u00c9S)<\/p>\n<\/td>\n<td style=\"width: 25%;height: 328px\">\n<p><a href=\"https:\/\/drive.google.com\/file\/d\/1C64mQp3WX4B55p2ko-TTVMDuQ8UPGngs\/view?usp=drive_link\"><img loading=\"lazy\" decoding=\"async\" class=\"alignnone wp-image-2189\" src=\"https:\/\/blogsaverroes.juntadeandalucia.es\/cristobalcolonweb\/files\/2025\/10\/5526347-300x300.png\" alt=\"\" width=\"241\" height=\"241\"><\/a><\/p>\n<p>1\u00baCFGB \u00c1MBITO LING\u00dc\u00cdSTICO Y SOCIAL<\/p>\n<\/td>\n<td style=\"width: 25%;height: 328px\">&nbsp;<\/td>\n<\/tr>\n<\/tbody>\n<\/table>\n<p>[\/et_pb_text][\/et_pb_column][\/et_pb_row][\/et_pb_section]<\/p>\n","protected":false},"excerpt":{"rendered":"<p>CICLO FORMATIVO B\u00c1SICO DE AGROJARDINER\u00cdA Y COMPOSICIONES FLORALES Las materias de este curso son las siguientes (Si pulsas sobre ellas podr\u00e1s ver los criterios de evaluaci\u00f3n): &nbsp; &nbsp; &nbsp; &nbsp; &nbsp; &nbsp; 1\u00ba CFGB CIENCIAS APLICADAS I &nbsp; &nbsp; &nbsp; &nbsp; &nbsp;2\u00ba CFGB CIENCIAS APLICADAS II &nbsp; &nbsp; &nbsp; 2\u00ba CFGB PROYECTO INTERMODULAR 1\u00ba CFGB [&hellip;]<\/p>\n","protected":false},"author":18004,"featured_media":0,"parent":0,"menu_order":0,"comment_status":"closed","ping_status":"closed","template":"","meta":{"_et_pb_use_builder":"on","_et_pb_old_content":"","_et_gb_content_width":"","ngg_post_thumbnail":0,"footnotes":""},"aioseo_notices":[],"_links":{"self":[{"href":"https:\/\/blogsaverroes.juntadeandalucia.es\/cristobalcolonweb\/wp-json\/wp\/v2\/pages\/1295"}],"collection":[{"href":"https:\/\/blogsaverroes.juntadeandalucia.es\/cristobalcolonweb\/wp-json\/wp\/v2\/pages"}],"about":[{"href":"https:\/\/blogsaverroes.juntadeandalucia.es\/cristobalcolonweb\/wp-json\/wp\/v2\/types\/page"}],"author":[{"embeddable":true,"href":"https:\/\/blogsaverroes.juntadeandalucia.es\/cristobalcolonweb\/wp-json\/wp\/v2\/users\/18004"}],"replies":[{"embeddable":true,"href":"https:\/\/blogsaverroes.juntadeandalucia.es\/cristobalcolonweb\/wp-json\/wp\/v2\/comments?post=1295"}],"version-history":[{"count":30,"href":"https:\/\/blogsaverroes.juntadeandalucia.es\/cristobalcolonweb\/wp-json\/wp\/v2\/pages\/1295\/revisions"}],"predecessor-version":[{"id":2331,"href":"https:\/\/blogsaverroes.juntadeandalucia.es\/cristobalcolonweb\/wp-json\/wp\/v2\/pages\/1295\/revisions\/2331"}],"wp:attachment":[{"href":"https:\/\/blogsaverroes.juntadeandalucia.es\/cristobalcolonweb\/wp-json\/wp\/v2\/media?parent=1295"}],"curies":[{"name":"wp","href":"https:\/\/api.w.org\/{rel}","templated":true}]}}