{"id":1305,"date":"2023-11-29T10:44:56","date_gmt":"2023-11-29T09:44:56","guid":{"rendered":"https:\/\/blogsaverroes.juntadeandalucia.es\/cristobalcolonweb\/?page_id=1305"},"modified":"2025-11-10T13:58:20","modified_gmt":"2025-11-10T12:58:20","slug":"1-bachillerato","status":"publish","type":"page","link":"https:\/\/blogsaverroes.juntadeandalucia.es\/cristobalcolonweb\/1-bachillerato\/","title":{"rendered":"1\u00ba Bachillerato"},"content":{"rendered":"<p>[et_pb_section fb_built=&#8221;1&#8243; _builder_version=&#8221;4.16&#8243; custom_padding=&#8221;0px||0px|&#8221; z_index_tablet=&#8221;500&#8243; box_shadow_horizontal_tablet=&#8221;0px&#8221; box_shadow_vertical_tablet=&#8221;0px&#8221; box_shadow_blur_tablet=&#8221;40px&#8221; box_shadow_spread_tablet=&#8221;0px&#8221; global_colors_info=&#8221;{}&#8221;][et_pb_row _builder_version=&#8221;4.16&#8243; background_size=&#8221;initial&#8221; background_position=&#8221;top_left&#8221; background_repeat=&#8221;repeat&#8221; global_colors_info=&#8221;{}&#8221;][et_pb_column type=&#8221;4_4&#8243; _builder_version=&#8221;4.16&#8243; custom_padding=&#8221;|||&#8221; global_colors_info=&#8221;{}&#8221; custom_padding__hover=&#8221;|||&#8221;][et_pb_image src=&#8221;https:\/\/blogsaverroes.juntadeandalucia.es\/cristobalcolonweb\/files\/2020\/01\/cabecera-interior-ies-3-3.png&#8221; admin_label=&#8221;Imagen de la portada&#8221; _builder_version=&#8221;4.16&#8243; vertical_offset_tablet=&#8221;0&#8243; horizontal_offset_tablet=&#8221;0&#8243; z_index_tablet=&#8221;500&#8243; box_shadow_horizontal_tablet=&#8221;0px&#8221; box_shadow_vertical_tablet=&#8221;0px&#8221; box_shadow_blur_tablet=&#8221;40px&#8221; box_shadow_spread_tablet=&#8221;0px&#8221; global_colors_info=&#8221;{}&#8221;][\/et_pb_image][et_pb_text admin_label=&#8221;Texto descriptivo&#8221; _builder_version=&#8221;4.24.2&#8243; hover_enabled=&#8221;0&#8243; z_index_tablet=&#8221;500&#8243; text_text_shadow_horizontal_length_tablet=&#8221;0px&#8221; text_text_shadow_vertical_length_tablet=&#8221;0px&#8221; text_text_shadow_blur_strength_tablet=&#8221;1px&#8221; link_text_shadow_horizontal_length_tablet=&#8221;0px&#8221; link_text_shadow_vertical_length_tablet=&#8221;0px&#8221; link_text_shadow_blur_strength_tablet=&#8221;1px&#8221; ul_text_shadow_horizontal_length_tablet=&#8221;0px&#8221; ul_text_shadow_vertical_length_tablet=&#8221;0px&#8221; ul_text_shadow_blur_strength_tablet=&#8221;1px&#8221; ol_text_shadow_horizontal_length_tablet=&#8221;0px&#8221; ol_text_shadow_vertical_length_tablet=&#8221;0px&#8221; ol_text_shadow_blur_strength_tablet=&#8221;1px&#8221; quote_text_shadow_horizontal_length_tablet=&#8221;0px&#8221; quote_text_shadow_vertical_length_tablet=&#8221;0px&#8221; quote_text_shadow_blur_strength_tablet=&#8221;1px&#8221; header_text_shadow_horizontal_length_tablet=&#8221;0px&#8221; header_text_shadow_vertical_length_tablet=&#8221;0px&#8221; header_text_shadow_blur_strength_tablet=&#8221;1px&#8221; header_2_text_shadow_horizontal_length_tablet=&#8221;0px&#8221; header_2_text_shadow_vertical_length_tablet=&#8221;0px&#8221; header_2_text_shadow_blur_strength_tablet=&#8221;1px&#8221; header_3_text_shadow_horizontal_length_tablet=&#8221;0px&#8221; header_3_text_shadow_vertical_length_tablet=&#8221;0px&#8221; header_3_text_shadow_blur_strength_tablet=&#8221;1px&#8221; header_4_text_shadow_horizontal_length_tablet=&#8221;0px&#8221; header_4_text_shadow_vertical_length_tablet=&#8221;0px&#8221; header_4_text_shadow_blur_strength_tablet=&#8221;1px&#8221; header_5_text_shadow_horizontal_length_tablet=&#8221;0px&#8221; header_5_text_shadow_vertical_length_tablet=&#8221;0px&#8221; header_5_text_shadow_blur_strength_tablet=&#8221;1px&#8221; header_6_text_shadow_horizontal_length_tablet=&#8221;0px&#8221; header_6_text_shadow_vertical_length_tablet=&#8221;0px&#8221; header_6_text_shadow_blur_strength_tablet=&#8221;1px&#8221; box_shadow_horizontal_tablet=&#8221;0px&#8221; box_shadow_vertical_tablet=&#8221;0px&#8221; box_shadow_blur_tablet=&#8221;40px&#8221; box_shadow_spread_tablet=&#8221;0px&#8221; global_colors_info=&#8221;{}&#8221; sticky_enabled=&#8221;0&#8243;]<\/p>\n<h2>1 BACHILLERATO<\/h2>\n<p>Las materias de este curso son las siguientes (Si pulsas sobre ellas podr\u00e1s ver los criterios de evaluaci\u00f3n):<\/p>\n<p>MATERIAS :<\/p>\n<table style=\"border-collapse: collapse;width: 66.8617%;height: 369px\">\n<tbody>\n<tr style=\"height: 149px\">\n<td style=\"width: 16.8998%;height: 197px\"><div id=\"attachment_1194\" style=\"width: 160px\" class=\"wp-caption aligncenter\"><a title=\"Criterios de Geograf\u00eda e Historia\" href=\"https:\/\/drive.google.com\/file\/d\/110XwnpcJx4pAgR7MJRZJMH2xbfIjt0fZ\/view?usp=drive_link\" target=\"_blank\" rel=\"noopener noreferrer\"><img loading=\"lazy\" decoding=\"async\" aria-describedby=\"caption-attachment-1194\" class=\"alignnone wp-image-1194 size-thumbnail\" src=\"https:\/\/blogsaverroes.juntadeandalucia.es\/cristobalcolonweb\/files\/2023\/11\/Geografia-150x150.png\" alt=\"\" width=\"150\" height=\"150\"><\/a><p id=\"caption-attachment-1194\" class=\"wp-caption-text\"><br \/>HISTORIA DEL MUNDO CONTEMPOR\u00c1NEO<\/p><\/div><\/td>\n<td style=\"width: 16.2782%;height: 197px\"><div id=\"attachment_1190\" style=\"width: 160px\" class=\"wp-caption aligncenter\"><a title=\"Criterios de Matem\u00e1ticas Ciencias\" href=\"https:\/\/drive.google.com\/file\/d\/1FmIqSzkaB4oNwaUTefv-AbAWHvh010WY\/view?usp=drive_link\" target=\"_blank\" rel=\"noopener noreferrer\"><img loading=\"lazy\" decoding=\"async\" aria-describedby=\"caption-attachment-1190\" class=\"alignnone wp-image-1190 size-thumbnail\" src=\"https:\/\/blogsaverroes.juntadeandalucia.es\/cristobalcolonweb\/files\/2023\/11\/Matematicas-150x150.png\" alt=\"\" width=\"150\" height=\"150\"><\/a><p id=\"caption-attachment-1190\" class=\"wp-caption-text\">MATEM\u00c1TICAS CIENT\u00cdTICO TECNOL\u00d3GICO<\/p><\/div><\/td>\n<td style=\"width: 17.0127%;height: 197px\">\n<p style=\"text-align: center\"><a title=\"Criterios de Matem\u00e1ticas C. Sociales\" href=\"https:\/\/drive.google.com\/file\/d\/14VKTpMmatLelftgOrtvrGJdoW9Cvx6cH\/view?usp=drive_link\" target=\"_blank\" rel=\"noopener noreferrer\"><img loading=\"lazy\" decoding=\"async\" class=\"aligncenter wp-image-1190 size-thumbnail\" src=\"https:\/\/blogsaverroes.juntadeandalucia.es\/cristobalcolonweb\/files\/2023\/11\/Matematicas-150x150.png\" alt=\"\" width=\"150\" height=\"150\"><\/a>MATEM\u00c1TICAS CIENCIAS SOCIALES<\/p>\n<\/td>\n<td style=\"width: 12.8411%;height: 197px\">\n<p>&nbsp;<\/p>\n<div id=\"attachment_1188\" style=\"width: 160px\" class=\"wp-caption aligncenter\"><a title=\"Criterios de Lengua y Literatura\" href=\"https:\/\/drive.google.com\/file\/d\/17SV2JrLkG5G8SiY09srBP0VA9Njj6Knt\/view?usp=drive_link\" target=\"_blank\" rel=\"noopener noreferrer\"><img loading=\"lazy\" decoding=\"async\" aria-describedby=\"caption-attachment-1188\" class=\"alignnone wp-image-1188 size-thumbnail\" src=\"https:\/\/blogsaverroes.juntadeandalucia.es\/cristobalcolonweb\/files\/2023\/11\/Lengua-150x150.png\" alt=\"\" width=\"150\" height=\"150\"><\/a><p id=\"caption-attachment-1188\" class=\"wp-caption-text\">LENGUA Y LITERATURA<\/p><\/div>\n<p>&nbsp;<\/p>\n<\/td>\n<\/tr>\n<tr style=\"height: 149px\">\n<td style=\"width: 16.8998%;height: 149px\"><div id=\"attachment_1191\" style=\"width: 160px\" class=\"wp-caption aligncenter\"><a title=\"Criterios de Biolog\u00eda y Geolog\u00eda\" href=\"https:\/\/drive.google.com\/file\/d\/1wA0yG6an5XOvPZLAzNnJhzelZojlgux9\/view?usp=drive_link\" target=\"_blank\" rel=\"noopener noreferrer\"><img loading=\"lazy\" decoding=\"async\" aria-describedby=\"caption-attachment-1191\" class=\"alignnone wp-image-1191 size-thumbnail\" src=\"https:\/\/blogsaverroes.juntadeandalucia.es\/cristobalcolonweb\/files\/2023\/11\/bIO-150x150.png\" alt=\"\" width=\"150\" height=\"150\"><\/a><p id=\"caption-attachment-1191\" class=\"wp-caption-text\"><br \/>BIOLOG\u00cdA Y GEOLOG\u00cdA<\/p><\/div><\/td>\n<td style=\"width: 16.2782%;height: 149px\"><div id=\"attachment_1239\" style=\"width: 160px\" class=\"wp-caption aligncenter\"><a title=\"Criterios de Ed. F\u00edsica\" href=\"https:\/\/drive.google.com\/file\/d\/19l6zxjNly4KqkeM3aFLw2yfSyWsEoqiE\/view?usp=drive_link\" target=\"_blank\" rel=\"noopener noreferrer\"><img loading=\"lazy\" decoding=\"async\" aria-describedby=\"caption-attachment-1239\" class=\"alignnone wp-image-1239 size-thumbnail\" src=\"https:\/\/blogsaverroes.juntadeandalucia.es\/cristobalcolonweb\/files\/2023\/11\/EF-150x150.png\" alt=\"\" width=\"150\" height=\"150\"><\/a><p id=\"caption-attachment-1239\" class=\"wp-caption-text\">ED. F\u00cdSICA<\/p><\/div><\/td>\n<td style=\"width: 17.0127%;height: 149px\"><div id=\"attachment_1233\" style=\"width: 160px\" class=\"wp-caption aligncenter\"><a title=\"Criterios Ingl\u00e9s\" href=\"https:\/\/drive.google.com\/file\/d\/1dMwA5mBZFlCDJgGjxMAqttGADsMio8Qq\/view?usp=drive_link\" target=\"_blank\" rel=\"noopener noreferrer\"><img loading=\"lazy\" decoding=\"async\" aria-describedby=\"caption-attachment-1233\" class=\"alignnone wp-image-1233 size-thumbnail\" src=\"https:\/\/blogsaverroes.juntadeandalucia.es\/cristobalcolonweb\/files\/2023\/11\/iNGLES-150x150.png\" alt=\"\" width=\"150\" height=\"150\"><\/a><p id=\"caption-attachment-1233\" class=\"wp-caption-text\">INGL\u00c9S<\/p><\/div><\/td>\n<td style=\"width: 12.8411%;height: 149px\">\n<p><a href=\"https:\/\/drive.google.com\/file\/d\/1sAvl8MSgFUzUeHiJ1DHKuVqBieBDBpUR\/view?usp=drive_link\"><img loading=\"lazy\" decoding=\"async\" class=\"aligncenter wp-image-2066 size-full\" src=\"https:\/\/blogsaverroes.juntadeandalucia.es\/cristobalcolonweb\/files\/2025\/10\/Latin-logo-1-1.png\" alt=\"\" width=\"934\" height=\"936\" srcset=\"https:\/\/blogsaverroes.juntadeandalucia.es\/cristobalcolonweb\/files\/2025\/10\/Latin-logo-1-1.png 934w, https:\/\/blogsaverroes.juntadeandalucia.es\/cristobalcolonweb\/files\/2025\/10\/Latin-logo-1-1-480x481.png 480w\" sizes=\"(min-width: 0px) and (max-width: 480px) 480px, (min-width: 481px) 934px, 100vw\" \/><\/a><\/p>\n<p> LAT\u00cdN<\/td>\n<\/tr>\n<\/tbody>\n<\/table>\n<p>&nbsp;<\/p>\n<table style=\"border-collapse: collapse;width: 66.8617%;height: 369px\">\n<tbody>\n<tr style=\"height: 149px\">\n<td style=\"width: 16.8998%;height: 197px\"><a title=\"Criterios de Tecnolog\u00eda\" href=\"https:\/\/drive.google.com\/file\/d\/15gX3HHOdLV75rH8FAiY1b9HxNw8tDtq2\/view?usp=drive_link\" target=\"_blank\" rel=\"noopener noreferrer\"><img loading=\"lazy\" decoding=\"async\" class=\"aligncenter wp-image-1262 size-thumbnail\" src=\"https:\/\/blogsaverroes.juntadeandalucia.es\/cristobalcolonweb\/files\/2023\/11\/TEcnologia-150x150.png\" alt=\"\" width=\"150\" height=\"150\"><\/a>TECNOLOG\u00cdA E INGENIER\u00cdA<\/td>\n<td style=\"width: 16.2782%;height: 197px\"><div id=\"attachment_1193\" style=\"width: 160px\" class=\"wp-caption aligncenter\"><a title=\"Criterios de TIC\" href=\"https:\/\/drive.google.com\/file\/d\/1O1ME3-OSLlKQiSmEpet1_zuatmDFqGVj\/view?usp=drive_link\" target=\"_blank\" rel=\"noopener noreferrer\"><img loading=\"lazy\" decoding=\"async\" aria-describedby=\"caption-attachment-1193\" class=\"wp-image-1193 size-thumbnail\" src=\"https:\/\/blogsaverroes.juntadeandalucia.es\/cristobalcolonweb\/files\/2023\/11\/TIC-150x150.png\" alt=\"\" width=\"150\" height=\"150\"><\/a><p id=\"caption-attachment-1193\" class=\"wp-caption-text\">TIC<\/p><\/div><\/td>\n<td style=\"width: 17.0127%;height: 197px\"><a title=\"Criterios de Patrimonio\" href=\"https:\/\/drive.google.com\/file\/d\/1fZXJMU_tEfjJmiP3JXGETSg1D0XIjbeK\/view?usp=drive_link\" target=\"_blank\" rel=\"noopener noreferrer\"><img loading=\"lazy\" decoding=\"async\" class=\"aligncenter wp-image-1318 size-thumbnail\" src=\"https:\/\/blogsaverroes.juntadeandalucia.es\/cristobalcolonweb\/files\/2023\/11\/Patrimonio-150x150.png\" alt=\"\" width=\"150\" height=\"150\"><\/a>PATRIMONIO ART\u00cdSTICO DE ANDALUC\u00cdA<\/td>\n<td style=\"width: 12.8411%;height: 197px\">\n<p>&nbsp;<\/p>\n<p><a title=\"Criterios de Econom\u00eda y Emprendimiento\" href=\"https:\/\/drive.google.com\/file\/d\/1LTY1RikBW9K9Fp0DXcG8Jw7RPQhM5OV_\/view?usp=drive_link\" target=\"_blank\" rel=\"noopener noreferrer\"><img loading=\"lazy\" decoding=\"async\" class=\"aligncenter wp-image-1277 size-thumbnail\" src=\"https:\/\/blogsaverroes.juntadeandalucia.es\/cristobalcolonweb\/files\/2023\/11\/Eco_Empr-150x150.png\" alt=\"\" width=\"150\" height=\"150\"><\/a>ECONOM\u00cdA<\/p>\n<p>&nbsp;<\/p>\n<\/td>\n<\/tr>\n<tr style=\"height: 149px\">\n<td style=\"width: 16.8998%;height: 149px\"><a title=\"Criterios de Filosof\u00eda\" href=\"https:\/\/drive.google.com\/file\/d\/1Szm5jwABZcEk-V7oEdW8BNjiX6XZxWv-\/view?usp=sharing\" target=\"_blank\" rel=\"noopener noreferrer\"><img loading=\"lazy\" decoding=\"async\" class=\"aligncenter wp-image-1320 size-thumbnail\" src=\"https:\/\/blogsaverroes.juntadeandalucia.es\/cristobalcolonweb\/files\/2023\/11\/FILOS-150x150.png\" alt=\"\" width=\"150\" height=\"150\"><\/a>FILOSOF\u00cdA<\/td>\n<td style=\"width: 16.2782%;height: 149px\"><a title=\"Criterios de F\u00edsica y Qu\u00edmica\" href=\"https:\/\/drive.google.com\/file\/d\/1YS-7D8PeK0Hex_v_p9WTx-27gfPv36WQ\/view?usp=drive_link\" target=\"_blank\" rel=\"noopener noreferrer\"><img loading=\"lazy\" decoding=\"async\" class=\"aligncenter wp-image-1192 size-thumbnail\" src=\"https:\/\/blogsaverroes.juntadeandalucia.es\/cristobalcolonweb\/files\/2023\/11\/FQ-150x150.png\" alt=\"\" width=\"150\" height=\"150\"><\/a>F\u00cdSICA Y QU\u00cdMICA<\/td>\n<td style=\"width: 17.0127%;height: 149px\">\n<p><a href=\"https:\/\/drive.google.com\/file\/d\/1PTaq27ERCmbUwnUtcKpEFU96zq9ChTfN\/view?usp=drive_link\"><img loading=\"lazy\" decoding=\"async\" class=\"aligncenter wp-image-2062 size-full\" src=\"https:\/\/blogsaverroes.juntadeandalucia.es\/cristobalcolonweb\/files\/2025\/10\/descarga.png\" alt=\"\" width=\"346\" height=\"146\" srcset=\"https:\/\/blogsaverroes.juntadeandalucia.es\/cristobalcolonweb\/files\/2025\/10\/descarga.png 346w, https:\/\/blogsaverroes.juntadeandalucia.es\/cristobalcolonweb\/files\/2025\/10\/descarga-300x127.png 300w\" sizes=\"(max-width: 346px) 100vw, 346px\" \/><\/a><\/p>\n<p>GRIEGO<\/p>\n<\/td>\n<td style=\"width: 12.8411%;height: 149px\"><a href=\"https:\/\/drive.google.com\/file\/d\/17hg-7f5BjrdUTnQXg8meQTmX5B6REOcs\/view?usp=drive_link\"><img loading=\"lazy\" decoding=\"async\" class=\"aligncenter wp-image-2058 size-full\" src=\"https:\/\/blogsaverroes.juntadeandalucia.es\/cristobalcolonweb\/files\/2025\/10\/images.png\" alt=\"\" width=\"225\" height=\"225\" srcset=\"https:\/\/blogsaverroes.juntadeandalucia.es\/cristobalcolonweb\/files\/2025\/10\/images.png 225w, https:\/\/blogsaverroes.juntadeandalucia.es\/cristobalcolonweb\/files\/2025\/10\/images-150x150.png 150w\" sizes=\"(max-width: 225px) 100vw, 225px\" \/><\/a>CREACI\u00d3N DIGITAL<\/td>\n<\/tr>\n<\/tbody>\n<\/table>\n<table style=\"border-collapse: collapse;width: 53.191%;height: 369px\">\n<tbody>\n<tr>\n<td style=\"width: 33.6658%\"><a title=\"Criterios de Anatom\u00eda\" href=\"https:\/\/drive.google.com\/file\/d\/1QmunmenH4mnBjlGyeRuqKiblkWjFbW0_\/view?usp=drive_link\" target=\"_blank\" rel=\"noopener noreferrer\"><img loading=\"lazy\" decoding=\"async\" class=\"aligncenter wp-image-1317 size-thumbnail\" src=\"https:\/\/blogsaverroes.juntadeandalucia.es\/cristobalcolonweb\/files\/2023\/11\/AnatomiaApl-150x150.png\" alt=\"\" width=\"150\" height=\"150\"><\/a>ANATOM\u00cdA APLICADA<\/td>\n<td style=\"width: 32.7666%\"><a title=\"Criterios Medios de Comunicaci\u00f3n\" href=\"https:\/\/drive.google.com\/file\/d\/1CR5xQrYN-VEV9Le2TjdI1ZmOfvUc_D8Q\/view?usp=drive_link\" target=\"_blank\" rel=\"noopener noreferrer\"><img loading=\"lazy\" decoding=\"async\" class=\"aligncenter wp-image-1319 size-thumbnail\" src=\"https:\/\/blogsaverroes.juntadeandalucia.es\/cristobalcolonweb\/files\/2023\/11\/MediosC-150x150.png\" alt=\"\" width=\"150\" height=\"150\"><\/a>MEDIOS DE COMUNICACI\u00d3N<\/td>\n<td style=\"width: 54.4263%\"><a title=\"Criterios de Literatura Universal\" href=\"https:\/\/drive.google.com\/file\/d\/1q8t-L580uHp7zWRa1VJcSXmAUSFEBfT6\/view?usp=drive_link\" target=\"_blank\" rel=\"noopener noreferrer\">LITERATURA UNIVERSAL<\/a><a href=\"https:\/\/drive.google.com\/file\/d\/1iTSeK_mbZ30USL-O4HPzw29qOSLPXR-r\/view?usp=drive_link\" target=\"_blank\" rel=\"noopener noreferrer\"><img loading=\"lazy\" decoding=\"async\" class=\"aligncenter wp-image-1334 size-thumbnail\" src=\"https:\/\/blogsaverroes.juntadeandalucia.es\/cristobalcolonweb\/files\/2023\/11\/Lit_Uni-150x150.png\" alt=\"\" width=\"150\" height=\"150\"><\/a><\/td>\n<\/tr>\n<\/tbody>\n<\/table>\n<p>&nbsp;<\/p>\n<p>[\/et_pb_text][\/et_pb_column][\/et_pb_row][\/et_pb_section]<\/p>\n","protected":false},"excerpt":{"rendered":"<p>1 BACHILLERATO Las materias de este curso son las siguientes (Si pulsas sobre ellas podr\u00e1s ver los criterios de evaluaci\u00f3n): MATERIAS : MATEM\u00c1TICAS CIENCIAS SOCIALES &nbsp; &nbsp; &nbsp; TECNOLOG\u00cdA E INGENIER\u00cdA PATRIMONIO ART\u00cdSTICO DE ANDALUC\u00cdA &nbsp; ECONOM\u00cdA &nbsp; FILOSOF\u00cdA F\u00cdSICA Y QU\u00cdMICA GRIEGO CREACI\u00d3N DIGITAL ANATOM\u00cdA APLICADA MEDIOS DE COMUNICACI\u00d3N LITERATURA UNIVERSAL &nbsp;<\/p>\n","protected":false},"author":18004,"featured_media":0,"parent":0,"menu_order":0,"comment_status":"closed","ping_status":"closed","template":"","meta":{"_et_pb_use_builder":"on","_et_pb_old_content":"","_et_gb_content_width":"","ngg_post_thumbnail":0,"footnotes":""},"aioseo_notices":[],"_links":{"self":[{"href":"https:\/\/blogsaverroes.juntadeandalucia.es\/cristobalcolonweb\/wp-json\/wp\/v2\/pages\/1305"}],"collection":[{"href":"https:\/\/blogsaverroes.juntadeandalucia.es\/cristobalcolonweb\/wp-json\/wp\/v2\/pages"}],"about":[{"href":"https:\/\/blogsaverroes.juntadeandalucia.es\/cristobalcolonweb\/wp-json\/wp\/v2\/types\/page"}],"author":[{"embeddable":true,"href":"https:\/\/blogsaverroes.juntadeandalucia.es\/cristobalcolonweb\/wp-json\/wp\/v2\/users\/18004"}],"replies":[{"embeddable":true,"href":"https:\/\/blogsaverroes.juntadeandalucia.es\/cristobalcolonweb\/wp-json\/wp\/v2\/comments?post=1305"}],"version-history":[{"count":29,"href":"https:\/\/blogsaverroes.juntadeandalucia.es\/cristobalcolonweb\/wp-json\/wp\/v2\/pages\/1305\/revisions"}],"predecessor-version":[{"id":2293,"href":"https:\/\/blogsaverroes.juntadeandalucia.es\/cristobalcolonweb\/wp-json\/wp\/v2\/pages\/1305\/revisions\/2293"}],"wp:attachment":[{"href":"https:\/\/blogsaverroes.juntadeandalucia.es\/cristobalcolonweb\/wp-json\/wp\/v2\/media?parent=1305"}],"curies":[{"name":"wp","href":"https:\/\/api.w.org\/{rel}","templated":true}]}}