{"id":1337,"date":"2023-11-30T19:21:22","date_gmt":"2023-11-30T18:21:22","guid":{"rendered":"https:\/\/blogsaverroes.juntadeandalucia.es\/cristobalcolonweb\/?page_id=1337"},"modified":"2025-11-10T13:56:03","modified_gmt":"2025-11-10T12:56:03","slug":"2-bachillerato","status":"publish","type":"page","link":"https:\/\/blogsaverroes.juntadeandalucia.es\/cristobalcolonweb\/2-bachillerato\/","title":{"rendered":"2\u00ba Bachillerato"},"content":{"rendered":"<p>[et_pb_section fb_built=&#8221;1&#8243; _builder_version=&#8221;4.16&#8243; custom_padding=&#8221;0px||0px|&#8221; z_index_tablet=&#8221;500&#8243; box_shadow_horizontal_tablet=&#8221;0px&#8221; box_shadow_vertical_tablet=&#8221;0px&#8221; box_shadow_blur_tablet=&#8221;40px&#8221; box_shadow_spread_tablet=&#8221;0px&#8221; global_colors_info=&#8221;{}&#8221;][et_pb_row _builder_version=&#8221;4.16&#8243; background_size=&#8221;initial&#8221; background_position=&#8221;top_left&#8221; background_repeat=&#8221;repeat&#8221; global_colors_info=&#8221;{}&#8221;][et_pb_column type=&#8221;4_4&#8243; _builder_version=&#8221;4.16&#8243; custom_padding=&#8221;|||&#8221; global_colors_info=&#8221;{}&#8221; custom_padding__hover=&#8221;|||&#8221;][et_pb_image src=&#8221;https:\/\/blogsaverroes.juntadeandalucia.es\/cristobalcolonweb\/files\/2020\/01\/cabecera-interior-ies-3-3.png&#8221; admin_label=&#8221;Imagen de la portada&#8221; _builder_version=&#8221;4.16&#8243; vertical_offset_tablet=&#8221;0&#8243; horizontal_offset_tablet=&#8221;0&#8243; z_index_tablet=&#8221;500&#8243; box_shadow_horizontal_tablet=&#8221;0px&#8221; box_shadow_vertical_tablet=&#8221;0px&#8221; box_shadow_blur_tablet=&#8221;40px&#8221; box_shadow_spread_tablet=&#8221;0px&#8221; global_colors_info=&#8221;{}&#8221;][\/et_pb_image][et_pb_text admin_label=&#8221;Texto descriptivo&#8221; _builder_version=&#8221;4.24.2&#8243; hover_enabled=&#8221;0&#8243; z_index_tablet=&#8221;500&#8243; text_text_shadow_horizontal_length_tablet=&#8221;0px&#8221; text_text_shadow_vertical_length_tablet=&#8221;0px&#8221; text_text_shadow_blur_strength_tablet=&#8221;1px&#8221; link_text_shadow_horizontal_length_tablet=&#8221;0px&#8221; link_text_shadow_vertical_length_tablet=&#8221;0px&#8221; link_text_shadow_blur_strength_tablet=&#8221;1px&#8221; ul_text_shadow_horizontal_length_tablet=&#8221;0px&#8221; ul_text_shadow_vertical_length_tablet=&#8221;0px&#8221; ul_text_shadow_blur_strength_tablet=&#8221;1px&#8221; ol_text_shadow_horizontal_length_tablet=&#8221;0px&#8221; ol_text_shadow_vertical_length_tablet=&#8221;0px&#8221; ol_text_shadow_blur_strength_tablet=&#8221;1px&#8221; quote_text_shadow_horizontal_length_tablet=&#8221;0px&#8221; quote_text_shadow_vertical_length_tablet=&#8221;0px&#8221; quote_text_shadow_blur_strength_tablet=&#8221;1px&#8221; header_text_shadow_horizontal_length_tablet=&#8221;0px&#8221; header_text_shadow_vertical_length_tablet=&#8221;0px&#8221; header_text_shadow_blur_strength_tablet=&#8221;1px&#8221; header_2_text_shadow_horizontal_length_tablet=&#8221;0px&#8221; header_2_text_shadow_vertical_length_tablet=&#8221;0px&#8221; header_2_text_shadow_blur_strength_tablet=&#8221;1px&#8221; header_3_text_shadow_horizontal_length_tablet=&#8221;0px&#8221; header_3_text_shadow_vertical_length_tablet=&#8221;0px&#8221; header_3_text_shadow_blur_strength_tablet=&#8221;1px&#8221; header_4_text_shadow_horizontal_length_tablet=&#8221;0px&#8221; header_4_text_shadow_vertical_length_tablet=&#8221;0px&#8221; header_4_text_shadow_blur_strength_tablet=&#8221;1px&#8221; header_5_text_shadow_horizontal_length_tablet=&#8221;0px&#8221; header_5_text_shadow_vertical_length_tablet=&#8221;0px&#8221; header_5_text_shadow_blur_strength_tablet=&#8221;1px&#8221; header_6_text_shadow_horizontal_length_tablet=&#8221;0px&#8221; header_6_text_shadow_vertical_length_tablet=&#8221;0px&#8221; header_6_text_shadow_blur_strength_tablet=&#8221;1px&#8221; box_shadow_horizontal_tablet=&#8221;0px&#8221; box_shadow_vertical_tablet=&#8221;0px&#8221; box_shadow_blur_tablet=&#8221;40px&#8221; box_shadow_spread_tablet=&#8221;0px&#8221; global_colors_info=&#8221;{}&#8221; sticky_enabled=&#8221;0&#8243;]<\/p>\n<h2>2 BACHILLERATO<\/h2>\n<p>Las materias de este curso son las siguientes (Si pulsas sobre ellas podr\u00e1s ver los criterios de evaluaci\u00f3n):<\/p>\n<p>MATERIAS :<\/p>\n<p>&nbsp;<\/p>\n<table style=\"border-collapse: collapse;width: 66.8617%;height: 369px\">\n<tbody>\n<tr style=\"height: 149px\">\n<td style=\"width: 16.8998%;height: 197px\"><div id=\"attachment_1194\" style=\"width: 160px\" class=\"wp-caption aligncenter\"><a title=\"Criterios de Geograf\u00eda e Historia\" href=\"https:\/\/drive.google.com\/file\/d\/1bYYpyeo-fbqRef4lFoqdY2ltdl9zPwAj\/view?usp=drive_link\" target=\"_blank\" rel=\"noopener noreferrer\"><img loading=\"lazy\" decoding=\"async\" aria-describedby=\"caption-attachment-1194\" class=\"alignnone wp-image-1194 size-thumbnail\" src=\"https:\/\/blogsaverroes.juntadeandalucia.es\/cristobalcolonweb\/files\/2023\/11\/Geografia-150x150.png\" alt=\"\" width=\"150\" height=\"150\"><\/a><p id=\"caption-attachment-1194\" class=\"wp-caption-text\">GEOGRAF\u00cdA<\/p><\/div><\/td>\n<td style=\"width: 16.2782%;height: 197px\"><div id=\"attachment_1190\" style=\"width: 160px\" class=\"wp-caption aligncenter\"><a title=\"Criterios de Matem\u00e1ticas Ciencias\" href=\"https:\/\/drive.google.com\/file\/d\/1WjnlwHpKnJfsW8aK3NYtbjO0hLkDm2nx\/view?usp=drive_link\" target=\"_blank\" rel=\"noopener noreferrer\"><img loading=\"lazy\" decoding=\"async\" aria-describedby=\"caption-attachment-1190\" class=\"alignnone wp-image-1190 size-thumbnail\" src=\"https:\/\/blogsaverroes.juntadeandalucia.es\/cristobalcolonweb\/files\/2023\/11\/Matematicas-150x150.png\" alt=\"\" width=\"150\" height=\"150\"><\/a><p id=\"caption-attachment-1190\" class=\"wp-caption-text\">MATEM\u00c1TICAS CIENT\u00cdTICO TECNOL\u00d3GICO<\/p><\/div><\/td>\n<td style=\"width: 17.0127%;height: 197px\">\n<p style=\"text-align: center\"><a title=\"Criterios de Matem\u00e1ticas C. Sociales\" href=\"https:\/\/drive.google.com\/file\/d\/1Uve9bPTrkbFI35josK01CxJ2DGjqGbai\/view?usp=drive_link\" target=\"_blank\" rel=\"noopener noreferrer\"><img loading=\"lazy\" decoding=\"async\" class=\"aligncenter wp-image-1190 size-thumbnail\" src=\"https:\/\/blogsaverroes.juntadeandalucia.es\/cristobalcolonweb\/files\/2023\/11\/Matematicas-150x150.png\" alt=\"\" width=\"150\" height=\"150\"><\/a>MATEM\u00c1TICAS CIENCIAS SOCIALES<\/p>\n<\/td>\n<td style=\"width: 12.8411%;height: 197px\">\n<p>&nbsp;<\/p>\n<div id=\"attachment_1188\" style=\"width: 160px\" class=\"wp-caption aligncenter\"><a title=\"Criterios de Lengua y Literatura\" href=\"https:\/\/drive.google.com\/file\/d\/1MSPhzodE3bIioIy56Dmq9QqF3NOTUscc\/view?usp=drive_link\" target=\"_blank\" rel=\"noopener noreferrer\"><img loading=\"lazy\" decoding=\"async\" aria-describedby=\"caption-attachment-1188\" class=\"wp-image-1188 size-thumbnail\" src=\"https:\/\/blogsaverroes.juntadeandalucia.es\/cristobalcolonweb\/files\/2023\/11\/Lengua-150x150.png\" alt=\"\" width=\"150\" height=\"150\"><\/a><p id=\"caption-attachment-1188\" class=\"wp-caption-text\">LENGUA Y LITERATURA<\/p><\/div>\n<p>&nbsp;<\/p>\n<\/td>\n<\/tr>\n<tr style=\"height: 149px\">\n<td style=\"width: 16.8998%;height: 149px\"><div id=\"attachment_1191\" style=\"width: 160px\" class=\"wp-caption aligncenter\"><a title=\"Criterios de Biolog\u00eda y Geolog\u00eda\" href=\"https:\/\/drive.google.com\/file\/d\/1OxEVUL_nvQ038msGalAFidZojm1UQiGM\/view?usp=drive_link\" target=\"_blank\" rel=\"noopener noreferrer\"><img loading=\"lazy\" decoding=\"async\" aria-describedby=\"caption-attachment-1191\" class=\"alignnone wp-image-1191 size-thumbnail\" src=\"https:\/\/blogsaverroes.juntadeandalucia.es\/cristobalcolonweb\/files\/2023\/11\/bIO-150x150.png\" alt=\"\" width=\"150\" height=\"150\"><\/a><p id=\"caption-attachment-1191\" class=\"wp-caption-text\">BIOLOG\u00cdA<\/p><\/div><\/td>\n<td style=\"width: 16.2782%;height: 149px\"><div id=\"attachment_1191\" style=\"width: 160px\" class=\"wp-caption aligncenter\"><a title=\"Criterios de Historia del Arte\" href=\"https:\/\/drive.google.com\/file\/d\/1_D9SW15kD803lgnKtV7CvWO_7eH6agvV\/view?usp=drive_link\" target=\"_blank\" rel=\"noopener noreferrer\"><img loading=\"lazy\" decoding=\"async\" aria-describedby=\"caption-attachment-1191\" class=\"aligncenter wp-image-1357 size-thumbnail\" src=\"https:\/\/blogsaverroes.juntadeandalucia.es\/cristobalcolonweb\/files\/2023\/12\/H_Arte-150x150.png\" alt=\"\" width=\"150\" height=\"150\"><\/a><p id=\"caption-attachment-1191\" class=\"wp-caption-text\"><br \/>HISTORIA DEL ARTE<\/p><\/div><\/td>\n<td style=\"width: 17.0127%;height: 149px\"><a title=\"Criterios Ingl\u00e9s\" href=\"https:\/\/drive.google.com\/file\/d\/1AMHvoJXq0JW0SaceSv9iBn_D2_SODc6Q\/view?usp=drive_link\" target=\"_blank\" rel=\"noopener noreferrer\"><img loading=\"lazy\" decoding=\"async\" class=\"alignnone wp-image-1233 size-thumbnail\" src=\"https:\/\/blogsaverroes.juntadeandalucia.es\/cristobalcolonweb\/files\/2023\/11\/iNGLES-150x150.png\" alt=\"\" width=\"150\" height=\"150\"><\/a> INGL\u00c9S<\/td>\n<td style=\"width: 12.8411%;height: 149px\">\n<p><a href=\"https:\/\/drive.google.com\/file\/d\/1mDb59vefchH-zlaJ-lVtAuXVrcnQdQo4\/view?usp=drive_link\"><img loading=\"lazy\" decoding=\"async\" class=\"aligncenter wp-image-2070 size-full\" src=\"https:\/\/blogsaverroes.juntadeandalucia.es\/cristobalcolonweb\/files\/2025\/10\/Latin-logo-1-1-1.png\" alt=\"\" width=\"934\" height=\"936\" srcset=\"https:\/\/blogsaverroes.juntadeandalucia.es\/cristobalcolonweb\/files\/2025\/10\/Latin-logo-1-1-1.png 934w, https:\/\/blogsaverroes.juntadeandalucia.es\/cristobalcolonweb\/files\/2025\/10\/Latin-logo-1-1-1-480x481.png 480w\" sizes=\"(min-width: 0px) and (max-width: 480px) 480px, (min-width: 481px) 934px, 100vw\" \/><\/a><\/p>\n<p>&nbsp;LAT\u00cdN II<\/p>\n<\/td>\n<\/tr>\n<\/tbody>\n<\/table>\n<p>&nbsp;<\/p>\n<table style=\"border-collapse: collapse;width: 66.8617%;height: 499px\">\n<tbody>\n<tr style=\"height: 149px\">\n<td style=\"width: 16.8998%;height: 197px\"><a title=\"Criterios de Historia de Espa\u00f1a\" href=\"https:\/\/drive.google.com\/file\/d\/19eezXcnNx7PF0pDXrrkZxzjYims2Pjwj\/view?usp=drive_link\" target=\"_blank\" rel=\"noopener noreferrer\"><img loading=\"lazy\" decoding=\"async\" class=\"aligncenter wp-image-1358 size-thumbnail\" src=\"https:\/\/blogsaverroes.juntadeandalucia.es\/cristobalcolonweb\/files\/2023\/12\/H_Espan\u0303a-150x150.png\" alt=\"\" width=\"150\" height=\"150\"><\/a>HISTORIA DE ESPA\u00d1A<\/td>\n<td style=\"width: 16.2782%;height: 197px\"><a title=\"Criterios de Qu\u00edmic\" href=\"https:\/\/drive.google.com\/file\/d\/1Aqe8pmdOIfkOSRfHAT5RCfBzWO7ZX_HX\/view?usp=drive_link\" target=\"_blank\" rel=\"noopener noreferrer\"><img loading=\"lazy\" decoding=\"async\" class=\"aligncenter wp-image-1361 size-thumbnail\" src=\"https:\/\/blogsaverroes.juntadeandalucia.es\/cristobalcolonweb\/files\/2023\/12\/Quimica-150x150.png\" alt=\"\" width=\"150\" height=\"150\"><\/a>QU\u00cdMICA<\/td>\n<td style=\"width: 17.0127%;height: 197px\"><a title=\"Criterios de F\u00edsica y Qu\u00edmica\" href=\"https:\/\/drive.google.com\/file\/d\/1QMzOPtCLHSVGFIWx8p3YulXCx6uvjj8J\/view?usp=drive_link\" target=\"_blank\" rel=\"noopener noreferrer\"><img loading=\"lazy\" decoding=\"async\" class=\"aligncenter wp-image-1192 size-thumbnail\" src=\"https:\/\/blogsaverroes.juntadeandalucia.es\/cristobalcolonweb\/files\/2023\/11\/FQ-150x150.png\" alt=\"\" width=\"150\" height=\"150\"><\/a>F\u00cdSICA<\/td>\n<td style=\"width: 12.8411%;height: 197px\">\n<p>&nbsp;<\/p>\n<p><a title=\"Criterios de Econom\u00eda y Emprendimiento\" href=\"https:\/\/drive.google.com\/file\/d\/1GzvfFnVCenkFstgBEq6sr804tqykvp1E\/view?usp=drive_link\" target=\"_blank\" rel=\"noopener noreferrer\"><img loading=\"lazy\" decoding=\"async\" class=\"aligncenter wp-image-1277 size-thumbnail\" src=\"https:\/\/blogsaverroes.juntadeandalucia.es\/cristobalcolonweb\/files\/2023\/11\/Eco_Empr-150x150.png\" alt=\"\" width=\"150\" height=\"150\"><\/a>EMPRESA Y DISE\u00d1O DE NEGOCIOS<\/p>\n<p>&nbsp;<\/p>\n<\/td>\n<\/tr>\n<tr style=\"height: 149px\">\n<td style=\"width: 16.8998%;height: 149px\"><a title=\"Criterios de CTMA\" href=\"https:\/\/drive.google.com\/file\/d\/1lZ0_E0qZ4OYZjTFh3BPVZ_-OvEZNw0KP\/view?usp=drive_link\" target=\"_blank\" rel=\"noopener noreferrer\"><img loading=\"lazy\" decoding=\"async\" class=\"aligncenter wp-image-1345 size-thumbnail\" src=\"https:\/\/blogsaverroes.juntadeandalucia.es\/cristobalcolonweb\/files\/2023\/11\/CTM-150x150.png\" alt=\"\" width=\"150\" height=\"150\"><\/a>CIENCIAS DE LA TIERRA Y EL MEDIOAMBIENTE<\/td>\n<td style=\"width: 16.2782%;height: 149px\"><a title=\"Criterios Medios de Comunicaci\u00f3n\" href=\"https:\/\/drive.google.com\/file\/d\/1VrpyQ1RiDBk-X80AnFwQ6rMpzdYuONEi\/view?usp=drive_link\" target=\"_blank\" rel=\"noopener noreferrer\"><img loading=\"lazy\" decoding=\"async\" class=\"aligncenter wp-image-1319 size-thumbnail\" src=\"https:\/\/blogsaverroes.juntadeandalucia.es\/cristobalcolonweb\/files\/2023\/11\/MediosC-150x150.png\" alt=\"\" width=\"150\" height=\"150\"><\/a> COMUNICACI\u00d3N ESCRITA<\/td>\n<td style=\"width: 17.0127%;height: 149px\">\n<p><a href=\"https:\/\/drive.google.com\/file\/d\/1bY2NnEMwIR_i7adoa35jQmZYcISx1sxT\/view?usp=drive_link\"><img loading=\"lazy\" decoding=\"async\" class=\"aligncenter wp-image-2034\" src=\"https:\/\/blogsaverroes.juntadeandalucia.es\/cristobalcolonweb\/files\/2025\/10\/470-4708511_logos-de-psicologia-png-logo-psicologia.jpg\" alt=\"\" width=\"159\" height=\"152\"><\/a><\/p>\n<p>PSICOLOG\u00cdA<\/p>\n<\/td>\n<td style=\"width: 12.8411%;height: 149px\">\n<p>&nbsp;<\/p>\n<p><a href=\"https:\/\/drive.google.com\/file\/d\/1hiG5EgcRwK0N5puAn6hfcAUtcwN0rSLH\/view?usp=drive_link\"><img loading=\"lazy\" decoding=\"async\" class=\"wp-image-2016 alignnone\" src=\"https:\/\/blogsaverroes.juntadeandalucia.es\/cristobalcolonweb\/files\/2025\/10\/Captura-de-pantalla-2025-10-13-201323.png\" alt=\"\" width=\"202\" height=\"158\"><\/a>H\u00aa FILOSOF\u00cdA<\/p>\n<\/td>\n<\/tr>\n<\/tbody>\n<\/table>\n<table style=\"border-collapse: collapse;width: 67.0512%\">\n<tbody>\n<tr>\n<td style=\"width: 29.0481%\">\n<p><a href=\"https:\/\/drive.google.com\/file\/d\/1mDb59vefchH-zlaJ-lVtAuXVrcnQdQo4\/view?usp=drive_link\"><img loading=\"lazy\" decoding=\"async\" class=\"aligncenter wp-image-2062 size-full\" src=\"https:\/\/blogsaverroes.juntadeandalucia.es\/cristobalcolonweb\/files\/2025\/10\/descarga.png\" alt=\"\" width=\"346\" height=\"146\" srcset=\"https:\/\/blogsaverroes.juntadeandalucia.es\/cristobalcolonweb\/files\/2025\/10\/descarga.png 346w, https:\/\/blogsaverroes.juntadeandalucia.es\/cristobalcolonweb\/files\/2025\/10\/descarga-300x127.png 300w\" sizes=\"(max-width: 346px) 100vw, 346px\" \/><\/a><\/p>\n<p>&nbsp;<\/p>\n<p>&nbsp;GRIEGO II<\/p>\n<\/td>\n<td style=\"width: 28.1837%\"><a href=\"https:\/\/drive.google.com\/file\/d\/1vqJd_rbXK6jknWGs_7iCUZtgvmkcOdPA\/view?usp=drive_link\"><img loading=\"lazy\" decoding=\"async\" class=\"aligncenter wp-image-2103\" src=\"https:\/\/blogsaverroes.juntadeandalucia.es\/cristobalcolonweb\/files\/2025\/10\/e59e8ed96eaa4e3037f211a023f68a3e.jpg\" alt=\"\" width=\"186\" height=\"186\"><\/a>TECNOLOG\u00cdA E INGENIER\u00cdA II<\/td>\n<td style=\"width: 22.0296%\"><a href=\"https:\/\/drive.google.com\/file\/d\/14qIiV2Bs4PB43a_45vkxzjO8IgwMi7_y\/view?usp=drive_link\"><img loading=\"lazy\" decoding=\"async\" class=\"aligncenter wp-image-2107 size-full\" src=\"https:\/\/blogsaverroes.juntadeandalucia.es\/cristobalcolonweb\/files\/2025\/10\/images-1.png\" alt=\"\" width=\"225\" height=\"225\" srcset=\"https:\/\/blogsaverroes.juntadeandalucia.es\/cristobalcolonweb\/files\/2025\/10\/images-1.png 225w, https:\/\/blogsaverroes.juntadeandalucia.es\/cristobalcolonweb\/files\/2025\/10\/images-1-150x150.png 150w\" sizes=\"(max-width: 225px) 100vw, 225px\" \/><\/a>&nbsp;TIC II<\/td>\n<td style=\"width: 33.1868%\"><a href=\"https:\/\/drive.google.com\/file\/d\/1bDnWnack3NNpo1n2FU0Wgv_ycyaM__CM\/view?usp=drive_link\"><img loading=\"lazy\" decoding=\"async\" class=\"alignnone wp-image-2236 size-medium\" src=\"https:\/\/blogsaverroes.juntadeandalucia.es\/cristobalcolonweb\/files\/2025\/10\/3832383-300x300.png\" alt=\"\" width=\"300\" height=\"300\"><\/a><\/td>\n<\/tr>\n<\/tbody>\n<\/table>\n<p>&nbsp;<\/p>\n<p>&nbsp;<\/p>\n<p>[\/et_pb_text][\/et_pb_column][\/et_pb_row][\/et_pb_section]<\/p>\n","protected":false},"excerpt":{"rendered":"<p>2 BACHILLERATO Las materias de este curso son las siguientes (Si pulsas sobre ellas podr\u00e1s ver los criterios de evaluaci\u00f3n): MATERIAS : &nbsp; MATEM\u00c1TICAS CIENCIAS SOCIALES &nbsp; &nbsp; INGL\u00c9S &nbsp;LAT\u00cdN II &nbsp; HISTORIA DE ESPA\u00d1A QU\u00cdMICA F\u00cdSICA &nbsp; EMPRESA Y DISE\u00d1O DE NEGOCIOS &nbsp; CIENCIAS DE LA TIERRA Y EL MEDIOAMBIENTE COMUNICACI\u00d3N ESCRITA PSICOLOG\u00cdA &nbsp; [&hellip;]<\/p>\n","protected":false},"author":18004,"featured_media":0,"parent":0,"menu_order":0,"comment_status":"closed","ping_status":"closed","template":"","meta":{"_et_pb_use_builder":"on","_et_pb_old_content":"","_et_gb_content_width":"","ngg_post_thumbnail":0,"footnotes":""},"aioseo_notices":[],"_links":{"self":[{"href":"https:\/\/blogsaverroes.juntadeandalucia.es\/cristobalcolonweb\/wp-json\/wp\/v2\/pages\/1337"}],"collection":[{"href":"https:\/\/blogsaverroes.juntadeandalucia.es\/cristobalcolonweb\/wp-json\/wp\/v2\/pages"}],"about":[{"href":"https:\/\/blogsaverroes.juntadeandalucia.es\/cristobalcolonweb\/wp-json\/wp\/v2\/types\/page"}],"author":[{"embeddable":true,"href":"https:\/\/blogsaverroes.juntadeandalucia.es\/cristobalcolonweb\/wp-json\/wp\/v2\/users\/18004"}],"replies":[{"embeddable":true,"href":"https:\/\/blogsaverroes.juntadeandalucia.es\/cristobalcolonweb\/wp-json\/wp\/v2\/comments?post=1337"}],"version-history":[{"count":28,"href":"https:\/\/blogsaverroes.juntadeandalucia.es\/cristobalcolonweb\/wp-json\/wp\/v2\/pages\/1337\/revisions"}],"predecessor-version":[{"id":2291,"href":"https:\/\/blogsaverroes.juntadeandalucia.es\/cristobalcolonweb\/wp-json\/wp\/v2\/pages\/1337\/revisions\/2291"}],"wp:attachment":[{"href":"https:\/\/blogsaverroes.juntadeandalucia.es\/cristobalcolonweb\/wp-json\/wp\/v2\/media?parent=1337"}],"curies":[{"name":"wp","href":"https:\/\/api.w.org\/{rel}","templated":true}]}}