{"id":20,"date":"2020-01-10T07:40:35","date_gmt":"2020-01-10T06:40:35","guid":{"rendered":"http:\/\/blogsaverroes.juntadeandalucia.es\/pre\/nuevoiesv2\/?page_id=20"},"modified":"2025-11-10T14:50:20","modified_gmt":"2025-11-10T13:50:20","slug":"2o-eso","status":"publish","type":"page","link":"https:\/\/blogsaverroes.juntadeandalucia.es\/cristobalcolonweb\/2o-eso\/","title":{"rendered":"2\u00ba ESO"},"content":{"rendered":"<p>[et_pb_section fb_built=&#8221;1&#8243; _builder_version=&#8221;4.16&#8243; custom_padding=&#8221;0px||0px|&#8221; z_index_tablet=&#8221;500&#8243; box_shadow_horizontal_tablet=&#8221;0px&#8221; box_shadow_vertical_tablet=&#8221;0px&#8221; box_shadow_blur_tablet=&#8221;40px&#8221; box_shadow_spread_tablet=&#8221;0px&#8221; global_colors_info=&#8221;{}&#8221;][et_pb_row _builder_version=&#8221;4.16&#8243; background_size=&#8221;initial&#8221; background_position=&#8221;top_left&#8221; background_repeat=&#8221;repeat&#8221; global_colors_info=&#8221;{}&#8221;][et_pb_column type=&#8221;4_4&#8243; _builder_version=&#8221;4.16&#8243; custom_padding=&#8221;|||&#8221; global_colors_info=&#8221;{}&#8221; custom_padding__hover=&#8221;|||&#8221;][et_pb_image src=&#8221;https:\/\/blogsaverroes.juntadeandalucia.es\/cristobalcolonweb\/files\/2020\/01\/cabecera-interior-ies-3-1.png&#8221; admin_label=&#8221;Imagen de la portada&#8221; _builder_version=&#8221;4.16&#8243; vertical_offset_tablet=&#8221;0&#8243; horizontal_offset_tablet=&#8221;0&#8243; z_index_tablet=&#8221;500&#8243; box_shadow_horizontal_tablet=&#8221;0px&#8221; box_shadow_vertical_tablet=&#8221;0px&#8221; box_shadow_blur_tablet=&#8221;40px&#8221; box_shadow_spread_tablet=&#8221;0px&#8221; global_colors_info=&#8221;{}&#8221;][\/et_pb_image][et_pb_text admin_label=&#8221;Texto descriptivo&#8221; _builder_version=&#8221;4.24.2&#8243; hover_enabled=&#8221;0&#8243; z_index_tablet=&#8221;500&#8243; text_text_shadow_horizontal_length_tablet=&#8221;0px&#8221; text_text_shadow_vertical_length_tablet=&#8221;0px&#8221; text_text_shadow_blur_strength_tablet=&#8221;1px&#8221; link_text_shadow_horizontal_length_tablet=&#8221;0px&#8221; link_text_shadow_vertical_length_tablet=&#8221;0px&#8221; link_text_shadow_blur_strength_tablet=&#8221;1px&#8221; ul_text_shadow_horizontal_length_tablet=&#8221;0px&#8221; ul_text_shadow_vertical_length_tablet=&#8221;0px&#8221; ul_text_shadow_blur_strength_tablet=&#8221;1px&#8221; ol_text_shadow_horizontal_length_tablet=&#8221;0px&#8221; ol_text_shadow_vertical_length_tablet=&#8221;0px&#8221; ol_text_shadow_blur_strength_tablet=&#8221;1px&#8221; quote_text_shadow_horizontal_length_tablet=&#8221;0px&#8221; quote_text_shadow_vertical_length_tablet=&#8221;0px&#8221; quote_text_shadow_blur_strength_tablet=&#8221;1px&#8221; header_text_shadow_horizontal_length_tablet=&#8221;0px&#8221; header_text_shadow_vertical_length_tablet=&#8221;0px&#8221; header_text_shadow_blur_strength_tablet=&#8221;1px&#8221; header_2_text_shadow_horizontal_length_tablet=&#8221;0px&#8221; header_2_text_shadow_vertical_length_tablet=&#8221;0px&#8221; header_2_text_shadow_blur_strength_tablet=&#8221;1px&#8221; header_3_text_shadow_horizontal_length_tablet=&#8221;0px&#8221; header_3_text_shadow_vertical_length_tablet=&#8221;0px&#8221; header_3_text_shadow_blur_strength_tablet=&#8221;1px&#8221; header_4_text_shadow_horizontal_length_tablet=&#8221;0px&#8221; header_4_text_shadow_vertical_length_tablet=&#8221;0px&#8221; header_4_text_shadow_blur_strength_tablet=&#8221;1px&#8221; header_5_text_shadow_horizontal_length_tablet=&#8221;0px&#8221; header_5_text_shadow_vertical_length_tablet=&#8221;0px&#8221; header_5_text_shadow_blur_strength_tablet=&#8221;1px&#8221; header_6_text_shadow_horizontal_length_tablet=&#8221;0px&#8221; header_6_text_shadow_vertical_length_tablet=&#8221;0px&#8221; header_6_text_shadow_blur_strength_tablet=&#8221;1px&#8221; box_shadow_horizontal_tablet=&#8221;0px&#8221; box_shadow_vertical_tablet=&#8221;0px&#8221; box_shadow_blur_tablet=&#8221;40px&#8221; box_shadow_spread_tablet=&#8221;0px&#8221; global_colors_info=&#8221;{}&#8221; sticky_enabled=&#8221;0&#8243;]<\/p>\n<h2>2\u00ba ESO<\/h2>\n<p>Las materias de este curso son las siguientes (Si pulsas sobre ellas podr\u00e1s ver los criterios de evaluaci\u00f3n):<\/p>\n<p>MATERIAS COMUNES:<\/p>\n<table style=\"border-collapse: collapse;width: 66.8617%;height: 369px\">\n<tbody>\n<tr style=\"height: 149px\">\n<td style=\"width: 16.8998%;height: 197px\"><div id=\"attachment_1194\" style=\"width: 160px\" class=\"wp-caption aligncenter\"><a title=\"Criterios de Geograf\u00eda e Historia\" href=\"https:\/\/drive.google.com\/file\/d\/1ZqR6ePPsTFtBXmHCmzUye5QZeTNO4pcj\/view?usp=drive_link\" target=\"_blank\" rel=\"noopener noreferrer\"><img loading=\"lazy\" decoding=\"async\" aria-describedby=\"caption-attachment-1194\" class=\"alignnone wp-image-1194 size-thumbnail\" src=\"https:\/\/blogsaverroes.juntadeandalucia.es\/cristobalcolonweb\/files\/2023\/11\/Geografia-150x150.png\" alt=\"\" width=\"150\" height=\"150\"><\/a><p id=\"caption-attachment-1194\" class=\"wp-caption-text\">GEOGRAF\u00cdA E HISTORIA<\/p><\/div><\/td>\n<td style=\"width: 16.2782%;height: 197px\"><div id=\"attachment_1190\" style=\"width: 160px\" class=\"wp-caption aligncenter\"><a title=\"Criterios de Matem\u00e1ticas\" href=\"https:\/\/drive.google.com\/file\/d\/1e6rnVoatDa9qi82yJQmuHmMvieuVsnjV\/view?usp=drive_link\" target=\"_blank\" rel=\"noopener noreferrer\"><img loading=\"lazy\" decoding=\"async\" aria-describedby=\"caption-attachment-1190\" class=\"alignnone wp-image-1190 size-thumbnail\" src=\"https:\/\/blogsaverroes.juntadeandalucia.es\/cristobalcolonweb\/files\/2023\/11\/Matematicas-150x150.png\" alt=\"\" width=\"150\" height=\"150\"><\/a><p id=\"caption-attachment-1190\" class=\"wp-caption-text\">MATEM\u00c1TICAS<\/p><\/div><\/td>\n<td style=\"width: 17.0127%;height: 197px\"><div id=\"attachment_1237\" style=\"width: 160px\" class=\"wp-caption aligncenter\"><a href=\"https:\/\/drive.google.com\/file\/d\/14CUZmF37GRdEcH8w1vJNa-H5lwoYv9M5\/view?usp=drive_link\"><img loading=\"lazy\" decoding=\"async\" aria-describedby=\"caption-attachment-1237\" class=\"alignnone wp-image-1237 size-thumbnail\" src=\"https:\/\/blogsaverroes.juntadeandalucia.es\/cristobalcolonweb\/files\/2023\/11\/CCl-150x150.png\" alt=\"\" width=\"150\" height=\"150\"><\/a><p id=\"caption-attachment-1237\" class=\"wp-caption-text\">CULTURA CL\u00c1SICA<\/p><\/div><\/td>\n<td style=\"width: 12.8411%;height: 197px\">\n<p>&nbsp;<\/p>\n<p><div id=\"attachment_1188\" style=\"width: 160px\" class=\"wp-caption aligncenter\"><a style=\"font-family: inherit;font-size: inherit\" title=\"Criterios de Lengua y Literatura\" href=\"https:\/\/drive.google.com\/file\/d\/1REIJb8yLKEWpcqHCa-hCsPBSKcP_dWle\/view?usp=drive_link\" target=\"_blank\" rel=\"noopener noreferrer\"><img loading=\"lazy\" decoding=\"async\" aria-describedby=\"caption-attachment-1188\" class=\"alignnone wp-image-1188 size-thumbnail\" src=\"https:\/\/blogsaverroes.juntadeandalucia.es\/cristobalcolonweb\/files\/2023\/11\/Lengua-150x150.png\" alt=\"\" width=\"150\" height=\"150\"><\/a><p id=\"caption-attachment-1188\" class=\"wp-caption-text\"><span style=\"font-family: inherit;font-size: inherit\"><span style=\"font-family: inherit;font-size: inherit\"><span style=\"font-family: inherit;font-size: inherit\"><span style=\"font-family: inherit;font-size: inherit\"><span style=\"font-family: inherit;font-size: inherit\"><span style=\"font-family: inherit;font-size: inherit\"><span style=\"font-family: inherit;font-size: inherit\"><span style=\"font-family: inherit;font-size: inherit\"><span style=\"font-family: inherit;font-size: inherit\"><span style=\"font-family: inherit;font-size: inherit\"><span style=\"font-family: inherit;font-size: inherit\"><span style=\"font-family: inherit;font-size: inherit\"> LENGUA Y LITERATURA<\/p><\/div><\/span><\/span><\/span><\/span><\/span><\/span><\/span><\/span><\/span><\/span><\/span><\/span><\/p>\n<p>&nbsp;<\/p>\n<p>&nbsp;<\/p>\n<\/td>\n<\/tr>\n<tr style=\"height: 149px\">\n<td style=\"width: 16.8998%;height: 149px\"><div id=\"attachment_1192\" style=\"width: 160px\" class=\"wp-caption aligncenter\"><a title=\"Criterios de F\u00edsica y Qu\u00edmica\" href=\"https:\/\/drive.google.com\/file\/d\/1I5B-JIAwpwirzL5E5g6qJ95qIGPltcC2\/view?usp=drive_link\" target=\"_blank\" rel=\"noopener noreferrer\"><img loading=\"lazy\" decoding=\"async\" aria-describedby=\"caption-attachment-1192\" class=\"alignnone wp-image-1192 size-thumbnail\" src=\"https:\/\/blogsaverroes.juntadeandalucia.es\/cristobalcolonweb\/files\/2023\/11\/FQ-150x150.png\" alt=\"\" width=\"150\" height=\"150\"><\/a><p id=\"caption-attachment-1192\" class=\"wp-caption-text\">F\u00cdSICAY QU\u00cdMICA<\/p><\/div><\/td>\n<td style=\"width: 16.2782%;height: 149px\"><div id=\"attachment_1239\" style=\"width: 160px\" class=\"wp-caption aligncenter\"><a title=\"Criterios de Ed. F\u00edsica\" href=\"https:\/\/drive.google.com\/file\/d\/1dr9yMj4ec-TsbtbYQVkw4r_RScjbjKwh\/view?usp=drive_link\" target=\"_blank\" rel=\"noopener noreferrer\"><img loading=\"lazy\" decoding=\"async\" aria-describedby=\"caption-attachment-1239\" class=\"alignnone wp-image-1239 size-thumbnail\" src=\"https:\/\/blogsaverroes.juntadeandalucia.es\/cristobalcolonweb\/files\/2023\/11\/EF-150x150.png\" alt=\"\" width=\"150\" height=\"150\"><\/a><p id=\"caption-attachment-1239\" class=\"wp-caption-text\">ED. F\u00cdSICA<\/p><\/div><\/td>\n<td style=\"width: 17.0127%;height: 149px\"><div id=\"attachment_1233\" style=\"width: 160px\" class=\"wp-caption aligncenter\"><a title=\"Criterios Ingl\u00e9s\" href=\"https:\/\/drive.google.com\/file\/d\/1reFdlnQ8n8hGdwWmka8ov03h4PiCXqj1\/view?usp=drive_link\" target=\"_blank\" rel=\"noopener noreferrer\"><img loading=\"lazy\" decoding=\"async\" aria-describedby=\"caption-attachment-1233\" class=\"alignnone wp-image-1233 size-thumbnail\" src=\"https:\/\/blogsaverroes.juntadeandalucia.es\/cristobalcolonweb\/files\/2023\/11\/iNGLES-150x150.png\" alt=\"\" width=\"150\" height=\"150\"><\/a><p id=\"caption-attachment-1233\" class=\"wp-caption-text\">INGL\u00c9S<\/p><\/div><\/td>\n<td style=\"width: 12.8411%;height: 149px\"><div id=\"attachment_1234\" style=\"width: 160px\" class=\"wp-caption aligncenter\"><a title=\"Criterios de M\u00fasica\" href=\"https:\/\/drive.google.com\/file\/d\/1i_oAw_c8A6moqz4KOFDDGWobV8Bl0eA1\/view?usp=drive_link\" target=\"_blank\" rel=\"noopener noreferrer\"><img loading=\"lazy\" decoding=\"async\" aria-describedby=\"caption-attachment-1234\" class=\"wp-image-1234 size-thumbnail\" src=\"https:\/\/blogsaverroes.juntadeandalucia.es\/cristobalcolonweb\/files\/2023\/11\/mUSICA-150x150.png\" alt=\"\" width=\"150\" height=\"150\"><\/a><p id=\"caption-attachment-1234\" class=\"wp-caption-text\">M\u00daSICA<\/p><\/div><\/td>\n<\/tr>\n<\/tbody>\n<\/table>\n<p>MATERIAS OPTATIVAS:<\/p>\n<table style=\"border-collapse: collapse;width: 66.8617%;height: 369px\">\n<tbody>\n<tr style=\"height: 149px\">\n<td style=\"width: 16.8998%;height: 197px\"><div id=\"attachment_1235\" style=\"width: 160px\" class=\"wp-caption aligncenter\"><img loading=\"lazy\" decoding=\"async\" aria-describedby=\"caption-attachment-1235\" class=\"wp-image-1235 size-thumbnail\" src=\"https:\/\/blogsaverroes.juntadeandalucia.es\/cristobalcolonweb\/files\/2023\/11\/fRANCES-150x150.png\" alt=\"\" width=\"150\" height=\"150\"><p id=\"caption-attachment-1235\" class=\"wp-caption-text\">FRANC\u00c9S<\/p><\/div><\/td>\n<td style=\"width: 16.2782%;height: 197px\"><div id=\"attachment_1236\" style=\"width: 160px\" class=\"wp-caption aligncenter\"><a title=\"Criterios de Rob\u00f3tica\" href=\"https:\/\/drive.google.com\/file\/d\/1srrdC54ePAPwQ8M24vbs7pLOvVGTdcY9\/view?usp=drive_link\" target=\"_blank\" rel=\"noopener noreferrer\"><img loading=\"lazy\" decoding=\"async\" aria-describedby=\"caption-attachment-1236\" class=\"alignnone wp-image-1236 size-thumbnail\" src=\"https:\/\/blogsaverroes.juntadeandalucia.es\/cristobalcolonweb\/files\/2023\/11\/rOBOTICA-150x150.png\" alt=\"\" width=\"150\" height=\"150\"><\/a><p id=\"caption-attachment-1236\" class=\"wp-caption-text\">COMPUTACI\u00d3N Y ROB\u00d3TICA<\/p><\/div><\/td>\n<td style=\"width: 17.0127%;height: 197px\">\n<p><a title=\"Criterios de Educaci\u00f3n Visual y Pl\u00e1stica\" href=\"https:\/\/drive.google.com\/file\/d\/1kzkUJWZBOL0Ls3_I7kQQcd8WyODkvMDG\/view?usp=drive_link\" target=\"_blank\" rel=\"noopener noreferrer\"><img loading=\"lazy\" decoding=\"async\" class=\"wp-image-1189 size-thumbnail aligncenter\" src=\"https:\/\/blogsaverroes.juntadeandalucia.es\/cristobalcolonweb\/files\/2023\/11\/dIBUJO-150x150.png\" alt=\"\" width=\"150\" height=\"150\"><\/a><\/p>\n<p>PROYECTO DE ECUACI\u00d3N PL\u00c1STICA AUDIOVISUAL<\/p>\n<\/td>\n<td style=\"width: 12.8411%;height: 197px\">\n<p>&nbsp;<\/p>\n<p><div id=\"attachment_1193\" style=\"width: 160px\" class=\"wp-caption aligncenter\"><a style=\"font-family: inherit;font-size: inherit\" title=\"Criterios de Master Tic\" href=\"https:\/\/drive.google.com\/file\/d\/1PgzWf4v0IkTpn3FbKWGYoTDmiAt9cRJ7\/view?usp=drive_link\" target=\"_blank\" rel=\"noopener noreferrer\"><img loading=\"lazy\" decoding=\"async\" aria-describedby=\"caption-attachment-1193\" class=\"alignnone wp-image-1193 size-thumbnail\" src=\"https:\/\/blogsaverroes.juntadeandalucia.es\/cristobalcolonweb\/files\/2023\/11\/TIC-150x150.png\" alt=\"\" width=\"150\" height=\"150\"><\/a><p id=\"caption-attachment-1193\" class=\"wp-caption-text\"><span style=\"font-family: inherit;font-size: inherit\"><span style=\"font-family: inherit;font-size: inherit\"><span style=\"font-family: inherit;font-size: inherit\"><span style=\"font-family: inherit;font-size: inherit\"><span style=\"font-family: inherit;font-size: inherit\"><span style=\"font-family: inherit;font-size: inherit\"><span style=\"font-family: inherit;font-size: inherit\"><span style=\"font-family: inherit;font-size: inherit\"><span style=\"font-family: inherit;font-size: inherit\"><span style=\"font-family: inherit;font-size: inherit\"><span style=\"font-family: inherit;font-size: inherit\"><span style=\"font-family: inherit;font-size: inherit\"> MASTER TIC<\/p><\/div><\/span><\/span><\/span><\/span><\/span><\/span><\/span><\/span><\/span><\/span><\/span><\/span><\/p>\n<p>&nbsp;<\/p>\n<p>&nbsp;<\/p>\n<\/td>\n<\/tr>\n<tr style=\"height: 149px\">\n<td style=\"width: 16.8998%;height: 149px\"><div id=\"attachment_1238\" style=\"width: 160px\" class=\"wp-caption aligncenter\"><a title=\"Criterios de Oratoria\" href=\"https:\/\/drive.google.com\/file\/d\/1kUZR5eV381Pme_tiVa6GB8ZOTXaNVTcM\/view?usp=drive_link\" target=\"_blank\" rel=\"noopener noreferrer\"><img loading=\"lazy\" decoding=\"async\" aria-describedby=\"caption-attachment-1238\" class=\"wp-image-1238 size-thumbnail\" src=\"https:\/\/blogsaverroes.juntadeandalucia.es\/cristobalcolonweb\/files\/2023\/11\/ORATORIA-150x150.png\" alt=\"\" width=\"150\" height=\"150\"><\/a><p id=\"caption-attachment-1238\" class=\"wp-caption-text\">ORATORIA Y DEBATE<\/p><\/div><\/td>\n<td style=\"width: 16.2782%;height: 149px\"><div id=\"attachment_1222\" style=\"width: 160px\" class=\"wp-caption aligncenter\"><img loading=\"lazy\" decoding=\"async\" aria-describedby=\"caption-attachment-1222\" class=\"wp-image-1222 size-thumbnail\" src=\"https:\/\/blogsaverroes.juntadeandalucia.es\/cristobalcolonweb\/files\/2023\/11\/ReligionCat-150x150.png\" alt=\"\" width=\"150\" height=\"150\"><p id=\"caption-attachment-1222\" class=\"wp-caption-text\">RELIGI\u00d3N CAT\u00d3LICA<\/p><\/div><\/td>\n<td style=\"width: 17.0127%;height: 149px\"><div id=\"attachment_1221\" style=\"width: 160px\" class=\"wp-caption aligncenter\"><img loading=\"lazy\" decoding=\"async\" aria-describedby=\"caption-attachment-1221\" class=\"wp-image-1221 size-thumbnail\" src=\"https:\/\/blogsaverroes.juntadeandalucia.es\/cristobalcolonweb\/files\/2023\/11\/ReligionEva-150x150.png\" alt=\"\" width=\"150\" height=\"150\"><p id=\"caption-attachment-1221\" class=\"wp-caption-text\">RELIGI\u00d3N EVANG\u00c9LICA<\/p><\/div><\/td>\n<td style=\"width: 12.8411%;height: 149px\">\n<p><a style=\"font-family: inherit;font-size: inherit\" href=\"https:\/\/drive.google.com\/file\/d\/1E-fO6wS7hjnA3THtmecVgXf6vnWSMdbS\/view?usp=drive_link\"><img loading=\"lazy\" decoding=\"async\" class=\"aligncenter wp-image-2095 size-full\" src=\"https:\/\/blogsaverroes.juntadeandalucia.es\/cristobalcolonweb\/files\/2025\/10\/2111125.png\" alt=\"\" width=\"512\" height=\"512\" srcset=\"https:\/\/blogsaverroes.juntadeandalucia.es\/cristobalcolonweb\/files\/2025\/10\/2111125.png 512w, https:\/\/blogsaverroes.juntadeandalucia.es\/cristobalcolonweb\/files\/2025\/10\/2111125-480x480.png 480w\" sizes=\"(min-width: 0px) and (max-width: 480px) 480px, (min-width: 481px) 512px, 100vw\" \/><\/a><\/p>\n<p>TECNOLOG\u00cdA<\/p>\n<\/td>\n<\/tr>\n<\/tbody>\n<\/table>\n<table style=\"border-collapse: collapse;width: 66.8874%\">\n<tbody>\n<tr>\n<td style=\"width: 17.0529%\">\n<p><a href=\"https:\/\/drive.google.com\/file\/d\/1NWUeDk-CLud_Vgs-VAGyADmVo-APBy7u\/view?usp=drive_link\"><img loading=\"lazy\" decoding=\"async\" class=\"aligncenter wp-image-2225\" src=\"https:\/\/blogsaverroes.juntadeandalucia.es\/cristobalcolonweb\/files\/2025\/10\/cartoon-maths-elements-background-education-logo-vector.jpg\" alt=\"\" width=\"183\" height=\"110\"><\/a><\/p>\n<p>REFUERZO DE MATEM\u00c1TICAS<\/p>\n<\/td>\n<td style=\"width: 16.5965%\">&nbsp;<\/td>\n<td style=\"width: 17.8407%\">&nbsp;<\/td>\n<td style=\"width: 15.3973%\">&nbsp;<\/td>\n<\/tr>\n<\/tbody>\n<\/table>\n<p>[\/et_pb_text][\/et_pb_column][\/et_pb_row][\/et_pb_section]<\/p>\n","protected":false},"excerpt":{"rendered":"<p>2\u00ba ESO Las materias de este curso son las siguientes (Si pulsas sobre ellas podr\u00e1s ver los criterios de evaluaci\u00f3n): MATERIAS COMUNES: &nbsp; &nbsp; &nbsp; MATERIAS OPTATIVAS: PROYECTO DE ECUACI\u00d3N PL\u00c1STICA AUDIOVISUAL &nbsp; &nbsp; &nbsp; TECNOLOG\u00cdA REFUERZO DE MATEM\u00c1TICAS &nbsp; &nbsp; &nbsp;<\/p>\n","protected":false},"author":18010,"featured_media":0,"parent":0,"menu_order":0,"comment_status":"closed","ping_status":"closed","template":"","meta":{"_et_pb_use_builder":"on","_et_pb_old_content":"","_et_gb_content_width":"","ngg_post_thumbnail":0,"footnotes":""},"aioseo_notices":[],"_links":{"self":[{"href":"https:\/\/blogsaverroes.juntadeandalucia.es\/cristobalcolonweb\/wp-json\/wp\/v2\/pages\/20"}],"collection":[{"href":"https:\/\/blogsaverroes.juntadeandalucia.es\/cristobalcolonweb\/wp-json\/wp\/v2\/pages"}],"about":[{"href":"https:\/\/blogsaverroes.juntadeandalucia.es\/cristobalcolonweb\/wp-json\/wp\/v2\/types\/page"}],"author":[{"embeddable":true,"href":"https:\/\/blogsaverroes.juntadeandalucia.es\/cristobalcolonweb\/wp-json\/wp\/v2\/users\/18010"}],"replies":[{"embeddable":true,"href":"https:\/\/blogsaverroes.juntadeandalucia.es\/cristobalcolonweb\/wp-json\/wp\/v2\/comments?post=20"}],"version-history":[{"count":24,"href":"https:\/\/blogsaverroes.juntadeandalucia.es\/cristobalcolonweb\/wp-json\/wp\/v2\/pages\/20\/revisions"}],"predecessor-version":[{"id":2317,"href":"https:\/\/blogsaverroes.juntadeandalucia.es\/cristobalcolonweb\/wp-json\/wp\/v2\/pages\/20\/revisions\/2317"}],"wp:attachment":[{"href":"https:\/\/blogsaverroes.juntadeandalucia.es\/cristobalcolonweb\/wp-json\/wp\/v2\/media?parent=20"}],"curies":[{"name":"wp","href":"https:\/\/api.w.org\/{rel}","templated":true}]}}