{"id":23,"date":"2020-01-10T07:41:50","date_gmt":"2020-01-10T06:41:50","guid":{"rendered":"http:\/\/blogsaverroes.juntadeandalucia.es\/pre\/nuevoiesv2\/?page_id=23"},"modified":"2025-11-10T15:19:53","modified_gmt":"2025-11-10T14:19:53","slug":"3o-eso","status":"publish","type":"page","link":"https:\/\/blogsaverroes.juntadeandalucia.es\/cristobalcolonweb\/3o-eso\/","title":{"rendered":"3\u00ba ESO"},"content":{"rendered":"<p>[et_pb_section fb_built=&#8221;1&#8243; _builder_version=&#8221;4.16&#8243; custom_padding=&#8221;0px||0px|&#8221; z_index_tablet=&#8221;500&#8243; box_shadow_horizontal_tablet=&#8221;0px&#8221; box_shadow_vertical_tablet=&#8221;0px&#8221; box_shadow_blur_tablet=&#8221;40px&#8221; box_shadow_spread_tablet=&#8221;0px&#8221; global_colors_info=&#8221;{}&#8221;][et_pb_row _builder_version=&#8221;4.16&#8243; background_size=&#8221;initial&#8221; background_position=&#8221;top_left&#8221; background_repeat=&#8221;repeat&#8221; global_colors_info=&#8221;{}&#8221;][et_pb_column type=&#8221;4_4&#8243; _builder_version=&#8221;4.16&#8243; custom_padding=&#8221;|||&#8221; global_colors_info=&#8221;{}&#8221; custom_padding__hover=&#8221;|||&#8221;][et_pb_image src=&#8221;https:\/\/blogsaverroes.juntadeandalucia.es\/cristobalcolonweb\/files\/2020\/01\/cabecera-interior-ies-3-2.png&#8221; admin_label=&#8221;Imagen de la portada&#8221; _builder_version=&#8221;4.16&#8243; vertical_offset_tablet=&#8221;0&#8243; horizontal_offset_tablet=&#8221;0&#8243; z_index_tablet=&#8221;500&#8243; box_shadow_horizontal_tablet=&#8221;0px&#8221; box_shadow_vertical_tablet=&#8221;0px&#8221; box_shadow_blur_tablet=&#8221;40px&#8221; box_shadow_spread_tablet=&#8221;0px&#8221; global_colors_info=&#8221;{}&#8221;][\/et_pb_image][et_pb_text admin_label=&#8221;Texto descriptivo&#8221; _builder_version=&#8221;4.24.2&#8243; hover_enabled=&#8221;0&#8243; z_index_tablet=&#8221;500&#8243; text_text_shadow_horizontal_length_tablet=&#8221;0px&#8221; text_text_shadow_vertical_length_tablet=&#8221;0px&#8221; text_text_shadow_blur_strength_tablet=&#8221;1px&#8221; link_text_shadow_horizontal_length_tablet=&#8221;0px&#8221; link_text_shadow_vertical_length_tablet=&#8221;0px&#8221; link_text_shadow_blur_strength_tablet=&#8221;1px&#8221; ul_text_shadow_horizontal_length_tablet=&#8221;0px&#8221; ul_text_shadow_vertical_length_tablet=&#8221;0px&#8221; ul_text_shadow_blur_strength_tablet=&#8221;1px&#8221; ol_text_shadow_horizontal_length_tablet=&#8221;0px&#8221; ol_text_shadow_vertical_length_tablet=&#8221;0px&#8221; ol_text_shadow_blur_strength_tablet=&#8221;1px&#8221; quote_text_shadow_horizontal_length_tablet=&#8221;0px&#8221; quote_text_shadow_vertical_length_tablet=&#8221;0px&#8221; quote_text_shadow_blur_strength_tablet=&#8221;1px&#8221; header_text_shadow_horizontal_length_tablet=&#8221;0px&#8221; header_text_shadow_vertical_length_tablet=&#8221;0px&#8221; header_text_shadow_blur_strength_tablet=&#8221;1px&#8221; header_2_text_shadow_horizontal_length_tablet=&#8221;0px&#8221; header_2_text_shadow_vertical_length_tablet=&#8221;0px&#8221; header_2_text_shadow_blur_strength_tablet=&#8221;1px&#8221; header_3_text_shadow_horizontal_length_tablet=&#8221;0px&#8221; header_3_text_shadow_vertical_length_tablet=&#8221;0px&#8221; header_3_text_shadow_blur_strength_tablet=&#8221;1px&#8221; header_4_text_shadow_horizontal_length_tablet=&#8221;0px&#8221; header_4_text_shadow_vertical_length_tablet=&#8221;0px&#8221; header_4_text_shadow_blur_strength_tablet=&#8221;1px&#8221; header_5_text_shadow_horizontal_length_tablet=&#8221;0px&#8221; header_5_text_shadow_vertical_length_tablet=&#8221;0px&#8221; header_5_text_shadow_blur_strength_tablet=&#8221;1px&#8221; header_6_text_shadow_horizontal_length_tablet=&#8221;0px&#8221; header_6_text_shadow_vertical_length_tablet=&#8221;0px&#8221; header_6_text_shadow_blur_strength_tablet=&#8221;1px&#8221; box_shadow_horizontal_tablet=&#8221;0px&#8221; box_shadow_vertical_tablet=&#8221;0px&#8221; box_shadow_blur_tablet=&#8221;40px&#8221; box_shadow_spread_tablet=&#8221;0px&#8221; global_colors_info=&#8221;{}&#8221; sticky_enabled=&#8221;0&#8243;]<\/p>\n<h2>3\u00ba ESO<\/h2>\n<p>Las materias de este curso son las siguientes (Si pulsas sobre ellas podr\u00e1s ver los criterios de evaluaci\u00f3n):<\/p>\n<p>MATERIAS COMUNES:<\/p>\n<table style=\"border-collapse: collapse;width: 66.8617%;height: 369px\">\n<tbody>\n<tr style=\"height: 149px\">\n<td style=\"width: 16.8998%;height: 197px\"><div id=\"attachment_1194\" style=\"width: 160px\" class=\"wp-caption aligncenter\"><a title=\"Criterios de Geograf\u00eda e Historia\" href=\"https:\/\/drive.google.com\/file\/d\/1UU-2KdlFwi7LzbkDf7bNv-oogp7cFcFU\/view?usp=drive_link\" target=\"_blank\" rel=\"noopener noreferrer\"><img loading=\"lazy\" decoding=\"async\" aria-describedby=\"caption-attachment-1194\" class=\"alignnone wp-image-1194 size-thumbnail\" src=\"https:\/\/blogsaverroes.juntadeandalucia.es\/cristobalcolonweb\/files\/2023\/11\/Geografia-150x150.png\" alt=\"\" width=\"150\" height=\"150\"><\/a><p id=\"caption-attachment-1194\" class=\"wp-caption-text\">GEOGRAF\u00cdA E HISTORIA<\/p><\/div><\/td>\n<td style=\"width: 16.2782%;height: 197px\"><div id=\"attachment_1190\" style=\"width: 160px\" class=\"wp-caption aligncenter\"><a title=\"Criterios de Matem\u00e1ticas\" href=\"https:\/\/drive.google.com\/file\/d\/1w1CwA2HuNDmAW6Gq_hpkgIqoq0QCHv0-\/view?usp=drive_link\" target=\"_blank\" rel=\"noopener noreferrer\"><img loading=\"lazy\" decoding=\"async\" aria-describedby=\"caption-attachment-1190\" class=\"alignnone wp-image-1190 size-thumbnail\" src=\"https:\/\/blogsaverroes.juntadeandalucia.es\/cristobalcolonweb\/files\/2023\/11\/Matematicas-150x150.png\" alt=\"\" width=\"150\" height=\"150\"><\/a><p id=\"caption-attachment-1190\" class=\"wp-caption-text\">MATEM\u00c1TICAS<\/p><\/div><\/td>\n<td style=\"width: 17.0127%;height: 197px\"><div id=\"attachment_1189\" style=\"width: 160px\" class=\"wp-caption aligncenter\"><a title=\"Criterios de Educaci\u00f3n Visual y Pl\u00e1stica\" href=\"https:\/\/drive.google.com\/file\/d\/1AmI__z6gtrLjBRyNWAmtXMj99prWYhG_\/view?usp=drive_link\" target=\"_blank\" rel=\"noopener noreferrer\"><img loading=\"lazy\" decoding=\"async\" aria-describedby=\"caption-attachment-1189\" class=\"wp-image-1189 size-thumbnail\" src=\"https:\/\/blogsaverroes.juntadeandalucia.es\/cristobalcolonweb\/files\/2023\/11\/dIBUJO-150x150.png\" alt=\"\" width=\"150\" height=\"150\"><\/a><p id=\"caption-attachment-1189\" class=\"wp-caption-text\">ED. VISUAL Y PL\u00c1STICA<\/p><\/div><\/td>\n<td style=\"width: 12.8411%;height: 197px\">\n<p>&nbsp;<\/p>\n<p><div id=\"attachment_1188\" style=\"width: 160px\" class=\"wp-caption aligncenter\"><a style=\"font-family: inherit;font-size: inherit\" title=\"Criterios de Lengua y Literatura\" href=\"https:\/\/drive.google.com\/file\/d\/11qULXSRVu9mp4A4oNV217sRLoMSl-sK0\/view?usp=drive_link\" target=\"_blank\" rel=\"noopener noreferrer\"><img loading=\"lazy\" decoding=\"async\" aria-describedby=\"caption-attachment-1188\" class=\"alignnone wp-image-1188 size-thumbnail\" src=\"https:\/\/blogsaverroes.juntadeandalucia.es\/cristobalcolonweb\/files\/2023\/11\/Lengua-150x150.png\" alt=\"\" width=\"150\" height=\"150\"><\/a><p id=\"caption-attachment-1188\" class=\"wp-caption-text\"><span style=\"font-family: inherit;font-size: inherit\"><span style=\"font-family: inherit;font-size: inherit\"><span style=\"font-family: inherit;font-size: inherit\"><span style=\"font-family: inherit;font-size: inherit\"><span style=\"font-family: inherit;font-size: inherit\"><span style=\"font-family: inherit;font-size: inherit\"><span style=\"font-family: inherit;font-size: inherit\"><span style=\"font-family: inherit;font-size: inherit\"><span style=\"font-family: inherit;font-size: inherit\"><span style=\"font-family: inherit;font-size: inherit\"><span style=\"font-family: inherit;font-size: inherit\"> LENGUA Y LITERATURA<\/p><\/div><\/span><\/span><\/span><\/span><\/span><\/span><\/span><\/span><\/span><\/span><\/span><\/p>\n<p>&nbsp;<\/p>\n<p>&nbsp;<\/p>\n<\/td>\n<\/tr>\n<tr style=\"height: 149px\">\n<td style=\"width: 16.8998%;height: 149px\"><div id=\"attachment_1191\" style=\"width: 160px\" class=\"wp-caption aligncenter\"><a title=\"Criterios de Biolog\u00eda y Geolog\u00eda\" href=\"https:\/\/drive.google.com\/file\/d\/1YOrPxhOBNSz0HFW22v89uHkyy-rDgnYy\/view?usp=drive_link\" target=\"_blank\" rel=\"noopener noreferrer\"><img loading=\"lazy\" decoding=\"async\" aria-describedby=\"caption-attachment-1191\" class=\"alignnone wp-image-1191 size-thumbnail\" src=\"https:\/\/blogsaverroes.juntadeandalucia.es\/cristobalcolonweb\/files\/2023\/11\/bIO-150x150.png\" alt=\"\" width=\"150\" height=\"150\"><\/a><p id=\"caption-attachment-1191\" class=\"wp-caption-text\">BIOLOG\u00cdA Y GEOLOG\u00cdA<\/p><\/div><\/td>\n<td style=\"width: 16.2782%;height: 149px\"><div id=\"attachment_1239\" style=\"width: 160px\" class=\"wp-caption aligncenter\"><a title=\"Criterios de Ed. F\u00edsica\" href=\"https:\/\/drive.google.com\/file\/d\/1jtICEPTqU6z3BE_PwUNacyjN8XZAfTR7\/view?usp=drive_link\" target=\"_blank\" rel=\"noopener noreferrer\"><img loading=\"lazy\" decoding=\"async\" aria-describedby=\"caption-attachment-1239\" class=\"alignnone wp-image-1239 size-thumbnail\" src=\"https:\/\/blogsaverroes.juntadeandalucia.es\/cristobalcolonweb\/files\/2023\/11\/EF-150x150.png\" alt=\"\" width=\"150\" height=\"150\"><\/a><p id=\"caption-attachment-1239\" class=\"wp-caption-text\">ED. F\u00cdSICA<\/p><\/div><\/td>\n<td style=\"width: 17.0127%;height: 149px\"><div id=\"attachment_1233\" style=\"width: 160px\" class=\"wp-caption aligncenter\"><a title=\"Criterios Ingl\u00e9s\" href=\"https:\/\/drive.google.com\/file\/d\/1evQUkcQHs9WtlXd6VOur4lGhAYrEitlD\/view?usp=drive_link\" target=\"_blank\" rel=\"noopener noreferrer\"><img loading=\"lazy\" decoding=\"async\" aria-describedby=\"caption-attachment-1233\" class=\"alignnone wp-image-1233 size-thumbnail\" src=\"https:\/\/blogsaverroes.juntadeandalucia.es\/cristobalcolonweb\/files\/2023\/11\/iNGLES-150x150.png\" alt=\"\" width=\"150\" height=\"150\"><\/a><p id=\"caption-attachment-1233\" class=\"wp-caption-text\">INGL\u00c9S<\/p><\/div><\/td>\n<td style=\"width: 12.8411%;height: 149px\"><a title=\"Criterios de Tecnolog\u00eda\" href=\"https:\/\/drive.google.com\/file\/d\/1aET0XrTFwJEClTc4WtnUBeXO6rcTxs2l\/view?usp=drive_link\" target=\"_blank\" rel=\"noopener noreferrer\"><img loading=\"lazy\" decoding=\"async\" class=\"aligncenter wp-image-1262 size-thumbnail\" src=\"https:\/\/blogsaverroes.juntadeandalucia.es\/cristobalcolonweb\/files\/2023\/11\/TEcnologia-150x150.png\" alt=\"\" width=\"150\" height=\"150\"><\/a>TECNOLOG\u00cdA<\/td>\n<\/tr>\n<\/tbody>\n<\/table>\n<p>MATERIAS OPTATIVAS:<\/p>\n<table style=\"border-collapse: collapse;width: 66.8617%;height: 369px\">\n<tbody>\n<tr style=\"height: 149px\">\n<td style=\"width: 16.8998%;height: 197px\"><div id=\"attachment_1236\" style=\"width: 160px\" class=\"wp-caption aligncenter\"><a title=\"Criterios de Rob\u00f3tica\" href=\"https:\/\/drive.google.com\/file\/d\/1qPZMgWHrkTF_bVITSIDW5eeT8On2Y2k4\/view?usp=drive_link\" target=\"_blank\" rel=\"noopener noreferrer\"><img loading=\"lazy\" decoding=\"async\" aria-describedby=\"caption-attachment-1236\" class=\"alignnone wp-image-1236 size-thumbnail\" src=\"https:\/\/blogsaverroes.juntadeandalucia.es\/cristobalcolonweb\/files\/2023\/11\/rOBOTICA-150x150.png\" alt=\"\" width=\"150\" height=\"150\"><\/a><p id=\"caption-attachment-1236\" class=\"wp-caption-text\">COMPUTACI\u00d3N Y ROB\u00d3TICA<\/p><\/div><\/td>\n<td style=\"width: 16.2782%;height: 197px\">\n<p>&nbsp;<\/p>\n<p><div id=\"attachment_1193\" style=\"width: 160px\" class=\"wp-caption aligncenter\"><img loading=\"lazy\" decoding=\"async\" aria-describedby=\"caption-attachment-1193\" class=\"alignnone wp-image-1193 size-thumbnail\" src=\"https:\/\/blogsaverroes.juntadeandalucia.es\/cristobalcolonweb\/files\/2023\/11\/TIC-150x150.png\" alt=\"\" width=\"150\" height=\"150\"><p id=\"caption-attachment-1193\" class=\"wp-caption-text\">MASTER TIC<\/p><\/div><\/td>\n<td style=\"width: 17.0127%;height: 197px\"><div id=\"attachment_1238\" style=\"width: 160px\" class=\"wp-caption aligncenter\"><a title=\"Criterios de Oratoria\" href=\"https:\/\/drive.google.com\/file\/d\/10JTSoQTbwVhrZjGbBtSEs-KB8qzYCOjn\/view?usp=drive_link\" target=\"_blank\" rel=\"noopener noreferrer\"><img loading=\"lazy\" decoding=\"async\" aria-describedby=\"caption-attachment-1238\" class=\"wp-image-1238 size-thumbnail\" src=\"https:\/\/blogsaverroes.juntadeandalucia.es\/cristobalcolonweb\/files\/2023\/11\/ORATORIA-150x150.png\" alt=\"\" width=\"150\" height=\"150\"><\/a><p id=\"caption-attachment-1238\" class=\"wp-caption-text\">ORATORIA Y DEBATE<\/p><\/div><\/td>\n<td style=\"width: 12.8411%;height: 197px\">\n<p><a href=\"https:\/\/drive.google.com\/file\/d\/1Dmz4UBJz8Lajmdk2P9cFMZhCMyCs1Yf_\/view?usp=drive_link\"><img loading=\"lazy\" decoding=\"async\" class=\"aligncenter wp-image-2027 size-full\" src=\"https:\/\/blogsaverroes.juntadeandalucia.es\/cristobalcolonweb\/files\/2025\/10\/Captura-de-pantalla-2025-10-13-202742.png\" alt=\"\" width=\"168\" height=\"172\"><\/a>&nbsp;<\/p>\n<p>F\u00cdSICA Y QU\u00cdMICA<\/p>\n<\/td>\n<\/tr>\n<tr style=\"height: 149px\">\n<td style=\"width: 16.8998%;height: 149px\">\n<p><a href=\"https:\/\/drive.google.com\/file\/d\/13PsHD4HDzqKTcHFdt-u-fXXo4bKCxfiO\/view?usp=drive_link\"><img loading=\"lazy\" decoding=\"async\" class=\"aligncenter wp-image-2133 size-full\" src=\"https:\/\/blogsaverroes.juntadeandalucia.es\/cristobalcolonweb\/files\/2025\/10\/cultura-clasica-3.png\" alt=\"\" width=\"500\" height=\"332\" srcset=\"https:\/\/blogsaverroes.juntadeandalucia.es\/cristobalcolonweb\/files\/2025\/10\/cultura-clasica-3.png 500w, https:\/\/blogsaverroes.juntadeandalucia.es\/cristobalcolonweb\/files\/2025\/10\/cultura-clasica-3-480x319.png 480w\" sizes=\"(min-width: 0px) and (max-width: 480px) 480px, (min-width: 481px) 500px, 100vw\" \/><\/a><\/p>\n<p>CULTURA CL\u00c1SICA<\/p>\n<\/td>\n<td style=\"width: 16.2782%;height: 149px\">\n<p>&nbsp;<\/p>\n<p>&nbsp;<\/p>\n<\/td>\n<td style=\"width: 17.0127%;height: 149px\">&nbsp;<\/td>\n<td style=\"width: 12.8411%;height: 149px\">&nbsp;<\/td>\n<\/tr>\n<\/tbody>\n<\/table>\n<p>MATERIAS DE DIVERSIFICACI\u00d3N<\/p>\n<table style=\"border-collapse: collapse;width: 35.5132%\">\n<tbody>\n<tr>\n<td style=\"width: 18.0464%\">\n<p><a href=\"https:\/\/drive.google.com\/file\/d\/1aFmrRalvaC0incvK3JdCOor9NHEfcx16\/view?usp=drive_link\"><img loading=\"lazy\" decoding=\"async\" class=\"aligncenter wp-image-1288 size-full\" src=\"https:\/\/blogsaverroes.juntadeandalucia.es\/cristobalcolonweb\/files\/2023\/11\/AmbitoLS.png\" alt=\"\" width=\"150\" height=\"150\"><\/a><\/p>\n<p>\u00c1MBITO LING\u00dc\u00cdSTICO<\/p>\n<p>&nbsp;<\/p>\n<\/td>\n<td style=\"width: 17.4668%\">\n<p><a href=\"https:\/\/drive.google.com\/file\/d\/1TmcuBGulEYCeWt9E78DNHxP1Q9yeJbP4\/view?usp=drive_link\"><img loading=\"lazy\" decoding=\"async\" class=\"aligncenter wp-image-1287 size-full\" src=\"https:\/\/blogsaverroes.juntadeandalucia.es\/cristobalcolonweb\/files\/2023\/11\/AmbitoCT.png\" alt=\"\" width=\"150\" height=\"150\"><\/a><\/p>\n<p>\u00c1MBITO CIENT\u00cdFICO MATEM\u00c1TICO<\/p>\n<p>&nbsp;<\/p>\n<\/td>\n<\/tr>\n<\/tbody>\n<\/table>\n<p>[\/et_pb_text][\/et_pb_column][\/et_pb_row][\/et_pb_section]<\/p>\n","protected":false},"excerpt":{"rendered":"<p>3\u00ba ESO Las materias de este curso son las siguientes (Si pulsas sobre ellas podr\u00e1s ver los criterios de evaluaci\u00f3n): MATERIAS COMUNES: &nbsp; &nbsp; &nbsp; TECNOLOG\u00cdA MATERIAS OPTATIVAS: &nbsp; &nbsp; F\u00cdSICA Y QU\u00cdMICA CULTURA CL\u00c1SICA &nbsp; &nbsp; &nbsp; &nbsp; MATERIAS DE DIVERSIFICACI\u00d3N \u00c1MBITO LING\u00dc\u00cdSTICO &nbsp; \u00c1MBITO CIENT\u00cdFICO MATEM\u00c1TICO &nbsp;<\/p>\n","protected":false},"author":18010,"featured_media":0,"parent":0,"menu_order":0,"comment_status":"closed","ping_status":"closed","template":"","meta":{"_et_pb_use_builder":"on","_et_pb_old_content":"","_et_gb_content_width":"","ngg_post_thumbnail":0,"footnotes":""},"aioseo_notices":[],"_links":{"self":[{"href":"https:\/\/blogsaverroes.juntadeandalucia.es\/cristobalcolonweb\/wp-json\/wp\/v2\/pages\/23"}],"collection":[{"href":"https:\/\/blogsaverroes.juntadeandalucia.es\/cristobalcolonweb\/wp-json\/wp\/v2\/pages"}],"about":[{"href":"https:\/\/blogsaverroes.juntadeandalucia.es\/cristobalcolonweb\/wp-json\/wp\/v2\/types\/page"}],"author":[{"embeddable":true,"href":"https:\/\/blogsaverroes.juntadeandalucia.es\/cristobalcolonweb\/wp-json\/wp\/v2\/users\/18010"}],"replies":[{"embeddable":true,"href":"https:\/\/blogsaverroes.juntadeandalucia.es\/cristobalcolonweb\/wp-json\/wp\/v2\/comments?post=23"}],"version-history":[{"count":25,"href":"https:\/\/blogsaverroes.juntadeandalucia.es\/cristobalcolonweb\/wp-json\/wp\/v2\/pages\/23\/revisions"}],"predecessor-version":[{"id":2324,"href":"https:\/\/blogsaverroes.juntadeandalucia.es\/cristobalcolonweb\/wp-json\/wp\/v2\/pages\/23\/revisions\/2324"}],"wp:attachment":[{"href":"https:\/\/blogsaverroes.juntadeandalucia.es\/cristobalcolonweb\/wp-json\/wp\/v2\/media?parent=23"}],"curies":[{"name":"wp","href":"https:\/\/api.w.org\/{rel}","templated":true}]}}