{"id":352,"date":"2020-02-13T10:51:34","date_gmt":"2020-02-13T09:51:34","guid":{"rendered":"http:\/\/blogsaverroes.juntadeandalucia.es\/pre\/nuevoiesv2\/?page_id=352"},"modified":"2025-10-13T20:02:06","modified_gmt":"2025-10-13T18:02:06","slug":"planes-y-proyectos","status":"publish","type":"page","link":"https:\/\/blogsaverroes.juntadeandalucia.es\/cristobalcolonweb\/planes-y-proyectos\/","title":{"rendered":"Planes y Proyectos"},"content":{"rendered":"<p>[et_pb_section fb_built=&#8221;1&#8243; _builder_version=&#8221;4.16&#8243; global_colors_info=&#8221;{}&#8221;][et_pb_row _builder_version=&#8221;4.16&#8243; custom_margin=&#8221;-20px|||&#8221; z_index_tablet=&#8221;500&#8243; box_shadow_horizontal_tablet=&#8221;0px&#8221; box_shadow_vertical_tablet=&#8221;0px&#8221; box_shadow_blur_tablet=&#8221;40px&#8221; box_shadow_spread_tablet=&#8221;0px&#8221; global_colors_info=&#8221;{}&#8221;][et_pb_column type=&#8221;4_4&#8243; _builder_version=&#8221;4.16&#8243; custom_padding=&#8221;|||&#8221; global_colors_info=&#8221;{}&#8221; custom_padding__hover=&#8221;|||&#8221;][et_pb_image src=&#8221;https:\/\/blogsaverroes.juntadeandalucia.es\/cristobalcolonweb\/files\/2024\/12\/Captura-de-pantalla-2024-12-23-094430.png&#8221; title_text=&#8221;Captura de pantalla 2024-12-23 094430&#8243; admin_label=&#8221;Imagen de la portada&#8221; _builder_version=&#8221;4.24.2&#8243; vertical_offset_tablet=&#8221;0&#8243; horizontal_offset_tablet=&#8221;0&#8243; z_index_tablet=&#8221;500&#8243; box_shadow_horizontal_tablet=&#8221;0px&#8221; box_shadow_vertical_tablet=&#8221;0px&#8221; box_shadow_blur_tablet=&#8221;40px&#8221; box_shadow_spread_tablet=&#8221;0px&#8221; global_colors_info=&#8221;{}&#8221;][\/et_pb_image][et_pb_text admin_label=&#8221;Texto descriptivo&#8221; _builder_version=&#8221;4.24.2&#8243; hover_enabled=&#8221;0&#8243; z_index_tablet=&#8221;500&#8243; text_text_shadow_horizontal_length_tablet=&#8221;0px&#8221; text_text_shadow_vertical_length_tablet=&#8221;0px&#8221; text_text_shadow_blur_strength_tablet=&#8221;1px&#8221; link_text_shadow_horizontal_length_tablet=&#8221;0px&#8221; link_text_shadow_vertical_length_tablet=&#8221;0px&#8221; link_text_shadow_blur_strength_tablet=&#8221;1px&#8221; ul_text_shadow_horizontal_length_tablet=&#8221;0px&#8221; ul_text_shadow_vertical_length_tablet=&#8221;0px&#8221; ul_text_shadow_blur_strength_tablet=&#8221;1px&#8221; ol_text_shadow_horizontal_length_tablet=&#8221;0px&#8221; ol_text_shadow_vertical_length_tablet=&#8221;0px&#8221; ol_text_shadow_blur_strength_tablet=&#8221;1px&#8221; quote_text_shadow_horizontal_length_tablet=&#8221;0px&#8221; quote_text_shadow_vertical_length_tablet=&#8221;0px&#8221; quote_text_shadow_blur_strength_tablet=&#8221;1px&#8221; header_text_shadow_horizontal_length_tablet=&#8221;0px&#8221; header_text_shadow_vertical_length_tablet=&#8221;0px&#8221; header_text_shadow_blur_strength_tablet=&#8221;1px&#8221; header_2_text_shadow_horizontal_length_tablet=&#8221;0px&#8221; header_2_text_shadow_vertical_length_tablet=&#8221;0px&#8221; header_2_text_shadow_blur_strength_tablet=&#8221;1px&#8221; header_3_text_shadow_horizontal_length_tablet=&#8221;0px&#8221; header_3_text_shadow_vertical_length_tablet=&#8221;0px&#8221; header_3_text_shadow_blur_strength_tablet=&#8221;1px&#8221; header_4_text_shadow_horizontal_length_tablet=&#8221;0px&#8221; header_4_text_shadow_vertical_length_tablet=&#8221;0px&#8221; header_4_text_shadow_blur_strength_tablet=&#8221;1px&#8221; header_5_text_shadow_horizontal_length_tablet=&#8221;0px&#8221; header_5_text_shadow_vertical_length_tablet=&#8221;0px&#8221; header_5_text_shadow_blur_strength_tablet=&#8221;1px&#8221; header_6_text_shadow_horizontal_length_tablet=&#8221;0px&#8221; header_6_text_shadow_vertical_length_tablet=&#8221;0px&#8221; header_6_text_shadow_blur_strength_tablet=&#8221;1px&#8221; box_shadow_horizontal_tablet=&#8221;0px&#8221; box_shadow_vertical_tablet=&#8221;0px&#8221; box_shadow_blur_tablet=&#8221;40px&#8221; box_shadow_spread_tablet=&#8221;0px&#8221; global_colors_info=&#8221;{}&#8221; sticky_enabled=&#8221;0&#8243;]<\/p>\n<h2>Planes y Proyectos<\/h2>\n<p><span style=\"font-weight: 400\">El centro viene ofreciendo en los \u00faltimos cursos servicios y numerosos programas y proyectos:<\/span><\/p>\n<ol>\n<li style=\"font-weight: 400\"><span style=\"font-weight: 400\">Servicio de transporte escolar.<\/span><\/li>\n<li style=\"font-weight: 400\"><span style=\"font-weight: 400\">Servicio de Acompa\u00f1amiento escolar dentro del PROA.&nbsp;<\/span><\/li>\n<li style=\"font-weight: 400\"><span style=\"font-weight: 400\">Programa PROA+ Transf\u00f3rmate.&nbsp;<\/span><\/li>\n<li style=\"font-weight: 400\"><span style=\"font-weight: 400\">Programa M\u00e1s Equidad.<\/span><\/li>\n<li style=\"font-weight: 400\">Bibliotecas escolares.<\/li>\n<li style=\"font-weight: 400\"><span style=\"font-weight: 400\">Plan de Actuaci\u00f3n Digital.<\/span><\/li>\n<li>Bienestar emocional.<\/li>\n<li>Plan C\u00f3digo escuela 4.0.<\/li>\n<li style=\"font-weight: 400\"><span style=\"font-weight: 400\">Plan de Igualdad de g\u00e9nero en Andaluc\u00eda.<\/span><\/li>\n<li>Pacto de Estado: prevenci\u00f3n violencia de g\u00e9nero.<\/li>\n<li style=\"font-weight: 400\">Comunica.<\/li>\n<li style=\"font-weight: 400\">STEM.<\/li>\n<li style=\"font-weight: 400\">H\u00e1bitos de vida saludable.<\/li>\n<li>Programas culturales.<\/li>\n<li>AulaDJaque.<\/li>\n<li>Emprendimiento educativo.<\/li>\n<li>Plan de Cooperaci\u00f3n territorial en competencia lectora y matem\u00e1tica.<\/li>\n<li>Pr\u00e1cticum.<\/li>\n<li>Programa Aulas Verdes (solicitado).<\/li>\n<\/ol>\n<p>&nbsp;<\/p>\n<p><span style=\"font-weight: 400\">Desde 2006 es nominalmente un centro TIC y en los \u00faltimos a\u00f1os ha llegado al centro una gran dotaci\u00f3n de dispositivos electr\u00f3nicos, lo que facilita la incorporaci\u00f3n de las TIC en el d\u00eda a d\u00eda del aula.<\/span><\/p>\n<p>&nbsp;<\/p>\n<p>[\/et_pb_text][\/et_pb_column][\/et_pb_row][\/et_pb_section]<\/p>\n","protected":false},"excerpt":{"rendered":"<p>Planes y Proyectos El centro viene ofreciendo en los \u00faltimos cursos servicios y numerosos programas y proyectos: Servicio de transporte escolar. Servicio de Acompa\u00f1amiento escolar dentro del PROA.&nbsp; Programa PROA+ Transf\u00f3rmate.&nbsp; Programa M\u00e1s Equidad. Bibliotecas escolares. Plan de Actuaci\u00f3n Digital. Bienestar emocional. Plan C\u00f3digo escuela 4.0. Plan de Igualdad de g\u00e9nero en Andaluc\u00eda. Pacto de [&hellip;]<\/p>\n","protected":false},"author":18010,"featured_media":0,"parent":0,"menu_order":0,"comment_status":"closed","ping_status":"closed","template":"","meta":{"_et_pb_use_builder":"on","_et_pb_old_content":"","_et_gb_content_width":"","ngg_post_thumbnail":0,"footnotes":""},"aioseo_notices":[],"_links":{"self":[{"href":"https:\/\/blogsaverroes.juntadeandalucia.es\/cristobalcolonweb\/wp-json\/wp\/v2\/pages\/352"}],"collection":[{"href":"https:\/\/blogsaverroes.juntadeandalucia.es\/cristobalcolonweb\/wp-json\/wp\/v2\/pages"}],"about":[{"href":"https:\/\/blogsaverroes.juntadeandalucia.es\/cristobalcolonweb\/wp-json\/wp\/v2\/types\/page"}],"author":[{"embeddable":true,"href":"https:\/\/blogsaverroes.juntadeandalucia.es\/cristobalcolonweb\/wp-json\/wp\/v2\/users\/18010"}],"replies":[{"embeddable":true,"href":"https:\/\/blogsaverroes.juntadeandalucia.es\/cristobalcolonweb\/wp-json\/wp\/v2\/comments?post=352"}],"version-history":[{"count":6,"href":"https:\/\/blogsaverroes.juntadeandalucia.es\/cristobalcolonweb\/wp-json\/wp\/v2\/pages\/352\/revisions"}],"predecessor-version":[{"id":2008,"href":"https:\/\/blogsaverroes.juntadeandalucia.es\/cristobalcolonweb\/wp-json\/wp\/v2\/pages\/352\/revisions\/2008"}],"wp:attachment":[{"href":"https:\/\/blogsaverroes.juntadeandalucia.es\/cristobalcolonweb\/wp-json\/wp\/v2\/media?parent=352"}],"curies":[{"name":"wp","href":"https:\/\/api.w.org\/{rel}","templated":true}]}}