{"id":2241,"date":"2020-04-16T11:07:36","date_gmt":"2020-04-16T10:07:36","guid":{"rendered":"http:\/\/blogsaverroes.juntadeandalucia.es\/cristoballuqueonieva\/?page_id=2241"},"modified":"2020-05-31T09:50:16","modified_gmt":"2020-05-31T08:50:16","slug":"cristobal-luque-onieva","status":"publish","type":"page","link":"https:\/\/blogsaverroes.juntadeandalucia.es\/cristoballuqueonieva\/","title":{"rendered":"Crist\u00f3bal Luque Onieva"},"content":{"rendered":"<p><img loading=\"lazy\" decoding=\"async\" class=\"aligncenter size-full wp-image-2327\" src=\"https:\/\/blogsaverroes.juntadeandalucia.es\/cristoballuqueonieva\/files\/2020\/04\/colegio-cristobal-luque-onieva.jpg\" alt=\"Colegio Crist\u00f3bal Luque Onieva\" width=\"1200\" height=\"800\" srcset=\"https:\/\/blogsaverroes.juntadeandalucia.es\/cristoballuqueonieva\/files\/2020\/04\/colegio-cristobal-luque-onieva.jpg 900w, https:\/\/blogsaverroes.juntadeandalucia.es\/cristoballuqueonieva\/files\/2020\/04\/colegio-cristobal-luque-onieva-300x200.jpg 300w, https:\/\/blogsaverroes.juntadeandalucia.es\/cristoballuqueonieva\/files\/2020\/04\/colegio-cristobal-luque-onieva-768x512.jpg 768w, https:\/\/blogsaverroes.juntadeandalucia.es\/cristoballuqueonieva\/files\/2020\/04\/colegio-cristobal-luque-onieva-700x467.jpg 700w, https:\/\/blogsaverroes.juntadeandalucia.es\/cristoballuqueonieva\/files\/2020\/04\/colegio-cristobal-luque-onieva-24x16.jpg 24w, https:\/\/blogsaverroes.juntadeandalucia.es\/cristoballuqueonieva\/files\/2020\/04\/colegio-cristobal-luque-onieva-36x24.jpg 36w, https:\/\/blogsaverroes.juntadeandalucia.es\/cristoballuqueonieva\/files\/2020\/04\/colegio-cristobal-luque-onieva-48x32.jpg 48w\" sizes=\"(max-width: 1200px) 100vw, 1200px\" \/><\/p>\n<p style=\"text-align: justify\">El <strong>CEIP Crist\u00f3bal Luque Onieva<\/strong> es un centro de educaci\u00f3n infantil y primaria dependiente de la red de colegios p\u00fablicos de la Junta de Andaluc\u00eda. Nuestro centro se encuentra en <strong>Priego de C\u00f3rdoba<\/strong>, concretamente en la calle Haza Luna.<\/p>\n<p style=\"text-align: justify\">Los principios que rigen nuestro colegio son las buenas relaciones interpersonales y la armon\u00eda entre los diferentes miembros de la comunidad educativa. Nos basamos en la <strong>educaci\u00f3n en valores<\/strong>, la <strong>solidaridad<\/strong>, la <strong>tolerancia<\/strong>, la <strong>conciencia ecol\u00f3gica<\/strong> y el <strong>respeto por los dem\u00e1s<\/strong>. Para ello asumimos el reto de la educaci\u00f3n en el uso de las nuevas tecnolog\u00edas.<\/p>\n<p style=\"text-align: justify\">Te invitamos a que conoscas nuestro colegio &#8230;<\/p>\n<h2>Noticias<\/h2>\n<div class=\"pt-cv-wrapper\"><div class=\"pt-cv-view pt-cv-grid pt-cv-colsys\" id=\"pt-cv-view-8fe0de92nd\"><div data-id=\"pt-cv-page-1\" class=\"pt-cv-page\" data-cvc=\"2\"><div class=\"col-md-6 col-sm-6 col-xs-12 pt-cv-content-item pt-cv-1-col\" ><div class='pt-cv-ifield'><a href=\"https:\/\/blogsaverroes.juntadeandalucia.es\/cristoballuqueonieva\/visita-al-conservatorio\/\" class=\"_self pt-cv-href-thumbnail pt-cv-thumb-default\" target=\"_self\" ><img loading=\"lazy\" decoding=\"async\" width=\"300\" height=\"225\" src=\"https:\/\/blogsaverroes.juntadeandalucia.es\/cristoballuqueonieva\/files\/2026\/04\/WhatsApp-Image-2026-04-26-at-13.33.15-300x225.jpeg\" class=\"pt-cv-thumbnail\" alt=\"\" srcset=\"https:\/\/blogsaverroes.juntadeandalucia.es\/cristoballuqueonieva\/files\/2026\/04\/WhatsApp-Image-2026-04-26-at-13.33.15-300x225.jpeg 300w, https:\/\/blogsaverroes.juntadeandalucia.es\/cristoballuqueonieva\/files\/2026\/04\/WhatsApp-Image-2026-04-26-at-13.33.15-1024x768.jpeg 1024w, https:\/\/blogsaverroes.juntadeandalucia.es\/cristoballuqueonieva\/files\/2026\/04\/WhatsApp-Image-2026-04-26-at-13.33.15-768x576.jpeg 768w, https:\/\/blogsaverroes.juntadeandalucia.es\/cristoballuqueonieva\/files\/2026\/04\/WhatsApp-Image-2026-04-26-at-13.33.15-1536x1152.jpeg 1536w, https:\/\/blogsaverroes.juntadeandalucia.es\/cristoballuqueonieva\/files\/2026\/04\/WhatsApp-Image-2026-04-26-at-13.33.15.jpeg 1600w\" sizes=\"(max-width: 300px) 100vw, 300px\" \/><\/a>\n<h4 class=\"pt-cv-title\"><a href=\"https:\/\/blogsaverroes.juntadeandalucia.es\/cristoballuqueonieva\/visita-al-conservatorio\/\" class=\"_self\" target=\"_self\" >VISITA AL CONSERVATORIO<\/a><\/h4>\n<div class=\"pt-cv-content\">\u00a1Hoy la m\u00fasica ha sido la protagonista! \ud83c\udfb6 Nuestros alumnos y alumnas de 2\u00ba y 3\u00ba de Primaria han vivido ...<br \/><div class=\"pt-cv-rmwrap\"><a href=\"https:\/\/blogsaverroes.juntadeandalucia.es\/cristoballuqueonieva\/visita-al-conservatorio\/\" class=\"_self pt-cv-readmore btn btn-success\" target=\"_self\">Leer M\u00e1s<\/a><\/div><\/div><\/div><\/div>\n<div class=\"col-md-6 col-sm-6 col-xs-12 pt-cv-content-item pt-cv-1-col\" ><div class='pt-cv-ifield'><a href=\"https:\/\/blogsaverroes.juntadeandalucia.es\/cristoballuqueonieva\/tanborrada-2026\/\" class=\"_self pt-cv-href-thumbnail pt-cv-thumb-default\" target=\"_self\" ><img loading=\"lazy\" decoding=\"async\" width=\"225\" height=\"300\" src=\"https:\/\/blogsaverroes.juntadeandalucia.es\/cristoballuqueonieva\/files\/2026\/04\/WhatsApp-Image-2026-04-26-at-13.30.09-225x300.jpeg\" class=\"pt-cv-thumbnail\" alt=\"\" srcset=\"https:\/\/blogsaverroes.juntadeandalucia.es\/cristoballuqueonieva\/files\/2026\/04\/WhatsApp-Image-2026-04-26-at-13.30.09-225x300.jpeg 225w, https:\/\/blogsaverroes.juntadeandalucia.es\/cristoballuqueonieva\/files\/2026\/04\/WhatsApp-Image-2026-04-26-at-13.30.09-768x1024.jpeg 768w, https:\/\/blogsaverroes.juntadeandalucia.es\/cristoballuqueonieva\/files\/2026\/04\/WhatsApp-Image-2026-04-26-at-13.30.09-1152x1536.jpeg 1152w, https:\/\/blogsaverroes.juntadeandalucia.es\/cristoballuqueonieva\/files\/2026\/04\/WhatsApp-Image-2026-04-26-at-13.30.09.jpeg 1200w\" sizes=\"(max-width: 225px) 100vw, 225px\" \/><\/a>\n<h4 class=\"pt-cv-title\"><a href=\"https:\/\/blogsaverroes.juntadeandalucia.es\/cristoballuqueonieva\/tanborrada-2026\/\" class=\"_self\" target=\"_self\" >Tanborrada 2026<\/a><\/h4>\n<div class=\"pt-cv-content\">\u200b\u00a1Qu\u00e9 d\u00eda tan incre\u00edble vivimos en el CEIP Crist\u00f3bal Luque Onieva! \ud83e\udd41\u2728 \u200bNuestra tradicional Tamborada volvi\u00f3 a llenar el colegio ...<br \/><div class=\"pt-cv-rmwrap\"><a href=\"https:\/\/blogsaverroes.juntadeandalucia.es\/cristoballuqueonieva\/tanborrada-2026\/\" class=\"_self pt-cv-readmore btn btn-success\" target=\"_self\">Leer M\u00e1s<\/a><\/div><\/div><\/div><\/div>\n<div class=\"col-md-6 col-sm-6 col-xs-12 pt-cv-content-item pt-cv-1-col\" ><div class='pt-cv-ifield'><a href=\"https:\/\/blogsaverroes.juntadeandalucia.es\/cristoballuqueonieva\/taller-de-higiene-de-manos-para-el-alumnado-infantil-del-ceip-cristobal-luque-onieva\/\" class=\"_self pt-cv-href-thumbnail pt-cv-thumb-default\" target=\"_self\" ><img loading=\"lazy\" decoding=\"async\" width=\"225\" height=\"300\" src=\"https:\/\/blogsaverroes.juntadeandalucia.es\/cristoballuqueonieva\/files\/2026\/04\/taller-manos-3-225x300.jpeg\" class=\"pt-cv-thumbnail\" alt=\"\" srcset=\"https:\/\/blogsaverroes.juntadeandalucia.es\/cristoballuqueonieva\/files\/2026\/04\/taller-manos-3-225x300.jpeg 225w, https:\/\/blogsaverroes.juntadeandalucia.es\/cristoballuqueonieva\/files\/2026\/04\/taller-manos-3-768x1024.jpeg 768w, https:\/\/blogsaverroes.juntadeandalucia.es\/cristoballuqueonieva\/files\/2026\/04\/taller-manos-3-1152x1536.jpeg 1152w, https:\/\/blogsaverroes.juntadeandalucia.es\/cristoballuqueonieva\/files\/2026\/04\/taller-manos-3.jpeg 1200w\" sizes=\"(max-width: 225px) 100vw, 225px\" \/><\/a>\n<h4 class=\"pt-cv-title\"><a href=\"https:\/\/blogsaverroes.juntadeandalucia.es\/cristoballuqueonieva\/taller-de-higiene-de-manos-para-el-alumnado-infantil-del-ceip-cristobal-luque-onieva\/\" class=\"_self\" target=\"_self\" >Taller de higiene de manos para el alumnado infantil del CEIP Crist\u00f3bal Luque Onieva<\/a><\/h4>\n<div class=\"pt-cv-content\">El alumnado de 4 a\u00f1os y de Educaci\u00f3n Infantil del CEIP Crist\u00f3bal Luque Onieva ha participado en un divertido y ...<br \/><div class=\"pt-cv-rmwrap\"><a href=\"https:\/\/blogsaverroes.juntadeandalucia.es\/cristoballuqueonieva\/taller-de-higiene-de-manos-para-el-alumnado-infantil-del-ceip-cristobal-luque-onieva\/\" class=\"_self pt-cv-readmore btn btn-success\" target=\"_self\">Leer M\u00e1s<\/a><\/div><\/div><\/div><\/div>\n<div class=\"col-md-6 col-sm-6 col-xs-12 pt-cv-content-item pt-cv-1-col\" ><div class='pt-cv-ifield'><a href=\"https:\/\/blogsaverroes.juntadeandalucia.es\/cristoballuqueonieva\/el-alumnado-de-5o-y-2o-de-religion-expone-sus-maquetas-de-tronos-de-semana-santa\/\" class=\"_self pt-cv-href-thumbnail pt-cv-thumb-default\" target=\"_self\" ><img loading=\"lazy\" decoding=\"async\" width=\"300\" height=\"169\" src=\"https:\/\/blogsaverroes.juntadeandalucia.es\/cristoballuqueonieva\/files\/2026\/03\/imagen-destacada-semana-santa-maquetas-300x169.jpeg\" class=\"pt-cv-thumbnail\" alt=\"\" srcset=\"https:\/\/blogsaverroes.juntadeandalucia.es\/cristoballuqueonieva\/files\/2026\/03\/imagen-destacada-semana-santa-maquetas-300x169.jpeg 300w, https:\/\/blogsaverroes.juntadeandalucia.es\/cristoballuqueonieva\/files\/2026\/03\/imagen-destacada-semana-santa-maquetas-1024x576.jpeg 1024w, https:\/\/blogsaverroes.juntadeandalucia.es\/cristoballuqueonieva\/files\/2026\/03\/imagen-destacada-semana-santa-maquetas-768x432.jpeg 768w, https:\/\/blogsaverroes.juntadeandalucia.es\/cristoballuqueonieva\/files\/2026\/03\/imagen-destacada-semana-santa-maquetas-1536x864.jpeg 1536w, https:\/\/blogsaverroes.juntadeandalucia.es\/cristoballuqueonieva\/files\/2026\/03\/imagen-destacada-semana-santa-maquetas.jpeg 1600w\" sizes=\"(max-width: 300px) 100vw, 300px\" \/><\/a>\n<h4 class=\"pt-cv-title\"><a href=\"https:\/\/blogsaverroes.juntadeandalucia.es\/cristoballuqueonieva\/el-alumnado-de-5o-y-2o-de-religion-expone-sus-maquetas-de-tronos-de-semana-santa\/\" class=\"_self\" target=\"_self\" >El alumnado de 5\u00ba y 2\u00ba de religi\u00f3n expone sus maquetas de tronos de Semana Santa.<\/a><\/h4>\n<div class=\"pt-cv-content\">Los alumnos del CEIP CRIST\u00d3BAL LUQUE ONIEVA de 5\u00ba y 2\u00ba durante el mes de marzo hemos estado elaborando nuestras ...<br \/><div class=\"pt-cv-rmwrap\"><a href=\"https:\/\/blogsaverroes.juntadeandalucia.es\/cristoballuqueonieva\/el-alumnado-de-5o-y-2o-de-religion-expone-sus-maquetas-de-tronos-de-semana-santa\/\" class=\"_self pt-cv-readmore btn btn-success\" target=\"_self\">Leer M\u00e1s<\/a><\/div><\/div><\/div><\/div><\/div><\/div><\/div>\n<h2>Contacto<\/h2>\n<p>Este es nuestro formulario de contacto para dudas, aclaraciones o sugerencias &#8230;<\/p>\n<form method=\"post\" id=\"cntctfrm_contact_form\" class=\"cntctfrm_contact_form cntctfrm_one_column cntctfrm_ltr cntctfrm_width_default\" action=\"\/cristoballuqueonieva\/wp-json\/wp\/v2\/pages\/2241#cntctfrm_contact_form\" enctype=\"multipart\/form-data\"><div id=\"cntctfrm_first_column\" class=\"cntctfrm_column\"><div class=\"cntctfrm_field_wrap cntctfrm_field_name_wrap\"namecontact><div class=\"cntctfrm_label cntctfrm_label_name\">\n\t\t\t\t\t\t\t\t\t<label for=\"cntctfrm_contact_name\">Nombre: <span class=\"required\">*<\/span><\/label><\/div><div class=\"cntctfrm_input cntctfrm_input_name\">\n\t\t\t\t\t\t\t\t\t<input namecontact class=\"text\" type=\"text\" size=\"40\" pattern=\"^[\\p{L}\\p{M}]{3,}(\\s\\p{M}*\\p{L}+)*\" title=\"Please enter only letters at least 3 characters, words seperated by spaces\" value=\"\" name=\"cntctfrm_contact_name\" id=\"cntctfrm_contact_name\" \/><\/div><\/div><div class=\"cntctfrm_field_wrap cntctfrm_field_email_wrap\"email><div class=\"cntctfrm_label cntctfrm_label_email\">\n\t\t\t\t\t\t\t\t\t<label for=\"cntctfrm_contact_email\">Direcci\u00f3n de correo electr\u00f3nico: <span class=\"required\">*<\/span><\/label>\n\t\t\t\t\t\t\t\t<\/div><div class=\"cntctfrm_input cntctfrm_input_email\">\n\t\t\t\t\t\t\t\t\t<input email class=\"text\" type=\"email\" size=\"40\" value=\"\" name=\"cntctfrm_contact_email\" id=\"cntctfrm_contact_email\" \/><\/div><\/div><div class=\"cntctfrm_field_wrap cntctfrm_field_subject_wrap\"subject><div class=\"cntctfrm_label cntctfrm_label_subject\">\n\t\t\t\t\t\t\t\t\t<label for=\"cntctfrm_contact_subject\">Asunto: <span class=\"required\">*<\/span><\/label>\n\t\t\t\t\t\t\t\t<\/div><div class=\"cntctfrm_input cntctfrm_input_subject\">\n\t\t\t\t\t\t\t\t<input subject pattern=\"^[\\p{M}\\p{L}]{3,}(\\s\\p{M}*\\p{L}+)*\" title=\"Please enter only letters at least 3 characters, words seperated by spaces\" class=\"text\" type=\"text\" size=\"40\" value=\"\" name=\"cntctfrm_contact_subject\" id=\"cntctfrm_contact_subject\" \/><\/div><\/div><div class=\"cntctfrm_field_wrap cntctfrm_field_message_wrap\"message><div class=\"cntctfrm_label cntctfrm_label_message\">\n\t\t\t\t\t\t\t\t<label for=\"cntctfrm_contact_message\">Mensaje: <span class=\"required\">*<\/span><\/label>\n\t\t\t\t\t\t\t<\/div><div class=\"cntctfrm_input cntctfrm_input_message\">\n\t\t\t\t\t\t\t\t<textarea message rows=\"5\" cols=\"30\"name=\"cntctfrm_contact_message\" id=\"cntctfrm_contact_message\"><\/textarea><\/div><\/div><\/div><div class=\"clear\"><\/div><div class=\"cntctfrm_submit_wrap\"><div id=\"cntctfrm_submit_first_column\" class=\"cntctfrm_column\"><div class=\"cntctfrm_input cntctfrm_input_submit\"><input type=\"hidden\" value=\"send\" name=\"cntctfrm_contact_action\">\n\t\t\t\t\t\t\t<input type=\"hidden\" value=\"default\" name=\"cntctfrm_language\">\n\t\t\t\t\t\t\t<input type=\"hidden\" value=\"1\" name=\"cntctfrm_form_submited\">\n\t\t\t\t\t\t\t<input type=\"hidden\" value=\"cntctfrm_options\" name=\"cntctfrm_options_name\">\n\t\t\t\t\t\t\t<input type=\"submit\" value=\"Enviar\" class=\"cntctfrm_contact_submit\" \/>\n\t\t\t\t\t\t<\/div><\/div><div id=\"cntctfrm_submit_second_column\" class=\"cntctfrm_column\"><\/div><div class=\"clear\"><\/div>\n\t\t\t<\/div>\n\t\t\t<\/form>\n","protected":false},"excerpt":{"rendered":"<p>El CEIP Crist\u00f3bal Luque Onieva es un centro de educaci\u00f3n infantil y primaria dependiente de la red de colegios p\u00fablicos de la Junta de Andaluc\u00eda. Nuestro centro se encuentra en Priego de C\u00f3rdoba, concretamente&#46;&#46;&#46;<\/p>\n","protected":false},"author":1829,"featured_media":0,"parent":0,"menu_order":0,"comment_status":"closed","ping_status":"closed","template":"","meta":{"ngg_post_thumbnail":0,"footnotes":"","_mc_calendar":[]},"aioseo_notices":[],"_links":{"self":[{"href":"https:\/\/blogsaverroes.juntadeandalucia.es\/cristoballuqueonieva\/wp-json\/wp\/v2\/pages\/2241"}],"collection":[{"href":"https:\/\/blogsaverroes.juntadeandalucia.es\/cristoballuqueonieva\/wp-json\/wp\/v2\/pages"}],"about":[{"href":"https:\/\/blogsaverroes.juntadeandalucia.es\/cristoballuqueonieva\/wp-json\/wp\/v2\/types\/page"}],"author":[{"embeddable":true,"href":"https:\/\/blogsaverroes.juntadeandalucia.es\/cristoballuqueonieva\/wp-json\/wp\/v2\/users\/1829"}],"replies":[{"embeddable":true,"href":"https:\/\/blogsaverroes.juntadeandalucia.es\/cristoballuqueonieva\/wp-json\/wp\/v2\/comments?post=2241"}],"version-history":[{"count":24,"href":"https:\/\/blogsaverroes.juntadeandalucia.es\/cristoballuqueonieva\/wp-json\/wp\/v2\/pages\/2241\/revisions"}],"predecessor-version":[{"id":2660,"href":"https:\/\/blogsaverroes.juntadeandalucia.es\/cristoballuqueonieva\/wp-json\/wp\/v2\/pages\/2241\/revisions\/2660"}],"wp:attachment":[{"href":"https:\/\/blogsaverroes.juntadeandalucia.es\/cristoballuqueonieva\/wp-json\/wp\/v2\/media?parent=2241"}],"curies":[{"name":"wp","href":"https:\/\/api.w.org\/{rel}","templated":true}]}}