{"id":2291,"date":"2020-04-20T10:40:21","date_gmt":"2020-04-20T09:40:21","guid":{"rendered":"http:\/\/blogsaverroes.juntadeandalucia.es\/cristoballuqueonieva\/?page_id=2291"},"modified":"2020-06-01T09:40:38","modified_gmt":"2020-06-01T08:40:38","slug":"educacion-primaria","status":"publish","type":"page","link":"https:\/\/blogsaverroes.juntadeandalucia.es\/cristoballuqueonieva\/educacion-primaria\/","title":{"rendered":"Educaci\u00f3n Primaria"},"content":{"rendered":"<p style=\"text-align: justify\"><img loading=\"lazy\" decoding=\"async\" class=\"aligncenter size-full wp-image-2298\" src=\"https:\/\/blogsaverroes.juntadeandalucia.es\/cristoballuqueonieva\/files\/2020\/04\/educacion-primaria.jpg\" alt=\"Educaci\u00f3n Primaria\" width=\"1200\" height=\"800\" srcset=\"https:\/\/blogsaverroes.juntadeandalucia.es\/cristoballuqueonieva\/files\/2020\/04\/educacion-primaria.jpg 900w, https:\/\/blogsaverroes.juntadeandalucia.es\/cristoballuqueonieva\/files\/2020\/04\/educacion-primaria-300x200.jpg 300w, https:\/\/blogsaverroes.juntadeandalucia.es\/cristoballuqueonieva\/files\/2020\/04\/educacion-primaria-768x512.jpg 768w, https:\/\/blogsaverroes.juntadeandalucia.es\/cristoballuqueonieva\/files\/2020\/04\/educacion-primaria-700x467.jpg 700w, https:\/\/blogsaverroes.juntadeandalucia.es\/cristoballuqueonieva\/files\/2020\/04\/educacion-primaria-24x16.jpg 24w, https:\/\/blogsaverroes.juntadeandalucia.es\/cristoballuqueonieva\/files\/2020\/04\/educacion-primaria-36x24.jpg 36w, https:\/\/blogsaverroes.juntadeandalucia.es\/cristoballuqueonieva\/files\/2020\/04\/educacion-primaria-48x32.jpg 48w\" sizes=\"(max-width: 1200px) 100vw, 1200px\" \/><\/p>\n<p style=\"text-align: justify\">En el <strong>CEIP Crist\u00f3bal Luque Onieva<\/strong> contamos con dos l\u00edneas de primaria en todos sus cursos. Esta educaci\u00f3n primaria es obligatoria y comprende a todos los ni\u00f1os y ni\u00f1as que cumplen de <strong>6 a 12 a\u00f1os<\/strong> en el a\u00f1o natural. Para cursar la educaci\u00f3n primaria no es necesario que se hayan realizado los cursos de la educaci\u00f3n infantil.<\/p>\n<p style=\"text-align: justify\">Durante esta etapa educativa, los alumnos y alumnas aprenden expresi\u00f3n y <strong>comprensi\u00f3n oral<\/strong>. Adem\u00e1s se les prepara en la <strong>escritura<\/strong>, la <strong>lectura<\/strong>, el <strong>c\u00e1lculo<\/strong>, la adquisici\u00f3n de <strong>nociones b\u00e1sicas de la cultura<\/strong>, los <strong>h\u00e1bitos de convivencia<\/strong>, <strong>estudio<\/strong> y <strong>trabajo<\/strong>, el <strong>sentido art\u00edstico<\/strong>, la <strong>creatividad<\/strong> y la <strong>afectividad<\/strong>. El resultado de esta etapa educativa es garantizar al alumnado una formaci\u00f3n integral y prepararlo para la Educaci\u00f3n Secundaria Obligatoria.<\/p>\n<p style=\"text-align: justify\">Para comprobar el avance de los alumnos en las distintas materias, en <strong>3\u00ba y 6\u00ba<\/strong> se realizan <strong>evaluaciones individualizadas<\/strong>.<\/p>\n<div class=\"pt-cv-wrapper\"><div class=\"pt-cv-view pt-cv-grid pt-cv-colsys\" id=\"pt-cv-view-a5911ddosy\"><div data-id=\"pt-cv-page-1\" class=\"pt-cv-page\" data-cvc=\"2\"><div class=\"col-md-6 col-sm-6 col-xs-12 pt-cv-content-item pt-cv-1-col\" ><div class='pt-cv-ifield'><a href=\"https:\/\/blogsaverroes.juntadeandalucia.es\/cristoballuqueonieva\/celebrando-el-8m\/\" class=\"_self pt-cv-href-thumbnail pt-cv-thumb-default\" target=\"_self\" ><img loading=\"lazy\" decoding=\"async\" width=\"169\" height=\"300\" src=\"https:\/\/blogsaverroes.juntadeandalucia.es\/cristoballuqueonieva\/files\/2026\/03\/DIA-DE-LA-MUJER-FOTO-169x300.png\" class=\"pt-cv-thumbnail\" alt=\"\" srcset=\"https:\/\/blogsaverroes.juntadeandalucia.es\/cristoballuqueonieva\/files\/2026\/03\/DIA-DE-LA-MUJER-FOTO-169x300.png 169w, https:\/\/blogsaverroes.juntadeandalucia.es\/cristoballuqueonieva\/files\/2026\/03\/DIA-DE-LA-MUJER-FOTO-576x1024.png 576w, https:\/\/blogsaverroes.juntadeandalucia.es\/cristoballuqueonieva\/files\/2026\/03\/DIA-DE-LA-MUJER-FOTO-768x1365.png 768w, https:\/\/blogsaverroes.juntadeandalucia.es\/cristoballuqueonieva\/files\/2026\/03\/DIA-DE-LA-MUJER-FOTO-864x1536.png 864w, https:\/\/blogsaverroes.juntadeandalucia.es\/cristoballuqueonieva\/files\/2026\/03\/DIA-DE-LA-MUJER-FOTO.png 900w\" sizes=\"(max-width: 169px) 100vw, 169px\" \/><\/a>\n<h4 class=\"pt-cv-title\"><a href=\"https:\/\/blogsaverroes.juntadeandalucia.es\/cristoballuqueonieva\/celebrando-el-8m\/\" class=\"_self\" target=\"_self\" >\u00a1CELEBRANDO EL 8M!<\/a><\/h4>\n<div class=\"pt-cv-content\">\ud83d\udc9c \u00a1Celebrando el 8M en el CEIP Crist\u00f3bal Luque Onieva! \ud83d\udc9c Este D\u00eda Internacional de la Mujer ha sido muy ...<br \/><div class=\"pt-cv-rmwrap\"><a href=\"https:\/\/blogsaverroes.juntadeandalucia.es\/cristoballuqueonieva\/celebrando-el-8m\/\" class=\"_self pt-cv-readmore btn btn-success\" target=\"_self\">Leer M\u00e1s<\/a><\/div><\/div><\/div><\/div>\n<div class=\"col-md-6 col-sm-6 col-xs-12 pt-cv-content-item pt-cv-1-col\" ><div class='pt-cv-ifield'><a href=\"https:\/\/blogsaverroes.juntadeandalucia.es\/cristoballuqueonieva\/manos-de-barro\/\" class=\"_self pt-cv-href-thumbnail pt-cv-thumb-default\" target=\"_self\" ><img loading=\"lazy\" decoding=\"async\" width=\"300\" height=\"225\" src=\"https:\/\/blogsaverroes.juntadeandalucia.es\/cristoballuqueonieva\/files\/2026\/03\/WhatsApp-Image-2026-03-07-at-13.53.53-300x225.jpeg\" class=\"pt-cv-thumbnail\" alt=\"\" srcset=\"https:\/\/blogsaverroes.juntadeandalucia.es\/cristoballuqueonieva\/files\/2026\/03\/WhatsApp-Image-2026-03-07-at-13.53.53-300x225.jpeg 300w, https:\/\/blogsaverroes.juntadeandalucia.es\/cristoballuqueonieva\/files\/2026\/03\/WhatsApp-Image-2026-03-07-at-13.53.53-1024x768.jpeg 1024w, https:\/\/blogsaverroes.juntadeandalucia.es\/cristoballuqueonieva\/files\/2026\/03\/WhatsApp-Image-2026-03-07-at-13.53.53-768x576.jpeg 768w, https:\/\/blogsaverroes.juntadeandalucia.es\/cristoballuqueonieva\/files\/2026\/03\/WhatsApp-Image-2026-03-07-at-13.53.53-1536x1152.jpeg 1536w, https:\/\/blogsaverroes.juntadeandalucia.es\/cristoballuqueonieva\/files\/2026\/03\/WhatsApp-Image-2026-03-07-at-13.53.53.jpeg 1600w\" sizes=\"(max-width: 300px) 100vw, 300px\" \/><\/a>\n<h4 class=\"pt-cv-title\"><a href=\"https:\/\/blogsaverroes.juntadeandalucia.es\/cristoballuqueonieva\/manos-de-barro\/\" class=\"_self\" target=\"_self\" >MANOS DE BARRO<\/a><\/h4>\n<div class=\"pt-cv-content\">\u00a1Manos de barro, corazones contentos! \ud83c\udffa\ud83d\udce6\u2728 El pasado viernes 6 de marzo, nuestro alumnado de 1\u00ba Ciclo vivi\u00f3 una jornada ...<br \/><div class=\"pt-cv-rmwrap\"><a href=\"https:\/\/blogsaverroes.juntadeandalucia.es\/cristoballuqueonieva\/manos-de-barro\/\" class=\"_self pt-cv-readmore btn btn-success\" target=\"_self\">Leer M\u00e1s<\/a><\/div><\/div><\/div><\/div>\n<div class=\"col-md-6 col-sm-6 col-xs-12 pt-cv-content-item pt-cv-1-col\" ><div class='pt-cv-ifield'><a href=\"https:\/\/blogsaverroes.juntadeandalucia.es\/cristoballuqueonieva\/concurso-de-chritsmas-2025\/\" class=\"_self pt-cv-href-thumbnail pt-cv-thumb-default\" target=\"_self\" ><img loading=\"lazy\" decoding=\"async\" width=\"226\" height=\"300\" src=\"https:\/\/blogsaverroes.juntadeandalucia.es\/cristoballuqueonieva\/files\/2026\/01\/WhatsApp-Image-2026-01-14-at-18.26.26-226x300.jpeg\" class=\"pt-cv-thumbnail\" alt=\"\" srcset=\"https:\/\/blogsaverroes.juntadeandalucia.es\/cristoballuqueonieva\/files\/2026\/01\/WhatsApp-Image-2026-01-14-at-18.26.26-226x300.jpeg 226w, https:\/\/blogsaverroes.juntadeandalucia.es\/cristoballuqueonieva\/files\/2026\/01\/WhatsApp-Image-2026-01-14-at-18.26.26-771x1024.jpeg 771w, https:\/\/blogsaverroes.juntadeandalucia.es\/cristoballuqueonieva\/files\/2026\/01\/WhatsApp-Image-2026-01-14-at-18.26.26-768x1021.jpeg 768w, https:\/\/blogsaverroes.juntadeandalucia.es\/cristoballuqueonieva\/files\/2026\/01\/WhatsApp-Image-2026-01-14-at-18.26.26-1156x1536.jpeg 1156w, https:\/\/blogsaverroes.juntadeandalucia.es\/cristoballuqueonieva\/files\/2026\/01\/WhatsApp-Image-2026-01-14-at-18.26.26.jpeg 1204w\" sizes=\"(max-width: 226px) 100vw, 226px\" \/><\/a>\n<h4 class=\"pt-cv-title\"><a href=\"https:\/\/blogsaverroes.juntadeandalucia.es\/cristoballuqueonieva\/concurso-de-chritsmas-2025\/\" class=\"_self\" target=\"_self\" >Concurso de Chritsmas 2025<\/a><\/h4>\n<div class=\"pt-cv-content\">\u00a1Orgullo m\u00e1ximo en nuestro colegio! \ud83c\udfa8\u2728 Estamos de celebraci\u00f3n porque el talento y la creatividad de nuestros alumnos han brillado ...<br \/><div class=\"pt-cv-rmwrap\"><a href=\"https:\/\/blogsaverroes.juntadeandalucia.es\/cristoballuqueonieva\/concurso-de-chritsmas-2025\/\" class=\"_self pt-cv-readmore btn btn-success\" target=\"_self\">Leer M\u00e1s<\/a><\/div><\/div><\/div><\/div>\n<div class=\"col-md-6 col-sm-6 col-xs-12 pt-cv-content-item pt-cv-1-col\" ><div class='pt-cv-ifield'><a href=\"https:\/\/blogsaverroes.juntadeandalucia.es\/cristoballuqueonieva\/visita-al-ayuntamiento\/\" class=\"_self pt-cv-href-thumbnail pt-cv-thumb-default\" target=\"_self\" ><img loading=\"lazy\" decoding=\"async\" width=\"300\" height=\"225\" src=\"https:\/\/blogsaverroes.juntadeandalucia.es\/cristoballuqueonieva\/files\/2025\/12\/NINOS-1o-AYUNTAMIENTO-300x225.jpeg\" class=\"pt-cv-thumbnail\" alt=\"\" srcset=\"https:\/\/blogsaverroes.juntadeandalucia.es\/cristoballuqueonieva\/files\/2025\/12\/NINOS-1o-AYUNTAMIENTO-300x225.jpeg 300w, https:\/\/blogsaverroes.juntadeandalucia.es\/cristoballuqueonieva\/files\/2025\/12\/NINOS-1o-AYUNTAMIENTO-1024x768.jpeg 1024w, https:\/\/blogsaverroes.juntadeandalucia.es\/cristoballuqueonieva\/files\/2025\/12\/NINOS-1o-AYUNTAMIENTO-768x576.jpeg 768w, https:\/\/blogsaverroes.juntadeandalucia.es\/cristoballuqueonieva\/files\/2025\/12\/NINOS-1o-AYUNTAMIENTO-1536x1152.jpeg 1536w, https:\/\/blogsaverroes.juntadeandalucia.es\/cristoballuqueonieva\/files\/2025\/12\/NINOS-1o-AYUNTAMIENTO.jpeg 1600w\" sizes=\"(max-width: 300px) 100vw, 300px\" \/><\/a>\n<h4 class=\"pt-cv-title\"><a href=\"https:\/\/blogsaverroes.juntadeandalucia.es\/cristoballuqueonieva\/visita-al-ayuntamiento\/\" class=\"_self\" target=\"_self\" >VISITA AL AYUNTAMIENTO<\/a><\/h4>\n<div class=\"pt-cv-content\">El alumnado de 1\u00ba ha realizado una visita muy especial al Ayuntamiento con motivo del D\u00eda de la Constituci\u00f3n ( ...<br \/><div class=\"pt-cv-rmwrap\"><a href=\"https:\/\/blogsaverroes.juntadeandalucia.es\/cristoballuqueonieva\/visita-al-ayuntamiento\/\" class=\"_self pt-cv-readmore btn btn-success\" target=\"_self\">Leer M\u00e1s<\/a><\/div><\/div><\/div><\/div>\n<div class=\"col-md-6 col-sm-6 col-xs-12 pt-cv-content-item pt-cv-1-col\" ><div class='pt-cv-ifield'><a href=\"https:\/\/blogsaverroes.juntadeandalucia.es\/cristoballuqueonieva\/la-hora-del-codigo-2025-en-el-ceip-cristobal-luque-onieva-iniciando-el-pensamiento-computacional-desde-infantil-y-primaria\/\" class=\"_self pt-cv-href-thumbnail pt-cv-thumb-default\" target=\"_self\" ><img loading=\"lazy\" decoding=\"async\" width=\"300\" height=\"225\" src=\"https:\/\/blogsaverroes.juntadeandalucia.es\/cristoballuqueonieva\/files\/2025\/11\/hora-codigo-25-300x225.jpeg\" class=\"pt-cv-thumbnail\" alt=\"\" srcset=\"https:\/\/blogsaverroes.juntadeandalucia.es\/cristoballuqueonieva\/files\/2025\/11\/hora-codigo-25-300x225.jpeg 300w, https:\/\/blogsaverroes.juntadeandalucia.es\/cristoballuqueonieva\/files\/2025\/11\/hora-codigo-25-1024x768.jpeg 1024w, https:\/\/blogsaverroes.juntadeandalucia.es\/cristoballuqueonieva\/files\/2025\/11\/hora-codigo-25-768x576.jpeg 768w, https:\/\/blogsaverroes.juntadeandalucia.es\/cristoballuqueonieva\/files\/2025\/11\/hora-codigo-25-1536x1152.jpeg 1536w, https:\/\/blogsaverroes.juntadeandalucia.es\/cristoballuqueonieva\/files\/2025\/11\/hora-codigo-25.jpeg 1600w\" sizes=\"(max-width: 300px) 100vw, 300px\" \/><\/a>\n<h4 class=\"pt-cv-title\"><a href=\"https:\/\/blogsaverroes.juntadeandalucia.es\/cristoballuqueonieva\/la-hora-del-codigo-2025-en-el-ceip-cristobal-luque-onieva-iniciando-el-pensamiento-computacional-desde-infantil-y-primaria\/\" class=\"_self\" target=\"_self\" >La Hora del C\u00f3digo 2025 en el CEIP Crist\u00f3bal Luque Onieva: iniciando el pensamiento computacional desde Infantil y Primaria<\/a><\/h4>\n<div class=\"pt-cv-content\">En el CEIP Crist\u00f3bal Luque Onieva, la Hora del C\u00f3digo 2025 se ha convertido en una oportunidad para acercar el ...<br \/><div class=\"pt-cv-rmwrap\"><a href=\"https:\/\/blogsaverroes.juntadeandalucia.es\/cristoballuqueonieva\/la-hora-del-codigo-2025-en-el-ceip-cristobal-luque-onieva-iniciando-el-pensamiento-computacional-desde-infantil-y-primaria\/\" class=\"_self pt-cv-readmore btn btn-success\" target=\"_self\">Leer M\u00e1s<\/a><\/div><\/div><\/div><\/div>\n<div class=\"col-md-6 col-sm-6 col-xs-12 pt-cv-content-item pt-cv-1-col\" ><div class='pt-cv-ifield'><a href=\"https:\/\/blogsaverroes.juntadeandalucia.es\/cristoballuqueonieva\/xi-dia-de-la-educacion-%e2%98%ba%ef%b8%8f%e2%98%ba%ef%b8%8f\/\" class=\"_self pt-cv-href-thumbnail pt-cv-thumb-default\" target=\"_self\" ><\/a>\n<h4 class=\"pt-cv-title\"><a href=\"https:\/\/blogsaverroes.juntadeandalucia.es\/cristoballuqueonieva\/xi-dia-de-la-educacion-%e2%98%ba%ef%b8%8f%e2%98%ba%ef%b8%8f\/\" class=\"_self\" target=\"_self\" >XI d\u00eda de la Educaci\u00f3n. \u263a\ufe0f\u263a\ufe0f<\/a><\/h4>\n<div class=\"pt-cv-content\">Organizado por el Ayuntamiento de Priego de C\u00f3rdoba - Oficial. Genial el entorno , la m\u00fasica en directo, la conferencia ...<br \/><div class=\"pt-cv-rmwrap\"><a href=\"https:\/\/blogsaverroes.juntadeandalucia.es\/cristoballuqueonieva\/xi-dia-de-la-educacion-%e2%98%ba%ef%b8%8f%e2%98%ba%ef%b8%8f\/\" class=\"_self pt-cv-readmore btn btn-success\" target=\"_self\">Leer M\u00e1s<\/a><\/div><\/div><\/div><\/div>\n<div class=\"col-md-6 col-sm-6 col-xs-12 pt-cv-content-item pt-cv-1-col\" ><div class='pt-cv-ifield'><a href=\"https:\/\/blogsaverroes.juntadeandalucia.es\/cristoballuqueonieva\/dia-europeo-de-la-musica\/\" class=\"_self pt-cv-href-thumbnail pt-cv-thumb-default\" target=\"_self\" ><\/a>\n<h4 class=\"pt-cv-title\"><a href=\"https:\/\/blogsaverroes.juntadeandalucia.es\/cristoballuqueonieva\/dia-europeo-de-la-musica\/\" class=\"_self\" target=\"_self\" >D\u00eda Europeo de la M\u00fasica<\/a><\/h4>\n<div class=\"pt-cv-content\">RETO D\u00cdA 21 de junio. \u201cD\u00eda europeo de la m\u00fasica\u201d. Con motivo de la celebraci\u00f3n del d\u00eda Europeo de la ...<br \/><div class=\"pt-cv-rmwrap\"><a href=\"https:\/\/blogsaverroes.juntadeandalucia.es\/cristoballuqueonieva\/dia-europeo-de-la-musica\/\" class=\"_self pt-cv-readmore btn btn-success\" target=\"_self\">Leer M\u00e1s<\/a><\/div><\/div><\/div><\/div>\n<div class=\"col-md-6 col-sm-6 col-xs-12 pt-cv-content-item pt-cv-1-col\" ><div class='pt-cv-ifield'><a href=\"https:\/\/blogsaverroes.juntadeandalucia.es\/cristoballuqueonieva\/video-resumen-programa-reto-y-pasrtido-del-ano\/\" class=\"_self pt-cv-href-thumbnail pt-cv-thumb-default\" target=\"_self\" ><\/a>\n<h4 class=\"pt-cv-title\"><a href=\"https:\/\/blogsaverroes.juntadeandalucia.es\/cristoballuqueonieva\/video-resumen-programa-reto-y-pasrtido-del-ano\/\" class=\"_self\" target=\"_self\" >Video Resumen Programa RETO y Pasrtido del A\u00f1o<\/a><\/h4>\n<div class=\"pt-cv-content\">[youtube https:\/\/youtu.be\/BkmJKV3YLg8] ...<br \/><div class=\"pt-cv-rmwrap\"><a href=\"https:\/\/blogsaverroes.juntadeandalucia.es\/cristoballuqueonieva\/video-resumen-programa-reto-y-pasrtido-del-ano\/\" class=\"_self pt-cv-readmore btn btn-success\" target=\"_self\">Leer M\u00e1s<\/a><\/div><\/div><\/div><\/div>\n<div class=\"col-md-6 col-sm-6 col-xs-12 pt-cv-content-item pt-cv-1-col\" ><div class='pt-cv-ifield'><a href=\"https:\/\/blogsaverroes.juntadeandalucia.es\/cristoballuqueonieva\/fin-del-partido\/\" class=\"_self pt-cv-href-thumbnail pt-cv-thumb-default\" target=\"_self\" ><img loading=\"lazy\" decoding=\"async\" width=\"225\" height=\"300\" src=\"https:\/\/blogsaverroes.juntadeandalucia.es\/cristoballuqueonieva\/files\/2021\/06\/IMG-20210618-WA0049-225x300.jpg\" class=\"pt-cv-thumbnail\" alt=\"\" srcset=\"https:\/\/blogsaverroes.juntadeandalucia.es\/cristoballuqueonieva\/files\/2021\/06\/IMG-20210618-WA0049-225x300.jpg 225w, https:\/\/blogsaverroes.juntadeandalucia.es\/cristoballuqueonieva\/files\/2021\/06\/IMG-20210618-WA0049-768x1024.jpg 768w, https:\/\/blogsaverroes.juntadeandalucia.es\/cristoballuqueonieva\/files\/2021\/06\/IMG-20210618-WA0049-1152x1536.jpg 1152w, https:\/\/blogsaverroes.juntadeandalucia.es\/cristoballuqueonieva\/files\/2021\/06\/IMG-20210618-WA0049.jpg 1200w\" sizes=\"(max-width: 225px) 100vw, 225px\" \/><\/a>\n<h4 class=\"pt-cv-title\"><a href=\"https:\/\/blogsaverroes.juntadeandalucia.es\/cristoballuqueonieva\/fin-del-partido\/\" class=\"_self\" target=\"_self\" >Fin del Partido<\/a><\/h4>\n<div class=\"pt-cv-content\">Familias, lleg\u00f3 el final de este \u201cpartido\u201d tan at\u00edpico que durante todo el curso 20\/21 hemos estado \u201cjugando\u201d. Gracias a ...<br \/><div class=\"pt-cv-rmwrap\"><a href=\"https:\/\/blogsaverroes.juntadeandalucia.es\/cristoballuqueonieva\/fin-del-partido\/\" class=\"_self pt-cv-readmore btn btn-success\" target=\"_self\">Leer M\u00e1s<\/a><\/div><\/div><\/div><\/div>\n<div class=\"col-md-6 col-sm-6 col-xs-12 pt-cv-content-item pt-cv-1-col\" ><div class='pt-cv-ifield'><a href=\"https:\/\/blogsaverroes.juntadeandalucia.es\/cristoballuqueonieva\/xv-certamen-de-poesia-priego-y-la-romeria-de-la-virgen-de-la-cabeza\/\" class=\"_self pt-cv-href-thumbnail pt-cv-thumb-default\" target=\"_self\" ><\/a>\n<h4 class=\"pt-cv-title\"><a href=\"https:\/\/blogsaverroes.juntadeandalucia.es\/cristoballuqueonieva\/xv-certamen-de-poesia-priego-y-la-romeria-de-la-virgen-de-la-cabeza\/\" class=\"_self\" target=\"_self\" >XV Certamen de poes\u00eda \u00abPriego y la romer\u00eda de la Virgen de la Cabeza<\/a><\/h4>\n<div class=\"pt-cv-content\">Los ni\u00f1os y ni\u00f1as de 2\u00b0 y 3\u00b0 Ciclo de nuestro colegio han participado en el \"XV Certamen de poes\u00eda ...<br \/><div class=\"pt-cv-rmwrap\"><a href=\"https:\/\/blogsaverroes.juntadeandalucia.es\/cristoballuqueonieva\/xv-certamen-de-poesia-priego-y-la-romeria-de-la-virgen-de-la-cabeza\/\" class=\"_self pt-cv-readmore btn btn-success\" target=\"_self\">Leer M\u00e1s<\/a><\/div><\/div><\/div><\/div><\/div><\/div><\/div>\n","protected":false},"excerpt":{"rendered":"<p>En el CEIP Crist\u00f3bal Luque Onieva contamos con dos l\u00edneas de primaria en todos sus cursos. Esta educaci\u00f3n primaria es obligatoria y comprende a todos los ni\u00f1os y ni\u00f1as que cumplen de 6 a&#46;&#46;&#46;<\/p>\n","protected":false},"author":1829,"featured_media":0,"parent":0,"menu_order":0,"comment_status":"closed","ping_status":"closed","template":"","meta":{"ngg_post_thumbnail":0,"footnotes":"","_mc_calendar":[]},"aioseo_notices":[],"_links":{"self":[{"href":"https:\/\/blogsaverroes.juntadeandalucia.es\/cristoballuqueonieva\/wp-json\/wp\/v2\/pages\/2291"}],"collection":[{"href":"https:\/\/blogsaverroes.juntadeandalucia.es\/cristoballuqueonieva\/wp-json\/wp\/v2\/pages"}],"about":[{"href":"https:\/\/blogsaverroes.juntadeandalucia.es\/cristoballuqueonieva\/wp-json\/wp\/v2\/types\/page"}],"author":[{"embeddable":true,"href":"https:\/\/blogsaverroes.juntadeandalucia.es\/cristoballuqueonieva\/wp-json\/wp\/v2\/users\/1829"}],"replies":[{"embeddable":true,"href":"https:\/\/blogsaverroes.juntadeandalucia.es\/cristoballuqueonieva\/wp-json\/wp\/v2\/comments?post=2291"}],"version-history":[{"count":8,"href":"https:\/\/blogsaverroes.juntadeandalucia.es\/cristoballuqueonieva\/wp-json\/wp\/v2\/pages\/2291\/revisions"}],"predecessor-version":[{"id":2691,"href":"https:\/\/blogsaverroes.juntadeandalucia.es\/cristoballuqueonieva\/wp-json\/wp\/v2\/pages\/2291\/revisions\/2691"}],"wp:attachment":[{"href":"https:\/\/blogsaverroes.juntadeandalucia.es\/cristoballuqueonieva\/wp-json\/wp\/v2\/media?parent=2291"}],"curies":[{"name":"wp","href":"https:\/\/api.w.org\/{rel}","templated":true}]}}