{"id":2315,"date":"2020-04-20T12:10:52","date_gmt":"2020-04-20T11:10:52","guid":{"rendered":"http:\/\/blogsaverroes.juntadeandalucia.es\/cristoballuqueonieva\/?page_id=2315"},"modified":"2020-05-15T09:15:59","modified_gmt":"2020-05-15T08:15:59","slug":"nuestro-centro","status":"publish","type":"page","link":"https:\/\/blogsaverroes.juntadeandalucia.es\/cristoballuqueonieva\/nuestro-centro\/","title":{"rendered":"Nuestro Centro"},"content":{"rendered":"<p>El <strong>CEIP Crist\u00f3bal Luque Onieva<\/strong> es un centro de educaci\u00f3n infantil y primaria de la Junta de Andaluc\u00eda, situado en la calle Haza Luna de Priego de C\u00f3rdoba.<\/p>\n<p>Este es un centro educativo que cuenta con m\u00e1s de <strong>50 a\u00f1os de historia<\/strong> y que celebramos recientemente en el a\u00f1o 2017.<\/p>\n<h2>Objetivos<\/h2>\n<p style=\"text-align: justify\">Hacemos una apuesta por un modelo de <strong>Escuela P\u00fablica<\/strong> que ofrece una <strong>Educaci\u00f3n de Calidad<\/strong> inspirada en lo que Pablo Freire, Pedagogo Brasile\u00f1o, dej\u00f3 escrito en su libro Pedagog\u00eda del Oprimido: Nadie se educa solo, nadie educa a nadie, las personas se educan juntas, unidas, unas a otras. En resumen, las normas del colegio son la vida democratizaci\u00f3n de la ense\u00f1anza, la convivencia c\u00edvica, la integraci\u00f3n de la diversidad, la interculturalidad y la cooperaci\u00f3n. Todo este trabajo lo realizamos con el apoyo e implicaci\u00f3n de la familias, con una clara conciencia ecol\u00f3gica y sustentado en las nuevas tecnolog\u00edas.<\/p>\n<p><a href=\"https:\/\/blogsaverroes.juntadeandalucia.es\/cristoballuqueonieva\/files\/2020\/04\/50-anos-cristobal-luque-onieva.jpg\"><img loading=\"lazy\" decoding=\"async\" class=\"size-full wp-image-2429 aligncenter\" src=\"https:\/\/blogsaverroes.juntadeandalucia.es\/cristoballuqueonieva\/files\/2020\/04\/50-anos-cristobal-luque-onieva.jpg\" alt=\"\" width=\"900\" height=\"379\" srcset=\"https:\/\/blogsaverroes.juntadeandalucia.es\/cristoballuqueonieva\/files\/2020\/04\/50-anos-cristobal-luque-onieva.jpg 900w, https:\/\/blogsaverroes.juntadeandalucia.es\/cristoballuqueonieva\/files\/2020\/04\/50-anos-cristobal-luque-onieva-300x126.jpg 300w, https:\/\/blogsaverroes.juntadeandalucia.es\/cristoballuqueonieva\/files\/2020\/04\/50-anos-cristobal-luque-onieva-768x323.jpg 768w, https:\/\/blogsaverroes.juntadeandalucia.es\/cristoballuqueonieva\/files\/2020\/04\/50-anos-cristobal-luque-onieva-700x295.jpg 700w, https:\/\/blogsaverroes.juntadeandalucia.es\/cristoballuqueonieva\/files\/2020\/04\/50-anos-cristobal-luque-onieva-332x140.jpg 332w, https:\/\/blogsaverroes.juntadeandalucia.es\/cristoballuqueonieva\/files\/2020\/04\/50-anos-cristobal-luque-onieva-24x10.jpg 24w, https:\/\/blogsaverroes.juntadeandalucia.es\/cristoballuqueonieva\/files\/2020\/04\/50-anos-cristobal-luque-onieva-36x15.jpg 36w, https:\/\/blogsaverroes.juntadeandalucia.es\/cristoballuqueonieva\/files\/2020\/04\/50-anos-cristobal-luque-onieva-48x20.jpg 48w\" sizes=\"(max-width: 900px) 100vw, 900px\" \/><\/a><\/p>\n<h2>Historia<\/h2>\n<div id=\"contenido_sitio\">\n<p style=\"text-align: justify\">En los campos del \u00abHaza Luna\u00bb <strong>se construy\u00f3 entre los a\u00f1os 1.965 y 1.967<\/strong> un gran edificio por iniciativa del Patronato \u00abNuestra Se\u00f1ora de la Aurora y San Pablo\u00bb, fundaci\u00f3n promocionada por el ya fallecido D. Crist\u00f3bal Luque Onieva con la totalidad de sus bienes para dedicarse a un gran centro educativo religioso femenino que abarcase desde las m\u00e1s tempranas edades hasta la Formaci\u00f3n Profesional.<\/p>\n<p style=\"text-align: justify\">Los avatares de la vida llevaron a que esta gran edificaci\u00f3n se dedicase a tres instituciones educativas diferentes: la Escuela Infantil N.\u00aa S.\u00aa de la Aurora y S. Pablo, actualmente dependiente de la Consejer\u00eda de Servicios Sociales, la Residencia Escolar \u00abCrist\u00f3bal Luque Onieva\u00bb y el Colegio \u00abCrist\u00f3bal Luque Onieva\u00bb.<\/p>\n<p style=\"text-align: justify\">El actual CEIP \u00abCrist\u00f3bal Luque Onieva\u00bb fue fundado como parte de la Escuela-Hogar \u00abCrist\u00f3bal Luque Onieva\u00bb de <strong>Priego de C\u00f3rdoba el 29 de abril de 1.967<\/strong>, por el Ministerio de Educaci\u00f3n y Ciencia a trav\u00e9s de la Direcci\u00f3n General de Ense\u00f1anza B\u00e1sica.<\/p>\n<\/div>\n<p>&nbsp;<\/p>\n","protected":false},"excerpt":{"rendered":"<p>El CEIP Crist\u00f3bal Luque Onieva es un centro de educaci\u00f3n infantil y primaria de la Junta de Andaluc\u00eda, situado en la calle Haza Luna de Priego de C\u00f3rdoba. Este es un centro educativo que&#46;&#46;&#46;<\/p>\n","protected":false},"author":1829,"featured_media":0,"parent":0,"menu_order":0,"comment_status":"closed","ping_status":"closed","template":"","meta":{"ngg_post_thumbnail":0,"footnotes":"","_mc_calendar":[]},"aioseo_notices":[],"_links":{"self":[{"href":"https:\/\/blogsaverroes.juntadeandalucia.es\/cristoballuqueonieva\/wp-json\/wp\/v2\/pages\/2315"}],"collection":[{"href":"https:\/\/blogsaverroes.juntadeandalucia.es\/cristoballuqueonieva\/wp-json\/wp\/v2\/pages"}],"about":[{"href":"https:\/\/blogsaverroes.juntadeandalucia.es\/cristoballuqueonieva\/wp-json\/wp\/v2\/types\/page"}],"author":[{"embeddable":true,"href":"https:\/\/blogsaverroes.juntadeandalucia.es\/cristoballuqueonieva\/wp-json\/wp\/v2\/users\/1829"}],"replies":[{"embeddable":true,"href":"https:\/\/blogsaverroes.juntadeandalucia.es\/cristoballuqueonieva\/wp-json\/wp\/v2\/comments?post=2315"}],"version-history":[{"count":13,"href":"https:\/\/blogsaverroes.juntadeandalucia.es\/cristoballuqueonieva\/wp-json\/wp\/v2\/pages\/2315\/revisions"}],"predecessor-version":[{"id":2552,"href":"https:\/\/blogsaverroes.juntadeandalucia.es\/cristoballuqueonieva\/wp-json\/wp\/v2\/pages\/2315\/revisions\/2552"}],"wp:attachment":[{"href":"https:\/\/blogsaverroes.juntadeandalucia.es\/cristoballuqueonieva\/wp-json\/wp\/v2\/media?parent=2315"}],"curies":[{"name":"wp","href":"https:\/\/api.w.org\/{rel}","templated":true}]}}