{"id":2438,"date":"2020-04-23T18:54:15","date_gmt":"2020-04-23T17:54:15","guid":{"rendered":"http:\/\/blogsaverroes.juntadeandalucia.es\/cristoballuqueonieva\/?page_id=2438"},"modified":"2021-05-20T17:41:14","modified_gmt":"2021-05-20T16:41:14","slug":"proyecto-curricular","status":"publish","type":"page","link":"https:\/\/blogsaverroes.juntadeandalucia.es\/cristoballuqueonieva\/proyecto-curricular\/","title":{"rendered":"Proyecto De Gesti\u00f3n"},"content":{"rendered":"<p style=\"text-align: justify\">Este proyecto recoge la ordenaci\u00f3n y utilizaci\u00f3n de los recursos del centro, tanto materiales como humanos.<\/p>\n<ol>\n<li style=\"text-align: justify\"><a href=\"https:\/\/drive.google.com\/file\/d\/173LgOnxBzyEe6f7Oxh5rdXqTQDNLZ2lO\/view?usp=sharing\">Diagn\u00f3stico Inicial.<\/a><\/li>\n<li style=\"text-align: justify\"><a href=\"https:\/\/drive.google.com\/file\/d\/1lgEVCJGIZ5pSfgyZ471AYbiSkrNez171\/view?usp=sharing\">Criterios para la elaboraci\u00f3n del presupuesto anual y para la distribuci\u00f3n de los ingresos entre las distintas partidas de gasto.<\/a><\/li>\n<li style=\"text-align: justify\"><a href=\"https:\/\/drive.google.com\/file\/d\/1afffmbRMYlV7rwrQWhenTwmMerfwslxn\/view?usp=sharing\">Criterios para la gesti\u00f3n de las sustituciones de las ausencias del profesorado.<\/a><\/li>\n<li style=\"text-align: justify\"><a href=\"https:\/\/drive.google.com\/file\/d\/1gqNukAUuid4LHrnwACso6jIvJIuhEl_P\/view?usp=sharing\">Medidas para la conservaci\u00f3n y renovaci\u00f3n de las instalaciones y del equipamiento escolar.<\/a><\/li>\n<li style=\"text-align: justify\"><a href=\"https:\/\/drive.google.com\/file\/d\/1GZGd8RfoWh7TeelFaoE5NkFpdcbO-223\/view?usp=sharing\">Criterios para la obtenci\u00f3n de ingresos y otros fondos procedentes de entes p\u00fablicos, privados o concertados.<\/a><\/li>\n<li style=\"text-align: justify\"><a href=\"https:\/\/drive.google.com\/file\/d\/1ZsgYLUotieXGFd1yBkBsfI3mQkIO1bm_\/view?usp=sharing\">Procedimiento para la elaboraci\u00f3n del inventario anual general del centro.<\/a><\/li>\n<li style=\"text-align: justify\"><a href=\"https:\/\/drive.google.com\/file\/d\/1NoDqOvYnvoa7ZvwsYK0lv8CCAFOfwXz6\/view?usp=sharing\">Criteroios para una gesti\u00f3n sostenible de los recursos del centro y de los residuos que genere.<\/a><\/li>\n<li style=\"text-align: justify\"><a href=\"https:\/\/drive.google.com\/file\/d\/19vDL8lifMic_bbYFWt8Z7neb1kQbWGbt\/view?usp=sharing\">Cualesquiera otros aspectos relativos a a gesti\u00f3n econ\u00f3nica del centro no contemplados en la normativa vigente, a la que, en todo caso, debe supeditarse.<\/a><\/li>\n<\/ol>\n","protected":false},"excerpt":{"rendered":"<p>Este proyecto recoge la ordenaci\u00f3n y utilizaci\u00f3n de los recursos del centro, tanto materiales como humanos. Diagn\u00f3stico Inicial. Criterios para la elaboraci\u00f3n del presupuesto anual y para la distribuci\u00f3n de los ingresos entre las&#46;&#46;&#46;<\/p>\n","protected":false},"author":1829,"featured_media":0,"parent":0,"menu_order":0,"comment_status":"closed","ping_status":"closed","template":"","meta":{"ngg_post_thumbnail":0,"footnotes":"","_mc_calendar":[]},"aioseo_notices":[],"_links":{"self":[{"href":"https:\/\/blogsaverroes.juntadeandalucia.es\/cristoballuqueonieva\/wp-json\/wp\/v2\/pages\/2438"}],"collection":[{"href":"https:\/\/blogsaverroes.juntadeandalucia.es\/cristoballuqueonieva\/wp-json\/wp\/v2\/pages"}],"about":[{"href":"https:\/\/blogsaverroes.juntadeandalucia.es\/cristoballuqueonieva\/wp-json\/wp\/v2\/types\/page"}],"author":[{"embeddable":true,"href":"https:\/\/blogsaverroes.juntadeandalucia.es\/cristoballuqueonieva\/wp-json\/wp\/v2\/users\/1829"}],"replies":[{"embeddable":true,"href":"https:\/\/blogsaverroes.juntadeandalucia.es\/cristoballuqueonieva\/wp-json\/wp\/v2\/comments?post=2438"}],"version-history":[{"count":14,"href":"https:\/\/blogsaverroes.juntadeandalucia.es\/cristoballuqueonieva\/wp-json\/wp\/v2\/pages\/2438\/revisions"}],"predecessor-version":[{"id":3234,"href":"https:\/\/blogsaverroes.juntadeandalucia.es\/cristoballuqueonieva\/wp-json\/wp\/v2\/pages\/2438\/revisions\/3234"}],"wp:attachment":[{"href":"https:\/\/blogsaverroes.juntadeandalucia.es\/cristoballuqueonieva\/wp-json\/wp\/v2\/media?parent=2438"}],"curies":[{"name":"wp","href":"https:\/\/api.w.org\/{rel}","templated":true}]}}