{"id":2591,"date":"2020-05-18T17:22:56","date_gmt":"2020-05-18T16:22:56","guid":{"rendered":"http:\/\/blogsaverroes.juntadeandalucia.es\/cristoballuqueonieva\/?page_id=2591"},"modified":"2021-05-22T09:23:56","modified_gmt":"2021-05-22T08:23:56","slug":"comedor","status":"publish","type":"page","link":"https:\/\/blogsaverroes.juntadeandalucia.es\/cristoballuqueonieva\/comedor\/","title":{"rendered":"Comedor"},"content":{"rendered":"<p><a href=\"https:\/\/blogsaverroes.juntadeandalucia.es\/cristoballuqueonieva\/files\/2020\/05\/comedor-escolar.jpg\"><img loading=\"lazy\" decoding=\"async\" class=\"size-full wp-image-2663 aligncenter\" src=\"https:\/\/blogsaverroes.juntadeandalucia.es\/cristoballuqueonieva\/files\/2020\/05\/comedor-escolar.jpg\" alt=\"\" width=\"900\" height=\"600\" srcset=\"https:\/\/blogsaverroes.juntadeandalucia.es\/cristoballuqueonieva\/files\/2020\/05\/comedor-escolar.jpg 900w, https:\/\/blogsaverroes.juntadeandalucia.es\/cristoballuqueonieva\/files\/2020\/05\/comedor-escolar-300x200.jpg 300w, https:\/\/blogsaverroes.juntadeandalucia.es\/cristoballuqueonieva\/files\/2020\/05\/comedor-escolar-768x512.jpg 768w, https:\/\/blogsaverroes.juntadeandalucia.es\/cristoballuqueonieva\/files\/2020\/05\/comedor-escolar-24x16.jpg 24w, https:\/\/blogsaverroes.juntadeandalucia.es\/cristoballuqueonieva\/files\/2020\/05\/comedor-escolar-36x24.jpg 36w, https:\/\/blogsaverroes.juntadeandalucia.es\/cristoballuqueonieva\/files\/2020\/05\/comedor-escolar-48x32.jpg 48w\" sizes=\"(max-width: 900px) 100vw, 900px\" \/><\/a><\/p>\n<p>En esta p\u00e1gina tienes los men\u00fas mensuales del centro:<\/p>\n<ul style=\"list-style-type: square\">\n<li>Descargar men\u00fa <a href=\"https:\/\/blogsaverroes.juntadeandalucia.es\/cristoballuqueonieva\/files\/2020\/05\/NOTA-INFORMATIVA-APERTURA-CENTRO.pdf\" target=\"_blank\" rel=\"noopener noreferrer\"><strong>del 10 de septiembre al 9 de octubre de 2020<\/strong><\/a><\/li>\n<li>Descargar men\u00fa <a href=\"https:\/\/blogsaverroes.juntadeandalucia.es\/cristoballuqueonieva\/files\/2020\/11\/Men\u00fa-basal-CC-20-21_Bloque-2-12-oct-6-nov.pdf\"><strong>del 13 de octubre al 6 de noviembre de 2020<\/strong><\/a><\/li>\n<li>Descargar men\u00fa <a href=\"https:\/\/blogsaverroes.juntadeandalucia.es\/cristoballuqueonieva\/files\/2020\/11\/Men\u00fa-basal-CC-20-21_Bloque-3-9-nov-4-dic.pdf\"><strong>del 9 de noviembre al 4 de diciembre de 2020<\/strong><\/a><\/li>\n<li>Descargar men\u00fa <strong><a href=\"https:\/\/blogsaverroes.juntadeandalucia.es\/cristoballuqueonieva\/files\/2020\/12\/Men\u00fa-basal-l.-fr\u00eda-curso-20-21_dic.pdf\">del 1 de diciembre al 22 de diciembre de 2020<\/a><\/strong><\/li>\n<li>Descargar men\u00fa <a href=\"https:\/\/blogsaverroes.juntadeandalucia.es\/cristoballuqueonieva\/files\/2021\/01\/Men\u00fa-basal-l.-fr\u00eda-20-21_7-22-ene.pdf\"><strong>del 07 de enero al 22 de enero de 2021<\/strong><\/a><\/li>\n<li>Descargar men\u00fa <a href=\"https:\/\/blogsaverroes.juntadeandalucia.es\/cristoballuqueonieva\/files\/2021\/01\/Men\u00fa-basal-CC-20-21_Bloque-5-25-ene-19-feb.pdf\"><strong>del 25 de enero al 19 de febrero de 2021<\/strong><\/a><\/li>\n<li>Descargar men\u00fa <strong><a href=\"https:\/\/blogsaverroes.juntadeandalucia.es\/cristoballuqueonieva\/files\/2021\/02\/men\u00fa-basal-mc-curso-20-21_bloque-6-22-feb-19-mar.pdf\">del 22 de febrero al 19 de marzo de 2021<\/a><\/strong><\/li>\n<li>Descargar men\u00fa <strong><a href=\"https:\/\/blogsaverroes.juntadeandalucia.es\/cristoballuqueonieva\/files\/2021\/03\/men\u00fa-basal-l.-fr\u00eda-22-mar-23-abr-2021_mc.pdf\">del 22 de marzo al 23 de abril de 2021<\/a><\/strong><\/li>\n<li>Desgargar men\u00fa <strong><a href=\"https:\/\/blogsaverroes.juntadeandalucia.es\/cristoballuqueonieva\/files\/2021\/04\/men\u00fa-basal-l.-fr\u00eda-26-abr-17-may-2021_mc.pdf\">del 26 de abril al 21 de mayo de 2021<\/a><\/strong><\/li>\n<li>Descargar men\u00fa <a href=\"https:\/\/drive.google.com\/file\/d\/1bDr3kt9YAfEQAXCrTtT619TKvk2L3yLF\/view?usp=sharing\"><strong>del 24 de mayo al 22 de junio de 2021<\/strong><\/a><\/li>\n<\/ul>\n<p style=\"text-align: center\"><a href=\"https:\/\/blogsaverroes.juntadeandalucia.es\/cristoballuqueonieva\/files\/2020\/11\/WEB-PADRES-CURSO-2020-2021.pdf\"><sub><strong>ACCESO WEB PADRES<\/strong><\/sub><\/a><\/p>\n","protected":false},"excerpt":{"rendered":"<p>En esta p\u00e1gina tienes los men\u00fas mensuales del centro: Descargar men\u00fa del 10 de septiembre al 9 de octubre de 2020 Descargar men\u00fa del 13 de octubre al 6 de noviembre de 2020 Descargar&#46;&#46;&#46;<\/p>\n","protected":false},"author":1829,"featured_media":0,"parent":0,"menu_order":0,"comment_status":"closed","ping_status":"closed","template":"","meta":{"ngg_post_thumbnail":0,"footnotes":"","_mc_calendar":[]},"aioseo_notices":[],"_links":{"self":[{"href":"https:\/\/blogsaverroes.juntadeandalucia.es\/cristoballuqueonieva\/wp-json\/wp\/v2\/pages\/2591"}],"collection":[{"href":"https:\/\/blogsaverroes.juntadeandalucia.es\/cristoballuqueonieva\/wp-json\/wp\/v2\/pages"}],"about":[{"href":"https:\/\/blogsaverroes.juntadeandalucia.es\/cristoballuqueonieva\/wp-json\/wp\/v2\/types\/page"}],"author":[{"embeddable":true,"href":"https:\/\/blogsaverroes.juntadeandalucia.es\/cristoballuqueonieva\/wp-json\/wp\/v2\/users\/1829"}],"replies":[{"embeddable":true,"href":"https:\/\/blogsaverroes.juntadeandalucia.es\/cristoballuqueonieva\/wp-json\/wp\/v2\/comments?post=2591"}],"version-history":[{"count":16,"href":"https:\/\/blogsaverroes.juntadeandalucia.es\/cristoballuqueonieva\/wp-json\/wp\/v2\/pages\/2591\/revisions"}],"predecessor-version":[{"id":3235,"href":"https:\/\/blogsaverroes.juntadeandalucia.es\/cristoballuqueonieva\/wp-json\/wp\/v2\/pages\/2591\/revisions\/3235"}],"wp:attachment":[{"href":"https:\/\/blogsaverroes.juntadeandalucia.es\/cristoballuqueonieva\/wp-json\/wp\/v2\/media?parent=2591"}],"curies":[{"name":"wp","href":"https:\/\/api.w.org\/{rel}","templated":true}]}}