{"id":2872,"date":"2020-11-16T10:42:07","date_gmt":"2020-11-16T09:42:07","guid":{"rendered":"http:\/\/blogsaverroes.juntadeandalucia.es\/cristoballuqueonieva\/?page_id=2872"},"modified":"2020-11-16T10:47:05","modified_gmt":"2020-11-16T09:47:05","slug":"administracion","status":"publish","type":"page","link":"https:\/\/blogsaverroes.juntadeandalucia.es\/cristoballuqueonieva\/administracion\/","title":{"rendered":"Administraci\u00f3n"},"content":{"rendered":"<p><a href=\"https:\/\/blogsaverroes.juntadeandalucia.es\/cristoballuqueonieva\/files\/2020\/11\/modernizacion-normativas.png\"><img loading=\"lazy\" decoding=\"async\" class=\"wp-image-2873 aligncenter\" src=\"https:\/\/blogsaverroes.juntadeandalucia.es\/cristoballuqueonieva\/files\/2020\/11\/modernizacion-normativas.png\" alt=\"\" width=\"226\" height=\"242\" srcset=\"https:\/\/blogsaverroes.juntadeandalucia.es\/cristoballuqueonieva\/files\/2020\/11\/modernizacion-normativas.png 217w, https:\/\/blogsaverroes.juntadeandalucia.es\/cristoballuqueonieva\/files\/2020\/11\/modernizacion-normativas-22x24.png 22w, https:\/\/blogsaverroes.juntadeandalucia.es\/cristoballuqueonieva\/files\/2020\/11\/modernizacion-normativas-34x36.png 34w, https:\/\/blogsaverroes.juntadeandalucia.es\/cristoballuqueonieva\/files\/2020\/11\/modernizacion-normativas-45x48.png 45w\" sizes=\"(max-width: 226px) 100vw, 226px\" \/><\/a><\/p>\n<p style=\"text-align: justify\">La <b>Administraci\u00f3n <\/b>desarrolla muchas funciones importantes en la vida de un centro, especialmente en la relaci\u00f3n que mantiene con las familias en los diferentes tr\u00e1mites administrativos a lo largo de la escolarizaci\u00f3n: admisi\u00f3n, matr\u00edcula, comedor escolar, becas, etc.<\/p>\n<p style=\"text-align: justify\">El horario de la Administraci\u00f3n es de lunes, mierc\u00f3les y viernes de 09.00 horas a 13.00 horas. Tambi\u00e9n se puede contactar telef\u00f3nicamente: 957559903 y 671565316 o&nbsp; a trav\u00e9s del correo 14005870.edu@juntadeandalucia.es.<\/p>\n<p><strong>DOCUMENTOS QUE SE PUEDEN PEDIR:<\/strong><\/p>\n<p><a href=\"https:\/\/blogsaverroes.juntadeandalucia.es\/ceiplopezdieguez\/files\/2020\/05\/Anexo-II-servicios-complementarios.pdf\">Anexo II servicios complementarios<\/a><\/p>\n<p><a href=\"https:\/\/blogsaverroes.juntadeandalucia.es\/ceiplopezdieguez\/files\/2015\/03\/Anexo-V-Solicitud-bonificaci\u00f3n-SSCC.pdf\">Anexo V \u2013 Solicitud bonificaci\u00f3n SSCC<\/a><\/p>\n<p>solicitud baja SSCC<\/p>\n<p>cambio o ausencia AM<\/p>\n<p>cambio o ausencia comedor<\/p>\n<p>inscripci\u00f3n EEDD<\/p>\n<p>&nbsp;<\/p>\n","protected":false},"excerpt":{"rendered":"<p>La Administraci\u00f3n desarrolla muchas funciones importantes en la vida de un centro, especialmente en la relaci\u00f3n que mantiene con las familias en los diferentes tr\u00e1mites administrativos a lo largo de la escolarizaci\u00f3n: admisi\u00f3n, matr\u00edcula,&#46;&#46;&#46;<\/p>\n","protected":false},"author":1829,"featured_media":0,"parent":0,"menu_order":0,"comment_status":"closed","ping_status":"closed","template":"","meta":{"ngg_post_thumbnail":0,"footnotes":"","_mc_calendar":[]},"aioseo_notices":[],"_links":{"self":[{"href":"https:\/\/blogsaverroes.juntadeandalucia.es\/cristoballuqueonieva\/wp-json\/wp\/v2\/pages\/2872"}],"collection":[{"href":"https:\/\/blogsaverroes.juntadeandalucia.es\/cristoballuqueonieva\/wp-json\/wp\/v2\/pages"}],"about":[{"href":"https:\/\/blogsaverroes.juntadeandalucia.es\/cristoballuqueonieva\/wp-json\/wp\/v2\/types\/page"}],"author":[{"embeddable":true,"href":"https:\/\/blogsaverroes.juntadeandalucia.es\/cristoballuqueonieva\/wp-json\/wp\/v2\/users\/1829"}],"replies":[{"embeddable":true,"href":"https:\/\/blogsaverroes.juntadeandalucia.es\/cristoballuqueonieva\/wp-json\/wp\/v2\/comments?post=2872"}],"version-history":[{"count":2,"href":"https:\/\/blogsaverroes.juntadeandalucia.es\/cristoballuqueonieva\/wp-json\/wp\/v2\/pages\/2872\/revisions"}],"predecessor-version":[{"id":2877,"href":"https:\/\/blogsaverroes.juntadeandalucia.es\/cristoballuqueonieva\/wp-json\/wp\/v2\/pages\/2872\/revisions\/2877"}],"wp:attachment":[{"href":"https:\/\/blogsaverroes.juntadeandalucia.es\/cristoballuqueonieva\/wp-json\/wp\/v2\/media?parent=2872"}],"curies":[{"name":"wp","href":"https:\/\/api.w.org\/{rel}","templated":true}]}}