{"id":2929,"date":"2020-12-12T11:23:33","date_gmt":"2020-12-12T10:23:33","guid":{"rendered":"http:\/\/blogsaverroes.juntadeandalucia.es\/cristoballuqueonieva\/?page_id=2929"},"modified":"2021-05-28T10:26:37","modified_gmt":"2021-05-28T09:26:37","slug":"programa-reto","status":"publish","type":"page","link":"https:\/\/blogsaverroes.juntadeandalucia.es\/cristoballuqueonieva\/programa-reto\/","title":{"rendered":"PROGRAMA RETO"},"content":{"rendered":"<p style=\"text-align: justify\"><a href=\"https:\/\/blogsaverroes.juntadeandalucia.es\/cristoballuqueonieva\/files\/2020\/12\/B610056F-E080-4CDC-AEAA-24DD8C3A7902.jpeg\"><img loading=\"lazy\" decoding=\"async\" class=\" wp-image-2940 alignleft\" src=\"https:\/\/blogsaverroes.juntadeandalucia.es\/cristoballuqueonieva\/files\/2020\/12\/B610056F-E080-4CDC-AEAA-24DD8C3A7902.jpeg\" alt=\"\" width=\"140\" height=\"140\" srcset=\"https:\/\/blogsaverroes.juntadeandalucia.es\/cristoballuqueonieva\/files\/2020\/12\/B610056F-E080-4CDC-AEAA-24DD8C3A7902.jpeg 225w, https:\/\/blogsaverroes.juntadeandalucia.es\/cristoballuqueonieva\/files\/2020\/12\/B610056F-E080-4CDC-AEAA-24DD8C3A7902-150x150.jpeg 150w, https:\/\/blogsaverroes.juntadeandalucia.es\/cristoballuqueonieva\/files\/2020\/12\/B610056F-E080-4CDC-AEAA-24DD8C3A7902-100x100.jpeg 100w, https:\/\/blogsaverroes.juntadeandalucia.es\/cristoballuqueonieva\/files\/2020\/12\/B610056F-E080-4CDC-AEAA-24DD8C3A7902-80x80.jpeg 80w, https:\/\/blogsaverroes.juntadeandalucia.es\/cristoballuqueonieva\/files\/2020\/12\/B610056F-E080-4CDC-AEAA-24DD8C3A7902-24x24.jpeg 24w, https:\/\/blogsaverroes.juntadeandalucia.es\/cristoballuqueonieva\/files\/2020\/12\/B610056F-E080-4CDC-AEAA-24DD8C3A7902-36x36.jpeg 36w, https:\/\/blogsaverroes.juntadeandalucia.es\/cristoballuqueonieva\/files\/2020\/12\/B610056F-E080-4CDC-AEAA-24DD8C3A7902-48x48.jpeg 48w\" sizes=\"(max-width: 140px) 100vw, 140px\" \/><\/a>Un programa educativo basado en la uni\u00f3n de las iniciales de las palabras <strong>R<\/strong>espeto, <strong>E<\/strong>mpat\u00eda y <strong>To<\/strong>lerancia, cualidades important\u00edsimas para&nbsp;trabajar a fondo la<strong> educaci\u00f3n emocional &nbsp;<\/strong>creando nuevos espacios &nbsp;dentro del aula, que permitan a ni\u00f1os de 3 a 12 a\u00f1os gestionar, identificar y expresar sus emociones.<\/p>\n<p style=\"text-align: justify\"><em><strong>Actividades desarrolladas:<\/strong><\/em><\/p>\n<ul>\n<li><a href=\"https:\/\/wp.me\/pbZ0Td-Lo\">Adviento Emocional.<\/a><\/li>\n<li><a href=\"https:\/\/wp.me\/pbZ0Td-M1\">Trabajo Emocional<\/a>.<\/li>\n<li><a href=\"https:\/\/wp.me\/pbZ0Td-Me\">Rinc\u00f3n de la Paz<\/a>.<\/li>\n<li><a href=\"https:\/\/youtu.be\/P6VlApiAucU\">La Paz est\u00e1 en ti<\/a>.<\/li>\n<li><a href=\"https:\/\/wp.me\/pbZ0Td-MN\">Red de Mediadores<\/a>.<\/li>\n<li><a href=\"https:\/\/wp.me\/pbZ0Td-MY\">Rinc\u00f3n de la Paz<\/a>.<\/li>\n<li><a href=\"https:\/\/wp.me\/pbZ0Td-N2\">\u00c1rbol de los Deseos<\/a>.<\/li>\n<li><a href=\"https:\/\/wp.me\/pbZ0Td-Qf\">Musiqueando 2021<\/a>.<\/li>\n<\/ul>\n","protected":false},"excerpt":{"rendered":"<p>Un programa educativo basado en la uni\u00f3n de las iniciales de las palabras Respeto, Empat\u00eda y Tolerancia, cualidades important\u00edsimas para&nbsp;trabajar a fondo la educaci\u00f3n emocional &nbsp;creando nuevos espacios &nbsp;dentro del aula, que permitan a&#46;&#46;&#46;<\/p>\n","protected":false},"author":1829,"featured_media":0,"parent":0,"menu_order":0,"comment_status":"closed","ping_status":"closed","template":"","meta":{"ngg_post_thumbnail":0,"footnotes":"","_mc_calendar":[]},"aioseo_notices":[],"_links":{"self":[{"href":"https:\/\/blogsaverroes.juntadeandalucia.es\/cristoballuqueonieva\/wp-json\/wp\/v2\/pages\/2929"}],"collection":[{"href":"https:\/\/blogsaverroes.juntadeandalucia.es\/cristoballuqueonieva\/wp-json\/wp\/v2\/pages"}],"about":[{"href":"https:\/\/blogsaverroes.juntadeandalucia.es\/cristoballuqueonieva\/wp-json\/wp\/v2\/types\/page"}],"author":[{"embeddable":true,"href":"https:\/\/blogsaverroes.juntadeandalucia.es\/cristoballuqueonieva\/wp-json\/wp\/v2\/users\/1829"}],"replies":[{"embeddable":true,"href":"https:\/\/blogsaverroes.juntadeandalucia.es\/cristoballuqueonieva\/wp-json\/wp\/v2\/comments?post=2929"}],"version-history":[{"count":13,"href":"https:\/\/blogsaverroes.juntadeandalucia.es\/cristoballuqueonieva\/wp-json\/wp\/v2\/pages\/2929\/revisions"}],"predecessor-version":[{"id":3241,"href":"https:\/\/blogsaverroes.juntadeandalucia.es\/cristoballuqueonieva\/wp-json\/wp\/v2\/pages\/2929\/revisions\/3241"}],"wp:attachment":[{"href":"https:\/\/blogsaverroes.juntadeandalucia.es\/cristoballuqueonieva\/wp-json\/wp\/v2\/media?parent=2929"}],"curies":[{"name":"wp","href":"https:\/\/api.w.org\/{rel}","templated":true}]}}