{"id":424,"date":"2015-03-20T07:05:20","date_gmt":"2015-03-20T07:05:20","guid":{"rendered":"http:\/\/blogsaverroes.juntadeandalucia.es\/pre\/ceip\/?page_id=424"},"modified":"2020-05-31T09:48:17","modified_gmt":"2020-05-31T08:48:17","slug":"educacion-infantil","status":"publish","type":"page","link":"https:\/\/blogsaverroes.juntadeandalucia.es\/cristoballuqueonieva\/educacion-infantil\/","title":{"rendered":"Educaci\u00f3n infantil"},"content":{"rendered":"<p><img loading=\"lazy\" decoding=\"async\" class=\"aligncenter size-full wp-image-2296\" src=\"https:\/\/blogsaverroes.juntadeandalucia.es\/cristoballuqueonieva\/files\/2020\/04\/educacion-infantil.jpg\" alt=\"Educaci\u00f3n Infantil\" width=\"1200\" height=\"800\" srcset=\"https:\/\/blogsaverroes.juntadeandalucia.es\/cristoballuqueonieva\/files\/2020\/04\/educacion-infantil.jpg 900w, https:\/\/blogsaverroes.juntadeandalucia.es\/cristoballuqueonieva\/files\/2020\/04\/educacion-infantil-300x200.jpg 300w, https:\/\/blogsaverroes.juntadeandalucia.es\/cristoballuqueonieva\/files\/2020\/04\/educacion-infantil-768x512.jpg 768w, https:\/\/blogsaverroes.juntadeandalucia.es\/cristoballuqueonieva\/files\/2020\/04\/educacion-infantil-700x467.jpg 700w, https:\/\/blogsaverroes.juntadeandalucia.es\/cristoballuqueonieva\/files\/2020\/04\/educacion-infantil-24x16.jpg 24w, https:\/\/blogsaverroes.juntadeandalucia.es\/cristoballuqueonieva\/files\/2020\/04\/educacion-infantil-36x24.jpg 36w, https:\/\/blogsaverroes.juntadeandalucia.es\/cristoballuqueonieva\/files\/2020\/04\/educacion-infantil-48x32.jpg 48w\" sizes=\"(max-width: 1200px) 100vw, 1200px\" \/>&nbsp;<\/p>\n<p style=\"text-align: justify\">La Educaci\u00f3n Infantil&nbsp;es la etapa educativa que atiende a ni\u00f1as y ni\u00f1os <strong>desde el nacimiento hasta los seis a\u00f1os <\/strong>con la finalidad de contribuir a su desarrollo f\u00edsico, afectivo, social e intelectual. Se ordena en dos ciclos: el primero comprende hasta los tres a\u00f1os; el segundo, que es gratuito, va&nbsp;desde los tres a los seis a\u00f1os de edad.<\/p>\n<p style=\"text-align: justify\">En&nbsp;los dos&nbsp;ciclos de la Educaci\u00f3n Infantil se atiende progresivamente al desarrollo afectivo, al movimiento y a los h\u00e1bitos de control corporal, a las manifestaciones de la comunicaci\u00f3n y del lenguaje, a las pautas elementales de convivencia y relaci\u00f3n social, as\u00ed como al descubrimiento de las caracter\u00edsticas f\u00edsicas y sociales del medio. Adem\u00e1s se&nbsp;propicia que ni\u00f1as y ni\u00f1os&nbsp;logren una imagen positiva y equilibrada de s\u00ed mismos&nbsp;y adquieran autonom\u00eda personal.<\/p>\n<div class=\"pt-cv-wrapper\"><div class=\"pt-cv-view pt-cv-grid pt-cv-colsys\" id=\"pt-cv-view-cdb710e78f\"><div data-id=\"pt-cv-page-1\" class=\"pt-cv-page\" data-cvc=\"2\"><div class=\"col-md-6 col-sm-6 col-xs-12 pt-cv-content-item pt-cv-1-col\" ><div class='pt-cv-ifield'><a href=\"https:\/\/blogsaverroes.juntadeandalucia.es\/cristoballuqueonieva\/tanborrada-2026\/\" class=\"_self pt-cv-href-thumbnail pt-cv-thumb-default\" target=\"_self\" ><img loading=\"lazy\" decoding=\"async\" width=\"225\" height=\"300\" src=\"https:\/\/blogsaverroes.juntadeandalucia.es\/cristoballuqueonieva\/files\/2026\/04\/WhatsApp-Image-2026-04-26-at-13.30.09-225x300.jpeg\" class=\"pt-cv-thumbnail\" alt=\"\" srcset=\"https:\/\/blogsaverroes.juntadeandalucia.es\/cristoballuqueonieva\/files\/2026\/04\/WhatsApp-Image-2026-04-26-at-13.30.09-225x300.jpeg 225w, https:\/\/blogsaverroes.juntadeandalucia.es\/cristoballuqueonieva\/files\/2026\/04\/WhatsApp-Image-2026-04-26-at-13.30.09-768x1024.jpeg 768w, https:\/\/blogsaverroes.juntadeandalucia.es\/cristoballuqueonieva\/files\/2026\/04\/WhatsApp-Image-2026-04-26-at-13.30.09-1152x1536.jpeg 1152w, https:\/\/blogsaverroes.juntadeandalucia.es\/cristoballuqueonieva\/files\/2026\/04\/WhatsApp-Image-2026-04-26-at-13.30.09.jpeg 1200w\" sizes=\"(max-width: 225px) 100vw, 225px\" \/><\/a>\n<h4 class=\"pt-cv-title\"><a href=\"https:\/\/blogsaverroes.juntadeandalucia.es\/cristoballuqueonieva\/tanborrada-2026\/\" class=\"_self\" target=\"_self\" >Tanborrada 2026<\/a><\/h4>\n<div class=\"pt-cv-content\">\u200b\u00a1Qu\u00e9 d\u00eda tan incre\u00edble vivimos en el CEIP Crist\u00f3bal Luque Onieva! \ud83e\udd41\u2728 \u200bNuestra tradicional Tamborada volvi\u00f3 a llenar el colegio ...<br \/><div class=\"pt-cv-rmwrap\"><a href=\"https:\/\/blogsaverroes.juntadeandalucia.es\/cristoballuqueonieva\/tanborrada-2026\/\" class=\"_self pt-cv-readmore btn btn-success\" target=\"_self\">Leer M\u00e1s<\/a><\/div><\/div><\/div><\/div>\n<div class=\"col-md-6 col-sm-6 col-xs-12 pt-cv-content-item pt-cv-1-col\" ><div class='pt-cv-ifield'><a href=\"https:\/\/blogsaverroes.juntadeandalucia.es\/cristoballuqueonieva\/taller-de-higiene-de-manos-para-el-alumnado-infantil-del-ceip-cristobal-luque-onieva\/\" class=\"_self pt-cv-href-thumbnail pt-cv-thumb-default\" target=\"_self\" ><img loading=\"lazy\" decoding=\"async\" width=\"225\" height=\"300\" src=\"https:\/\/blogsaverroes.juntadeandalucia.es\/cristoballuqueonieva\/files\/2026\/04\/taller-manos-3-225x300.jpeg\" class=\"pt-cv-thumbnail\" alt=\"\" srcset=\"https:\/\/blogsaverroes.juntadeandalucia.es\/cristoballuqueonieva\/files\/2026\/04\/taller-manos-3-225x300.jpeg 225w, https:\/\/blogsaverroes.juntadeandalucia.es\/cristoballuqueonieva\/files\/2026\/04\/taller-manos-3-768x1024.jpeg 768w, https:\/\/blogsaverroes.juntadeandalucia.es\/cristoballuqueonieva\/files\/2026\/04\/taller-manos-3-1152x1536.jpeg 1152w, https:\/\/blogsaverroes.juntadeandalucia.es\/cristoballuqueonieva\/files\/2026\/04\/taller-manos-3.jpeg 1200w\" sizes=\"(max-width: 225px) 100vw, 225px\" \/><\/a>\n<h4 class=\"pt-cv-title\"><a href=\"https:\/\/blogsaverroes.juntadeandalucia.es\/cristoballuqueonieva\/taller-de-higiene-de-manos-para-el-alumnado-infantil-del-ceip-cristobal-luque-onieva\/\" class=\"_self\" target=\"_self\" >Taller de higiene de manos para el alumnado infantil del CEIP Crist\u00f3bal Luque Onieva<\/a><\/h4>\n<div class=\"pt-cv-content\">El alumnado de 4 a\u00f1os y de Educaci\u00f3n Infantil del CEIP Crist\u00f3bal Luque Onieva ha participado en un divertido y ...<br \/><div class=\"pt-cv-rmwrap\"><a href=\"https:\/\/blogsaverroes.juntadeandalucia.es\/cristoballuqueonieva\/taller-de-higiene-de-manos-para-el-alumnado-infantil-del-ceip-cristobal-luque-onieva\/\" class=\"_self pt-cv-readmore btn btn-success\" target=\"_self\">Leer M\u00e1s<\/a><\/div><\/div><\/div><\/div>\n<div class=\"col-md-6 col-sm-6 col-xs-12 pt-cv-content-item pt-cv-1-col\" ><div class='pt-cv-ifield'><a href=\"https:\/\/blogsaverroes.juntadeandalucia.es\/cristoballuqueonieva\/jugamos-a-pintar-como-los-hombres-primitivos-en-e-infantil-de-cristobal-luque-onieva\/\" class=\"_self pt-cv-href-thumbnail pt-cv-thumb-default\" target=\"_self\" ><img loading=\"lazy\" decoding=\"async\" width=\"300\" height=\"169\" src=\"https:\/\/blogsaverroes.juntadeandalucia.es\/cristoballuqueonieva\/files\/2023\/11\/primitivos-10-300x169.jpeg\" class=\"pt-cv-thumbnail\" alt=\"\" srcset=\"https:\/\/blogsaverroes.juntadeandalucia.es\/cristoballuqueonieva\/files\/2023\/11\/primitivos-10-300x169.jpeg 300w, https:\/\/blogsaverroes.juntadeandalucia.es\/cristoballuqueonieva\/files\/2023\/11\/primitivos-10-1024x577.jpeg 1024w, https:\/\/blogsaverroes.juntadeandalucia.es\/cristoballuqueonieva\/files\/2023\/11\/primitivos-10-768x432.jpeg 768w, https:\/\/blogsaverroes.juntadeandalucia.es\/cristoballuqueonieva\/files\/2023\/11\/primitivos-10-1536x865.jpeg 1536w, https:\/\/blogsaverroes.juntadeandalucia.es\/cristoballuqueonieva\/files\/2023\/11\/primitivos-10.jpeg 1600w\" sizes=\"(max-width: 300px) 100vw, 300px\" \/><\/a>\n<h4 class=\"pt-cv-title\"><a href=\"https:\/\/blogsaverroes.juntadeandalucia.es\/cristoballuqueonieva\/jugamos-a-pintar-como-los-hombres-primitivos-en-e-infantil-de-cristobal-luque-onieva\/\" class=\"_self\" target=\"_self\" >Jugamos a pintar como los hombres primitivos en E. Infantil de Crist\u00f3bal Luque Onieva<\/a><\/h4>\n<div class=\"pt-cv-content\">Explorando Nuestros Or\u00edgenes a Trav\u00e9s del Arte: Jugamos a Pintar como los Hombres Primitivos en Educaci\u00f3n Infantil de Crist\u00f3bal Luque ...<br \/><div class=\"pt-cv-rmwrap\"><a href=\"https:\/\/blogsaverroes.juntadeandalucia.es\/cristoballuqueonieva\/jugamos-a-pintar-como-los-hombres-primitivos-en-e-infantil-de-cristobal-luque-onieva\/\" class=\"_self pt-cv-readmore btn btn-success\" target=\"_self\">Leer M\u00e1s<\/a><\/div><\/div><\/div><\/div>\n<div class=\"col-md-6 col-sm-6 col-xs-12 pt-cv-content-item pt-cv-1-col\" ><div class='pt-cv-ifield'><a href=\"https:\/\/blogsaverroes.juntadeandalucia.es\/cristoballuqueonieva\/video-resumen-programa-reto-y-pasrtido-del-ano\/\" class=\"_self pt-cv-href-thumbnail pt-cv-thumb-default\" target=\"_self\" ><\/a>\n<h4 class=\"pt-cv-title\"><a href=\"https:\/\/blogsaverroes.juntadeandalucia.es\/cristoballuqueonieva\/video-resumen-programa-reto-y-pasrtido-del-ano\/\" class=\"_self\" target=\"_self\" >Video Resumen Programa RETO y Pasrtido del A\u00f1o<\/a><\/h4>\n<div class=\"pt-cv-content\">[youtube https:\/\/youtu.be\/BkmJKV3YLg8] ...<br \/><div class=\"pt-cv-rmwrap\"><a href=\"https:\/\/blogsaverroes.juntadeandalucia.es\/cristoballuqueonieva\/video-resumen-programa-reto-y-pasrtido-del-ano\/\" class=\"_self pt-cv-readmore btn btn-success\" target=\"_self\">Leer M\u00e1s<\/a><\/div><\/div><\/div><\/div>\n<div class=\"col-md-6 col-sm-6 col-xs-12 pt-cv-content-item pt-cv-1-col\" ><div class='pt-cv-ifield'><a href=\"https:\/\/blogsaverroes.juntadeandalucia.es\/cristoballuqueonieva\/fin-del-partido\/\" class=\"_self pt-cv-href-thumbnail pt-cv-thumb-default\" target=\"_self\" ><img loading=\"lazy\" decoding=\"async\" width=\"225\" height=\"300\" src=\"https:\/\/blogsaverroes.juntadeandalucia.es\/cristoballuqueonieva\/files\/2021\/06\/IMG-20210618-WA0049-225x300.jpg\" class=\"pt-cv-thumbnail\" alt=\"\" srcset=\"https:\/\/blogsaverroes.juntadeandalucia.es\/cristoballuqueonieva\/files\/2021\/06\/IMG-20210618-WA0049-225x300.jpg 225w, https:\/\/blogsaverroes.juntadeandalucia.es\/cristoballuqueonieva\/files\/2021\/06\/IMG-20210618-WA0049-768x1024.jpg 768w, https:\/\/blogsaverroes.juntadeandalucia.es\/cristoballuqueonieva\/files\/2021\/06\/IMG-20210618-WA0049-1152x1536.jpg 1152w, https:\/\/blogsaverroes.juntadeandalucia.es\/cristoballuqueonieva\/files\/2021\/06\/IMG-20210618-WA0049.jpg 1200w\" sizes=\"(max-width: 225px) 100vw, 225px\" \/><\/a>\n<h4 class=\"pt-cv-title\"><a href=\"https:\/\/blogsaverroes.juntadeandalucia.es\/cristoballuqueonieva\/fin-del-partido\/\" class=\"_self\" target=\"_self\" >Fin del Partido<\/a><\/h4>\n<div class=\"pt-cv-content\">Familias, lleg\u00f3 el final de este \u201cpartido\u201d tan at\u00edpico que durante todo el curso 20\/21 hemos estado \u201cjugando\u201d. Gracias a ...<br \/><div class=\"pt-cv-rmwrap\"><a href=\"https:\/\/blogsaverroes.juntadeandalucia.es\/cristoballuqueonieva\/fin-del-partido\/\" class=\"_self pt-cv-readmore btn btn-success\" target=\"_self\">Leer M\u00e1s<\/a><\/div><\/div><\/div><\/div>\n<div class=\"col-md-6 col-sm-6 col-xs-12 pt-cv-content-item pt-cv-1-col\" ><div class='pt-cv-ifield'><a href=\"https:\/\/blogsaverroes.juntadeandalucia.es\/cristoballuqueonieva\/celebramos-la-i-semana-de-la-salud\/\" class=\"_self pt-cv-href-thumbnail pt-cv-thumb-default\" target=\"_self\" ><img loading=\"lazy\" decoding=\"async\" width=\"300\" height=\"185\" src=\"https:\/\/blogsaverroes.juntadeandalucia.es\/cristoballuqueonieva\/files\/2021\/03\/Captura-de-pantalla-2021-03-26-22.13.25-e1618340654709-300x185.png\" class=\"pt-cv-thumbnail\" alt=\"\" srcset=\"https:\/\/blogsaverroes.juntadeandalucia.es\/cristoballuqueonieva\/files\/2021\/03\/Captura-de-pantalla-2021-03-26-22.13.25-e1618340654709-300x185.png 300w, https:\/\/blogsaverroes.juntadeandalucia.es\/cristoballuqueonieva\/files\/2021\/03\/Captura-de-pantalla-2021-03-26-22.13.25-e1618340654709.png 449w\" sizes=\"(max-width: 300px) 100vw, 300px\" \/><\/a>\n<h4 class=\"pt-cv-title\"><a href=\"https:\/\/blogsaverroes.juntadeandalucia.es\/cristoballuqueonieva\/celebramos-la-i-semana-de-la-salud\/\" class=\"_self\" target=\"_self\" >CELEBRAMOS LA \u00abI SEMANA DE LA SALUD\u00bb<\/a><\/h4>\n<div class=\"pt-cv-content\">I Semana de la Salud Nuestro colegio celebr\u00f3, los d\u00edas 7, 8 y 9 de abril, la primera semana de ...<br \/><div class=\"pt-cv-rmwrap\"><a href=\"https:\/\/blogsaverroes.juntadeandalucia.es\/cristoballuqueonieva\/celebramos-la-i-semana-de-la-salud\/\" class=\"_self pt-cv-readmore btn btn-success\" target=\"_self\">Leer M\u00e1s<\/a><\/div><\/div><\/div><\/div>\n<div class=\"col-md-6 col-sm-6 col-xs-12 pt-cv-content-item pt-cv-1-col\" ><div class='pt-cv-ifield'><a href=\"https:\/\/blogsaverroes.juntadeandalucia.es\/cristoballuqueonieva\/i-semana-de-la-salud\/\" class=\"_self pt-cv-href-thumbnail pt-cv-thumb-default\" target=\"_self\" ><img loading=\"lazy\" decoding=\"async\" width=\"300\" height=\"185\" src=\"https:\/\/blogsaverroes.juntadeandalucia.es\/cristoballuqueonieva\/files\/2021\/03\/Captura-de-pantalla-2021-03-26-22.13.25-e1618340654709-300x185.png\" class=\"pt-cv-thumbnail\" alt=\"\" srcset=\"https:\/\/blogsaverroes.juntadeandalucia.es\/cristoballuqueonieva\/files\/2021\/03\/Captura-de-pantalla-2021-03-26-22.13.25-e1618340654709-300x185.png 300w, https:\/\/blogsaverroes.juntadeandalucia.es\/cristoballuqueonieva\/files\/2021\/03\/Captura-de-pantalla-2021-03-26-22.13.25-e1618340654709.png 449w\" sizes=\"(max-width: 300px) 100vw, 300px\" \/><\/a>\n<h4 class=\"pt-cv-title\"><a href=\"https:\/\/blogsaverroes.juntadeandalucia.es\/cristoballuqueonieva\/i-semana-de-la-salud\/\" class=\"_self\" target=\"_self\" >I Semana de la Salud<\/a><\/h4>\n<div class=\"pt-cv-content\">Nuestro cole celebrar\u00e1 la 1\u00aa Semana de la Salud durante los d\u00edas 7, 8 y 9 de abril de 2021 ...<br \/><div class=\"pt-cv-rmwrap\"><a href=\"https:\/\/blogsaverroes.juntadeandalucia.es\/cristoballuqueonieva\/i-semana-de-la-salud\/\" class=\"_self pt-cv-readmore btn btn-success\" target=\"_self\">Leer M\u00e1s<\/a><\/div><\/div><\/div><\/div>\n<div class=\"col-md-6 col-sm-6 col-xs-12 pt-cv-content-item pt-cv-1-col\" ><div class='pt-cv-ifield'><a href=\"https:\/\/blogsaverroes.juntadeandalucia.es\/cristoballuqueonieva\/mercadillo-solidario-2021\/\" class=\"_self pt-cv-href-thumbnail pt-cv-thumb-default\" target=\"_self\" ><img loading=\"lazy\" decoding=\"async\" width=\"189\" height=\"123\" src=\"https:\/\/blogsaverroes.juntadeandalucia.es\/cristoballuqueonieva\/files\/2021\/03\/images.jpg\" class=\"pt-cv-thumbnail\" alt=\"\" \/><\/a>\n<h4 class=\"pt-cv-title\"><a href=\"https:\/\/blogsaverroes.juntadeandalucia.es\/cristoballuqueonieva\/mercadillo-solidario-2021\/\" class=\"_self\" target=\"_self\" >MERCADILLO SOLIDARIO 2021<\/a><\/h4>\n<div class=\"pt-cv-content\">\ud83d\udcb0 Dinero recaudado del mercadillo: 558\u20ac. Una parte del dinero se va a destinar a Cruz Roja y otra parte ...<br \/><div class=\"pt-cv-rmwrap\"><a href=\"https:\/\/blogsaverroes.juntadeandalucia.es\/cristoballuqueonieva\/mercadillo-solidario-2021\/\" class=\"_self pt-cv-readmore btn btn-success\" target=\"_self\">Leer M\u00e1s<\/a><\/div><\/div><\/div><\/div>\n<div class=\"col-md-6 col-sm-6 col-xs-12 pt-cv-content-item pt-cv-1-col\" ><div class='pt-cv-ifield'><a href=\"https:\/\/blogsaverroes.juntadeandalucia.es\/cristoballuqueonieva\/celebramos-el-dia-de-andalucia\/\" class=\"_self pt-cv-href-thumbnail pt-cv-thumb-default\" target=\"_self\" ><img loading=\"lazy\" decoding=\"async\" width=\"300\" height=\"212\" src=\"https:\/\/blogsaverroes.juntadeandalucia.es\/cristoballuqueonieva\/files\/2021\/02\/8514610289_ecaa68f57d_o-300x212.jpg\" class=\"pt-cv-thumbnail\" alt=\"\" srcset=\"https:\/\/blogsaverroes.juntadeandalucia.es\/cristoballuqueonieva\/files\/2021\/02\/8514610289_ecaa68f57d_o-300x212.jpg 300w, https:\/\/blogsaverroes.juntadeandalucia.es\/cristoballuqueonieva\/files\/2021\/02\/8514610289_ecaa68f57d_o.jpg 640w\" sizes=\"(max-width: 300px) 100vw, 300px\" \/><\/a>\n<h4 class=\"pt-cv-title\"><a href=\"https:\/\/blogsaverroes.juntadeandalucia.es\/cristoballuqueonieva\/celebramos-el-dia-de-andalucia\/\" class=\"_self\" target=\"_self\" >CELEBRAMOS EL D\u00cdA DE ANDALUC\u00cdA<\/a><\/h4>\n<div class=\"pt-cv-content\"> ...<br \/><div class=\"pt-cv-rmwrap\"><a href=\"https:\/\/blogsaverroes.juntadeandalucia.es\/cristoballuqueonieva\/celebramos-el-dia-de-andalucia\/\" class=\"_self pt-cv-readmore btn btn-success\" target=\"_self\">Leer M\u00e1s<\/a><\/div><\/div><\/div><\/div>\n<div class=\"col-md-6 col-sm-6 col-xs-12 pt-cv-content-item pt-cv-1-col\" ><div class='pt-cv-ifield'><a href=\"https:\/\/blogsaverroes.juntadeandalucia.es\/cristoballuqueonieva\/proceso-de-escolarizacion-2021-2022\/\" class=\"_self pt-cv-href-thumbnail pt-cv-thumb-default\" target=\"_self\" ><img loading=\"lazy\" decoding=\"async\" width=\"300\" height=\"90\" src=\"https:\/\/blogsaverroes.juntadeandalucia.es\/cristoballuqueonieva\/files\/2021\/02\/layout_set_logo-300x90.png\" class=\"pt-cv-thumbnail\" alt=\"\" srcset=\"https:\/\/blogsaverroes.juntadeandalucia.es\/cristoballuqueonieva\/files\/2021\/02\/layout_set_logo-300x90.png 300w, https:\/\/blogsaverroes.juntadeandalucia.es\/cristoballuqueonieva\/files\/2021\/02\/layout_set_logo.png 395w\" sizes=\"(max-width: 300px) 100vw, 300px\" \/><\/a>\n<h4 class=\"pt-cv-title\"><a href=\"https:\/\/blogsaverroes.juntadeandalucia.es\/cristoballuqueonieva\/proceso-de-escolarizacion-2021-2022\/\" class=\"_self\" target=\"_self\" >PROCESO DE ESCOLARIZACI\u00d3N 2021\/2022<\/a><\/h4>\n<div class=\"pt-cv-content\"> ...<br \/><div class=\"pt-cv-rmwrap\"><a href=\"https:\/\/blogsaverroes.juntadeandalucia.es\/cristoballuqueonieva\/proceso-de-escolarizacion-2021-2022\/\" class=\"_self pt-cv-readmore btn btn-success\" target=\"_self\">Leer M\u00e1s<\/a><\/div><\/div><\/div><\/div><\/div><\/div><\/div>\n<p>&nbsp;<\/p>\n","protected":false},"excerpt":{"rendered":"<p>&nbsp; La Educaci\u00f3n Infantil&nbsp;es la etapa educativa que atiende a ni\u00f1as y ni\u00f1os desde el nacimiento hasta los seis a\u00f1os con la finalidad de contribuir a su desarrollo f\u00edsico, afectivo, social e intelectual. Se&#46;&#46;&#46;<\/p>\n","protected":false},"author":1,"featured_media":0,"parent":0,"menu_order":0,"comment_status":"closed","ping_status":"open","template":"","meta":{"ngg_post_thumbnail":0,"footnotes":"","_mc_calendar":[]},"aioseo_notices":[],"_links":{"self":[{"href":"https:\/\/blogsaverroes.juntadeandalucia.es\/cristoballuqueonieva\/wp-json\/wp\/v2\/pages\/424"}],"collection":[{"href":"https:\/\/blogsaverroes.juntadeandalucia.es\/cristoballuqueonieva\/wp-json\/wp\/v2\/pages"}],"about":[{"href":"https:\/\/blogsaverroes.juntadeandalucia.es\/cristoballuqueonieva\/wp-json\/wp\/v2\/types\/page"}],"author":[{"embeddable":true,"href":"https:\/\/blogsaverroes.juntadeandalucia.es\/cristoballuqueonieva\/wp-json\/wp\/v2\/users\/1"}],"replies":[{"embeddable":true,"href":"https:\/\/blogsaverroes.juntadeandalucia.es\/cristoballuqueonieva\/wp-json\/wp\/v2\/comments?post=424"}],"version-history":[{"count":8,"href":"https:\/\/blogsaverroes.juntadeandalucia.es\/cristoballuqueonieva\/wp-json\/wp\/v2\/pages\/424\/revisions"}],"predecessor-version":[{"id":2658,"href":"https:\/\/blogsaverroes.juntadeandalucia.es\/cristoballuqueonieva\/wp-json\/wp\/v2\/pages\/424\/revisions\/2658"}],"wp:attachment":[{"href":"https:\/\/blogsaverroes.juntadeandalucia.es\/cristoballuqueonieva\/wp-json\/wp\/v2\/media?parent=424"}],"curies":[{"name":"wp","href":"https:\/\/api.w.org\/{rel}","templated":true}]}}