{"id":1322,"date":"2022-07-12T11:23:03","date_gmt":"2022-07-12T10:23:03","guid":{"rendered":"https:\/\/blogsaverroes.juntadeandalucia.es\/cruzrojanormanbethune\/?page_id=1322"},"modified":"2022-07-12T11:35:41","modified_gmt":"2022-07-12T10:35:41","slug":"seguro-escolar","status":"publish","type":"page","link":"https:\/\/blogsaverroes.juntadeandalucia.es\/cruzrojanormanbethune\/seguro-escolar\/","title":{"rendered":"Seguro escolar"},"content":{"rendered":"<p>El alumnado menor de 28 a\u00f1os matriculado en nuestro centro, debe realizar el pago del seguro escolar a trav\u00e9s de la Secretar\u00eda Virtual.<\/p>\n<p>Es necesario disponer de tarjeta bancaria para hacer el pago.<\/p>\n<p>El c\u00f3digo de nuestro centro es 29700515.<\/p>\n<p>Enlace para realizar el pago del seguro escolar:<\/p>\n<p><a href=\"https:\/\/www.juntadeandalucia.es\/educacion\/secretariavirtual\/seguroEscolar\/pagoSeguroEscolar\/\" target=\"_blank\" rel=\"noopener noreferrer\">https:\/\/www.juntadeandalucia.es\/educacion\/secretariavirtual\/seguroEscolar\/pagoSeguroEscolar\/<\/a><\/p>\n","protected":false},"excerpt":{"rendered":"<p>El alumnado menor de 28 a\u00f1os matriculado en nuestro centro, debe realizar el pago del seguro escolar a trav\u00e9s de la Secretar\u00eda Virtual. Es necesario disponer de tarjeta bancaria para hacer el pago. El c\u00f3digo de nuestro centro es 29700515. Enlace para realizar el pago del seguro escolar: https:\/\/www.juntadeandalucia.es\/educacion\/secretariavirtual\/seguroEscolar\/pagoSeguroEscolar\/<\/p>\n","protected":false},"author":13795,"featured_media":0,"parent":0,"menu_order":0,"comment_status":"closed","ping_status":"closed","template":"","meta":{"_et_pb_use_builder":"","_et_pb_old_content":"","_et_gb_content_width":"","ngg_post_thumbnail":0,"footnotes":""},"aioseo_notices":[],"_links":{"self":[{"href":"https:\/\/blogsaverroes.juntadeandalucia.es\/cruzrojanormanbethune\/wp-json\/wp\/v2\/pages\/1322"}],"collection":[{"href":"https:\/\/blogsaverroes.juntadeandalucia.es\/cruzrojanormanbethune\/wp-json\/wp\/v2\/pages"}],"about":[{"href":"https:\/\/blogsaverroes.juntadeandalucia.es\/cruzrojanormanbethune\/wp-json\/wp\/v2\/types\/page"}],"author":[{"embeddable":true,"href":"https:\/\/blogsaverroes.juntadeandalucia.es\/cruzrojanormanbethune\/wp-json\/wp\/v2\/users\/13795"}],"replies":[{"embeddable":true,"href":"https:\/\/blogsaverroes.juntadeandalucia.es\/cruzrojanormanbethune\/wp-json\/wp\/v2\/comments?post=1322"}],"version-history":[{"count":3,"href":"https:\/\/blogsaverroes.juntadeandalucia.es\/cruzrojanormanbethune\/wp-json\/wp\/v2\/pages\/1322\/revisions"}],"predecessor-version":[{"id":1328,"href":"https:\/\/blogsaverroes.juntadeandalucia.es\/cruzrojanormanbethune\/wp-json\/wp\/v2\/pages\/1322\/revisions\/1328"}],"wp:attachment":[{"href":"https:\/\/blogsaverroes.juntadeandalucia.es\/cruzrojanormanbethune\/wp-json\/wp\/v2\/media?parent=1322"}],"curies":[{"name":"wp","href":"https:\/\/api.w.org\/{rel}","templated":true}]}}