{"id":262,"date":"2020-01-23T12:37:13","date_gmt":"2020-01-23T11:37:13","guid":{"rendered":"http:\/\/blogsaverroes.juntadeandalucia.es\/pre\/nuevoies2v2\/?page_id=262"},"modified":"2025-06-11T13:12:51","modified_gmt":"2025-06-11T12:12:51","slug":"nuestra-historia","status":"publish","type":"page","link":"https:\/\/blogsaverroes.juntadeandalucia.es\/cruzrojanormanbethune\/nuestra-historia\/","title":{"rendered":"Nuestra Historia"},"content":{"rendered":"<p>[et_pb_section fb_built=&#8221;1&#8243; _builder_version=&#8221;4.16&#8243; global_colors_info=&#8221;{}&#8221;][et_pb_row _builder_version=&#8221;4.16&#8243; background_size=&#8221;initial&#8221; background_position=&#8221;top_left&#8221; background_repeat=&#8221;repeat&#8221; global_colors_info=&#8221;{}&#8221;][et_pb_column type=&#8221;4_4&#8243; _builder_version=&#8221;4.16&#8243; custom_padding=&#8221;|||&#8221; global_colors_info=&#8221;{}&#8221; custom_padding__hover=&#8221;|||&#8221;][et_pb_image src=&#8221;https:\/\/blogsaverroes.juntadeandalucia.es\/cruzrojanormanbethune\/files\/2020\/02\/cabecera-interior-ies-3.png&#8221; admin_label=&#8221;Imagen de la portada&#8221; _builder_version=&#8221;4.16&#8243; vertical_offset_tablet=&#8221;0&#8243; horizontal_offset_tablet=&#8221;0&#8243; z_index_tablet=&#8221;500&#8243; box_shadow_horizontal_tablet=&#8221;0px&#8221; box_shadow_vertical_tablet=&#8221;0px&#8221; box_shadow_blur_tablet=&#8221;40px&#8221; box_shadow_spread_tablet=&#8221;0px&#8221; global_colors_info=&#8221;{}&#8221;][\/et_pb_image][et_pb_text admin_label=&#8221;Texto descriptivo&#8221; _builder_version=&#8221;4.24.2&#8243; hover_enabled=&#8221;0&#8243; z_index_tablet=&#8221;500&#8243; text_text_shadow_horizontal_length_tablet=&#8221;0px&#8221; text_text_shadow_vertical_length_tablet=&#8221;0px&#8221; text_text_shadow_blur_strength_tablet=&#8221;1px&#8221; link_text_shadow_horizontal_length_tablet=&#8221;0px&#8221; link_text_shadow_vertical_length_tablet=&#8221;0px&#8221; link_text_shadow_blur_strength_tablet=&#8221;1px&#8221; ul_text_shadow_horizontal_length_tablet=&#8221;0px&#8221; ul_text_shadow_vertical_length_tablet=&#8221;0px&#8221; ul_text_shadow_blur_strength_tablet=&#8221;1px&#8221; ol_text_shadow_horizontal_length_tablet=&#8221;0px&#8221; ol_text_shadow_vertical_length_tablet=&#8221;0px&#8221; ol_text_shadow_blur_strength_tablet=&#8221;1px&#8221; quote_text_shadow_horizontal_length_tablet=&#8221;0px&#8221; quote_text_shadow_vertical_length_tablet=&#8221;0px&#8221; quote_text_shadow_blur_strength_tablet=&#8221;1px&#8221; header_text_shadow_horizontal_length_tablet=&#8221;0px&#8221; header_text_shadow_vertical_length_tablet=&#8221;0px&#8221; header_text_shadow_blur_strength_tablet=&#8221;1px&#8221; header_2_text_shadow_horizontal_length_tablet=&#8221;0px&#8221; header_2_text_shadow_vertical_length_tablet=&#8221;0px&#8221; header_2_text_shadow_blur_strength_tablet=&#8221;1px&#8221; header_3_text_shadow_horizontal_length_tablet=&#8221;0px&#8221; header_3_text_shadow_vertical_length_tablet=&#8221;0px&#8221; header_3_text_shadow_blur_strength_tablet=&#8221;1px&#8221; header_4_text_shadow_horizontal_length_tablet=&#8221;0px&#8221; header_4_text_shadow_vertical_length_tablet=&#8221;0px&#8221; header_4_text_shadow_blur_strength_tablet=&#8221;1px&#8221; header_5_text_shadow_horizontal_length_tablet=&#8221;0px&#8221; header_5_text_shadow_vertical_length_tablet=&#8221;0px&#8221; header_5_text_shadow_blur_strength_tablet=&#8221;1px&#8221; header_6_text_shadow_horizontal_length_tablet=&#8221;0px&#8221; header_6_text_shadow_vertical_length_tablet=&#8221;0px&#8221; header_6_text_shadow_blur_strength_tablet=&#8221;1px&#8221; box_shadow_horizontal_tablet=&#8221;0px&#8221; box_shadow_vertical_tablet=&#8221;0px&#8221; box_shadow_blur_tablet=&#8221;40px&#8221; box_shadow_spread_tablet=&#8221;0px&#8221; global_colors_info=&#8221;{}&#8221; sticky_enabled=&#8221;0&#8243;]<\/p>\n<h2><span style=\"font-size: 24pt\">Informaci\u00f3n de nuestro centro<\/span><\/h2>\n<p>&nbsp;<\/p>\n<p>El Centro Docente Privado \u201cCruz Roja Norman Bethune\u201d es un centro de Formaci\u00f3n Profesional Espec\u00edfica de la familia Sanidad, donde se imparten los ciclos formativos de grado medio \u201cT\u00e9cnico en Cuidados Auxiliares de Enfermer\u00eda\u201d, \u201cT\u00e9cnico en Emergencias Sanitarias\u201d y \u201cT\u00e9cnico en Farmacia y Parafarmacia\u201d. Es el \u00fanico centro de estas caracter\u00edsticas en la comarca de La Axarqu\u00eda, siendo muy demandado por la poblaci\u00f3n de la comarca y de la provincia de M\u00e1laga.<\/p>\n<p>Es un centro privado concertado con la Junta de Andaluc\u00eda, cuya titularidad la ostenta Cruz Roja Espa\u00f1ola. Por ello, el ideario del centro sigue los principios fundamentales de Cruz Roja: Humanidad, Imparcialidad, Neutralidad, Independencia, Car\u00e1cter voluntario, Unidad y Universalidad.<\/p>\n<p>Las clases de T\u00e9cnico en Cuidados Auxiliares de Enfermer\u00eda y de T\u00e9cnico en Emergencias Sanitarias se imparten en horario de ma\u00f1ana de 8:15 a 14:45 horas y las de T\u00e9cnico en Farmacia y Parafarmacia en horario de tarde de 15:00 a 21:30 horas.<\/p>\n<p>Actualmente, contamos con 11 profesores y profesoras y una administrativa. Tiene una capacidad para 240 alumnos y alumnas, distribuidos por cursos de la siguiente forma:<\/p>\n<ul>\n<li>1\u00ba T\u00e9cnico en Cuidados Auxiliares de Enfermer\u00eda: 60 alumnos\/as.<\/li>\n<li>2\u00ba T\u00e9cnico en Cuidados Auxiliares de Enfermer\u00eda: 60 alumnos\/as.<\/li>\n<li>1\u00ba T\u00e9cnico en Emergencias Sanitarias: 30 alumnos\/as.<\/li>\n<li>2\u00ba T\u00e9cnico en Emergencias Sanitarias: 30 alumnos\/as.<\/li>\n<li>1\u00ba T\u00e9cnico en Farmacia y Parafarmacia: 30 alumnos\/as.<\/li>\n<li>2\u00ba T\u00e9cnico en Farmacia y Parafarmacia: 30 alumnos\/as.<\/li>\n<\/ul>\n<p>&nbsp;<\/p>\n<p>&nbsp;<\/p>\n<h2>Nuestra Historia<\/h2>\n<p>&nbsp;<\/p>\n<p>A ra\u00edz de la apertura del Hospital Comarcal de la Axarqu\u00eda, el que fuera presidente de la Asamblea Comarcal de V\u00e9lez-M\u00e1laga, Juan Carlos Ruiz Pretel, que era enfermero en dicho hospital, se percat\u00f3 de que pr\u00e1cticamente la totalidad del personal de enfermer\u00eda proced\u00eda de municipios ajenos a la comarca y que adem\u00e1s no exist\u00eda la posibilidad de que nuestros j\u00f3venes pudieran formarse en la rama sanitaria. Ello le llev\u00f3 a plantearse la posibilidad de que Cruz Roja, en su labor formadora, cubriera ese vac\u00edo con la apertura de un centro de formaci\u00f3n profesional de la rama sanitaria.<\/p>\n<p>Tras varios contactos entre Cruz Roja y distintos municipios de la comarca, se lleg\u00f3 a un acuerdo con el Excmo. Ayuntamiento de Arenas para la apertura del centro en este municipio.<\/p>\n<p>Nuestro centro comenz\u00f3 a funcionar durante el curso 1988\/1989 en la localidad de Arenas, siendo presidente de la Asamblea Provincial de M\u00e1laga D. Pedro Villagr\u00e1n Bustillo y de la Asamblea Comarcal de V\u00e9lez-M\u00e1laga D. Juan Carlos Ruiz Pretel. All\u00ed empez\u00f3 como un centro privado de formaci\u00f3n profesional de primer grado, en el que se impart\u00eda el t\u00edtulo de Auxiliar de Cl\u00ednica, permaneciendo en esta localidad hasta el curso 2004\/2005.<\/p>\n<p>Los dos primeros cursos escolares fue un centro de ense\u00f1anza exclusivamente privado.<\/p>\n<p>A partir del curso 1990\/1991 se firma un concierto educativo con la Junta de Andaluc\u00eda, pasando a ser un centro docente privado sostenido con fondos p\u00fablicos.<\/p>\n<p>Durante este periodo nuestro centro contaba con 4 profesores y profesoras y ten\u00eda una capacidad de 90 alumnos\/as por curso escolar.<\/p>\n<p>A partir del curso 1998\/1999, debido al cambio de la normativa, se extingue la antigua FP y se implantan los ciclos formativos de formaci\u00f3n profesional espec\u00edfica al amparo de la Ley Org\u00e1nica General del Sistema Educativo de 1990 (LOGSE). A partir de este curso se autorizan y se conciertan con la Junta de Andaluc\u00eda 3 unidades de ciclos formativos de grado medio de la familia Sanidad: 2 unidades de T\u00e9cnico en Cuidados Auxiliares de Enfermer\u00eda (que sustituyen a los antiguos cursos de FP I de Auxiliar de Cl\u00ednica) y se concierta una nueva unidad de T\u00e9cnico en Farmacia.<\/p>\n<p>Desde este curso la capacidad del centro aumenta a 180 alumnos\/as por curso escolar, que es la que tenemos en la actualidad.<\/p>\n<p>En el curso 2005\/2006, tras varios a\u00f1os de gestiones y gracias al apoyo y a la colaboraci\u00f3n del Excmo. Ayuntamiento de V\u00e9lez-M\u00e1laga, que cedi\u00f3 y habilit\u00f3 el edificio de la antigua escuela de Almayate para acoger a nuestro centro, se obtuvo la autorizaci\u00f3n de la Consejer\u00eda de Educaci\u00f3n para el traslado del centro a la localidad de Almayate, donde nos encontramos en la actualidad.<\/p>\n<p>En el a\u00f1o acad\u00e9mico 2009\/2010, debido a la entrada en vigor de la Ley Org\u00e1nica de Educaci\u00f3n de 2006 (LOE) se implanta el nuevo t\u00edtulo de T\u00e9cnico en Farmacia y Parafarmacia de 2000 horas de duraci\u00f3n, que sustituye al de T\u00e9cnico en Farmacia de 1300 horas. Este aumento del n\u00famero de horas conlleva que solicitemos a la Consejer\u00eda de Educaci\u00f3n de la Junta de Andaluc\u00eda, la autorizaci\u00f3n de una nueva unidad concertada a partir del curso 2010\/2011 para acoger al segundo curso de T\u00e9cnico en Farmacia y Parafarmacia, que fue concedida en junio de 2010.<\/p>\n<p>En 2014\/2015 se sustituye el primer curso de T\u00e9cnico en Farmacia y Parafarmacia por el de T\u00e9cnico en Emergencias Sanitarias y en 2015\/2016 sale la primera promoci\u00f3n de T\u00e9cnico en Emergencias Sanitarias de nuestro centro.<\/p>\n<p>A partir del curso 2021\/2022 se vuelve a implantar el ciclo formativo de T\u00e9cnico en Farmacia y Parafarmacia, con lo que nuestro centro imparte los tres ciclos formativos de grado medio de la familia Sanidad.<\/p>\n<p>Dentro del plan de formaci\u00f3n de nuestro alumnado se incluyen pr\u00e1cticas en diferentes instituciones y empresas sanitarias que colaboran con nuestro centro (hospitales, centros de salud, residencias geri\u00e1tricas, cl\u00ednicas privadas, oficinas de farmacia, empresas de ambulancias, \u2026) a las cuales le estamos muy agradecidos.<\/p>\n<p>En los m\u00e1s de 30 a\u00f1os que llevamos de funcionamiento, han pasado por nuestro centro m\u00e1s de 2000 alumnos y alumnas, procedentes mayoritariamente de la comarca de la Axarqu\u00eda, a los que hemos conseguido dar una formaci\u00f3n que ha posibilitado su incorporaci\u00f3n al mundo laboral como profesionales sanitarios.<\/p>\n<p>Hay que destacar que existe un alto \u00edndice de inserci\u00f3n laboral para los alumnos y alumnas que finalizan la formaci\u00f3n en nuestro centro y un gran n\u00famero de ellos logran ejercer su profesi\u00f3n en diferentes centros sanitarios tanto dentro como fuera de nuestra comarca.<\/p>\n<p>A d\u00eda de hoy, cuando acudimos a cualquier centro sanitario de la provincia, nos sentimos orgullosos de encontrarnos con trabajadores y trabajadoras que han sido formados en nuestras aulas, demostr\u00e1ndonos una gran val\u00eda profesional y humana.<\/p>\n<p>[\/et_pb_text][\/et_pb_column][\/et_pb_row][et_pb_row column_structure=&#8221;1_3,1_3,1_3&#8243; _builder_version=&#8221;4.16&#8243; background_size=&#8221;initial&#8221; background_position=&#8221;top_left&#8221; background_repeat=&#8221;repeat&#8221; global_colors_info=&#8221;{}&#8221;][et_pb_column type=&#8221;1_3&#8243; _builder_version=&#8221;4.16&#8243; custom_padding=&#8221;|||&#8221; global_colors_info=&#8221;{}&#8221; custom_padding__hover=&#8221;|||&#8221;][\/et_pb_column][et_pb_column type=&#8221;1_3&#8243; _builder_version=&#8221;4.16&#8243; custom_padding=&#8221;|||&#8221; global_colors_info=&#8221;{}&#8221; custom_padding__hover=&#8221;|||&#8221;][et_pb_blurb title=&#8221;Contacta&#8221; url=&#8221;https:\/\/blogsaverroes.juntadeandalucia.es\/cruzrojanormanbethune\/contactar-con-el-centro\/&#8221; use_icon=&#8221;on&#8221; font_icon=&#8221;&#xe010;||divi||400&#8243; image_icon_background_color=&#8221;#ffc259&#8243; image_icon_width=&#8221;48px&#8221; admin_label=&#8221;Informaci\u00f3n de contacto (icono, titulo y texto)&#8221; _builder_version=&#8221;4.16&#8243; image_icon_custom_padding=&#8221;25px|25px|25px|25px|false|false&#8221; text_orientation=&#8221;center&#8221; z_index_tablet=&#8221;500&#8243; header_text_shadow_horizontal_length_tablet=&#8221;0px&#8221; header_text_shadow_vertical_length_tablet=&#8221;0px&#8221; header_text_shadow_blur_strength_tablet=&#8221;1px&#8221; body_text_shadow_horizontal_length_tablet=&#8221;0px&#8221; body_text_shadow_vertical_length_tablet=&#8221;0px&#8221; body_text_shadow_blur_strength_tablet=&#8221;1px&#8221; body_link_text_shadow_horizontal_length_tablet=&#8221;0px&#8221; body_link_text_shadow_vertical_length_tablet=&#8221;0px&#8221; body_link_text_shadow_blur_strength_tablet=&#8221;1px&#8221; body_ul_text_shadow_horizontal_length_tablet=&#8221;0px&#8221; body_ul_text_shadow_vertical_length_tablet=&#8221;0px&#8221; body_ul_text_shadow_blur_strength_tablet=&#8221;1px&#8221; body_ol_text_shadow_horizontal_length_tablet=&#8221;0px&#8221; body_ol_text_shadow_vertical_length_tablet=&#8221;0px&#8221; body_ol_text_shadow_blur_strength_tablet=&#8221;1px&#8221; body_quote_text_shadow_horizontal_length_tablet=&#8221;0px&#8221; body_quote_text_shadow_vertical_length_tablet=&#8221;0px&#8221; body_quote_text_shadow_blur_strength_tablet=&#8221;1px&#8221; border_radii_image=&#8221;on|100%|100%|100%|100%&#8221; box_shadow_horizontal_tablet=&#8221;0px&#8221; box_shadow_vertical_tablet=&#8221;0px&#8221; box_shadow_blur_tablet=&#8221;40px&#8221; box_shadow_spread_tablet=&#8221;0px&#8221; box_shadow_horizontal_image_tablet=&#8221;0px&#8221; box_shadow_vertical_image_tablet=&#8221;0px&#8221; box_shadow_blur_image_tablet=&#8221;40px&#8221; box_shadow_spread_image_tablet=&#8221;0px&#8221; text_shadow_horizontal_length_tablet=&#8221;0px&#8221; text_shadow_vertical_length_tablet=&#8221;0px&#8221; text_shadow_blur_strength_tablet=&#8221;1px&#8221; use_circle=&#8221;on&#8221; circle_color=&#8221;#ffc259&#8243; global_colors_info=&#8221;{}&#8221; image_icon_background_color__sticky_enabled=&#8221;#241f59&#8243; image_icon_background_color__sticky=&#8221;#241f59&#8243;]<\/p>\n<p>Tenemos abierto nuestro buz\u00f3n de sugerencias<\/p>\n<p>[\/et_pb_blurb][\/et_pb_column][et_pb_column type=&#8221;1_3&#8243; _builder_version=&#8221;4.16&#8243; custom_padding=&#8221;|||&#8221; global_colors_info=&#8221;{}&#8221; custom_padding__hover=&#8221;|||&#8221;][\/et_pb_column][\/et_pb_row][\/et_pb_section]<\/p>\n","protected":false},"excerpt":{"rendered":"<p>Informaci\u00f3n de nuestro centro &nbsp; El Centro Docente Privado \u201cCruz Roja Norman Bethune\u201d es un centro de Formaci\u00f3n Profesional Espec\u00edfica de la familia Sanidad, donde se imparten los ciclos formativos de grado medio \u201cT\u00e9cnico en Cuidados Auxiliares de Enfermer\u00eda\u201d, \u201cT\u00e9cnico en Emergencias Sanitarias\u201d y \u201cT\u00e9cnico en Farmacia y Parafarmacia\u201d. Es el \u00fanico centro de estas [&hellip;]<\/p>\n","protected":false},"author":14878,"featured_media":0,"parent":0,"menu_order":0,"comment_status":"closed","ping_status":"closed","template":"","meta":{"_et_pb_use_builder":"on","_et_pb_old_content":"","_et_gb_content_width":"","ngg_post_thumbnail":0,"footnotes":""},"aioseo_notices":[],"_links":{"self":[{"href":"https:\/\/blogsaverroes.juntadeandalucia.es\/cruzrojanormanbethune\/wp-json\/wp\/v2\/pages\/262"}],"collection":[{"href":"https:\/\/blogsaverroes.juntadeandalucia.es\/cruzrojanormanbethune\/wp-json\/wp\/v2\/pages"}],"about":[{"href":"https:\/\/blogsaverroes.juntadeandalucia.es\/cruzrojanormanbethune\/wp-json\/wp\/v2\/types\/page"}],"author":[{"embeddable":true,"href":"https:\/\/blogsaverroes.juntadeandalucia.es\/cruzrojanormanbethune\/wp-json\/wp\/v2\/users\/14878"}],"replies":[{"embeddable":true,"href":"https:\/\/blogsaverroes.juntadeandalucia.es\/cruzrojanormanbethune\/wp-json\/wp\/v2\/comments?post=262"}],"version-history":[{"count":10,"href":"https:\/\/blogsaverroes.juntadeandalucia.es\/cruzrojanormanbethune\/wp-json\/wp\/v2\/pages\/262\/revisions"}],"predecessor-version":[{"id":1671,"href":"https:\/\/blogsaverroes.juntadeandalucia.es\/cruzrojanormanbethune\/wp-json\/wp\/v2\/pages\/262\/revisions\/1671"}],"wp:attachment":[{"href":"https:\/\/blogsaverroes.juntadeandalucia.es\/cruzrojanormanbethune\/wp-json\/wp\/v2\/media?parent=262"}],"curies":[{"name":"wp","href":"https:\/\/api.w.org\/{rel}","templated":true}]}}