{"id":30,"date":"2020-01-10T08:56:11","date_gmt":"2020-01-10T07:56:11","guid":{"rendered":"http:\/\/blogsaverroes.juntadeandalucia.es\/pre\/nuevoies2v2\/?page_id=30"},"modified":"2025-11-21T09:20:40","modified_gmt":"2025-11-21T08:20:40","slug":"claustro","status":"publish","type":"page","link":"https:\/\/blogsaverroes.juntadeandalucia.es\/cruzrojanormanbethune\/claustro\/","title":{"rendered":"Claustro del profesorado"},"content":{"rendered":"<p>[et_pb_section fb_built=&#8221;1&#8243; admin_label=&#8221;section&#8221; _builder_version=&#8221;4.16&#8243; global_colors_info=&#8221;{}&#8221;][et_pb_row admin_label=&#8221;row&#8221; _builder_version=&#8221;4.16&#8243; background_size=&#8221;initial&#8221; background_position=&#8221;top_left&#8221; background_repeat=&#8221;repeat&#8221; global_colors_info=&#8221;{}&#8221;][et_pb_column type=&#8221;4_4&#8243; _builder_version=&#8221;4.16&#8243; custom_padding=&#8221;|||&#8221; global_colors_info=&#8221;{}&#8221; custom_padding__hover=&#8221;|||&#8221;][et_pb_text _builder_version=&#8221;4.24.2&#8243; _module_preset=&#8221;default&#8221; hover_enabled=&#8221;0&#8243; global_colors_info=&#8221;{}&#8221; sticky_enabled=&#8221;0&#8243;]<\/p>\n<p><span style=\"font-size: 14pt\">Claustro del profesorado<\/span><\/p>\n<ul>\n<li>Jorge Francisco Alarc\u00f3n Li\u00f1\u00e1n<\/li>\n<li>M\u00aa Dolores \u00c1lvarez Berm\u00fadez<\/li>\n<li>Ricardo \u00c1lvarez Ruiz<\/li>\n<li>Laura Casilari Bravo<\/li>\n<li>M\u00aa Trinidad Meg\u00edas Melguizo<\/li>\n<li>Guadalupe Murillo Ruiz<\/li>\n<li>Adela Ortega Cobacho<\/li>\n<li>Mar\u00eda Jos\u00e9 P\u00e9rez Jim\u00e9nez<\/li>\n<li>M\u00aa Carmen Pita Venegas<\/li>\n<li>Manuel Rodr\u00edguez Rivera<\/li>\n<li>Laura Torres Jim\u00e9nez<\/li>\n<li>Carmen Zarza Verdugo<\/li>\n<\/ul>\n<p>&nbsp;<\/p>\n<p>[\/et_pb_text][\/et_pb_column][\/et_pb_row][\/et_pb_section]<\/p>\n","protected":false},"excerpt":{"rendered":"<p>Claustro del profesorado Jorge Francisco Alarc\u00f3n Li\u00f1\u00e1n M\u00aa Dolores \u00c1lvarez Berm\u00fadez Ricardo \u00c1lvarez Ruiz Laura Casilari Bravo M\u00aa Trinidad Meg\u00edas Melguizo Guadalupe Murillo Ruiz Adela Ortega Cobacho Mar\u00eda Jos\u00e9 P\u00e9rez Jim\u00e9nez M\u00aa Carmen Pita Venegas Manuel Rodr\u00edguez Rivera Laura Torres Jim\u00e9nez Carmen Zarza Verdugo &nbsp;<\/p>\n","protected":false},"author":14878,"featured_media":46,"parent":0,"menu_order":0,"comment_status":"closed","ping_status":"closed","template":"","meta":{"_et_pb_use_builder":"on","_et_pb_old_content":"","_et_gb_content_width":"","ngg_post_thumbnail":0,"footnotes":""},"aioseo_notices":[],"_links":{"self":[{"href":"https:\/\/blogsaverroes.juntadeandalucia.es\/cruzrojanormanbethune\/wp-json\/wp\/v2\/pages\/30"}],"collection":[{"href":"https:\/\/blogsaverroes.juntadeandalucia.es\/cruzrojanormanbethune\/wp-json\/wp\/v2\/pages"}],"about":[{"href":"https:\/\/blogsaverroes.juntadeandalucia.es\/cruzrojanormanbethune\/wp-json\/wp\/v2\/types\/page"}],"author":[{"embeddable":true,"href":"https:\/\/blogsaverroes.juntadeandalucia.es\/cruzrojanormanbethune\/wp-json\/wp\/v2\/users\/14878"}],"replies":[{"embeddable":true,"href":"https:\/\/blogsaverroes.juntadeandalucia.es\/cruzrojanormanbethune\/wp-json\/wp\/v2\/comments?post=30"}],"version-history":[{"count":8,"href":"https:\/\/blogsaverroes.juntadeandalucia.es\/cruzrojanormanbethune\/wp-json\/wp\/v2\/pages\/30\/revisions"}],"predecessor-version":[{"id":1744,"href":"https:\/\/blogsaverroes.juntadeandalucia.es\/cruzrojanormanbethune\/wp-json\/wp\/v2\/pages\/30\/revisions\/1744"}],"wp:featuredmedia":[{"embeddable":true,"href":"https:\/\/blogsaverroes.juntadeandalucia.es\/cruzrojanormanbethune\/wp-json\/wp\/v2\/media\/46"}],"wp:attachment":[{"href":"https:\/\/blogsaverroes.juntadeandalucia.es\/cruzrojanormanbethune\/wp-json\/wp\/v2\/media?parent=30"}],"curies":[{"name":"wp","href":"https:\/\/api.w.org\/{rel}","templated":true}]}}