{"id":58,"date":"2020-01-10T09:44:46","date_gmt":"2020-01-10T08:44:46","guid":{"rendered":"http:\/\/blogsaverroes.juntadeandalucia.es\/pre\/nuevoies2v2\/?page_id=58"},"modified":"2025-11-21T09:22:41","modified_gmt":"2025-11-21T08:22:41","slug":"consejo-escolar","status":"publish","type":"page","link":"https:\/\/blogsaverroes.juntadeandalucia.es\/cruzrojanormanbethune\/consejo-escolar\/","title":{"rendered":"Consejo Escolar"},"content":{"rendered":"<p>[et_pb_section fb_built=&#8221;1&#8243; _builder_version=&#8221;4.16&#8243; custom_padding=&#8221;0px||0px|&#8221; z_index_tablet=&#8221;500&#8243; box_shadow_horizontal_tablet=&#8221;0px&#8221; box_shadow_vertical_tablet=&#8221;0px&#8221; box_shadow_blur_tablet=&#8221;40px&#8221; box_shadow_spread_tablet=&#8221;0px&#8221; global_colors_info=&#8221;{}&#8221;][et_pb_row _builder_version=&#8221;4.16&#8243; background_size=&#8221;initial&#8221; background_position=&#8221;top_left&#8221; background_repeat=&#8221;repeat&#8221; global_colors_info=&#8221;{}&#8221;][et_pb_column type=&#8221;4_4&#8243; _builder_version=&#8221;4.16&#8243; custom_padding=&#8221;|||&#8221; global_colors_info=&#8221;{}&#8221; custom_padding__hover=&#8221;|||&#8221;][et_pb_text admin_label=&#8221;Texto descriptivo&#8221; _builder_version=&#8221;4.24.2&#8243; hover_enabled=&#8221;0&#8243; z_index_tablet=&#8221;500&#8243; text_text_shadow_horizontal_length_tablet=&#8221;0px&#8221; text_text_shadow_vertical_length_tablet=&#8221;0px&#8221; text_text_shadow_blur_strength_tablet=&#8221;1px&#8221; link_text_shadow_horizontal_length_tablet=&#8221;0px&#8221; link_text_shadow_vertical_length_tablet=&#8221;0px&#8221; link_text_shadow_blur_strength_tablet=&#8221;1px&#8221; ul_text_shadow_horizontal_length_tablet=&#8221;0px&#8221; ul_text_shadow_vertical_length_tablet=&#8221;0px&#8221; ul_text_shadow_blur_strength_tablet=&#8221;1px&#8221; ol_text_shadow_horizontal_length_tablet=&#8221;0px&#8221; ol_text_shadow_vertical_length_tablet=&#8221;0px&#8221; ol_text_shadow_blur_strength_tablet=&#8221;1px&#8221; quote_text_shadow_horizontal_length_tablet=&#8221;0px&#8221; quote_text_shadow_vertical_length_tablet=&#8221;0px&#8221; quote_text_shadow_blur_strength_tablet=&#8221;1px&#8221; header_text_shadow_horizontal_length_tablet=&#8221;0px&#8221; header_text_shadow_vertical_length_tablet=&#8221;0px&#8221; header_text_shadow_blur_strength_tablet=&#8221;1px&#8221; header_2_text_shadow_horizontal_length_tablet=&#8221;0px&#8221; header_2_text_shadow_vertical_length_tablet=&#8221;0px&#8221; header_2_text_shadow_blur_strength_tablet=&#8221;1px&#8221; header_3_text_shadow_horizontal_length_tablet=&#8221;0px&#8221; header_3_text_shadow_vertical_length_tablet=&#8221;0px&#8221; header_3_text_shadow_blur_strength_tablet=&#8221;1px&#8221; header_4_text_shadow_horizontal_length_tablet=&#8221;0px&#8221; header_4_text_shadow_vertical_length_tablet=&#8221;0px&#8221; header_4_text_shadow_blur_strength_tablet=&#8221;1px&#8221; header_5_text_shadow_horizontal_length_tablet=&#8221;0px&#8221; header_5_text_shadow_vertical_length_tablet=&#8221;0px&#8221; header_5_text_shadow_blur_strength_tablet=&#8221;1px&#8221; header_6_text_shadow_horizontal_length_tablet=&#8221;0px&#8221; header_6_text_shadow_vertical_length_tablet=&#8221;0px&#8221; header_6_text_shadow_blur_strength_tablet=&#8221;1px&#8221; box_shadow_horizontal_tablet=&#8221;0px&#8221; box_shadow_vertical_tablet=&#8221;0px&#8221; box_shadow_blur_tablet=&#8221;40px&#8221; box_shadow_spread_tablet=&#8221;0px&#8221; global_colors_info=&#8221;{}&#8221; sticky_enabled=&#8221;0&#8243;]<\/p>\n<h2>Consejo Escolar<\/h2>\n<p>&nbsp;<\/p>\n<p>Directora:<\/p>\n<ul>\n<li>Guadalupe Murillo Ruiz<\/li>\n<\/ul>\n<p>&nbsp;<\/p>\n<p>Representantes de la titularidad:<\/p>\n<ul>\n<li>Samuel Linares Cantero<\/li>\n<li>Ezequiel Pecino Rosales<\/li>\n<li>Ana Isabel Rinc\u00f3n L\u00f3pez<\/li>\n<\/ul>\n<p>&nbsp;<\/p>\n<p>Representante del Ayuntamiento:<\/p>\n<ul>\n<li>Jos\u00e9 Pino G\u00e1lvez<\/li>\n<\/ul>\n<p>&nbsp;<\/p>\n<p>Representantes del profesorado:<\/p>\n<ul>\n<li>Ricardo \u00c1lvarez Ruiz (Secretario)<\/li>\n<li>Laura Casilari Bravo<\/li>\n<li>Mar\u00eda Trinidad Meg\u00edas Melguizo<\/li>\n<li>Mar\u00eda Dolores \u00c1lvarez Berm\u00fadez<\/li>\n<\/ul>\n<p>&nbsp;<\/p>\n<p>Representante del personal de administraci\u00f3n y servicios:<\/p>\n<ul>\n<li>Mar\u00eda del Pilar Dur\u00e1n Granados<\/li>\n<\/ul>\n<p>&nbsp;<\/p>\n<p>Representante de padres\/madres\/tutores legales:<\/p>\n<p>&nbsp;<\/p>\n<p>Representante del alumnado:<\/p>\n<ul>\n<li>Erika Mar\u00eda Monta\u00f1ez Quero<\/li>\n<\/ul>\n<p>&nbsp;<\/p>\n<p>[\/et_pb_text][\/et_pb_column][\/et_pb_row][\/et_pb_section]<\/p>\n","protected":false},"excerpt":{"rendered":"<p>Consejo Escolar &nbsp; Directora: Guadalupe Murillo Ruiz &nbsp; Representantes de la titularidad: Samuel Linares Cantero Ezequiel Pecino Rosales Ana Isabel Rinc\u00f3n L\u00f3pez &nbsp; Representante del Ayuntamiento: Jos\u00e9 Pino G\u00e1lvez &nbsp; Representantes del profesorado: Ricardo \u00c1lvarez Ruiz (Secretario) Laura Casilari Bravo Mar\u00eda Trinidad Meg\u00edas Melguizo Mar\u00eda Dolores \u00c1lvarez Berm\u00fadez &nbsp; Representante del personal de administraci\u00f3n y [&hellip;]<\/p>\n","protected":false},"author":14878,"featured_media":0,"parent":0,"menu_order":0,"comment_status":"closed","ping_status":"closed","template":"","meta":{"_et_pb_use_builder":"on","_et_pb_old_content":"","_et_gb_content_width":"","ngg_post_thumbnail":0,"footnotes":""},"aioseo_notices":[],"_links":{"self":[{"href":"https:\/\/blogsaverroes.juntadeandalucia.es\/cruzrojanormanbethune\/wp-json\/wp\/v2\/pages\/58"}],"collection":[{"href":"https:\/\/blogsaverroes.juntadeandalucia.es\/cruzrojanormanbethune\/wp-json\/wp\/v2\/pages"}],"about":[{"href":"https:\/\/blogsaverroes.juntadeandalucia.es\/cruzrojanormanbethune\/wp-json\/wp\/v2\/types\/page"}],"author":[{"embeddable":true,"href":"https:\/\/blogsaverroes.juntadeandalucia.es\/cruzrojanormanbethune\/wp-json\/wp\/v2\/users\/14878"}],"replies":[{"embeddable":true,"href":"https:\/\/blogsaverroes.juntadeandalucia.es\/cruzrojanormanbethune\/wp-json\/wp\/v2\/comments?post=58"}],"version-history":[{"count":9,"href":"https:\/\/blogsaverroes.juntadeandalucia.es\/cruzrojanormanbethune\/wp-json\/wp\/v2\/pages\/58\/revisions"}],"predecessor-version":[{"id":1747,"href":"https:\/\/blogsaverroes.juntadeandalucia.es\/cruzrojanormanbethune\/wp-json\/wp\/v2\/pages\/58\/revisions\/1747"}],"wp:attachment":[{"href":"https:\/\/blogsaverroes.juntadeandalucia.es\/cruzrojanormanbethune\/wp-json\/wp\/v2\/media?parent=58"}],"curies":[{"name":"wp","href":"https:\/\/api.w.org\/{rel}","templated":true}]}}