{"id":345,"date":"2016-11-22T21:00:11","date_gmt":"2016-11-22T21:00:11","guid":{"rendered":"http:\/\/blogsaverroes.juntadeandalucia.es\/cuartoblabarrosa1617\/?page_id=345"},"modified":"2017-03-23T20:06:27","modified_gmt":"2017-03-23T20:06:27","slug":"taller-flamenco","status":"publish","type":"page","link":"https:\/\/blogsaverroes.juntadeandalucia.es\/cuartoblabarrosa1617\/taller-flamenco\/","title":{"rendered":"03- TALLER FLAMENCO"},"content":{"rendered":"<p>Hoy hemos realizado un taller de autoestima flamenca impartido por una componente del grupo \u00abLas M\u00f3nicas\u00bb. Aqu\u00ed os dejo unas fotitos y un v\u00eddeo, espero os gusten.<\/p>\n<p><a href=\"https:\/\/www.youtube.com\/watch?v=wcIWw-S2B9A\">V\u00cdDEO TALLER FLAMENCO 4\u00baB 2016<\/a><\/p>\n\n\t\t<style>\n\t\t\t#gallery-1 {\n\t\t\t\tmargin: auto;\n\t\t\t}\n\t\t\t#gallery-1 .gallery-item {\n\t\t\t\tfloat: left;\n\t\t\t\tmargin-top: 10px;\n\t\t\t\ttext-align: center;\n\t\t\t\twidth: 100%;\n\t\t\t}\n\t\t\t#gallery-1 img {\n\t\t\t\tborder: 2px solid #cfcfcf;\n\t\t\t}\n\t\t\t#gallery-1 .gallery-caption {\n\t\t\t\tmargin-left: 0;\n\t\t\t}\n\t\t\t\/* see gallery_shortcode() in wp-includes\/media.php *\/\n\t\t<\/style>\n\t\t<div id='gallery-1' class='gallery galleryid-345 gallery-columns-1 gallery-size-large'><dl class='gallery-item'>\n\t\t\t<dt class='gallery-icon landscape'>\n\t\t\t\t<a href='https:\/\/blogsaverroes.juntadeandalucia.es\/cuartoblabarrosa1617\/taller-flamenco\/20161122_123911\/'><img loading=\"lazy\" decoding=\"async\" width=\"1024\" height=\"768\" src=\"https:\/\/blogsaverroes.juntadeandalucia.es\/cuartoblabarrosa1617\/files\/2016\/11\/20161122_123911-1024x768.jpg\" class=\"attachment-large size-large\" alt=\"\" srcset=\"https:\/\/blogsaverroes.juntadeandalucia.es\/cuartoblabarrosa1617\/files\/2016\/11\/20161122_123911-1024x768.jpg 1024w, https:\/\/blogsaverroes.juntadeandalucia.es\/cuartoblabarrosa1617\/files\/2016\/11\/20161122_123911-300x225.jpg 300w, https:\/\/blogsaverroes.juntadeandalucia.es\/cuartoblabarrosa1617\/files\/2016\/11\/20161122_123911.jpg 1600w\" sizes=\"(max-width: 1024px) 100vw, 1024px\" \/><\/a>\n\t\t\t<\/dt><\/dl><br style=\"clear: both\" \/><dl class='gallery-item'>\n\t\t\t<dt class='gallery-icon landscape'>\n\t\t\t\t<a href='https:\/\/blogsaverroes.juntadeandalucia.es\/cuartoblabarrosa1617\/taller-flamenco\/20161122_123932\/'><img loading=\"lazy\" decoding=\"async\" width=\"1024\" height=\"768\" src=\"https:\/\/blogsaverroes.juntadeandalucia.es\/cuartoblabarrosa1617\/files\/2016\/11\/20161122_123932-1024x768.jpg\" class=\"attachment-large size-large\" alt=\"\" srcset=\"https:\/\/blogsaverroes.juntadeandalucia.es\/cuartoblabarrosa1617\/files\/2016\/11\/20161122_123932-1024x768.jpg 1024w, https:\/\/blogsaverroes.juntadeandalucia.es\/cuartoblabarrosa1617\/files\/2016\/11\/20161122_123932-300x225.jpg 300w, https:\/\/blogsaverroes.juntadeandalucia.es\/cuartoblabarrosa1617\/files\/2016\/11\/20161122_123932.jpg 1600w\" sizes=\"(max-width: 1024px) 100vw, 1024px\" \/><\/a>\n\t\t\t<\/dt><\/dl><br style=\"clear: both\" \/><dl class='gallery-item'>\n\t\t\t<dt class='gallery-icon landscape'>\n\t\t\t\t<a href='https:\/\/blogsaverroes.juntadeandalucia.es\/cuartoblabarrosa1617\/taller-flamenco\/20161122_124839\/'><img loading=\"lazy\" decoding=\"async\" width=\"1024\" height=\"768\" src=\"https:\/\/blogsaverroes.juntadeandalucia.es\/cuartoblabarrosa1617\/files\/2016\/11\/20161122_124839-1024x768.jpg\" class=\"attachment-large size-large\" alt=\"\" srcset=\"https:\/\/blogsaverroes.juntadeandalucia.es\/cuartoblabarrosa1617\/files\/2016\/11\/20161122_124839-1024x768.jpg 1024w, https:\/\/blogsaverroes.juntadeandalucia.es\/cuartoblabarrosa1617\/files\/2016\/11\/20161122_124839-300x225.jpg 300w, https:\/\/blogsaverroes.juntadeandalucia.es\/cuartoblabarrosa1617\/files\/2016\/11\/20161122_124839.jpg 1600w\" sizes=\"(max-width: 1024px) 100vw, 1024px\" \/><\/a>\n\t\t\t<\/dt><\/dl><br style=\"clear: both\" \/><dl class='gallery-item'>\n\t\t\t<dt class='gallery-icon landscape'>\n\t\t\t\t<a href='https:\/\/blogsaverroes.juntadeandalucia.es\/cuartoblabarrosa1617\/taller-flamenco\/20161122_130509\/'><img loading=\"lazy\" decoding=\"async\" width=\"1024\" height=\"768\" src=\"https:\/\/blogsaverroes.juntadeandalucia.es\/cuartoblabarrosa1617\/files\/2016\/11\/20161122_130509-1024x768.jpg\" class=\"attachment-large size-large\" alt=\"\" srcset=\"https:\/\/blogsaverroes.juntadeandalucia.es\/cuartoblabarrosa1617\/files\/2016\/11\/20161122_130509-1024x768.jpg 1024w, https:\/\/blogsaverroes.juntadeandalucia.es\/cuartoblabarrosa1617\/files\/2016\/11\/20161122_130509-300x225.jpg 300w, https:\/\/blogsaverroes.juntadeandalucia.es\/cuartoblabarrosa1617\/files\/2016\/11\/20161122_130509.jpg 1600w\" sizes=\"(max-width: 1024px) 100vw, 1024px\" \/><\/a>\n\t\t\t<\/dt><\/dl><br style=\"clear: both\" \/><dl class='gallery-item'>\n\t\t\t<dt class='gallery-icon landscape'>\n\t\t\t\t<a href='https:\/\/blogsaverroes.juntadeandalucia.es\/cuartoblabarrosa1617\/taller-flamenco\/20161122_131245\/'><img loading=\"lazy\" decoding=\"async\" width=\"1024\" height=\"768\" src=\"https:\/\/blogsaverroes.juntadeandalucia.es\/cuartoblabarrosa1617\/files\/2016\/11\/20161122_131245-1024x768.jpg\" class=\"attachment-large size-large\" alt=\"\" srcset=\"https:\/\/blogsaverroes.juntadeandalucia.es\/cuartoblabarrosa1617\/files\/2016\/11\/20161122_131245-1024x768.jpg 1024w, https:\/\/blogsaverroes.juntadeandalucia.es\/cuartoblabarrosa1617\/files\/2016\/11\/20161122_131245-300x225.jpg 300w, https:\/\/blogsaverroes.juntadeandalucia.es\/cuartoblabarrosa1617\/files\/2016\/11\/20161122_131245.jpg 1600w\" sizes=\"(max-width: 1024px) 100vw, 1024px\" \/><\/a>\n\t\t\t<\/dt><\/dl><br style=\"clear: both\" \/><dl class='gallery-item'>\n\t\t\t<dt class='gallery-icon landscape'>\n\t\t\t\t<a href='https:\/\/blogsaverroes.juntadeandalucia.es\/cuartoblabarrosa1617\/taller-flamenco\/20161122_131517\/'><img loading=\"lazy\" decoding=\"async\" width=\"1024\" height=\"768\" src=\"https:\/\/blogsaverroes.juntadeandalucia.es\/cuartoblabarrosa1617\/files\/2016\/11\/20161122_131517-1024x768.jpg\" class=\"attachment-large size-large\" alt=\"\" srcset=\"https:\/\/blogsaverroes.juntadeandalucia.es\/cuartoblabarrosa1617\/files\/2016\/11\/20161122_131517-1024x768.jpg 1024w, https:\/\/blogsaverroes.juntadeandalucia.es\/cuartoblabarrosa1617\/files\/2016\/11\/20161122_131517-300x225.jpg 300w, https:\/\/blogsaverroes.juntadeandalucia.es\/cuartoblabarrosa1617\/files\/2016\/11\/20161122_131517.jpg 1600w\" sizes=\"(max-width: 1024px) 100vw, 1024px\" \/><\/a>\n\t\t\t<\/dt><\/dl><br style=\"clear: both\" \/><dl class='gallery-item'>\n\t\t\t<dt class='gallery-icon landscape'>\n\t\t\t\t<a href='https:\/\/blogsaverroes.juntadeandalucia.es\/cuartoblabarrosa1617\/taller-flamenco\/20161122_131559\/'><img loading=\"lazy\" decoding=\"async\" width=\"1024\" height=\"768\" src=\"https:\/\/blogsaverroes.juntadeandalucia.es\/cuartoblabarrosa1617\/files\/2016\/11\/20161122_131559-1024x768.jpg\" class=\"attachment-large size-large\" alt=\"\" srcset=\"https:\/\/blogsaverroes.juntadeandalucia.es\/cuartoblabarrosa1617\/files\/2016\/11\/20161122_131559-1024x768.jpg 1024w, https:\/\/blogsaverroes.juntadeandalucia.es\/cuartoblabarrosa1617\/files\/2016\/11\/20161122_131559-300x225.jpg 300w, https:\/\/blogsaverroes.juntadeandalucia.es\/cuartoblabarrosa1617\/files\/2016\/11\/20161122_131559.jpg 1600w\" sizes=\"(max-width: 1024px) 100vw, 1024px\" \/><\/a>\n\t\t\t<\/dt><\/dl><br style=\"clear: both\" \/><dl class='gallery-item'>\n\t\t\t<dt class='gallery-icon landscape'>\n\t\t\t\t<a href='https:\/\/blogsaverroes.juntadeandalucia.es\/cuartoblabarrosa1617\/taller-flamenco\/20161122_131850\/'><img loading=\"lazy\" decoding=\"async\" width=\"1024\" height=\"768\" src=\"https:\/\/blogsaverroes.juntadeandalucia.es\/cuartoblabarrosa1617\/files\/2016\/11\/20161122_131850-1024x768.jpg\" class=\"attachment-large size-large\" alt=\"\" srcset=\"https:\/\/blogsaverroes.juntadeandalucia.es\/cuartoblabarrosa1617\/files\/2016\/11\/20161122_131850-1024x768.jpg 1024w, https:\/\/blogsaverroes.juntadeandalucia.es\/cuartoblabarrosa1617\/files\/2016\/11\/20161122_131850-300x225.jpg 300w, https:\/\/blogsaverroes.juntadeandalucia.es\/cuartoblabarrosa1617\/files\/2016\/11\/20161122_131850.jpg 1600w\" sizes=\"(max-width: 1024px) 100vw, 1024px\" \/><\/a>\n\t\t\t<\/dt><\/dl><br style=\"clear: both\" \/><dl class='gallery-item'>\n\t\t\t<dt class='gallery-icon landscape'>\n\t\t\t\t<a href='https:\/\/blogsaverroes.juntadeandalucia.es\/cuartoblabarrosa1617\/taller-flamenco\/20161122_132256\/'><img loading=\"lazy\" decoding=\"async\" width=\"1024\" height=\"768\" src=\"https:\/\/blogsaverroes.juntadeandalucia.es\/cuartoblabarrosa1617\/files\/2016\/11\/20161122_132256-1024x768.jpg\" class=\"attachment-large size-large\" alt=\"\" srcset=\"https:\/\/blogsaverroes.juntadeandalucia.es\/cuartoblabarrosa1617\/files\/2016\/11\/20161122_132256-1024x768.jpg 1024w, https:\/\/blogsaverroes.juntadeandalucia.es\/cuartoblabarrosa1617\/files\/2016\/11\/20161122_132256-300x225.jpg 300w, https:\/\/blogsaverroes.juntadeandalucia.es\/cuartoblabarrosa1617\/files\/2016\/11\/20161122_132256.jpg 1600w\" sizes=\"(max-width: 1024px) 100vw, 1024px\" \/><\/a>\n\t\t\t<\/dt><\/dl><br style=\"clear: both\" \/><dl class='gallery-item'>\n\t\t\t<dt class='gallery-icon landscape'>\n\t\t\t\t<a href='https:\/\/blogsaverroes.juntadeandalucia.es\/cuartoblabarrosa1617\/taller-flamenco\/20161122_132520\/'><img loading=\"lazy\" decoding=\"async\" width=\"1024\" height=\"768\" src=\"https:\/\/blogsaverroes.juntadeandalucia.es\/cuartoblabarrosa1617\/files\/2016\/11\/20161122_132520-1024x768.jpg\" class=\"attachment-large size-large\" alt=\"\" srcset=\"https:\/\/blogsaverroes.juntadeandalucia.es\/cuartoblabarrosa1617\/files\/2016\/11\/20161122_132520-1024x768.jpg 1024w, https:\/\/blogsaverroes.juntadeandalucia.es\/cuartoblabarrosa1617\/files\/2016\/11\/20161122_132520-300x225.jpg 300w, https:\/\/blogsaverroes.juntadeandalucia.es\/cuartoblabarrosa1617\/files\/2016\/11\/20161122_132520.jpg 1600w\" sizes=\"(max-width: 1024px) 100vw, 1024px\" \/><\/a>\n\t\t\t<\/dt><\/dl><br style=\"clear: both\" \/><dl class='gallery-item'>\n\t\t\t<dt class='gallery-icon landscape'>\n\t\t\t\t<a href='https:\/\/blogsaverroes.juntadeandalucia.es\/cuartoblabarrosa1617\/taller-flamenco\/20161122_132544\/'><img loading=\"lazy\" decoding=\"async\" width=\"1024\" height=\"768\" src=\"https:\/\/blogsaverroes.juntadeandalucia.es\/cuartoblabarrosa1617\/files\/2016\/11\/20161122_132544-1024x768.jpg\" class=\"attachment-large size-large\" alt=\"\" srcset=\"https:\/\/blogsaverroes.juntadeandalucia.es\/cuartoblabarrosa1617\/files\/2016\/11\/20161122_132544-1024x768.jpg 1024w, https:\/\/blogsaverroes.juntadeandalucia.es\/cuartoblabarrosa1617\/files\/2016\/11\/20161122_132544-300x225.jpg 300w, https:\/\/blogsaverroes.juntadeandalucia.es\/cuartoblabarrosa1617\/files\/2016\/11\/20161122_132544.jpg 1600w\" sizes=\"(max-width: 1024px) 100vw, 1024px\" \/><\/a>\n\t\t\t<\/dt><\/dl><br style=\"clear: both\" \/><dl class='gallery-item'>\n\t\t\t<dt class='gallery-icon landscape'>\n\t\t\t\t<a href='https:\/\/blogsaverroes.juntadeandalucia.es\/cuartoblabarrosa1617\/taller-flamenco\/20161122_132552\/'><img loading=\"lazy\" decoding=\"async\" width=\"1024\" height=\"768\" src=\"https:\/\/blogsaverroes.juntadeandalucia.es\/cuartoblabarrosa1617\/files\/2016\/11\/20161122_132552-1024x768.jpg\" class=\"attachment-large size-large\" alt=\"\" srcset=\"https:\/\/blogsaverroes.juntadeandalucia.es\/cuartoblabarrosa1617\/files\/2016\/11\/20161122_132552-1024x768.jpg 1024w, https:\/\/blogsaverroes.juntadeandalucia.es\/cuartoblabarrosa1617\/files\/2016\/11\/20161122_132552-300x225.jpg 300w, https:\/\/blogsaverroes.juntadeandalucia.es\/cuartoblabarrosa1617\/files\/2016\/11\/20161122_132552.jpg 1600w\" sizes=\"(max-width: 1024px) 100vw, 1024px\" \/><\/a>\n\t\t\t<\/dt><\/dl><br style=\"clear: both\" \/><dl class='gallery-item'>\n\t\t\t<dt class='gallery-icon landscape'>\n\t\t\t\t<a href='https:\/\/blogsaverroes.juntadeandalucia.es\/cuartoblabarrosa1617\/taller-flamenco\/20161122_132631\/'><img loading=\"lazy\" decoding=\"async\" width=\"1024\" height=\"768\" src=\"https:\/\/blogsaverroes.juntadeandalucia.es\/cuartoblabarrosa1617\/files\/2016\/11\/20161122_132631-1024x768.jpg\" class=\"attachment-large size-large\" alt=\"\" srcset=\"https:\/\/blogsaverroes.juntadeandalucia.es\/cuartoblabarrosa1617\/files\/2016\/11\/20161122_132631-1024x768.jpg 1024w, https:\/\/blogsaverroes.juntadeandalucia.es\/cuartoblabarrosa1617\/files\/2016\/11\/20161122_132631-300x225.jpg 300w, https:\/\/blogsaverroes.juntadeandalucia.es\/cuartoblabarrosa1617\/files\/2016\/11\/20161122_132631.jpg 1600w\" sizes=\"(max-width: 1024px) 100vw, 1024px\" \/><\/a>\n\t\t\t<\/dt><\/dl><br style=\"clear: both\" \/><dl class='gallery-item'>\n\t\t\t<dt class='gallery-icon landscape'>\n\t\t\t\t<a href='https:\/\/blogsaverroes.juntadeandalucia.es\/cuartoblabarrosa1617\/taller-flamenco\/20161122_132632\/'><img loading=\"lazy\" decoding=\"async\" width=\"1024\" height=\"768\" src=\"https:\/\/blogsaverroes.juntadeandalucia.es\/cuartoblabarrosa1617\/files\/2016\/11\/20161122_132632-1024x768.jpg\" class=\"attachment-large size-large\" alt=\"\" srcset=\"https:\/\/blogsaverroes.juntadeandalucia.es\/cuartoblabarrosa1617\/files\/2016\/11\/20161122_132632-1024x768.jpg 1024w, https:\/\/blogsaverroes.juntadeandalucia.es\/cuartoblabarrosa1617\/files\/2016\/11\/20161122_132632-300x225.jpg 300w, https:\/\/blogsaverroes.juntadeandalucia.es\/cuartoblabarrosa1617\/files\/2016\/11\/20161122_132632.jpg 1600w\" sizes=\"(max-width: 1024px) 100vw, 1024px\" \/><\/a>\n\t\t\t<\/dt><\/dl><br style=\"clear: both\" \/><dl class='gallery-item'>\n\t\t\t<dt class='gallery-icon landscape'>\n\t\t\t\t<a href='https:\/\/blogsaverroes.juntadeandalucia.es\/cuartoblabarrosa1617\/taller-flamenco\/20161122_132920\/'><img loading=\"lazy\" decoding=\"async\" width=\"1024\" height=\"768\" src=\"https:\/\/blogsaverroes.juntadeandalucia.es\/cuartoblabarrosa1617\/files\/2016\/11\/20161122_132920-1024x768.jpg\" class=\"attachment-large size-large\" alt=\"\" srcset=\"https:\/\/blogsaverroes.juntadeandalucia.es\/cuartoblabarrosa1617\/files\/2016\/11\/20161122_132920-1024x768.jpg 1024w, https:\/\/blogsaverroes.juntadeandalucia.es\/cuartoblabarrosa1617\/files\/2016\/11\/20161122_132920-300x225.jpg 300w, https:\/\/blogsaverroes.juntadeandalucia.es\/cuartoblabarrosa1617\/files\/2016\/11\/20161122_132920.jpg 1600w\" sizes=\"(max-width: 1024px) 100vw, 1024px\" \/><\/a>\n\t\t\t<\/dt><\/dl><br style=\"clear: both\" \/>\n\t\t<\/div>\n\n","protected":false},"excerpt":{"rendered":"<p>Hoy hemos realizado un taller de autoestima flamenca impartido por una componente del grupo \u00abLas M\u00f3nicas\u00bb. Aqu\u00ed os dejo unas fotitos y un v\u00eddeo, espero os gusten. V\u00cdDEO TALLER FLAMENCO 4\u00baB 2016<\/p>\n","protected":false},"author":3873,"featured_media":0,"parent":0,"menu_order":0,"comment_status":"closed","ping_status":"closed","template":"","meta":{"ngg_post_thumbnail":0,"footnotes":""},"aioseo_notices":[],"_links":{"self":[{"href":"https:\/\/blogsaverroes.juntadeandalucia.es\/cuartoblabarrosa1617\/wp-json\/wp\/v2\/pages\/345"}],"collection":[{"href":"https:\/\/blogsaverroes.juntadeandalucia.es\/cuartoblabarrosa1617\/wp-json\/wp\/v2\/pages"}],"about":[{"href":"https:\/\/blogsaverroes.juntadeandalucia.es\/cuartoblabarrosa1617\/wp-json\/wp\/v2\/types\/page"}],"author":[{"embeddable":true,"href":"https:\/\/blogsaverroes.juntadeandalucia.es\/cuartoblabarrosa1617\/wp-json\/wp\/v2\/users\/3873"}],"replies":[{"embeddable":true,"href":"https:\/\/blogsaverroes.juntadeandalucia.es\/cuartoblabarrosa1617\/wp-json\/wp\/v2\/comments?post=345"}],"version-history":[{"count":10,"href":"https:\/\/blogsaverroes.juntadeandalucia.es\/cuartoblabarrosa1617\/wp-json\/wp\/v2\/pages\/345\/revisions"}],"predecessor-version":[{"id":826,"href":"https:\/\/blogsaverroes.juntadeandalucia.es\/cuartoblabarrosa1617\/wp-json\/wp\/v2\/pages\/345\/revisions\/826"}],"wp:attachment":[{"href":"https:\/\/blogsaverroes.juntadeandalucia.es\/cuartoblabarrosa1617\/wp-json\/wp\/v2\/media?parent=345"}],"curies":[{"name":"wp","href":"https:\/\/api.w.org\/{rel}","templated":true}]}}