{"id":467,"date":"2016-12-24T08:40:26","date_gmt":"2016-12-24T08:40:26","guid":{"rendered":"http:\/\/blogsaverroes.juntadeandalucia.es\/cuartoblabarrosa1617\/?page_id=467"},"modified":"2017-03-23T20:07:43","modified_gmt":"2017-03-23T20:07:43","slug":"mannequin-challenge-2016-4ob","status":"publish","type":"page","link":"https:\/\/blogsaverroes.juntadeandalucia.es\/cuartoblabarrosa1617\/mannequin-challenge-2016-4ob\/","title":{"rendered":"06- MANNEQUIN CHALLENGE 2016 4\u00baB"},"content":{"rendered":"<p>Pincha para ver el v\u00eddeo del mannequin challenge realizado por la clase de 4\u00baB el \u00faltimo d\u00eda de clase antes de las Navidades 2016.<\/p>\n<p><a href=\"https:\/\/www.youtube.com\/watch?v=3NhY89qKfA8\">V\u00cdDEO MANIQUI CHALLENGE 4\u00baB 2016<\/a><\/p>\n<p>&nbsp;<\/p>\n","protected":false},"excerpt":{"rendered":"<p>Pincha para ver el v\u00eddeo del mannequin challenge realizado por la clase de 4\u00baB el \u00faltimo d\u00eda de clase antes de las Navidades 2016. V\u00cdDEO MANIQUI CHALLENGE 4\u00baB 2016 &nbsp;<\/p>\n","protected":false},"author":3873,"featured_media":0,"parent":0,"menu_order":0,"comment_status":"closed","ping_status":"closed","template":"","meta":{"ngg_post_thumbnail":0,"footnotes":""},"aioseo_notices":[],"_links":{"self":[{"href":"https:\/\/blogsaverroes.juntadeandalucia.es\/cuartoblabarrosa1617\/wp-json\/wp\/v2\/pages\/467"}],"collection":[{"href":"https:\/\/blogsaverroes.juntadeandalucia.es\/cuartoblabarrosa1617\/wp-json\/wp\/v2\/pages"}],"about":[{"href":"https:\/\/blogsaverroes.juntadeandalucia.es\/cuartoblabarrosa1617\/wp-json\/wp\/v2\/types\/page"}],"author":[{"embeddable":true,"href":"https:\/\/blogsaverroes.juntadeandalucia.es\/cuartoblabarrosa1617\/wp-json\/wp\/v2\/users\/3873"}],"replies":[{"embeddable":true,"href":"https:\/\/blogsaverroes.juntadeandalucia.es\/cuartoblabarrosa1617\/wp-json\/wp\/v2\/comments?post=467"}],"version-history":[{"count":5,"href":"https:\/\/blogsaverroes.juntadeandalucia.es\/cuartoblabarrosa1617\/wp-json\/wp\/v2\/pages\/467\/revisions"}],"predecessor-version":[{"id":829,"href":"https:\/\/blogsaverroes.juntadeandalucia.es\/cuartoblabarrosa1617\/wp-json\/wp\/v2\/pages\/467\/revisions\/829"}],"wp:attachment":[{"href":"https:\/\/blogsaverroes.juntadeandalucia.es\/cuartoblabarrosa1617\/wp-json\/wp\/v2\/media?parent=467"}],"curies":[{"name":"wp","href":"https:\/\/api.w.org\/{rel}","templated":true}]}}