{"id":16,"date":"2021-08-01T10:31:57","date_gmt":"2021-08-01T10:31:57","guid":{"rendered":"https:\/\/blogsaverroes.juntadeandalucia.es\/curioseando\/?page_id=16"},"modified":"2022-01-18T23:34:44","modified_gmt":"2022-01-18T22:34:44","slug":"home","status":"publish","type":"page","link":"https:\/\/blogsaverroes.juntadeandalucia.es\/curioseando\/","title":{"rendered":"Home"},"content":{"rendered":"<p><span style=\"font-family: 'book antiqua', palatino, serif\">\u00a1\u00a1\u00a1Bienvenidos a la web de 5\u00baC\u00a1\u00a1\u00a1 Aqu\u00ed podr\u00e1s realizar actividades que te ayuden a repasar los contenidos vistos en clase, ampliarlos y reforzarlos.<\/span><\/p>\n<p><span style=\"font-family: 'book antiqua', palatino, serif\">Adem\u00e1s tendr\u00e1s propuestas de actividades voluntarias que te ayudar\u00e1n a sumar unos puntos &nbsp;de <strong>XP<\/strong> que siempre te vendr\u00e1n muy bien (podr\u00e1s canjearlos por algunas \u00abventajas\u00bb)<\/span><\/p>\n<p><span style=\"font-family: 'book antiqua', palatino, serif\">A continuaci\u00f3n, os dejo vuestro horario para el presente curso escolar. (<span style=\"color: #ffff00\"><em>pulsa en la imagen para ampliarla<\/em><\/span>)<\/span><\/p>\n<p style=\"text-align: right\"><span style=\"text-align: right;font-size: 1rem;font-family: 'book antiqua', palatino, serif\">Un saludo, \ud83d\ude0e<\/span><\/p>\n<p style=\"text-align: center\"><a href=\"https:\/\/drive.google.com\/file\/d\/1VEoEtgkTGF-q6Ehtgkv56QoCRwQiyz2F\/view?usp=sharing\" target=\"_blank\" rel=\"noopener noreferrer\"><img loading=\"lazy\" decoding=\"async\" class=\" wp-image-136 aligncenter\" src=\"https:\/\/blogsaverroes.juntadeandalucia.es\/curioseando\/files\/2021\/09\/Horario-5\u00baC-300x264.png\" alt=\"\" width=\"461\" height=\"405\" srcset=\"https:\/\/blogsaverroes.juntadeandalucia.es\/curioseando\/files\/2021\/09\/Horario-5\u00baC-300x264.png 300w, https:\/\/blogsaverroes.juntadeandalucia.es\/curioseando\/files\/2021\/09\/Horario-5\u00baC-1024x900.png 1024w, https:\/\/blogsaverroes.juntadeandalucia.es\/curioseando\/files\/2021\/09\/Horario-5\u00baC-768x675.png 768w, https:\/\/blogsaverroes.juntadeandalucia.es\/curioseando\/files\/2021\/09\/Horario-5\u00baC.png 1448w\" sizes=\"(max-width: 461px) 100vw, 461px\" \/>_____________________________________<\/a><\/p>\n<p><span style=\"font-family: 'book antiqua', palatino, serif\">La web para el seguimiento de las clases, las tareas y actividades m\u00e1s importantes realizadas durante el d\u00eda, es la siguiente:<\/span><\/p>\n<p style=\"text-align: center\"><a href=\"https:\/\/padlet.com\/manuelticadolfo\/jboc8ipgfegj63qt\" target=\"_blank\" rel=\"noopener noreferrer\"><span style=\"font-family: impact, sans-serif;font-size: 18pt\">PULSA AQU\u00cd<\/span><\/a><\/p>\n","protected":false},"excerpt":{"rendered":"<p>\u00a1\u00a1\u00a1Bienvenidos a la web de 5\u00baC\u00a1\u00a1\u00a1 Aqu\u00ed podr\u00e1s realizar actividades que te ayuden a repasar los contenidos vistos en clase, ampliarlos y reforzarlos. Adem\u00e1s tendr\u00e1s propuestas de actividades voluntarias que te ayudar\u00e1n a sumar unos puntos &nbsp;de XP que siempre te vendr\u00e1n muy bien (podr\u00e1s canjearlos por algunas \u00abventajas\u00bb) A continuaci\u00f3n, os dejo vuestro horario &hellip; <\/p>\n<p class=\"link-more\"><a href=\"https:\/\/blogsaverroes.juntadeandalucia.es\/curioseando\/\" class=\"more-link\">Continuar leyendo<span class=\"screen-reader-text\"> \u00abHome\u00bb<\/span><\/a><\/p>\n","protected":false},"author":7300,"featured_media":0,"parent":0,"menu_order":0,"comment_status":"closed","ping_status":"closed","template":"","meta":{"ngg_post_thumbnail":0,"footnotes":""},"aioseo_notices":[],"_links":{"self":[{"href":"https:\/\/blogsaverroes.juntadeandalucia.es\/curioseando\/wp-json\/wp\/v2\/pages\/16"}],"collection":[{"href":"https:\/\/blogsaverroes.juntadeandalucia.es\/curioseando\/wp-json\/wp\/v2\/pages"}],"about":[{"href":"https:\/\/blogsaverroes.juntadeandalucia.es\/curioseando\/wp-json\/wp\/v2\/types\/page"}],"author":[{"embeddable":true,"href":"https:\/\/blogsaverroes.juntadeandalucia.es\/curioseando\/wp-json\/wp\/v2\/users\/7300"}],"replies":[{"embeddable":true,"href":"https:\/\/blogsaverroes.juntadeandalucia.es\/curioseando\/wp-json\/wp\/v2\/comments?post=16"}],"version-history":[{"count":11,"href":"https:\/\/blogsaverroes.juntadeandalucia.es\/curioseando\/wp-json\/wp\/v2\/pages\/16\/revisions"}],"predecessor-version":[{"id":264,"href":"https:\/\/blogsaverroes.juntadeandalucia.es\/curioseando\/wp-json\/wp\/v2\/pages\/16\/revisions\/264"}],"wp:attachment":[{"href":"https:\/\/blogsaverroes.juntadeandalucia.es\/curioseando\/wp-json\/wp\/v2\/media?parent=16"}],"curies":[{"name":"wp","href":"https:\/\/api.w.org\/{rel}","templated":true}]}}