{"id":164,"date":"2021-10-04T00:07:35","date_gmt":"2021-10-03T22:07:35","guid":{"rendered":"https:\/\/blogsaverroes.juntadeandalucia.es\/curioseando\/?page_id=164"},"modified":"2021-11-16T22:42:21","modified_gmt":"2021-11-16T21:42:21","slug":"agencia","status":"publish","type":"page","link":"https:\/\/blogsaverroes.juntadeandalucia.es\/curioseando\/agencia\/","title":{"rendered":"AGENCIA"},"content":{"rendered":"<p><span style=\"font-family: georgia, palatino, serif\">Para conocer las puntuaciones actuales, pulsa en el siguiente enlace:<\/span><\/p>\n<p style=\"text-align: center\"><span style=\"color: #ff9900\"><a style=\"color: #ff9900\" href=\"https:\/\/sites.google.com\/view\/agencia-de-curiosos\/p\u00e1gina-principal\" target=\"_blank\" rel=\"noopener noreferrer\"><span style=\"font-family: impact, sans-serif;font-size: 24pt\">PULSA AQU\u00cd<\/span><\/a><\/span><\/p>\n<p><span style=\"font-family: georgia, palatino, serif\">El enlace para archivar los informes e investigaciones es el siguiente:<\/span><\/p>\n<p style=\"text-align: center\"><span style=\"color: #33cccc\"><a style=\"color: #33cccc\" href=\"https:\/\/padlet.com\/mapermac80\/m0ib8jdmtjvdt1np\" target=\"_blank\" rel=\"noopener noreferrer\"><span style=\"font-family: impact, sans-serif;font-size: 24pt\">PULSA AQU\u00cd<\/span><\/a><\/span><\/p>\n<table style=\"border-collapse: collapse;width: 100%;height: 52px\">\n<tbody>\n<tr style=\"height: 26px\">\n<td style=\"width: 100%;height: 26px;background-color: #bd713a;text-align: center\"><span style=\"font-size: 24pt;color: #ffffff;font-family: 'book antiqua', palatino, serif\"><strong>TAREAS<\/strong><\/span><\/td>\n<\/tr>\n<tr style=\"height: 26px\">\n<td style=\"width: 100%;height: 26px\"><span style=\"font-family: 'book antiqua', palatino, serif\"><strong>Enlace 1\u00aa tarea:&nbsp;<\/strong>realizar un mural que sintetice la informaci\u00f3n m\u00e1s importante de la UDI : \u00bfDe qu\u00e9 est\u00e1 hecha la Tierra?<\/span><\/p>\n<p><span style=\"font-family: 'book antiqua', palatino, serif\">El mural debe tener la siguiente disposici\u00f3n: <a href=\"https:\/\/drive.google.com\/file\/d\/1h5xElSSdxOtIZVOBDkTaItoD2ioqnYVv\/view?usp=sharing\" target=\"_blank\" rel=\"noopener noreferrer\"><span style=\"font-size: 18pt\"><strong><span style=\"color: #ff0000\">Pulsa aqu\u00ed<\/span><\/strong><\/span><\/a><\/span><\/p>\n<p><span style=\"font-family: 'book antiqua', palatino, serif\"> <a href=\"https:\/\/view.genial.ly\/618d8ef4d8d8430e101be1bd\/interactive-image-universo\" target=\"_blank\" rel=\"noopener noreferrer\">https:\/\/view.genial.ly\/618d8ef4d8d8430e101be1bd\/interactive-image-universo<\/a><\/span><\/td>\n<\/tr>\n<tr>\n<td style=\"width: 100%\">&nbsp;<\/td>\n<\/tr>\n<\/tbody>\n<\/table>\n","protected":false},"excerpt":{"rendered":"<p>Para conocer las puntuaciones actuales, pulsa en el siguiente enlace: PULSA AQU\u00cd El enlace para archivar los informes e investigaciones es el siguiente: PULSA AQU\u00cd TAREAS Enlace 1\u00aa tarea:&nbsp;realizar un mural que sintetice la informaci\u00f3n m\u00e1s importante de la UDI : \u00bfDe qu\u00e9 est\u00e1 hecha la Tierra? El mural debe tener la siguiente disposici\u00f3n: Pulsa &hellip; <\/p>\n<p class=\"link-more\"><a href=\"https:\/\/blogsaverroes.juntadeandalucia.es\/curioseando\/agencia\/\" class=\"more-link\">Continuar leyendo<span class=\"screen-reader-text\"> \u00abAGENCIA\u00bb<\/span><\/a><\/p>\n","protected":false},"author":7300,"featured_media":0,"parent":0,"menu_order":0,"comment_status":"closed","ping_status":"closed","template":"","meta":{"ngg_post_thumbnail":0,"footnotes":""},"aioseo_notices":[],"_links":{"self":[{"href":"https:\/\/blogsaverroes.juntadeandalucia.es\/curioseando\/wp-json\/wp\/v2\/pages\/164"}],"collection":[{"href":"https:\/\/blogsaverroes.juntadeandalucia.es\/curioseando\/wp-json\/wp\/v2\/pages"}],"about":[{"href":"https:\/\/blogsaverroes.juntadeandalucia.es\/curioseando\/wp-json\/wp\/v2\/types\/page"}],"author":[{"embeddable":true,"href":"https:\/\/blogsaverroes.juntadeandalucia.es\/curioseando\/wp-json\/wp\/v2\/users\/7300"}],"replies":[{"embeddable":true,"href":"https:\/\/blogsaverroes.juntadeandalucia.es\/curioseando\/wp-json\/wp\/v2\/comments?post=164"}],"version-history":[{"count":7,"href":"https:\/\/blogsaverroes.juntadeandalucia.es\/curioseando\/wp-json\/wp\/v2\/pages\/164\/revisions"}],"predecessor-version":[{"id":167,"href":"https:\/\/blogsaverroes.juntadeandalucia.es\/curioseando\/wp-json\/wp\/v2\/pages\/164\/revisions\/167"}],"wp:attachment":[{"href":"https:\/\/blogsaverroes.juntadeandalucia.es\/curioseando\/wp-json\/wp\/v2\/media?parent=164"}],"curies":[{"name":"wp","href":"https:\/\/api.w.org\/{rel}","templated":true}]}}