{"id":42,"date":"2021-08-18T01:10:48","date_gmt":"2021-08-17T23:10:48","guid":{"rendered":"https:\/\/blogsaverroes.juntadeandalucia.es\/curioseando\/?page_id=42"},"modified":"2022-03-22T11:38:21","modified_gmt":"2022-03-22T10:38:21","slug":"portfolio","status":"publish","type":"page","link":"https:\/\/blogsaverroes.juntadeandalucia.es\/curioseando\/portfolio\/","title":{"rendered":"\u00c1reas"},"content":{"rendered":"<table style=\"border-collapse: collapse;width: 100%;height: 228px\">\n<tbody>\n<tr style=\"height: 31px\">\n<td style=\"width: 50%;background-color: #faa5a5;text-align: center;height: 31px\"><span style=\"color: #333333\"><strong><span style=\"font-family: georgia, palatino, serif;font-size: 14pt\">Lengua<\/span><\/strong><\/span><\/td>\n<td style=\"width: 50%;background-color: #a6bbf7;text-align: center;height: 31px\"><span style=\"color: #333333\"><strong><span style=\"font-family: georgia, palatino, serif;font-size: 14pt\">Matem\u00e1ticas<\/span><\/strong><\/span><\/td>\n<\/tr>\n<tr style=\"height: 26px\">\n<td style=\"width: 50%;background-color: #f5d3d3;height: 26px\">\n<ul>\n<li style=\"list-style-type: none\">\n<ul>\n<li><span style=\"color: #000000;font-family: georgia, palatino, serif\"><a style=\"color: #000000\" href=\"https:\/\/www.cokitos.com\/pasapalabra-de-adivinanzas\/play\/\" target=\"_blank\" rel=\"noopener noreferrer\">Pasapalabra sobre adivinanzas<\/a><\/span><\/li>\n<li><span style=\"color: #000000\"><a style=\"color: #000000\" href=\"https:\/\/view.genial.ly\/6164d81e3a83f50dc9863de9\/interactive-content-cuentropolis-el-pais-de-los-cuentos\" target=\"_blank\" rel=\"noopener noreferrer\"><span style=\"font-family: georgia, palatino, serif\">Cuentr\u00f3polis &#8211; el pa\u00eds de los cuentos<\/span><\/a><\/span><\/li>\n<\/ul>\n<\/li>\n<\/ul>\n<\/td>\n<td style=\"width: 50%;background-color: #c6d2f5;height: 26px\">\n<ul>\n<li style=\"list-style-type: none\">\n<ul style=\"list-style-type: disc\">\n<li><span style=\"font-family: georgia, palatino, serif;color: #000000\"><a style=\"color: #000000\" href=\"https:\/\/es.ixl.com\/matematicas\/4-primaria\/valor-posicional-en-los-numeros-naturales\" target=\"_blank\" rel=\"noopener noreferrer\">Valor posicional<\/a><\/span><\/li>\n<li><span style=\"font-family: georgia, palatino, serif;color: #000000\"><a style=\"color: #000000\" href=\"https:\/\/vedoque.com\/juegos\/granja-matematicas.html\" target=\"_blank\" rel=\"noopener noreferrer\"><strong>VIP<\/strong> &#8211; Suma, resta y multiplicaci\u00f3n.<\/a><\/span><\/li>\n<li><span style=\"font-family: georgia, palatino, serif;color: #000000\"><a style=\"color: #000000\" href=\"https:\/\/www.cokitos.com\/competicion-campeon-de-matematicas\/play\/\" target=\"_blank\" rel=\"noopener noreferrer\">C\u00e1lculo mental<\/a><\/span>\n<ul style=\"list-style-type: disc\">\n<li><span style=\"color: #000000\"><a style=\"color: #000000\" href=\"https:\/\/wordwall.net\/play\/2304\/810\/7215\" target=\"_blank\" rel=\"noopener noreferrer\"><span style=\"font-family: georgia, palatino, serif\">Tren matem\u00e1tico<\/span><\/a><\/span><\/li>\n<li><span style=\"font-family: georgia, palatino, serif;color: #000000\"><a style=\"color: #000000\" href=\"https:\/\/wordwall.net\/play\/12933\/477\/769\" target=\"_blank\" rel=\"noopener noreferrer\">Suma topos<\/a><\/span><\/li>\n<li><span style=\"font-family: georgia, palatino, serif;color: #000000\"><a style=\"color: #000000\" href=\"https:\/\/wordwall.net\/play\/2952\/026\/4192\" target=\"_blank\" rel=\"noopener noreferrer\">Asignar multiplicaciones<\/a><\/span><\/li>\n<\/ul>\n<\/li>\n<li><span style=\"font-family: georgia, palatino, serif;color: #000000\"><a style=\"color: #000000\" href=\"https:\/\/www.tablasdemultiplicar.com\/\" target=\"_blank\" rel=\"noopener noreferrer\">Tablas de multiplicar<\/a><\/span>\n<ul style=\"list-style-type: disc\">\n<li><span style=\"font-family: georgia, palatino, serif;color: #000000\"><a style=\"color: #000000\" href=\"http:\/\/tablas-de-multiplicar.es\/\" target=\"_blank\" rel=\"noopener noreferrer\">M\u00e1s tablas<\/a><\/span><\/li>\n<\/ul>\n<\/li>\n<li><span style=\"color: #000000;font-family: georgia, palatino, serif\"><a style=\"color: #000000\" href=\"https:\/\/www.cokitos.com\/mosaicos-de-sumas-hasta-10\/play\/\" target=\"_blank\" rel=\"noopener noreferrer\">Mosaico de sumas<\/a><\/span><\/li>\n<li><span style=\"color: #000000;font-family: georgia, palatino, serif\"><a style=\"color: #000000\" href=\"https:\/\/www.cokitos.com\/juego-cartas-uno-online\/play\/\" target=\"_blank\" rel=\"noopener noreferrer\">Juego UNO<\/a><\/span><\/li>\n<li><span style=\"color: #000000;font-family: georgia, palatino, serif\"><a style=\"color: #000000\" href=\"https:\/\/www.cokitos.com\/secuencias-de-numeros\/play\/\" target=\"_blank\" rel=\"noopener noreferrer\">Completa el patr\u00f3n<\/a><\/span><\/li>\n<\/ul>\n<\/li>\n<\/ul>\n<\/td>\n<\/tr>\n<tr style=\"height: 31px\">\n<td style=\"width: 50%;background-color: #bad9b8;text-align: center;height: 31px\"><span style=\"font-size: 14pt;color: #000000\"><strong><span style=\"font-family: georgia, palatino, serif\">Naturales<\/span><\/strong><\/span><\/td>\n<td style=\"width: 50%;background-color: #dabff5;text-align: center;height: 31px\"><span style=\"font-size: 14pt;color: #000000\"><strong><span style=\"font-family: georgia, palatino, serif\">Sociales<\/span><\/strong><\/span><\/td>\n<\/tr>\n<tr style=\"height: 26px\">\n<td style=\"width: 50%;background-color: #dae6da;height: 26px\">\n<ul>\n<li style=\"list-style-type: none\">\n<ul>\n<li><a href=\"https:\/\/www.refuerzovirtual.com\/2017\/09\/crea-tus-mapas-mantales-gratis-y-sin.html\" target=\"_blank\" rel=\"noopener noreferrer\"><span style=\"font-family: georgia, palatino, serif\">Hacer mapas conceptuales online<\/span><\/a><\/li>\n<li><span style=\"color: #000000\"><a style=\"color: #000000\" href=\"https:\/\/drive.google.com\/file\/d\/1xfZ2CUpnOLyHpoxNepdcPH2hI5EQn9wx\/view?usp=sharing\" target=\"_blank\" rel=\"noopener noreferrer\"><span style=\"font-family: georgia, palatino, serif\">Seres vivos<\/span><\/a><\/span><\/li>\n<li><span style=\"color: #000000\"><a style=\"color: #000000\" href=\"https:\/\/arcanave.wordpress.com\/seres-inertes\/\" target=\"_blank\" rel=\"noopener noreferrer\"><span style=\"font-family: georgia, palatino, serif\">Diferencias ser vivo &#8211; ser inerte<\/span><\/a><\/span><\/li>\n<li><span style=\"color: #000000\"><a style=\"color: #000000\" href=\"https:\/\/drive.google.com\/file\/d\/1Y9BfcFhXkefx-h6ui6EDGgXRLFTZ2Y4t\/view?usp=sharing\" target=\"_blank\" rel=\"noopener noreferrer\"><span style=\"font-family: georgia, palatino, serif\">Los 5 reinos de los seres vivos<\/span><\/a><\/span>\n<ul>\n<li><span style=\"color: #000000\"><a style=\"color: #000000\" href=\"https:\/\/www.slideshare.net\/josserafael\/los-cinco-reinos-de-seres-vivos-5-de-primaria\" target=\"_blank\" rel=\"noopener noreferrer\"><span style=\"font-family: georgia, palatino, serif\">M\u00e1s informaci\u00f3n<\/span><\/a><\/span><\/li>\n<li><span style=\"color: #000000\"><a style=\"color: #000000\" href=\"https:\/\/www.slideshare.net\/ioned\/los-cinco-reinos-presentation\" target=\"_blank\" rel=\"noopener noreferrer\"><span style=\"font-family: georgia, palatino, serif\">A\u00fan m\u00e1s<\/span><\/a><\/span><\/li>\n<\/ul>\n<\/li>\n<li><span style=\"color: #000000\"><a style=\"color: #000000\" href=\"https:\/\/view.genial.ly\/617036f70be2ae0de60cfe41\/video-presentation-metodo-cientifico\" target=\"_blank\" rel=\"noopener noreferrer\"><span style=\"font-family: georgia, palatino, serif\"><strong>VIP:<\/strong> El m\u00e9todo cient\u00edfico<\/span><\/a><\/span>\n<ul>\n<li><span style=\"color: #000000\"><a style=\"color: #000000\" href=\"https:\/\/youtu.be\/6TUr3zr2Akg\" target=\"_blank\" rel=\"noopener noreferrer\"><span style=\"font-family: georgia, palatino, serif\">V\u00eddeo: \u00abM\u00e9todo cient\u00edfico\u00bb<\/span><\/a><\/span><\/li>\n<\/ul>\n<\/li>\n<li><a href=\"https:\/\/drive.google.com\/file\/d\/10RBPYCae4o0j7_gDUyVCz_yHfmYqZ23E\/view?usp=sharing\" target=\"_blank\" rel=\"noopener noreferrer\"><span style=\"font-family: georgia, palatino, serif;color: #000000\">Esquema sobre los reinos de los seres vivos<\/span><\/a><\/li>\n<\/ul>\n<\/li>\n<\/ul>\n<\/td>\n<td style=\"width: 50%;background-color: #eee1f7;height: 26px\">\n<ul>\n<li style=\"list-style-type: none\">\n<ul>\n<li><span style=\"font-family: georgia, palatino, serif\"><a href=\"https:\/\/www.refuerzovirtual.com\/2017\/09\/crea-tus-mapas-mantales-gratis-y-sin.html\" target=\"_blank\" rel=\"noopener noreferrer\">Hacer mapas conceptuales online<\/a><\/span><\/li>\n<li><span style=\"color: #000000;font-family: georgia, palatino, serif\">Experimento volc\u00e1n<\/span>\n<ul>\n<li><span style=\"font-family: georgia, palatino, serif;color: #000000\"><a style=\"color: #000000\" href=\"https:\/\/youtu.be\/PPZfaO3TPf0\" target=\"_blank\" rel=\"noopener noreferrer\">Nivel PRO<\/a><\/span><\/li>\n<li><span style=\"color: #000000\"><a style=\"color: #000000\" href=\"https:\/\/youtu.be\/K6bELTfGNQo\" target=\"_blank\" rel=\"noopener noreferrer\"><span style=\"font-family: georgia, palatino, serif\">Nivel f\u00e1cil<\/span><\/a><\/span><\/li>\n<\/ul>\n<\/li>\n<li><span style=\"font-family: georgia, palatino, serif;color: #000000\"><a style=\"color: #000000\" href=\"https:\/\/wordwall.net\/es\/resource\/14825262\" target=\"_blank\" rel=\"noopener noreferrer\">Juego &#8211; Nombre de los planetas<\/a><\/span><\/li>\n<li><span style=\"color: #000000\"><a style=\"color: #000000\" href=\"https:\/\/wordwall.net\/play\/6870\/188\/404\" target=\"_blank\" rel=\"noopener noreferrer\"><span style=\"font-family: georgia, palatino, serif\">Juego tarjetas &#8211; Sistema Solar<\/span><\/a><\/span><\/li>\n<\/ul>\n<\/li>\n<\/ul>\n<\/td>\n<\/tr>\n<tr style=\"height: 31px\">\n<td style=\"width: 50%;background-color: #f7f783;height: 31px;text-align: center\"><span style=\"font-size: 14pt;color: #000000\"><strong><span style=\"font-family: georgia, palatino, serif\">Pl\u00e1stica<\/span><\/strong><\/span><\/td>\n<td style=\"width: 50%;height: 31px;background-color: #f27785;text-align: center\"><span style=\"color: #000000;font-family: georgia, palatino, serif;font-size: 14pt\"><strong>Franc\u00e9s<\/strong><\/span><\/td>\n<\/tr>\n<tr style=\"height: 26px\">\n<td style=\"width: 50%;background-color: #f7f7cb;height: 26px\">&nbsp;<\/td>\n<td style=\"width: 50%;height: 26px;background-color: #f7cbcb\">\n<ul>\n<li style=\"list-style-type: none\">\n<ul>\n<li><span style=\"font-family: georgia, palatino, serif\"><a href=\"https:\/\/sites.google.com\/view\/maestramcarmen\/inicio\" target=\"_blank\" rel=\"noopener noreferrer\"><span style=\"color: #000000\">Blog de M\u00aa Carmen<\/span><\/a><\/span><\/li>\n<\/ul>\n<\/li>\n<\/ul>\n<\/td>\n<\/tr>\n<tr style=\"height: 31px\">\n<td style=\"width: 50%;height: 31px;background-color: #08c9c3;text-align: center\"><span style=\"font-family: georgia, palatino, serif;font-size: 14pt;color: #000000\"><strong>Valores<\/strong><\/span><\/td>\n<td style=\"width: 50%;height: 31px;background-color: #f2c55c;text-align: center\"><span style=\"font-family: georgia, palatino, serif;font-size: 14pt;color: #000000\"><strong>Recursos<\/strong><\/span><\/td>\n<\/tr>\n<tr style=\"height: 26px\">\n<td style=\"width: 50%;height: 26px;background-color: #b5faff\">\n<ul>\n<li style=\"list-style-type: none\">\n<ul>\n<li><span style=\"color: #000000\"><a style=\"color: #000000\" href=\"https:\/\/padlet.com\/mapermac80\/nkwmrj3v5ir3si6b\" target=\"_blank\" rel=\"noopener noreferrer\"><span style=\"font-family: georgia, palatino, serif\">PADLET VALORES<\/span><\/a><\/span><\/li>\n<\/ul>\n<\/li>\n<\/ul>\n<\/td>\n<td style=\"width: 50%;height: 26px;background-color: #faecb9\">\n<p style=\"text-align: center\"><strong><span style=\"font-family: georgia, palatino, serif;color: #000000\">Descarga de im\u00e1genes gratis<\/span><\/strong><\/p>\n<ul>\n<li style=\"list-style-type: none\">\n<ul>\n<li><span style=\"font-family: georgia, palatino, serif;color: #000000\"><a style=\"color: #000000\" href=\"https:\/\/www.freepng.es\" target=\"_blank\" rel=\"noopener noreferrer\">VIP &#8211; Iconos<\/a><\/span><\/li>\n<li><span style=\"font-family: georgia, palatino, serif;color: #000000\"><a style=\"color: #000000\" href=\"https:\/\/www.freepik.es\" target=\"_blank\" rel=\"noopener noreferrer\">M\u00e1s iconos<\/a><\/span><\/li>\n<\/ul>\n<\/li>\n<\/ul>\n<\/td>\n<\/tr>\n<\/tbody>\n<\/table>\n","protected":false},"excerpt":{"rendered":"<p>Lengua Matem\u00e1ticas Pasapalabra sobre adivinanzas Cuentr\u00f3polis &#8211; el pa\u00eds de los cuentos Valor posicional VIP &#8211; Suma, resta y multiplicaci\u00f3n. C\u00e1lculo mental Tren matem\u00e1tico Suma topos Asignar multiplicaciones Tablas de multiplicar M\u00e1s tablas Mosaico de sumas Juego UNO Completa el patr\u00f3n Naturales Sociales Hacer mapas conceptuales online Seres vivos Diferencias ser vivo &#8211; ser inerte &hellip; <\/p>\n<p class=\"link-more\"><a href=\"https:\/\/blogsaverroes.juntadeandalucia.es\/curioseando\/portfolio\/\" class=\"more-link\">Continuar leyendo<span class=\"screen-reader-text\"> \u00ab\u00c1reas\u00bb<\/span><\/a><\/p>\n","protected":false},"author":7300,"featured_media":0,"parent":0,"menu_order":0,"comment_status":"closed","ping_status":"closed","template":"","meta":{"ngg_post_thumbnail":0,"footnotes":""},"aioseo_notices":[],"_links":{"self":[{"href":"https:\/\/blogsaverroes.juntadeandalucia.es\/curioseando\/wp-json\/wp\/v2\/pages\/42"}],"collection":[{"href":"https:\/\/blogsaverroes.juntadeandalucia.es\/curioseando\/wp-json\/wp\/v2\/pages"}],"about":[{"href":"https:\/\/blogsaverroes.juntadeandalucia.es\/curioseando\/wp-json\/wp\/v2\/types\/page"}],"author":[{"embeddable":true,"href":"https:\/\/blogsaverroes.juntadeandalucia.es\/curioseando\/wp-json\/wp\/v2\/users\/7300"}],"replies":[{"embeddable":true,"href":"https:\/\/blogsaverroes.juntadeandalucia.es\/curioseando\/wp-json\/wp\/v2\/comments?post=42"}],"version-history":[{"count":45,"href":"https:\/\/blogsaverroes.juntadeandalucia.es\/curioseando\/wp-json\/wp\/v2\/pages\/42\/revisions"}],"predecessor-version":[{"id":283,"href":"https:\/\/blogsaverroes.juntadeandalucia.es\/curioseando\/wp-json\/wp\/v2\/pages\/42\/revisions\/283"}],"wp:attachment":[{"href":"https:\/\/blogsaverroes.juntadeandalucia.es\/curioseando\/wp-json\/wp\/v2\/media?parent=42"}],"curies":[{"name":"wp","href":"https:\/\/api.w.org\/{rel}","templated":true}]}}