{"id":61,"date":"2021-09-02T00:56:45","date_gmt":"2021-09-01T22:56:45","guid":{"rendered":"https:\/\/blogsaverroes.juntadeandalucia.es\/curioseando\/?page_id=61"},"modified":"2021-09-02T00:56:45","modified_gmt":"2021-09-01T22:56:45","slug":"d-g-o","status":"publish","type":"page","link":"https:\/\/blogsaverroes.juntadeandalucia.es\/curioseando\/d-g-o\/","title":{"rendered":"D.G.O."},"content":{"rendered":"<p>En esta p\u00e1gina se llevar\u00e1 el seguimiento de todas las campa\u00f1as planteadas desde la D.G.O. (Direcci\u00f3n General de Ortograf\u00eda)<\/p>\n","protected":false},"excerpt":{"rendered":"<p>En esta p\u00e1gina se llevar\u00e1 el seguimiento de todas las campa\u00f1as planteadas desde la D.G.O. (Direcci\u00f3n General de Ortograf\u00eda)<\/p>\n","protected":false},"author":7300,"featured_media":0,"parent":0,"menu_order":0,"comment_status":"closed","ping_status":"closed","template":"","meta":{"ngg_post_thumbnail":0,"footnotes":""},"aioseo_notices":[],"_links":{"self":[{"href":"https:\/\/blogsaverroes.juntadeandalucia.es\/curioseando\/wp-json\/wp\/v2\/pages\/61"}],"collection":[{"href":"https:\/\/blogsaverroes.juntadeandalucia.es\/curioseando\/wp-json\/wp\/v2\/pages"}],"about":[{"href":"https:\/\/blogsaverroes.juntadeandalucia.es\/curioseando\/wp-json\/wp\/v2\/types\/page"}],"author":[{"embeddable":true,"href":"https:\/\/blogsaverroes.juntadeandalucia.es\/curioseando\/wp-json\/wp\/v2\/users\/7300"}],"replies":[{"embeddable":true,"href":"https:\/\/blogsaverroes.juntadeandalucia.es\/curioseando\/wp-json\/wp\/v2\/comments?post=61"}],"version-history":[{"count":1,"href":"https:\/\/blogsaverroes.juntadeandalucia.es\/curioseando\/wp-json\/wp\/v2\/pages\/61\/revisions"}],"predecessor-version":[{"id":63,"href":"https:\/\/blogsaverroes.juntadeandalucia.es\/curioseando\/wp-json\/wp\/v2\/pages\/61\/revisions\/63"}],"wp:attachment":[{"href":"https:\/\/blogsaverroes.juntadeandalucia.es\/curioseando\/wp-json\/wp\/v2\/media?parent=61"}],"curies":[{"name":"wp","href":"https:\/\/api.w.org\/{rel}","templated":true}]}}