{"id":20,"date":"2014-11-06T10:49:53","date_gmt":"2014-11-06T10:49:53","guid":{"rendered":"http:\/\/iesalmadraba.org\/cursobda\/control-de-privacidad\/"},"modified":"2014-11-06T10:49:53","modified_gmt":"2014-11-06T10:49:53","slug":"control-de-privacidad","status":"publish","type":"page","link":"https:\/\/blogsaverroes.juntadeandalucia.es\/cursoblogsdeaulayexelearning\/bloque-1\/sesion-1\/control-de-privacidad\/","title":{"rendered":"Control de privacidad"},"content":{"rendered":"<h2>Por qu\u00e9 es importante la privacidad en un blog de aula<\/h2>\n<div id=\"attachment_209\" style=\"width: 510px\" class=\"wp-caption aligncenter\"><img loading=\"lazy\" decoding=\"async\" aria-describedby=\"caption-attachment-209\" class=\"size-full wp-image-209\" src=\"https:\/\/blogsaverroes.juntadeandalucia.es\/cursoblogsdeaulayexelearning\/files\/2014\/11\/cursobda20141208_02.jpg\" alt=\"Ilustraci\u00f3n tomada de Forbes.com, sin indicaci\u00f3n de autor\u00eda\" width=\"500\" height=\"365\" srcset=\"https:\/\/blogsaverroes.juntadeandalucia.es\/cursoblogsdeaulayexelearning\/files\/2014\/11\/cursobda20141208_02.jpg 500w, https:\/\/blogsaverroes.juntadeandalucia.es\/cursoblogsdeaulayexelearning\/files\/2014\/11\/cursobda20141208_02-300x219.jpg 300w\" sizes=\"(max-width: 500px) 100vw, 500px\" \/><p id=\"caption-attachment-209\" class=\"wp-caption-text\">Ilustraci\u00f3n tomada de Forbes.com, sin indicaci\u00f3n de autor\u00eda<\/p><\/div>\n<p><strong>Un blog de aula es, hasta cierto punto, una extensi\u00f3n del espacio donde se desarrollan las clases. Si entendemos que el aula es un espacio en el que debe respetarse la privacidad de alumnos y profesores, nuestros espacios online tambi\u00e9n deber\u00edan serlo<\/strong>.<\/p>\n<p>A diferencia de lo que ocurre con otros sistemas, WordPress ofrece un amplio abanico de herramientas para asegurar que el acceso a nuestro blog sea tan privado como decidamos.<\/p>\n<p>Hay que tener en cuenta que no s\u00f3lo los profesores publicaremos en ese espacio. Tambi\u00e9n podemos pedir a los alumnos que publiquen determinados materiales, que participen en foros o que contesten a cuestionarios.<\/p>\n<p>Si queremos asegurar que el acceso a esos contenidos quede reservado a alumnos y profesores, hay algunos ajustes que debemos hacer.<\/p>\n<h2>C\u00f3mo asegurar la privacidad de nuestros usuarios<\/h2>\n<p>En el paso anterior vimos <a href=\"http:\/\/iesalmadraba.org\/cursobda\/bloque-1\/sesion-1\/registro-de-usuarios\/\">c\u00f3mo dar acceso a diferentes tipos de usuario<\/a>. Esto significa que cada uno de los usuarios potenciales del blog puede identificarse en el mismo con su nombre de usuario y contrase\u00f1a.<\/p>\n<p>Una vez distribuidas las claves, podemos establecer algunos filtros de seguridad que evite que nuestros contenidos sean vistos por quienes no queremos.<\/p>\n<h3>Evitar que los buscadores metan el hocico<\/h3>\n<p>En la mayor\u00eda de los casos no tiene sentido que los buscadores rastreen nuestro blog, as\u00ed que debemos indicarles que no son bienvenidos:<\/p>\n<ol>\n<li>En el Escritorio, ir a Ajustes \/ Lectura<\/li>\n<li>En la opci\u00f3n Visibilidad para buscadores, marcar la opci\u00f3n &#8216; Disuade a los motores de b\u00fasqueda de indexar este sitio&#8217;<\/li>\n<li>Guardar<\/li>\n<\/ol>\n<h3>Proteger una p\u00e1gina o art\u00edculo mediante contrase\u00f1a<\/h3>\n<p>Si la configuraci\u00f3n general es que todos tus contenidos sean p\u00fablicos, pero quieres proteger alguno con una <strong>contrase\u00f1a<\/strong>, puedes hacerlo en el bloque de opciones <strong>Publicar<\/strong>, editando la opci\u00f3n <strong>Visibilidad<\/strong>.<\/p>\n<p><img loading=\"lazy\" decoding=\"async\" class=\"aligncenter size-full wp-image-136\" src=\"https:\/\/blogsaverroes.juntadeandalucia.es\/cursoblogsdeaulayexelearning\/files\/2014\/11\/cursobda11232014_1.jpg\" alt=\"cursobda11232014_1\" width=\"291\" height=\"267\" \/><\/p>\n<p>Si publicas una p\u00e1gina como <strong>Privada<\/strong> s\u00f3lo podr\u00e1s verla t\u00fa. Puede ser \u00fatil para dejarte notas o enlaces.<\/p>\n<h2>Control de la privacidad usando el plugin Private!<\/h2>\n<p>Cuando usas WordPress en tu propio servidor tienes la gran ventaja de poder instalar las extensiones que necesites, la mayor parte de ellas gratuitas. Private! es un potente plugin capaz de gestionar numerosas opciones de privacidad y seguridad. Ser\u00eda muy largo explicar cada una de esas opciones, as\u00ed que simplemente ofreceremos una configuraci\u00f3n gen\u00e9rica, comentando s\u00f3lo los aspectos m\u00e1s relevantes.<\/p>\n<p>Las opciones de configuraci\u00f3n de este plugin se encuentran en Escritorio \/ Usuarios \/ Private! settings<\/p>\n<ul>\n<li><a href=\"https:\/\/docs.google.com\/spreadsheets\/d\/1mXDZPs62mfORQdQkV7uSVXxl65UXT-O6KyBMyEBlgpk\/edit?usp=sharing\" target=\"_blank\" rel=\"noopener noreferrer\">Sugerencias de configuraci\u00f3n para Private!<\/a><\/li>\n<\/ul>\n<p>El documento que se enlaza arriba puede servir para replicar los niveles de privacidad y seguridad de los blogs de aula del IES Almadraba. En resumen, bloquea el acceso a usuarios no registrados, evita los ataques m\u00e1s comunes y permite que todas las entradas publicadas bajo la categor\u00eda <strong>P\u00fablico<\/strong> sean visibles por cualquiera, lo que puede ser \u00fatil para dejar mensajes a los padres y resto de la comunidad educativa.<\/p>\n<h2>Control de acceso a contenidos usando el plugin Members<\/h2>\n<p><a href=\"https:\/\/wordpress.org\/plugins\/members\/\" target=\"_blank\" rel=\"noopener noreferrer\">Members <\/a>es un plugin que permite configurar qu\u00e9 tipos de usuario pueden leer un contenido concreto. Puede usarse como \u00fanico filtro de acceso o en conjunci\u00f3n con otros (Private! en este caso). Su configuraci\u00f3n es muy sencilla (mucho m\u00e1s que la de Private!), pero requiere que se configure el nivel de acceso de cada entrada o p\u00e1gina publicada.<\/p>\n<div id=\"attachment_197\" style=\"width: 781px\" class=\"wp-caption aligncenter\"><img loading=\"lazy\" decoding=\"async\" aria-describedby=\"caption-attachment-197\" class=\"size-full wp-image-197\" src=\"https:\/\/blogsaverroes.juntadeandalucia.es\/cursoblogsdeaulayexelearning\/files\/2014\/11\/cursobda20141203_03.jpg\" alt=\"Opciones del plugin Members\" width=\"771\" height=\"335\" srcset=\"https:\/\/blogsaverroes.juntadeandalucia.es\/cursoblogsdeaulayexelearning\/files\/2014\/11\/cursobda20141203_03.jpg 771w, https:\/\/blogsaverroes.juntadeandalucia.es\/cursoblogsdeaulayexelearning\/files\/2014\/11\/cursobda20141203_03-300x130.jpg 300w, https:\/\/blogsaverroes.juntadeandalucia.es\/cursoblogsdeaulayexelearning\/files\/2014\/11\/cursobda20141203_03-768x334.jpg 768w\" sizes=\"(max-width: 771px) 100vw, 771px\" \/><p id=\"caption-attachment-197\" class=\"wp-caption-text\">Opciones del plugin Members<\/p><\/div>\n<p>Members a\u00f1ade al panel de edici\u00f3n de cada p\u00e1gina o entrada la opci\u00f3n de permitir su lectura s\u00f3lo a los usuarios que tengan un rol determinado.<\/p>\n<h2>Actividad 1<\/h2>\n<p>Utiliza el sistema de comentarios para expresar tu opini\u00f3n sobre qu\u00e9 importancia dar\u00edas a la privacidad en tu blog de aula y c\u00f3mo te gustar\u00eda que pudiera organizarse el acceso a leer y publicar contenidos. Qui\u00e9nes deber\u00edan poder leerlo todo, qui\u00e9nes deber\u00edan poder publicar o comentar, etc.<\/p>\n","protected":false},"excerpt":{"rendered":"<p>Por qu\u00e9 es importante la privacidad en un blog de aula Un blog de aula es, hasta cierto punto, una extensi\u00f3n del espacio donde se desarrollan las clases. Si entendemos que el aula es&#46;&#46;&#46;<\/p>\n","protected":false},"author":10581,"featured_media":0,"parent":30,"menu_order":3,"comment_status":"open","ping_status":"closed","template":"","meta":{"ngg_post_thumbnail":0,"footnotes":""},"aioseo_notices":[],"_links":{"self":[{"href":"https:\/\/blogsaverroes.juntadeandalucia.es\/cursoblogsdeaulayexelearning\/wp-json\/wp\/v2\/pages\/20"}],"collection":[{"href":"https:\/\/blogsaverroes.juntadeandalucia.es\/cursoblogsdeaulayexelearning\/wp-json\/wp\/v2\/pages"}],"about":[{"href":"https:\/\/blogsaverroes.juntadeandalucia.es\/cursoblogsdeaulayexelearning\/wp-json\/wp\/v2\/types\/page"}],"author":[{"embeddable":true,"href":"https:\/\/blogsaverroes.juntadeandalucia.es\/cursoblogsdeaulayexelearning\/wp-json\/wp\/v2\/users\/10581"}],"replies":[{"embeddable":true,"href":"https:\/\/blogsaverroes.juntadeandalucia.es\/cursoblogsdeaulayexelearning\/wp-json\/wp\/v2\/comments?post=20"}],"version-history":[{"count":0,"href":"https:\/\/blogsaverroes.juntadeandalucia.es\/cursoblogsdeaulayexelearning\/wp-json\/wp\/v2\/pages\/20\/revisions"}],"up":[{"embeddable":true,"href":"https:\/\/blogsaverroes.juntadeandalucia.es\/cursoblogsdeaulayexelearning\/wp-json\/wp\/v2\/pages\/30"}],"wp:attachment":[{"href":"https:\/\/blogsaverroes.juntadeandalucia.es\/cursoblogsdeaulayexelearning\/wp-json\/wp\/v2\/media?parent=20"}],"curies":[{"name":"wp","href":"https:\/\/api.w.org\/{rel}","templated":true}]}}