{"id":25,"date":"2014-11-06T10:49:53","date_gmt":"2014-11-06T10:49:53","guid":{"rendered":"http:\/\/iesalmadraba.org\/cursobda\/google-apps\/"},"modified":"2014-11-06T10:49:53","modified_gmt":"2014-11-06T10:49:53","slug":"google-apps","status":"publish","type":"page","link":"https:\/\/blogsaverroes.juntadeandalucia.es\/cursoblogsdeaulayexelearning\/bloque-1\/sesion-2\/google-apps\/","title":{"rendered":"Google apps"},"content":{"rendered":"<p>En un curso tan gen\u00e9rico como este no podemos prestar atenci\u00f3n detallada a estas herramientas. Asumimos que las conoc\u00e9is y las us\u00e1is, simplemente vamos a ver algunas posibilidades de uso aplicadas a nuestro trabajo y c\u00f3mo combinarlas con los blogs para sacarles mayor partido a ambos.<\/p>\n<p>Cada uno de nosotros tendr\u00e1 un nivel de competencia diferente en el uso de estas herramientas. Afortunadamente disponemos de las propias herramientas de formaci\u00f3n de Google para aprender lo que necesitemos sea cual sea nuestro caso.<\/p>\n<p>En los apartados de abajo enlazamos los tutoriales que os pueden ser de mayor ayuda.<\/p>\n<h2>Gmail<\/h2>\n<p>El correo electr\u00f3nico es una herramienta de trabajo fundamental para el profesor: para mantenernos en contacto con otros compa\u00f1eros, para estar al d\u00eda de convocatorias, documentaci\u00f3n o cambios repentinos, para recibir y distribuir documentos&#8230; Adem\u00e1s es una de las herramientas de uso m\u00e1s sencillo y extendido en la Red, por lo que es f\u00e1cil que la gran mayor\u00eda de miembros de la comunidad educativa disponga de email.<\/p>\n<p>Es recomendable disponer de una direcci\u00f3n de email que usemos s\u00f3lo para el trabajo, tanto para salvaguardar nuestra privacidad como para organizar mejor el flujo de mensajes.<\/p>\n<p>Gmail ofrece varias herramientas para facilitarnos esa tarea: marcas de importancia, carpetas, etiquetas y pesta\u00f1as.<\/p>\n<ul>\n<li><a href=\"https:\/\/support.google.com\/mail\/answer\/3055016?hl=es&amp;ref_topic=3394594\">Pesta\u00f1as de \u00abRecibidos\u00bb y etiquetas de categor\u00edas<\/a><\/li>\n<li><a href=\"https:\/\/support.google.com\/mail\/answer\/186543?hl=es&amp;ref_topic=3394594\">Clasificaci\u00f3n por importancia y sus marcadores<\/a><\/li>\n<li><a href=\"https:\/\/support.google.com\/mail\/answer\/118708?hl=es&amp;ref_topic=3394658\">C\u00f3mo utilizar las etiquetas<\/a><\/li>\n<li><a href=\"https:\/\/support.google.com\/mail\/answer\/6579?hl=es&amp;ref_topic=3394658\">Uso de filtros<\/a><\/li>\n<li><a href=\"https:\/\/support.google.com\/mail\/answer\/10708?hl=es&amp;ref_topic=3394658\">Carpetas<\/a><\/li>\n<\/ul>\n<p>Tambi\u00e9n incluye agenda de contactos, con la posibilidad de crear grupos en los que incluir a nuestros alumnos, compa\u00f1eros, etc. en un solo env\u00edo.<\/p>\n<ul>\n<li><a href=\"https:\/\/support.google.com\/mail\/answer\/30970?hl=es&amp;ref_topic=3396990\" target=\"_blank\" rel=\"noopener noreferrer\">C\u00f3mo crear grupos de contactos<\/a><\/li>\n<\/ul>\n<p>Y seguro que agradecer\u00e9is una ayudita para hacer que vuestra nueva cuenta os reenv\u00ede una copia de los mensajes recibidos a vuestra cuenta habitual, para no tener que estar pendientes.<\/p>\n<ul>\n<li><a href=\"https:\/\/support.google.com\/mail\/answer\/10957?hl=es&amp;ref_topic=3394220\">C\u00f3mo reenviar correos autom\u00e1ticamente a otra cuenta<\/a><\/li>\n<\/ul>\n<p>Cada uno tenemos nuestras propias necesidades y caprichos en relaci\u00f3n con el email. Si los enlaces anteriores no ofrecen respuesta a tu problema, la <a href=\"https:\/\/support.google.com\/mail\/?hl=es#\" target=\"_blank\" rel=\"noopener noreferrer\">Ayuda de Gmail<\/a> es muy detallada<\/p>\n<h2>Calendar<\/h2>\n<p>Los calendarios de Google son muy \u00fatiles para organizar nuestra agenda: evaluaciones, ex\u00e1menes, d\u00edas festivos, etc. Los calendarios pueden ser individuales o colectivos, de manera que un grupo de profesores podr\u00eda anotar sus fechas en un calendario de clase.<\/p>\n<p>Adem\u00e1s un calendario puede insertarse en nuestro blog, <a href=\"http:\/\/iesalmadraba.org\/calendario\/\" target=\"_blank\" rel=\"noopener noreferrer\">como en la web p\u00fablica del IES Almadraba<\/a>. Y puede sincronizarse con numerosas apps para m\u00f3vil, tanto en iOS como en Android.<\/p>\n<ul>\n<li><a href=\"https:\/\/support.google.com\/calendar\/topic\/1672470?hl=es&amp;ref_topic=3417970\" target=\"_blank\" rel=\"noopener noreferrer\">C\u00f3mo compartir o insertar un calendario<\/a><\/li>\n<\/ul>\n<p>Para cualquier otra cosa, consultad la <a href=\"https:\/\/support.google.com\/calendar\/?hl=es#topic=6076998\" target=\"_blank\" rel=\"noopener noreferrer\">Ayuda de Calendar<\/a>.<\/p>\n<h2>Drive<\/h2>\n<p>Drive es un disco duro virtual m\u00e1s un conjunto de herramientas de edici\u00f3n para varios tipos de documentos: textos, hojas de c\u00e1lculo, presentaciones o formularios de recogida de datos.<\/p>\n<p>Al igual que con el correo electr\u00f3nico y el calendario, no explicaremos su funcionamiento en profundidad.<\/p>\n<ul>\n<li><a href=\"https:\/\/support.google.com\/drive\/answer\/2494822?hl=es&amp;ref_topic=2525251\" target=\"_blank\" rel=\"noopener noreferrer\">Compartir un archivo o una carpeta<\/a><\/li>\n<li><a href=\"http:\/\/ticsidro.wordpress.com\/2014\/01\/12\/como-publicar-documentos-de-google-drive-en-wordpress-com\/\" target=\"_blank\" rel=\"noopener noreferrer\">Insertar un documento en el blog<\/a><\/li>\n<\/ul>\n<p>Una de las aplicaciones m\u00e1s \u00fatiles para recoger datos es crear un formulario vinculado a una hoja de c\u00e1lculo e insertarlo en una p\u00e1gina. De esta manera nuestros usuarios pueden introducir datos en un formulario y nosotros los recibiremos ordenados en una hoja de c\u00e1lculo<\/p>\n<ul>\n<li><a href=\"http:\/\/www.santinavarro.es\/como-crear-formulario-google-drive\/\" target=\"_blank\" rel=\"noopener noreferrer\">C\u00f3mo publicar un formulario de Google Drive<\/a><\/li>\n<\/ul>\n<p>Nota: los formularios son \u00fatiles en los casos en los que necesitemos almacenar la informaci\u00f3n en una hoja de c\u00e1lculo. Si lo que queremos es crear un cuestionario para nuestros alumnos es preferible usar algunos de los plugins disponibles, como ya vimos. No obstante, si no tenemos esa posibilidad (por ejemplo porque usamos la versi\u00f3n autoalojada) estos formularios pueden ser una opci\u00f3n.<\/p>\n<h3>\u00a0Actividad 1<\/h3>\n<p>Crea un documento con Google Drive e ins\u00e9rtalo en una entrada nueva del blog de pruebas. Recuerda asignarle la categor\u00eda adecuada (tu asignatura) y ponle como etiqueta \u00abprueba drive\u00bb.<\/p>\n","protected":false},"excerpt":{"rendered":"<p>En un curso tan gen\u00e9rico como este no podemos prestar atenci\u00f3n detallada a estas herramientas. Asumimos que las conoc\u00e9is y las us\u00e1is, simplemente vamos a ver algunas posibilidades de uso aplicadas a nuestro trabajo&#46;&#46;&#46;<\/p>\n","protected":false},"author":10581,"featured_media":0,"parent":31,"menu_order":8,"comment_status":"open","ping_status":"closed","template":"","meta":{"ngg_post_thumbnail":0,"footnotes":""},"aioseo_notices":[],"_links":{"self":[{"href":"https:\/\/blogsaverroes.juntadeandalucia.es\/cursoblogsdeaulayexelearning\/wp-json\/wp\/v2\/pages\/25"}],"collection":[{"href":"https:\/\/blogsaverroes.juntadeandalucia.es\/cursoblogsdeaulayexelearning\/wp-json\/wp\/v2\/pages"}],"about":[{"href":"https:\/\/blogsaverroes.juntadeandalucia.es\/cursoblogsdeaulayexelearning\/wp-json\/wp\/v2\/types\/page"}],"author":[{"embeddable":true,"href":"https:\/\/blogsaverroes.juntadeandalucia.es\/cursoblogsdeaulayexelearning\/wp-json\/wp\/v2\/users\/10581"}],"replies":[{"embeddable":true,"href":"https:\/\/blogsaverroes.juntadeandalucia.es\/cursoblogsdeaulayexelearning\/wp-json\/wp\/v2\/comments?post=25"}],"version-history":[{"count":0,"href":"https:\/\/blogsaverroes.juntadeandalucia.es\/cursoblogsdeaulayexelearning\/wp-json\/wp\/v2\/pages\/25\/revisions"}],"up":[{"embeddable":true,"href":"https:\/\/blogsaverroes.juntadeandalucia.es\/cursoblogsdeaulayexelearning\/wp-json\/wp\/v2\/pages\/31"}],"wp:attachment":[{"href":"https:\/\/blogsaverroes.juntadeandalucia.es\/cursoblogsdeaulayexelearning\/wp-json\/wp\/v2\/media?parent=25"}],"curies":[{"name":"wp","href":"https:\/\/api.w.org\/{rel}","templated":true}]}}