{"id":26,"date":"2014-11-06T10:49:53","date_gmt":"2014-11-06T10:49:53","guid":{"rendered":"http:\/\/iesalmadraba.org\/cursobda\/enfoque-didactico\/"},"modified":"2014-11-06T10:49:53","modified_gmt":"2014-11-06T10:49:53","slug":"enfoque-didactico","status":"publish","type":"page","link":"https:\/\/blogsaverroes.juntadeandalucia.es\/cursoblogsdeaulayexelearning\/bloque-1\/sesion-3\/enfoque-didactico\/","title":{"rendered":"Enfoque did\u00e1ctico"},"content":{"rendered":"<h2>Qu\u00e9 es TPAK<\/h2>\n<div id=\"attachment_211\" style=\"width: 374px\" class=\"wp-caption aligncenter\"><img loading=\"lazy\" decoding=\"async\" aria-describedby=\"caption-attachment-211\" class=\"size-full wp-image-211\" src=\"https:\/\/blogsaverroes.juntadeandalucia.es\/cursoblogsdeaulayexelearning\/files\/2014\/11\/cursobda20141208_03.png\" alt=\"TPACK. Imagen tomada de fundacionunam.org.mx, sin indicaci\u00f3n de autor\u00eda\" width=\"364\" height=\"368\" srcset=\"https:\/\/blogsaverroes.juntadeandalucia.es\/cursoblogsdeaulayexelearning\/files\/2014\/11\/cursobda20141208_03.png 364w, https:\/\/blogsaverroes.juntadeandalucia.es\/cursoblogsdeaulayexelearning\/files\/2014\/11\/cursobda20141208_03-297x300.png 297w, https:\/\/blogsaverroes.juntadeandalucia.es\/cursoblogsdeaulayexelearning\/files\/2014\/11\/cursobda20141208_03-80x80.png 80w\" sizes=\"(max-width: 364px) 100vw, 364px\" \/><p id=\"caption-attachment-211\" class=\"wp-caption-text\">TPACK. Imagen tomada de fundacionunam.org.mx, sin indicaci\u00f3n de autor\u00eda<\/p><\/div>\n<p>TPACK es el acr\u00f3nimo de la expresi\u00f3n \u201c<em>Technological PedAgogical Content Knowledge<\/em>\u201d (Conocimiento T\u00e9cnico y Pedag\u00f3gico del Contenido). Se trata de una metodolog\u00eda pedag\u00f3gica basada en la interrelaci\u00f3n de varios conocimientos: del contenido, de la pedagog\u00eda y de la tecnolog\u00eda. Es fundamentalmente una forma de planificaci\u00f3n que tiene en cuenta:<\/p>\n<ul>\n<li>Qu\u00e9 sabemos sobre la materia<\/li>\n<li>Cu\u00e1l es la mejor forma de ense\u00f1ar esos conocimientos<\/li>\n<li>Qu\u00e9 herramientas tecnol\u00f3gicas podemos usar en ese proceso<\/li>\n<\/ul>\n<p>Jordi Adell lo explica aqu\u00ed (15 min)<\/p>\n<p><iframe loading=\"lazy\" width=\"500\" height=\"375\" src=\"https:\/\/www.youtube.com\/embed\/5mi2D7WTMXI?feature=oembed&#038;wmode=opaque\" frameborder=\"0\" allowfullscreen><\/iframe><\/p>\n<h2>C\u00f3mo usar la metodolog\u00eda TPAK para integrar las TIC en la planificaci\u00f3n de nuestro trabajo<\/h2>\n<p>Los pedagogos Judi Harris y Mark Hofer han dise\u00f1ado una serie de tablas, organizadas por disciplinas, en las que podemos relacionar los tres tipos de conocimientos que debemos integrar para dise\u00f1ar una actividad TPACK. Est\u00e1n disponibles en espa\u00f1ol, para descargar e imprimir, en el wiki Activity Types:<\/p>\n<ol>\n<li><a href=\"http:\/\/activitytypes.wmwikis.net\/file\/view\/K-6LiteracyATs-Feb2011Spanish.pdf\/353468710\/K-6LiteracyATs-Feb2011Spanish.pdf\" target=\"_blank\" rel=\"noopener noreferrer\">Lengua y Literatura Infantil y Primaria<\/a><\/li>\n<li><a href=\"http:\/\/activitytypes.wmwikis.net\/file\/view\/SecEngLangArtsLearningATs-Feb2011Spanish.pdf\/353468774\/SecEngLangArtsLearningATs-Feb2011Spanish.pdf\" target=\"_blank\" rel=\"noopener noreferrer\">Lengua y Literatura Secundaria<\/a><\/li>\n<li><a href=\"http:\/\/activitytypes.wmwikis.net\/file\/view\/MathLearningATs-Feb2011Spanish.pdf\/353468716\/MathLearningATs-Feb2011Spanish.pdf\" target=\"_blank\" rel=\"noopener noreferrer\">Matem\u00e1ticas<\/a><\/li>\n<li><a href=\"http:\/\/activitytypes.wmwikis.net\/file\/view\/MusicLearningATs-June2012Spanish.pdf\/353468732\/MusicLearningATs-June2012Spanish.pdf\" target=\"_blank\" rel=\"noopener noreferrer\">M\u00fasica<\/a><\/li>\n<li><a href=\"http:\/\/activitytypes.wmwikis.net\/file\/view\/PhysicalEducationLearningATs-Feb2012Spanish.pdf\/353468742\/PhysicalEducationLearningATs-Feb2012Spanish.pdf\" target=\"_blank\" rel=\"noopener noreferrer\">Educaci\u00f3n F\u00edsica<\/a><\/li>\n<li><a href=\"http:\/\/activitytypes.wmwikis.net\/file\/view\/ScienceLearningATs-Feb2011Spanish.pdf\/353468756\/ScienceLearningATs-Feb2011Spanish.pdf\" target=\"_blank\" rel=\"noopener noreferrer\">Ciencias Naturales<\/a><\/li>\n<li><a href=\"http:\/\/activitytypes.wmwikis.net\/file\/view\/SocialStudiesLearningATs-Feb2011Spanish.pdf\/353468790\/SocialStudiesLearningATs-Feb2011Spanish.pdf\" target=\"_blank\" rel=\"noopener noreferrer\">Ciencias Sociales<\/a><\/li>\n<li><a href=\"http:\/\/activitytypes.wmwikis.net\/file\/view\/VisualArtsLearningATs-August2012Spanish.pdf\/365787334\/VisualArtsLearningATs-August2012Spanish.pdf\" target=\"_blank\" rel=\"noopener noreferrer\">Educaci\u00f3n Art\u00edstica<\/a><\/li>\n<li><a href=\"http:\/\/activitytypes.wmwikis.net\/file\/view\/WorldLanguagesLearningATs-Feb2011Spanish.pdf\/353468812\/WorldLanguagesLearningATs-Feb2011Spanish.pdf\" target=\"_blank\" rel=\"noopener noreferrer\">Lenguas extranjeras<\/a><\/li>\n<li><a href=\"http:\/\/activitytypes.wmwikis.net\/file\/view\/ESOLTeachingStrategies-August2012Spanish.pdf\/361127820\/ESOLTeachingStrategies-August2012Spanish.pdf\" target=\"_blank\" rel=\"noopener noreferrer\">ESOL<\/a><\/li>\n<\/ol>\n<p>&nbsp;<\/p>\n","protected":false},"excerpt":{"rendered":"<p>Qu\u00e9 es TPAK TPACK es el acr\u00f3nimo de la expresi\u00f3n \u201cTechnological PedAgogical Content Knowledge\u201d (Conocimiento T\u00e9cnico y Pedag\u00f3gico del Contenido). Se trata de una metodolog\u00eda pedag\u00f3gica basada en la interrelaci\u00f3n de varios conocimientos: del&#46;&#46;&#46;<\/p>\n","protected":false},"author":10581,"featured_media":0,"parent":32,"menu_order":9,"comment_status":"open","ping_status":"closed","template":"","meta":{"ngg_post_thumbnail":0,"footnotes":""},"aioseo_notices":[],"_links":{"self":[{"href":"https:\/\/blogsaverroes.juntadeandalucia.es\/cursoblogsdeaulayexelearning\/wp-json\/wp\/v2\/pages\/26"}],"collection":[{"href":"https:\/\/blogsaverroes.juntadeandalucia.es\/cursoblogsdeaulayexelearning\/wp-json\/wp\/v2\/pages"}],"about":[{"href":"https:\/\/blogsaverroes.juntadeandalucia.es\/cursoblogsdeaulayexelearning\/wp-json\/wp\/v2\/types\/page"}],"author":[{"embeddable":true,"href":"https:\/\/blogsaverroes.juntadeandalucia.es\/cursoblogsdeaulayexelearning\/wp-json\/wp\/v2\/users\/10581"}],"replies":[{"embeddable":true,"href":"https:\/\/blogsaverroes.juntadeandalucia.es\/cursoblogsdeaulayexelearning\/wp-json\/wp\/v2\/comments?post=26"}],"version-history":[{"count":0,"href":"https:\/\/blogsaverroes.juntadeandalucia.es\/cursoblogsdeaulayexelearning\/wp-json\/wp\/v2\/pages\/26\/revisions"}],"up":[{"embeddable":true,"href":"https:\/\/blogsaverroes.juntadeandalucia.es\/cursoblogsdeaulayexelearning\/wp-json\/wp\/v2\/pages\/32"}],"wp:attachment":[{"href":"https:\/\/blogsaverroes.juntadeandalucia.es\/cursoblogsdeaulayexelearning\/wp-json\/wp\/v2\/media?parent=26"}],"curies":[{"name":"wp","href":"https:\/\/api.w.org\/{rel}","templated":true}]}}