{"id":29,"date":"2014-11-08T15:52:28","date_gmt":"2014-11-08T15:52:28","guid":{"rendered":"http:\/\/iesalmadraba.org\/cursobda\/bloque-2\/"},"modified":"2014-11-08T15:52:28","modified_gmt":"2014-11-08T15:52:28","slug":"bloque-2","status":"publish","type":"page","link":"https:\/\/blogsaverroes.juntadeandalucia.es\/cursoblogsdeaulayexelearning\/bloque-2\/","title":{"rendered":"Bloque 2: eXeLearning"},"content":{"rendered":"<p>A la hora de editar materiales did\u00e1cticos, las opciones cl\u00e1sicas son los documentos de texto y las presentaciones tipo Power Point. Los blogs posibilitan insertar contenido multimedia y a\u00f1adir interactividad, pero para sacarles su m\u00e1ximo rendimiento es necesario configurarlos correctamente.<\/p>\n<p>Otra opci\u00f3n para editar materiales did\u00e1cticos ricos e interactivos, que adem\u00e1s se complementa bien con los blogs es eXeLearning, un editor de objetos did\u00e1cticos que pueden exportarse a diferentes formatos y que puede usarse incluso desde un pen-drive, sin depender de la conexi\u00f3n a Internet.<\/p>\n<ul>\n<li class=\"page_item page-item-34\"><a title=\"Qu\u00e9 es eXeLearning\" href=\"http:\/\/iesalmadraba.org\/cursobda\/bloque-2\/sesion-1\/\">Sesi\u00f3n 1<\/a><\/li>\n<li class=\"page_item page-item-35\"><a title=\"Estilos\" href=\"http:\/\/iesalmadraba.org\/cursobda\/bloque-2\/sesion-2\/estilos\/\">Sesi\u00f3n 2<\/a><\/li>\n<li class=\"page_item page-item-36\"><a href=\"http:\/\/iesalmadraba.org\/cursobda\/bloque-2\/sesion-3\/\">Sesi\u00f3n 3<\/a><\/li>\n<li class=\"page_item page-item-37\"><a title=\"Trabajo no presencial\" href=\"http:\/\/iesalmadraba.org\/cursobda\/bloque-2\/trabajo-no-presencial\/\">Trabajo no presencial<\/a><\/li>\n<\/ul>\n","protected":false},"excerpt":{"rendered":"<p>A la hora de editar materiales did\u00e1cticos, las opciones cl\u00e1sicas son los documentos de texto y las presentaciones tipo Power Point. Los blogs posibilitan insertar contenido multimedia y a\u00f1adir interactividad, pero para sacarles su&#46;&#46;&#46;<\/p>\n","protected":false},"author":10581,"featured_media":0,"parent":0,"menu_order":12,"comment_status":"open","ping_status":"open","template":"","meta":{"ngg_post_thumbnail":0,"footnotes":""},"aioseo_notices":[],"_links":{"self":[{"href":"https:\/\/blogsaverroes.juntadeandalucia.es\/cursoblogsdeaulayexelearning\/wp-json\/wp\/v2\/pages\/29"}],"collection":[{"href":"https:\/\/blogsaverroes.juntadeandalucia.es\/cursoblogsdeaulayexelearning\/wp-json\/wp\/v2\/pages"}],"about":[{"href":"https:\/\/blogsaverroes.juntadeandalucia.es\/cursoblogsdeaulayexelearning\/wp-json\/wp\/v2\/types\/page"}],"author":[{"embeddable":true,"href":"https:\/\/blogsaverroes.juntadeandalucia.es\/cursoblogsdeaulayexelearning\/wp-json\/wp\/v2\/users\/10581"}],"replies":[{"embeddable":true,"href":"https:\/\/blogsaverroes.juntadeandalucia.es\/cursoblogsdeaulayexelearning\/wp-json\/wp\/v2\/comments?post=29"}],"version-history":[{"count":0,"href":"https:\/\/blogsaverroes.juntadeandalucia.es\/cursoblogsdeaulayexelearning\/wp-json\/wp\/v2\/pages\/29\/revisions"}],"wp:attachment":[{"href":"https:\/\/blogsaverroes.juntadeandalucia.es\/cursoblogsdeaulayexelearning\/wp-json\/wp\/v2\/media?parent=29"}],"curies":[{"name":"wp","href":"https:\/\/api.w.org\/{rel}","templated":true}]}}