{"id":30,"date":"2014-11-08T15:55:14","date_gmt":"2014-11-08T15:55:14","guid":{"rendered":"http:\/\/iesalmadraba.org\/cursobda\/bloque-1\/sesion-1\/"},"modified":"2014-11-08T15:55:14","modified_gmt":"2014-11-08T15:55:14","slug":"sesion-1","status":"publish","type":"page","link":"https:\/\/blogsaverroes.juntadeandalucia.es\/cursoblogsdeaulayexelearning\/bloque-1\/sesion-1\/","title":{"rendered":"Sesi\u00f3n 1"},"content":{"rendered":"<p>En esta primera sesi\u00f3n aprenderemos lo necesario para organizar nuestro blog y editar y publicar nuestros primeros art\u00edculos. Tambi\u00e9n veremos c\u00f3mo a\u00f1adir nuevos usuarios para as\u00ed crear una comunidad de aprendizaje alrededor de tu blog.<\/p>\n<ul>\n<li class=\"page_item page-item-18\"><a title=\"Blogs de aula y de asignatura\" href=\"http:\/\/iesalmadraba.org\/cursobda\/bloque-1\/sesion-1\/blogs-de-aula-y-de-asignatura\/\">Blogs de aula y de asignatura<\/a><\/li>\n<li class=\"page_item page-item-18\"><a title=\"El Panel de administraci\u00f3n o Escritorio\" href=\"http:\/\/iesalmadraba.org\/cursobda\/bloque-1\/sesion-1\/el-panel-de-administracion-o-escritorio\/\">El Panel de administraci\u00f3n o Escritorio<\/a><\/li>\n<li class=\"page_item page-item-18\"><a title=\"Registro de usuarios\" href=\"http:\/\/iesalmadraba.org\/cursobda\/bloque-1\/sesion-1\/registro-de-usuarios\/\">Registro de usuarios<\/a><\/li>\n<li class=\"page_item page-item-18\"><a title=\"Control de privacidad\" href=\"http:\/\/iesalmadraba.org\/cursobda\/bloque-1\/sesion-1\/control-de-privacidad\/\">Control de privacidad<\/a><\/li>\n<li class=\"page_item page-item-18\"><a title=\"C\u00f3mo organizar el blog\" href=\"http:\/\/iesalmadraba.org\/cursobda\/bloque-1\/sesion-1\/como-organizar-el-blog\/\">C\u00f3mo organizar el blog<\/a><\/li>\n<li class=\"page_item page-item-18\"><a title=\"Editar y publicar contenidos\" href=\"http:\/\/iesalmadraba.org\/cursobda\/bloque-1\/sesion-1\/editar-y-publicar-contenidos\/\">Editar y publicar contenidos<\/a><\/li>\n<\/ul>\n","protected":false},"excerpt":{"rendered":"<p>En esta primera sesi\u00f3n aprenderemos lo necesario para organizar nuestro blog y editar y publicar nuestros primeros art\u00edculos. Tambi\u00e9n veremos c\u00f3mo a\u00f1adir nuevos usuarios para as\u00ed crear una comunidad de aprendizaje alrededor de tu&#46;&#46;&#46;<\/p>\n","protected":false},"author":10581,"featured_media":0,"parent":28,"menu_order":13,"comment_status":"open","ping_status":"open","template":"","meta":{"ngg_post_thumbnail":0,"footnotes":""},"aioseo_notices":[],"_links":{"self":[{"href":"https:\/\/blogsaverroes.juntadeandalucia.es\/cursoblogsdeaulayexelearning\/wp-json\/wp\/v2\/pages\/30"}],"collection":[{"href":"https:\/\/blogsaverroes.juntadeandalucia.es\/cursoblogsdeaulayexelearning\/wp-json\/wp\/v2\/pages"}],"about":[{"href":"https:\/\/blogsaverroes.juntadeandalucia.es\/cursoblogsdeaulayexelearning\/wp-json\/wp\/v2\/types\/page"}],"author":[{"embeddable":true,"href":"https:\/\/blogsaverroes.juntadeandalucia.es\/cursoblogsdeaulayexelearning\/wp-json\/wp\/v2\/users\/10581"}],"replies":[{"embeddable":true,"href":"https:\/\/blogsaverroes.juntadeandalucia.es\/cursoblogsdeaulayexelearning\/wp-json\/wp\/v2\/comments?post=30"}],"version-history":[{"count":0,"href":"https:\/\/blogsaverroes.juntadeandalucia.es\/cursoblogsdeaulayexelearning\/wp-json\/wp\/v2\/pages\/30\/revisions"}],"up":[{"embeddable":true,"href":"https:\/\/blogsaverroes.juntadeandalucia.es\/cursoblogsdeaulayexelearning\/wp-json\/wp\/v2\/pages\/28"}],"wp:attachment":[{"href":"https:\/\/blogsaverroes.juntadeandalucia.es\/cursoblogsdeaulayexelearning\/wp-json\/wp\/v2\/media?parent=30"}],"curies":[{"name":"wp","href":"https:\/\/api.w.org\/{rel}","templated":true}]}}