{"id":31,"date":"2014-11-08T15:55:14","date_gmt":"2014-11-08T15:55:14","guid":{"rendered":"http:\/\/iesalmadraba.org\/cursobda\/bloque-1\/sesion-2\/"},"modified":"2014-11-08T15:55:14","modified_gmt":"2014-11-08T15:55:14","slug":"sesion-2","status":"publish","type":"page","link":"https:\/\/blogsaverroes.juntadeandalucia.es\/cursoblogsdeaulayexelearning\/bloque-1\/sesion-2\/","title":{"rendered":"Sesi\u00f3n 2"},"content":{"rendered":"<p>Una de las grandes ventajas de los blogs es que pueden incorporar elementos multimedia (im\u00e1genes, v\u00eddeo, sonido&#8230;) e interactivos (foros, encuestas, formularios&#8230;). En esta sesi\u00f3n aprenderemos c\u00f3mo hacerlo.<\/p>\n<ul>\n<li class=\"page_item page-item-23\"><a title=\"Inserci\u00f3n de elementos multimedia\" href=\"http:\/\/iesalmadraba.org\/cursobda\/bloque-1\/sesion-2\/insercion-de-elementos-multimedia\/\">Inserci\u00f3n de elementos multimedia<\/a><\/li>\n<li class=\"page_item page-item-24\"><a title=\"Plugins\" href=\"http:\/\/iesalmadraba.org\/cursobda\/bloque-1\/sesion-2\/plugins\/\">Plugins<\/a><\/li>\n<li class=\"page_item page-item-25\"><a title=\"Google apps\" href=\"http:\/\/iesalmadraba.org\/cursobda\/bloque-1\/sesion-2\/google-apps\/\">Google apps<\/a><\/li>\n<\/ul>\n","protected":false},"excerpt":{"rendered":"<p>Una de las grandes ventajas de los blogs es que pueden incorporar elementos multimedia (im\u00e1genes, v\u00eddeo, sonido&#8230;) e interactivos (foros, encuestas, formularios&#8230;). En esta sesi\u00f3n aprenderemos c\u00f3mo hacerlo. Inserci\u00f3n de elementos multimedia Plugins Google&#46;&#46;&#46;<\/p>\n","protected":false},"author":10581,"featured_media":0,"parent":28,"menu_order":14,"comment_status":"open","ping_status":"open","template":"","meta":{"ngg_post_thumbnail":0,"footnotes":""},"aioseo_notices":[],"_links":{"self":[{"href":"https:\/\/blogsaverroes.juntadeandalucia.es\/cursoblogsdeaulayexelearning\/wp-json\/wp\/v2\/pages\/31"}],"collection":[{"href":"https:\/\/blogsaverroes.juntadeandalucia.es\/cursoblogsdeaulayexelearning\/wp-json\/wp\/v2\/pages"}],"about":[{"href":"https:\/\/blogsaverroes.juntadeandalucia.es\/cursoblogsdeaulayexelearning\/wp-json\/wp\/v2\/types\/page"}],"author":[{"embeddable":true,"href":"https:\/\/blogsaverroes.juntadeandalucia.es\/cursoblogsdeaulayexelearning\/wp-json\/wp\/v2\/users\/10581"}],"replies":[{"embeddable":true,"href":"https:\/\/blogsaverroes.juntadeandalucia.es\/cursoblogsdeaulayexelearning\/wp-json\/wp\/v2\/comments?post=31"}],"version-history":[{"count":0,"href":"https:\/\/blogsaverroes.juntadeandalucia.es\/cursoblogsdeaulayexelearning\/wp-json\/wp\/v2\/pages\/31\/revisions"}],"up":[{"embeddable":true,"href":"https:\/\/blogsaverroes.juntadeandalucia.es\/cursoblogsdeaulayexelearning\/wp-json\/wp\/v2\/pages\/28"}],"wp:attachment":[{"href":"https:\/\/blogsaverroes.juntadeandalucia.es\/cursoblogsdeaulayexelearning\/wp-json\/wp\/v2\/media?parent=31"}],"curies":[{"name":"wp","href":"https:\/\/api.w.org\/{rel}","templated":true}]}}