{"id":34,"date":"2014-11-08T15:55:40","date_gmt":"2014-11-08T15:55:40","guid":{"rendered":"http:\/\/iesalmadraba.org\/cursobda\/bloque-2\/sesion-1\/"},"modified":"2014-11-08T15:55:40","modified_gmt":"2014-11-08T15:55:40","slug":"sesion-1","status":"publish","type":"page","link":"https:\/\/blogsaverroes.juntadeandalucia.es\/cursoblogsdeaulayexelearning\/bloque-2\/sesion-1\/","title":{"rendered":"Sesi\u00f3n 1"},"content":{"rendered":"<p>Al terminar esta primera sesi\u00f3n seremos capaces de instalar eXeLearning, y organizar y editar nuestro primer objeto did\u00e1ctico.<\/p>\n<ul>\n<li class=\"page_item page-item-48\">Qu\u00e9 es eXeLearning<\/li>\n<li class=\"page_item page-item-49\">Descarga e instalaci\u00f3n<\/li>\n<li class=\"page_item page-item-50\">Entorno de trabajo<\/li>\n<li class=\"page_item page-item-51\">Organizaci\u00f3n y edici\u00f3n<\/li>\n<\/ul>\n<p>Enlace al ODE de la <a href=\"https:\/\/dl.dropboxusercontent.com\/u\/204221\/curso_eXe\/curso%20exe%20sesion1\/curso_exe_sesion_1\/index.html\" target=\"_blank\" rel=\"noopener noreferrer\">sesi\u00f3n 1 del curso<\/a><\/p>\n","protected":false},"excerpt":{"rendered":"<p>Al terminar esta primera sesi\u00f3n seremos capaces de instalar eXeLearning, y organizar y editar nuestro primer objeto did\u00e1ctico. Qu\u00e9 es eXeLearning Descarga e instalaci\u00f3n Entorno de trabajo Organizaci\u00f3n y edici\u00f3n Enlace al ODE de&#46;&#46;&#46;<\/p>\n","protected":false},"author":10581,"featured_media":0,"parent":29,"menu_order":17,"comment_status":"open","ping_status":"open","template":"","meta":{"ngg_post_thumbnail":0,"footnotes":""},"aioseo_notices":[],"_links":{"self":[{"href":"https:\/\/blogsaverroes.juntadeandalucia.es\/cursoblogsdeaulayexelearning\/wp-json\/wp\/v2\/pages\/34"}],"collection":[{"href":"https:\/\/blogsaverroes.juntadeandalucia.es\/cursoblogsdeaulayexelearning\/wp-json\/wp\/v2\/pages"}],"about":[{"href":"https:\/\/blogsaverroes.juntadeandalucia.es\/cursoblogsdeaulayexelearning\/wp-json\/wp\/v2\/types\/page"}],"author":[{"embeddable":true,"href":"https:\/\/blogsaverroes.juntadeandalucia.es\/cursoblogsdeaulayexelearning\/wp-json\/wp\/v2\/users\/10581"}],"replies":[{"embeddable":true,"href":"https:\/\/blogsaverroes.juntadeandalucia.es\/cursoblogsdeaulayexelearning\/wp-json\/wp\/v2\/comments?post=34"}],"version-history":[{"count":0,"href":"https:\/\/blogsaverroes.juntadeandalucia.es\/cursoblogsdeaulayexelearning\/wp-json\/wp\/v2\/pages\/34\/revisions"}],"up":[{"embeddable":true,"href":"https:\/\/blogsaverroes.juntadeandalucia.es\/cursoblogsdeaulayexelearning\/wp-json\/wp\/v2\/pages\/29"}],"wp:attachment":[{"href":"https:\/\/blogsaverroes.juntadeandalucia.es\/cursoblogsdeaulayexelearning\/wp-json\/wp\/v2\/media?parent=34"}],"curies":[{"name":"wp","href":"https:\/\/api.w.org\/{rel}","templated":true}]}}