{"id":427,"date":"2015-03-10T15:53:36","date_gmt":"2015-03-10T15:53:36","guid":{"rendered":"http:\/\/iesalmadraba.org\/cursobda\/?page_id=427"},"modified":"2015-03-10T15:53:36","modified_gmt":"2015-03-10T15:53:36","slug":"ejemplos-practicos","status":"publish","type":"page","link":"https:\/\/blogsaverroes.juntadeandalucia.es\/cursoblogsdeaulayexelearning\/bloque-2\/sesion-3\/ejemplos-practicos\/","title":{"rendered":"Ejemplos pr\u00e1cticos"},"content":{"rendered":"<ul>\n<li><a href=\"http:\/\/procomun.educalab.es\/es\/ode\/view\/1416349661755\">Procom\u00fan | Red de Recursos Educativos en Abierto<\/a><\/li>\n<li><a href=\"http:\/\/procomun.educalab.es\/es\/ode\/view\/1416349661755\">Procom\u00fan | Red de Recursos Educativos en Abierto<\/a><\/li>\n<li><a href=\"http:\/\/procomun.educalab.es\/es\/ode\/view\/1416349628581\">Procom\u00fan | Red de Recursos Educativos en Abierto<\/a><\/li>\n<li><a href=\"http:\/\/procomun.educalab.es\/es\/ode\/view\/1416349686952\">Procom\u00fan | Red de Recursos Educativos en Abierto<\/a><\/li>\n<\/ul>\n","protected":false},"excerpt":{"rendered":"<p>Procom\u00fan | Red de Recursos Educativos en Abierto Procom\u00fan | Red de Recursos Educativos en Abierto Procom\u00fan | Red de Recursos Educativos en Abierto Procom\u00fan | Red de Recursos Educativos en Abierto<\/p>\n","protected":false},"author":10581,"featured_media":0,"parent":36,"menu_order":0,"comment_status":"open","ping_status":"open","template":"","meta":{"ngg_post_thumbnail":0,"footnotes":""},"aioseo_notices":[],"_links":{"self":[{"href":"https:\/\/blogsaverroes.juntadeandalucia.es\/cursoblogsdeaulayexelearning\/wp-json\/wp\/v2\/pages\/427"}],"collection":[{"href":"https:\/\/blogsaverroes.juntadeandalucia.es\/cursoblogsdeaulayexelearning\/wp-json\/wp\/v2\/pages"}],"about":[{"href":"https:\/\/blogsaverroes.juntadeandalucia.es\/cursoblogsdeaulayexelearning\/wp-json\/wp\/v2\/types\/page"}],"author":[{"embeddable":true,"href":"https:\/\/blogsaverroes.juntadeandalucia.es\/cursoblogsdeaulayexelearning\/wp-json\/wp\/v2\/users\/10581"}],"replies":[{"embeddable":true,"href":"https:\/\/blogsaverroes.juntadeandalucia.es\/cursoblogsdeaulayexelearning\/wp-json\/wp\/v2\/comments?post=427"}],"version-history":[{"count":0,"href":"https:\/\/blogsaverroes.juntadeandalucia.es\/cursoblogsdeaulayexelearning\/wp-json\/wp\/v2\/pages\/427\/revisions"}],"up":[{"embeddable":true,"href":"https:\/\/blogsaverroes.juntadeandalucia.es\/cursoblogsdeaulayexelearning\/wp-json\/wp\/v2\/pages\/36"}],"wp:attachment":[{"href":"https:\/\/blogsaverroes.juntadeandalucia.es\/cursoblogsdeaulayexelearning\/wp-json\/wp\/v2\/media?parent=427"}],"curies":[{"name":"wp","href":"https:\/\/api.w.org\/{rel}","templated":true}]}}