{"id":24,"date":"2014-11-06T10:49:53","date_gmt":"2014-11-06T10:49:53","guid":{"rendered":"http:\/\/iesalmadraba.org\/cursoblogswiki\/plugins\/"},"modified":"2014-11-06T10:49:53","modified_gmt":"2014-11-06T10:49:53","slug":"plugins","status":"publish","type":"page","link":"https:\/\/blogsaverroes.juntadeandalucia.es\/cursoblogswikis\/bloque-1\/plugins\/","title":{"rendered":"Plugins y widgets"},"content":{"rendered":"<h2>Qu\u00e9 son los plugins<\/h2>\n<p>Un plugin es un programa inform\u00e1tico que sirve para aumentar o corregir una o varias funciones de otro programa m\u00e1s complejo.<\/p>\n<p>En el caso de WordPress, al ser un programa de arquitectura abierta, cualquier programador puede escribir un plugin para a\u00f1adir alguna funcionalidad. Por esta raz\u00f3n existen miles de estas extensiones que podemos a\u00f1adir a nuestro blog. Muchos de esos programas est\u00e1n disponibles manera gratuita.<\/p>\n<p>La versi\u00f3n .com de WordPress ya tiene instalados algunos de esos plugins, pero la versi\u00f3n gratuita no permite instalar m\u00e1s. Por esta raz\u00f3n la opci\u00f3n .org resulta mucho m\u00e1s personalizable.<\/p>\n<h2>C\u00f3mo instalar y\/o activar un plugin<\/h2>\n<p>En nuestro caso, el blog de pruebas que estamos utilizando forma parte de una instalaci\u00f3n <em>multisite<\/em>. Esto significa que en una sola instalaci\u00f3n de WordPress podemos crear muchas webs independientes compartiendo los mismos recursos (servidor, base de datos, etc.).<\/p>\n<p>En una instalaci\u00f3n de este tipo s\u00f3lo las superadministradores pueden instalar plugins, desde la opci\u00f3n <strong>Administrador de red \/ Plugins \/ A\u00f1adir nuevo<\/strong> (que vosotros no ten\u00e9is disponible). La raz\u00f3n por la que es necesario limitar la posibilidad de instalar plugins a usuarios experimentados es que algunos de ellos puedan ser incompatibles, o sean obsoletos. Esto podr\u00eda ocasionar serios problemas en el blog, por lo que es recomendable documentarse bien antes de instalar un plugin.<\/p>\n<p>Sin embargo s\u00ed es posible activar y (en algunos casos) desactivar los plugins que el superadministrador haya instalado previamente. Esto se hace desde el Escritorio \/ Plugins y haciendo clic en Activar o Desactivar en el listado de plugins.<\/p>\n<p>Es importante pararse a pensar si realmente necesitamos instalar o no un plugin concreto, ya que algunos pueden consumir muchos recursos, llegando a ralentizar notablemente la web si se activan demasiados.<\/p>\n<h3>Actividad 1<\/h3>\n<p>Activa el plugin HEXAM y elabora y publica un TEST o un QUIZ usando esa herramienta<\/p>\n<p>Consideraciones a tener en cuenta:<\/p>\n<ol>\n<li>Cada plugin funciona y se configura de la manera que su desarrollador haya previsto. Algunos son muy intuitivos, otros no tanto. Para saber c\u00f3mo hay que usar un plugin determinado hay que acudir a las instrucciones que suelen acompa\u00f1arlo. Si tienes dudas lo mejor es ir a la web del plugin, que normalmente aparece enlazada en Escritorio\/Plugins. A menudo las instrucciones pueden aparecer en idiomas distintos del espa\u00f1ol.<\/li>\n<li>El uso de plugins puede considerarse un nivel avanzado en el uso de WordPress, de manera que si vas a usarlos se espera cierta autonom\u00eda de tu parte. Por esta raz\u00f3n no publicaremos instrucciones detalladas sobre c\u00f3mo usar esta herramienta. No obstante, si necesitas ayuda p\u00eddela durante las sesiones presenciales o abajo en los comentarios.<\/li>\n<li>Los cuestionarios editados con esta herramienta hay que insertarlos en una p\u00e1gina o entrada. Al final del proceso de edici\u00f3n encontrar\u00e1s una pista sobre c\u00f3mo hacerlo.<\/li>\n<li>La diferencia entre TEST y QUIZ es que en el primer caso el alumno no recibe las respuestas y en el segundo s\u00ed. En ambos casos los resultados se almacenan en la base de datos junto con el nombre del alumno.<\/li>\n<\/ol>\n<h3>Ampliaci\u00f3n<\/h3>\n<p>Dise\u00f1a y publica un cuestionario elaborado con WP Pro Quiz<\/p>\n<p><iframe loading=\"lazy\" width=\"500\" height=\"375\" src=\"https:\/\/www.youtube.com\/embed\/ExaGlJOwfYA?feature=oembed&#038;wmode=opaque\" frameborder=\"0\" allowfullscreen><\/iframe><\/p>\n<h2>Plugins \u00fatiles para el blog de aula<\/h2>\n<p>Atendiendo a los <a href=\"http:\/\/iesalmadraba.org\/cursoblogswiki\/bloque-1\/sesion-1\/blogs-de-aula-y-de-asignatura\/\" target=\"_blank\" rel=\"noopener noreferrer\">requisitos que debe cumplir un blog de aula<\/a>, seg\u00fan vimos en la primera sesi\u00f3n, los plugins que elijamos deber\u00edan tratar de cubrir aquellos que WordPress no incluye por defecto:<\/p>\n<ul>\n<li>Control de acceso, privacidad y seguridad\n<ul>\n<li>Private! Suite de seguridad muy completa<\/li>\n<li>Members. Permite elegir qu\u00e9 tipos de usuarios tienen acceso a nuestros art\u00edculos<\/li>\n<li>Akismet. Control antispam. A menos que tu blog sea completamente privado, lo vas a necesitar antes o despu\u00e9s<\/li>\n<\/ul>\n<\/li>\n<li>Cuestionarios\n<ul>\n<li>HEXAM. Un editor sencillo de cuestionarios que guarda los resultados para evaluaci\u00f3n<\/li>\n<li>QuizMe.<\/li>\n<li>Wp-Pro-Quiz<\/li>\n<li>Quiz Master Next<\/li>\n<li>Chained Quiz<\/li>\n<li>SlickQuiz<\/li>\n<\/ul>\n<\/li>\n<\/ul>\n<h2>Widgets<\/h2>\n<p>En <a href=\"http:\/\/iesalmadraba.org\/cursoblogswiki\/bloque-1\/sesion-1\/como-organizar-el-blog\/\" target=\"_blank\" rel=\"noopener noreferrer\">C\u00f3mo organizar el blog<\/a> ya describimos los widgets como \u00abSon utilidades din\u00e1micas que pueden colocarse en las sidebars\u00bb. El n\u00famero de widgets puede variar de un blog a otro porque algunos son creados por los plugins instalados.\u00a0 Por ejemplo, en nuestro blog de pruebas, para ver los que tenemos disponibles podemos ir a <strong>Escritorio \/ Apariencia \/ Widgets<\/strong>.<\/p>\n<p>En el panel que se abre ver\u00e9is cuatro colunas: las dos primeras contienen los widgets disponibles; las otras dos, los sidebars en los que pueden alojarse.<\/p>\n<ul>\n<li>Los widgets s\u00f3lo pueden colocarse en sidebars<\/li>\n<li>El n\u00famero de sidebars depende de la plantilla de web (theme) que estemos usando<\/li>\n<li>Para colocar un widget en un sidebar basta con arrastrarlo con el rat\u00f3n y soltarlo donde queramos que aparezca.<\/li>\n<li>Algunos widgets necesitan alguna configuraci\u00f3n posterior. Normalmente su configuraci\u00f3n es bastante simple e intuitiva, pero dada su variedad no podemos describir todos los casos.<\/li>\n<\/ul>\n<h3>Actividad 2<\/h3>\n<p>Explora los widgets disponibles en el blog de pruebas. Cambia lo que quieras y observa en el frontend el resultado de esos cambios<\/p>\n","protected":false},"excerpt":{"rendered":"<p>Qu\u00e9 son los plugins Un plugin es un programa inform\u00e1tico que sirve para aumentar o corregir una o varias funciones de otro programa m\u00e1s complejo. En el caso de WordPress, al ser un programa&#46;&#46;&#46;<\/p>\n","protected":false},"author":10581,"featured_media":0,"parent":28,"menu_order":7,"comment_status":"open","ping_status":"closed","template":"","meta":{"ngg_post_thumbnail":0,"footnotes":""},"aioseo_notices":[],"_links":{"self":[{"href":"https:\/\/blogsaverroes.juntadeandalucia.es\/cursoblogswikis\/wp-json\/wp\/v2\/pages\/24"}],"collection":[{"href":"https:\/\/blogsaverroes.juntadeandalucia.es\/cursoblogswikis\/wp-json\/wp\/v2\/pages"}],"about":[{"href":"https:\/\/blogsaverroes.juntadeandalucia.es\/cursoblogswikis\/wp-json\/wp\/v2\/types\/page"}],"author":[{"embeddable":true,"href":"https:\/\/blogsaverroes.juntadeandalucia.es\/cursoblogswikis\/wp-json\/wp\/v2\/users\/10581"}],"replies":[{"embeddable":true,"href":"https:\/\/blogsaverroes.juntadeandalucia.es\/cursoblogswikis\/wp-json\/wp\/v2\/comments?post=24"}],"version-history":[{"count":0,"href":"https:\/\/blogsaverroes.juntadeandalucia.es\/cursoblogswikis\/wp-json\/wp\/v2\/pages\/24\/revisions"}],"up":[{"embeddable":true,"href":"https:\/\/blogsaverroes.juntadeandalucia.es\/cursoblogswikis\/wp-json\/wp\/v2\/pages\/28"}],"wp:attachment":[{"href":"https:\/\/blogsaverroes.juntadeandalucia.es\/cursoblogswikis\/wp-json\/wp\/v2\/media?parent=24"}],"curies":[{"name":"wp","href":"https:\/\/api.w.org\/{rel}","templated":true}]}}