{"id":487,"date":"2017-04-20T19:30:27","date_gmt":"2017-04-20T19:30:27","guid":{"rendered":"http:\/\/iesalmadraba.org\/cursoblogswiki\/?page_id=487"},"modified":"2017-04-20T19:30:27","modified_gmt":"2017-04-20T19:30:27","slug":"bloque-2-wikis","status":"publish","type":"page","link":"https:\/\/blogsaverroes.juntadeandalucia.es\/cursoblogswikis\/bloque-2-wikis\/","title":{"rendered":"Bloque 2. Wikis"},"content":{"rendered":"<p>Este segundo bloque los seguiremos, como es l\u00f3gico, en un wiki. Haz clic en este enlace: <a href=\"http:\/\/auambabulubabalambambu.pbworks.com\">Edici\u00f3n de wikis para educaci\u00f3n<\/a><\/p>\n","protected":false},"excerpt":{"rendered":"<p>Este segundo bloque los seguiremos, como es l\u00f3gico, en un wiki. Haz clic en este enlace: Edici\u00f3n de wikis para educaci\u00f3n<\/p>\n","protected":false},"author":10581,"featured_media":0,"parent":0,"menu_order":50,"comment_status":"closed","ping_status":"closed","template":"","meta":{"ngg_post_thumbnail":0,"footnotes":""},"aioseo_notices":[],"_links":{"self":[{"href":"https:\/\/blogsaverroes.juntadeandalucia.es\/cursoblogswikis\/wp-json\/wp\/v2\/pages\/487"}],"collection":[{"href":"https:\/\/blogsaverroes.juntadeandalucia.es\/cursoblogswikis\/wp-json\/wp\/v2\/pages"}],"about":[{"href":"https:\/\/blogsaverroes.juntadeandalucia.es\/cursoblogswikis\/wp-json\/wp\/v2\/types\/page"}],"author":[{"embeddable":true,"href":"https:\/\/blogsaverroes.juntadeandalucia.es\/cursoblogswikis\/wp-json\/wp\/v2\/users\/10581"}],"replies":[{"embeddable":true,"href":"https:\/\/blogsaverroes.juntadeandalucia.es\/cursoblogswikis\/wp-json\/wp\/v2\/comments?post=487"}],"version-history":[{"count":0,"href":"https:\/\/blogsaverroes.juntadeandalucia.es\/cursoblogswikis\/wp-json\/wp\/v2\/pages\/487\/revisions"}],"wp:attachment":[{"href":"https:\/\/blogsaverroes.juntadeandalucia.es\/cursoblogswikis\/wp-json\/wp\/v2\/media?parent=487"}],"curies":[{"name":"wp","href":"https:\/\/api.w.org\/{rel}","templated":true}]}}